{"id":18073,"date":"2024-11-21T07:29:26","date_gmt":"2024-11-21T06:29:26","guid":{"rendered":"https:\/\/ajishop.ma\/?post_type=product&#038;p=18073"},"modified":"2024-11-27T23:12:25","modified_gmt":"2024-11-27T22:12:25","slug":"habbat-el-moulk","status":"publish","type":"product","link":"https:\/\/ajishop.ma\/ar\/shop\/herbes-et-apothicaire\/herbes\/habbat-el-moulk\/","title":{"rendered":"Habbat el moulk \/  \u062d\u0628\u0629 \u0627\u0644\u0645\u0644\u0648\u0643"},"content":{"rendered":"<div data-elementor-type=\"wp-post\" data-elementor-id=\"18073\" class=\"elementor elementor-18073\">\n\t\t\t\t<div class=\"wd-negative-gap elementor-element elementor-element-ff6fb72 e-flex e-con-boxed e-con e-parent\" data-id=\"ff6fb72\" data-element_type=\"container\">\n\t\t\t\t\t<div class=\"e-con-inner\">\n\t\t\t\t<div class=\"elementor-element elementor-element-6e6f5a25 lang-fr color-scheme-inherit text-left elementor-widget elementor-widget-text-editor\" data-id=\"6e6f5a25\" data-element_type=\"widget\" data-widget_type=\"text-editor.default\">\n\t\t\t\t<div class=\"elementor-widget-container\">\n\t\t\t\t\t\t\t<p style=\"text-align: center\"><strong>ATTENTION:<\/strong><br \/><strong>1\/ NE PAS EN PRENDRE PLUS D&#8217;UNE D&#8217;UN COUP. VOUS POUVEZ LA COUPER EN DEUX.<\/strong><br \/><strong>2\/ DES VOMISSEMENTS SONT POSSIBLES<\/strong><br \/><strong>3\/ UNE IRRITATION\/BRULURE DE LA GORGE EST POSSIBLE<\/strong><br \/><strong>4\/ ESPACER LES PRISES DE 15 JOURS MINIMUM<\/strong><\/p><p style=\"text-align: center\"><strong>5\/ INTERDIT AUX FEMMES ENCEINTES\/ALLAITANTES<\/strong><\/p><p style=\"text-align: center\"><strong>6\/ NON RECOMMANDE POUR LES ENFANTS OU PERSONNES MALADES SOUFFRANT DE PATHOLOGIES GRAVES.<\/strong><\/p><p style=\"text-align: center\"><strong>CONSEIL D&#8217;UTILISATION:<\/strong><br \/><strong>Eplucher la graine, puis m\u00e2chez-la. Avalez un grand verre d&#8217;eau. Lavez-vous les mains. Pr\u00e9voir la journ\u00e9e et ne pas sortir de chez soi. Restez \u00e0 proximit\u00e9 des toilettes, une diarrh\u00e9e persistante pendant de longues heures est possible. Des sensations de picotement au niveau de la gorge ou des naus\u00e9es sont possibles<\/strong><\/p>\t\t\t\t\t\t<\/div>\n\t\t\t\t<\/div>\n\t\t\t\t\t<\/div>\n\t\t\t\t<\/div>\n\t\t<div class=\"wd-negative-gap elementor-element elementor-element-8c8c690 e-flex e-con-boxed e-con e-parent\" data-id=\"8c8c690\" data-element_type=\"container\">\n\t\t\t\t\t<div class=\"e-con-inner\">\n\t\t\t\t<div class=\"elementor-element elementor-element-32d9185 lang-ar color-scheme-inherit text-left elementor-widget elementor-widget-text-editor\" data-id=\"32d9185\" data-element_type=\"widget\" data-widget_type=\"text-editor.default\">\n\t\t\t\t<div class=\"elementor-widget-container\">\n\t\t\t\t\t\t\t<p style=\"text-align: center\"><span style=\"font-size: 14pt\"><strong>\u062d\u0628\u0629 \u0627\u0644\u0645\u0644\u0648\u0643 \u0645\u0646 \u0627\u0644\u0628\u0630\u0648\u0631 \u0627\u0644\u0645\u0648\u0635\u0649 \u0628\u0647\u0627 \u0641\u064a \u062d\u0627\u0644\u0629 \u0645\u0634\u0627\u0643\u0644 \u0627\u0644\u062c\u0647\u0627\u0632 \u0627\u0644\u0647\u0636\u0645\u064a. \u0648\u0647\u0648 \u0645\u0644\u064a\u0646 \u0642\u0648\u064a \u064a\u0633\u0627\u0639\u062f \u0639\u0644\u0649 \u062a\u0637\u0647\u064a\u0631 \u0627\u0644\u0645\u0639\u062f\u0629. \u064a\u0648\u0635\u0649 \u0628\u0647 \u0628\u0634\u0643\u0644 \u062e\u0627\u0635 \u0644\u0645\u0634\u0627\u0643\u0644 \u0627\u0644\u0625\u0645\u0633\u0627\u0643 \u0627\u0644\u062e\u0637\u064a\u0631\u0629.<\/strong><\/span><br \/><br \/><span style=\"font-size: 14pt\"><strong>\u0648\u0647\u064a \u0623\u064a\u0636\u064b\u0627 \u0628\u0630\u0631\u0629 \u062a\u0633\u062a\u062e\u062f\u0645 \u0644\u0644\u062a\u062e\u0644\u0635 \u0645\u0646 \u0627\u0644\u0633\u062d\u0631 \u0627\u0644\u0645\u0628\u062a\u0644\u0639 (\u0623\u062b\u0646\u0627\u0621 \u0627\u0644\u0648\u062c\u0628\u0629 \u0645\u062b\u0644\u0627\u064b).<\/strong><\/span><br \/><br \/><span style=\"font-size: 14pt\"><strong>\u062a\u062d\u0630\u064a\u0631:<\/strong><\/span><br \/><span style=\"font-size: 14pt\"><strong>\u0644\u0627 \u062a\u0623\u062e\u0630 \u0623\u0643\u062b\u0631 \u0645\u0646 \u062d\u0628\u0629 \u0648\u0627\u062d\u062f\u0629 \u0641\u064a \u0627\u0644\u0645\u0631\u0629 \u0627\u0644\u0648\u0627\u062d\u062f\u0629. \u064a\u0645\u0643\u0646\u0643 \u0642\u0637\u0639\u0647\u0627 \u0625\u0644\u0649 \u0627\u0644\u0646\u0635\u0641.<\/strong><\/span><br \/><span style=\"font-size: 14pt\"><strong>2\/ \u0645\u0646 \u0627\u0644\u0645\u0645\u0643\u0646 \u0627\u0644\u0642\u064a\u0621<\/strong><\/span><br \/><span style=\"font-size: 14pt\"><strong>3\/ \u0645\u0646 \u0627\u0644\u0645\u0645\u0643\u0646 \u062d\u062f\u0648\u062b \u062a\u0647\u064a\u062c\/\u062d\u0631\u0642\u0629 \u0641\u064a \u0627\u0644\u062d\u0644\u0642<\/strong><\/span><br \/><span style=\"font-size: 14pt\"><strong>4\/ \u064a\u0633\u062a\u063a\u0631\u0642 \u0627\u0644\u0623\u0645\u0631 15 \u064a\u0648\u0645\u064b\u0627 \u0639\u0644\u0649 \u0627\u0644\u0623\u0642\u0644<\/strong><\/span><\/p><p style=\"text-align: center\"><span style=\"font-size: 14pt\"><strong>5\/ \u0645\u062d\u0638\u0648\u0631 \u0639\u0644\u0649 \u0627\u0644\u0646\u0633\u0627\u0621 \u0627\u0644\u062d\u0648\u0627\u0645\u0644\/\u0627\u0644\u0645\u0631\u0636\u0639\u0627\u062a<br \/><\/strong><\/span><br \/><span style=\"font-size: 14pt\"><strong>6\/ \u0644\u0627 \u064a\u0646\u0635\u062d \u0628\u0647 \u0644\u0644\u0623\u0637\u0641\u0627\u0644 \u0623\u0648 \u0627\u0644\u0645\u0631\u0636\u0649 \u0627\u0644\u0630\u064a\u0646 \u064a\u0639\u0627\u0646\u0648\u0646 \u0645\u0646 \u0623\u0645\u0631\u0627\u0636 \u062e\u0637\u064a\u0631\u0629.<\/strong><\/span><br \/><br \/><span style=\"font-size: 14pt\"><strong>\u0637\u0631\u064a\u0642\u0629 \u0627\u0644\u0627\u0633\u062a\u062e\u062f\u0627\u0645:<\/strong><\/span><br \/><span style=\"font-size: 14pt\"><strong>\u0642\u0634\u0631 \u0627\u0644\u0628\u0630\u0648\u0631\u060c \u062b\u0645 \u0627\u0645\u0636\u063a\u0647\u0627. \u0627\u0628\u062a\u0644\u0627\u0639 \u0643\u0648\u0628 \u0643\u0628\u064a\u0631 \u0645\u0646 \u0627\u0644\u0645\u0627\u0621. \u0627\u063a\u0633\u0644 \u064a\u062f\u064a\u0643. \u062e\u0637\u0637 \u0644\u064a\u0648\u0645\u0643 \u0648\u0644\u0627 \u062a\u063a\u0627\u062f\u0631 \u0627\u0644\u0645\u0646\u0632\u0644. \u0627\u0644\u0628\u0642\u0627\u0621 \u0628\u0627\u0644\u0642\u0631\u0628 \u0645\u0646 \u0627\u0644\u0645\u0631\u062d\u0627\u0636\u060c \u0641\u0645\u0646 \u0627\u0644\u0645\u0645\u0643\u0646 \u062d\u062f\u0648\u062b \u0625\u0633\u0647\u0627\u0644 \u0645\u0633\u062a\u0645\u0631 \u0644\u0633\u0627\u0639\u0627\u062a \u0637\u0648\u064a\u0644\u0629. \u0645\u0646 \u0627\u0644\u0645\u0645\u0643\u0646 \u0627\u0644\u0634\u0639\u0648\u0631 \u0628\u0627\u0644\u0648\u062e\u0632 \u0641\u064a \u0627\u0644\u062d\u0644\u0642 \u0623\u0648 \u0627\u0644\u063a\u062b\u064a\u0627\u0646<\/strong><\/span><\/p>\t\t\t\t\t\t<\/div>\n\t\t\t\t<\/div>\n\t\t\t\t\t<\/div>\n\t\t\t\t<\/div>\n\t\t\t\t<\/div>","protected":false},"excerpt":{"rendered":"<p>ATTENTION: 1\/ NE PAS EN PRENDRE PLUS D&#8217;UNE D&#8217;UN COUP. VOUS POUVEZ LA COUPER EN DEUX. 2\/ DES VOMISSEMENTS SONT<\/p>","protected":false},"featured_media":18074,"comment_status":"open","ping_status":"closed","template":"","meta":[],"product_cat":[32,75],"product_tag":[],"yoast_head":"<!-- This site is optimized with the Yoast SEO plugin v23.4 - https:\/\/yoast.com\/wordpress\/plugins\/seo\/ -->\n<title>Habbat el moulk \/ \u062d\u0628\u0629 \u0627\u0644\u0645\u0644\u0648\u0643 - AjiShop.ma<\/title>\n<meta name=\"robots\" content=\"index, follow, max-snippet:-1, max-image-preview:large, max-video-preview:-1\" \/>\n<link rel=\"canonical\" href=\"https:\/\/ajishop.ma\/ar\/shop\/herbes-et-apothicaire\/herbes\/habbat-el-moulk\/\" \/>\n<meta property=\"og:locale\" content=\"ar_AR\" \/>\n<meta property=\"og:type\" content=\"article\" \/>\n<meta property=\"og:title\" content=\"Habbat el moulk \/ \u062d\u0628\u0629 \u0627\u0644\u0645\u0644\u0648\u0643 - AjiShop.ma\" \/>\n<meta property=\"og:description\" content=\"ATTENTION: 1\/ NE PAS EN PRENDRE PLUS D&#8217;UNE D&#8217;UN COUP. VOUS POUVEZ LA COUPER EN DEUX. 2\/ DES VOMISSEMENTS SONT\" \/>\n<meta property=\"og:url\" content=\"https:\/\/ajishop.ma\/ar\/shop\/herbes-et-apothicaire\/herbes\/habbat-el-moulk\/\" \/>\n<meta property=\"og:site_name\" content=\"AjiShop.ma\" \/>\n<meta property=\"article:modified_time\" content=\"2024-11-27T22:12:25+00:00\" \/>\n<meta property=\"og:image\" content=\"https:\/\/ajishop.ma\/wp-content\/uploads\/2024\/11\/Captured_ecran2022-05-22a17.19.08.webp\" \/>\n\t<meta property=\"og:image:width\" content=\"442\" \/>\n\t<meta property=\"og:image:height\" content=\"559\" \/>\n\t<meta property=\"og:image:type\" content=\"image\/webp\" \/>\n<meta name=\"twitter:card\" content=\"summary_large_image\" \/>\n<meta name=\"twitter:label1\" content=\"\u0648\u0642\u062a \u0627\u0644\u0642\u0631\u0627\u0621\u0629 \u0627\u0644\u0645\u064f\u0642\u062f\u0651\u0631\" \/>\n\t<meta name=\"twitter:data1\" content=\"\u062f\u0642\u064a\u0642\u062a\u0627\u0646\" \/>\n<script type=\"application\/ld+json\" class=\"yoast-schema-graph\">{\"@context\":\"https:\/\/schema.org\",\"@graph\":[{\"@type\":\"WebPage\",\"@id\":\"https:\/\/ajishop.ma\/shop\/herbes-et-apothicaire\/herbes\/habbat-el-moulk\/\",\"url\":\"https:\/\/ajishop.ma\/shop\/herbes-et-apothicaire\/herbes\/habbat-el-moulk\/\",\"name\":\"Habbat el moulk \/ \u062d\u0628\u0629 \u0627\u0644\u0645\u0644\u0648\u0643 - AjiShop.ma\",\"isPartOf\":{\"@id\":\"https:\/\/ajishop.ma\/#website\"},\"primaryImageOfPage\":{\"@id\":\"https:\/\/ajishop.ma\/shop\/herbes-et-apothicaire\/herbes\/habbat-el-moulk\/#primaryimage\"},\"image\":{\"@id\":\"https:\/\/ajishop.ma\/shop\/herbes-et-apothicaire\/herbes\/habbat-el-moulk\/#primaryimage\"},\"thumbnailUrl\":\"https:\/\/ajishop.ma\/wp-content\/uploads\/2024\/11\/Captured_ecran2022-05-22a17.19.08.webp\",\"datePublished\":\"2024-11-21T06:29:26+00:00\",\"dateModified\":\"2024-11-27T22:12:25+00:00\",\"breadcrumb\":{\"@id\":\"https:\/\/ajishop.ma\/shop\/herbes-et-apothicaire\/herbes\/habbat-el-moulk\/#breadcrumb\"},\"inLanguage\":\"ar\",\"potentialAction\":[{\"@type\":\"ReadAction\",\"target\":[\"https:\/\/ajishop.ma\/shop\/herbes-et-apothicaire\/herbes\/habbat-el-moulk\/\"]}]},{\"@type\":\"ImageObject\",\"inLanguage\":\"ar\",\"@id\":\"https:\/\/ajishop.ma\/shop\/herbes-et-apothicaire\/herbes\/habbat-el-moulk\/#primaryimage\",\"url\":\"https:\/\/ajishop.ma\/wp-content\/uploads\/2024\/11\/Captured_ecran2022-05-22a17.19.08.webp\",\"contentUrl\":\"https:\/\/ajishop.ma\/wp-content\/uploads\/2024\/11\/Captured_ecran2022-05-22a17.19.08.webp\",\"width\":442,\"height\":559},{\"@type\":\"BreadcrumbList\",\"@id\":\"https:\/\/ajishop.ma\/shop\/herbes-et-apothicaire\/herbes\/habbat-el-moulk\/#breadcrumb\",\"itemListElement\":[{\"@type\":\"ListItem\",\"position\":1,\"name\":\"Accueil\",\"item\":\"https:\/\/ajishop.ma\/\"},{\"@type\":\"ListItem\",\"position\":2,\"name\":\"Magasin\",\"item\":\"https:\/\/ajishop.ma\/shop\/\"},{\"@type\":\"ListItem\",\"position\":3,\"name\":\"Habbat el moulk \/ \u062d\u0628\u0629 \u0627\u0644\u0645\u0644\u0648\u0643\"}]},{\"@type\":\"WebSite\",\"@id\":\"https:\/\/ajishop.ma\/#website\",\"url\":\"https:\/\/ajishop.ma\/\",\"name\":\"AjiShop.ma\",\"description\":\"Produits 100% naturels, Pour votre bien \u00eatre...\",\"publisher\":{\"@id\":\"https:\/\/ajishop.ma\/#organization\"},\"potentialAction\":[{\"@type\":\"SearchAction\",\"target\":{\"@type\":\"EntryPoint\",\"urlTemplate\":\"https:\/\/ajishop.ma\/?s={search_term_string}\"},\"query-input\":{\"@type\":\"PropertyValueSpecification\",\"valueRequired\":true,\"valueName\":\"search_term_string\"}}],\"inLanguage\":\"ar\"},{\"@type\":\"Organization\",\"@id\":\"https:\/\/ajishop.ma\/#organization\",\"name\":\"AjiShop.ma\",\"url\":\"https:\/\/ajishop.ma\/\",\"logo\":{\"@type\":\"ImageObject\",\"inLanguage\":\"ar\",\"@id\":\"https:\/\/ajishop.ma\/#\/schema\/logo\/image\/\",\"url\":\"https:\/\/ajishop.ma\/wp-content\/uploads\/2024\/09\/AjiShop.ma-Horizontal-Logo-Green.png\",\"contentUrl\":\"https:\/\/ajishop.ma\/wp-content\/uploads\/2024\/09\/AjiShop.ma-Horizontal-Logo-Green.png\",\"width\":1917,\"height\":276,\"caption\":\"AjiShop.ma\"},\"image\":{\"@id\":\"https:\/\/ajishop.ma\/#\/schema\/logo\/image\/\"}}]}<\/script>\n<!-- \/ Yoast SEO plugin. -->","yoast_head_json":{"title":"Habbat el moulk \/ \u062d\u0628\u0629 \u0627\u0644\u0645\u0644\u0648\u0643 - AjiShop.ma","robots":{"index":"index","follow":"follow","max-snippet":"max-snippet:-1","max-image-preview":"max-image-preview:large","max-video-preview":"max-video-preview:-1"},"canonical":"https:\/\/ajishop.ma\/ar\/shop\/herbes-et-apothicaire\/herbes\/habbat-el-moulk\/","og_locale":"ar_AR","og_type":"article","og_title":"Habbat el moulk \/ \u062d\u0628\u0629 \u0627\u0644\u0645\u0644\u0648\u0643 - AjiShop.ma","og_description":"ATTENTION: 1\/ NE PAS EN PRENDRE PLUS D&#8217;UNE D&#8217;UN COUP. VOUS POUVEZ LA COUPER EN DEUX. 2\/ DES VOMISSEMENTS SONT","og_url":"https:\/\/ajishop.ma\/ar\/shop\/herbes-et-apothicaire\/herbes\/habbat-el-moulk\/","og_site_name":"AjiShop.ma","article_modified_time":"2024-11-27T22:12:25+00:00","og_image":[{"width":442,"height":559,"url":"https:\/\/ajishop.ma\/wp-content\/uploads\/2024\/11\/Captured_ecran2022-05-22a17.19.08.webp","type":"image\/webp"}],"twitter_card":"summary_large_image","twitter_misc":{"\u0648\u0642\u062a \u0627\u0644\u0642\u0631\u0627\u0621\u0629 \u0627\u0644\u0645\u064f\u0642\u062f\u0651\u0631":"\u062f\u0642\u064a\u0642\u062a\u0627\u0646"},"schema":{"@context":"https:\/\/schema.org","@graph":[{"@type":"WebPage","@id":"https:\/\/ajishop.ma\/shop\/herbes-et-apothicaire\/herbes\/habbat-el-moulk\/","url":"https:\/\/ajishop.ma\/shop\/herbes-et-apothicaire\/herbes\/habbat-el-moulk\/","name":"Habbat el moulk \/ \u062d\u0628\u0629 \u0627\u0644\u0645\u0644\u0648\u0643 - AjiShop.ma","isPartOf":{"@id":"https:\/\/ajishop.ma\/#website"},"primaryImageOfPage":{"@id":"https:\/\/ajishop.ma\/shop\/herbes-et-apothicaire\/herbes\/habbat-el-moulk\/#primaryimage"},"image":{"@id":"https:\/\/ajishop.ma\/shop\/herbes-et-apothicaire\/herbes\/habbat-el-moulk\/#primaryimage"},"thumbnailUrl":"https:\/\/ajishop.ma\/wp-content\/uploads\/2024\/11\/Captured_ecran2022-05-22a17.19.08.webp","datePublished":"2024-11-21T06:29:26+00:00","dateModified":"2024-11-27T22:12:25+00:00","breadcrumb":{"@id":"https:\/\/ajishop.ma\/shop\/herbes-et-apothicaire\/herbes\/habbat-el-moulk\/#breadcrumb"},"inLanguage":"ar","potentialAction":[{"@type":"ReadAction","target":["https:\/\/ajishop.ma\/shop\/herbes-et-apothicaire\/herbes\/habbat-el-moulk\/"]}]},{"@type":"ImageObject","inLanguage":"ar","@id":"https:\/\/ajishop.ma\/shop\/herbes-et-apothicaire\/herbes\/habbat-el-moulk\/#primaryimage","url":"https:\/\/ajishop.ma\/wp-content\/uploads\/2024\/11\/Captured_ecran2022-05-22a17.19.08.webp","contentUrl":"https:\/\/ajishop.ma\/wp-content\/uploads\/2024\/11\/Captured_ecran2022-05-22a17.19.08.webp","width":442,"height":559},{"@type":"BreadcrumbList","@id":"https:\/\/ajishop.ma\/shop\/herbes-et-apothicaire\/herbes\/habbat-el-moulk\/#breadcrumb","itemListElement":[{"@type":"ListItem","position":1,"name":"Accueil","item":"https:\/\/ajishop.ma\/"},{"@type":"ListItem","position":2,"name":"Magasin","item":"https:\/\/ajishop.ma\/shop\/"},{"@type":"ListItem","position":3,"name":"Habbat el moulk \/ \u062d\u0628\u0629 \u0627\u0644\u0645\u0644\u0648\u0643"}]},{"@type":"WebSite","@id":"https:\/\/ajishop.ma\/#website","url":"https:\/\/ajishop.ma\/","name":"AjiShop.ma","description":"Produits 100% naturels, Pour votre bien \u00eatre...","publisher":{"@id":"https:\/\/ajishop.ma\/#organization"},"potentialAction":[{"@type":"SearchAction","target":{"@type":"EntryPoint","urlTemplate":"https:\/\/ajishop.ma\/?s={search_term_string}"},"query-input":{"@type":"PropertyValueSpecification","valueRequired":true,"valueName":"search_term_string"}}],"inLanguage":"ar"},{"@type":"Organization","@id":"https:\/\/ajishop.ma\/#organization","name":"AjiShop.ma","url":"https:\/\/ajishop.ma\/","logo":{"@type":"ImageObject","inLanguage":"ar","@id":"https:\/\/ajishop.ma\/#\/schema\/logo\/image\/","url":"https:\/\/ajishop.ma\/wp-content\/uploads\/2024\/09\/AjiShop.ma-Horizontal-Logo-Green.png","contentUrl":"https:\/\/ajishop.ma\/wp-content\/uploads\/2024\/09\/AjiShop.ma-Horizontal-Logo-Green.png","width":1917,"height":276,"caption":"AjiShop.ma"},"image":{"@id":"https:\/\/ajishop.ma\/#\/schema\/logo\/image\/"}}]}},"_links":{"self":[{"href":"https:\/\/ajishop.ma\/ar\/wp-json\/wp\/v2\/product\/18073"}],"collection":[{"href":"https:\/\/ajishop.ma\/ar\/wp-json\/wp\/v2\/product"}],"about":[{"href":"https:\/\/ajishop.ma\/ar\/wp-json\/wp\/v2\/types\/product"}],"replies":[{"embeddable":true,"href":"https:\/\/ajishop.ma\/ar\/wp-json\/wp\/v2\/comments?post=18073"}],"version-history":[{"count":8,"href":"https:\/\/ajishop.ma\/ar\/wp-json\/wp\/v2\/product\/18073\/revisions"}],"predecessor-version":[{"id":18082,"href":"https:\/\/ajishop.ma\/ar\/wp-json\/wp\/v2\/product\/18073\/revisions\/18082"}],"wp:featuredmedia":[{"embeddable":true,"href":"https:\/\/ajishop.ma\/ar\/wp-json\/wp\/v2\/media\/18074"}],"wp:attachment":[{"href":"https:\/\/ajishop.ma\/ar\/wp-json\/wp\/v2\/media?parent=18073"}],"wp:term":[{"taxonomy":"product_cat","embeddable":true,"href":"https:\/\/ajishop.ma\/ar\/wp-json\/wp\/v2\/product_cat?post=18073"},{"taxonomy":"product_tag","embeddable":true,"href":"https:\/\/ajishop.ma\/ar\/wp-json\/wp\/v2\/product_tag?post=18073"}],"curies":[{"name":"wp","href":"https:\/\/api.w.org\/{rel}","templated":true}]}}