{"id":18083,"date":"2024-11-21T07:39:04","date_gmt":"2024-11-21T06:39:04","guid":{"rendered":"https:\/\/ajishop.ma\/?post_type=product&#038;p=18083"},"modified":"2024-11-27T22:19:07","modified_gmt":"2024-11-27T21:19:07","slug":"chajarat-mariam","status":"publish","type":"product","link":"https:\/\/ajishop.ma\/ar\/shop\/herbes-et-apothicaire\/herbes\/chajarat-mariam\/","title":{"rendered":"Chajarat Mariam  \/ \u0634\u062c\u0631\u0629 \u0643\u0641 \u0645\u0631\u064a\u0645"},"content":{"rendered":"<div data-elementor-type=\"wp-post\" data-elementor-id=\"18083\" class=\"elementor elementor-18083\">\n\t\t\t\t<div class=\"wd-negative-gap elementor-element elementor-element-4db52f9c lang-fr e-flex e-con-boxed e-con e-parent\" data-id=\"4db52f9c\" data-element_type=\"container\">\n\t\t\t\t\t<div class=\"e-con-inner\">\n\t\t\t\t<div class=\"elementor-element elementor-element-276d7ea2 color-scheme-inherit text-left elementor-widget elementor-widget-text-editor\" data-id=\"276d7ea2\" data-element_type=\"widget\" data-widget_type=\"text-editor.default\">\n\t\t\t\t<div class=\"elementor-widget-container\">\n\t\t\t\t\t\t\t<strong>La rose de Jericho (Anastatica hierochuntica ) est connu sous diff\u00e9rents noms: la fleur de la r\u00e9surrection, plante \u00ab renaissance \u00bb, fleur de fertilit\u00e9. Dans le Monde Arabe, on la connait sous le nom de \u00ab chajarat Mariam \u00bb (L&#8217;arbre de Marie). La rose de Jericho est originaire du Sahara, du Moyen-Orient et d\u2019Afrique du nord pr\u00e9-saharien. Elle a l\u2019incroyable facult\u00e9 de rester vivante pendant une longue p\u00e9riode. En effet, sans pluie sous une forme compl\u00e9ment dess\u00e9ch\u00e9e, elle a la capacit\u00e9 de se revivifier au contact de l\u2019eau en quelques heures seulement. Gr\u00e2ce \u00e0 ses vertus remarquables, la Rose de J\u00e9richo est une plante utilis\u00e9e comme rem\u00e8de depuis le Moyen Age. Elle est connu comme rem\u00e8de contre l&#8217;infertilit\u00e9 masculine et f\u00e9minine. Pour la femme : Elle favorise particuli\u00e8rement la phase d\u2019ovulation. S\u2019utilise en fin de grossesse pour faciliter l\u2019accouchement. Elle agit sur les d\u00e9sagr\u00e9ments et les troubles provoqu\u00e9s par la m\u00e9nopause. Elle apaise les sympt\u00f4mes li\u00e9s au syndrome pr\u00e9menstruel (maux de ventre\u2026) Comment utiliser chajarat Mariam pour tomber enceinte ? Pour mettre tout en \u0153uvre pour d\u00e9buter une grossesse, vous pouvez l\u2019utiliser en d\u00e9coction ou en infusion en buvant une tasse le matin \u00e0 partir du 3 \u00e8me jour des menstruations jusqu\u2019au dernier jour, sur une dur\u00e9e d\u20191 \u00e0 3 cycles. Mais avant tout, comme pour tout les rem\u00e8des traditionnels, je conseille fortement d&#8217;avoir une alimentation saine: v\u00e9g\u00e9tale, sans produits transform\u00e9s (fastfood, plats surgel\u00e9s&#8230;).<\/strong>\r\n\r\n<strong>Sachez que chajarat Mariam peut aussi \u00eatre consomm\u00e9e par les hommes \u00e9galement.<\/strong>\r\n\r\n<strong>1-En infusion (r\u00e9utilisable) : Mettre la rose dans un bol d\u2019eau froide et laissez-la s\u2019ouvrir pendant quelques heures, puis la laisser s\u00e9cher sur un papier. R\u00e9cup\u00e9rez l\u2019eau du bol et la faire chauffer sans d\u00e9passer 40 degr\u00e9s.<\/strong>\r\n\r\n<strong>2-En d\u00e9coction (non r\u00e9utilisable) : Mettre la rose dans une casserole d\u2019eau que vous porterez \u00e0 \u00e9bullition pendant une dizaine de minutes. Filtrez puis sucrez si besoin.<\/strong>\t\t\t\t\t\t<\/div>\n\t\t\t\t<\/div>\n\t\t\t\t\t<\/div>\n\t\t\t\t<\/div>\n\t\t<div class=\"wd-negative-gap elementor-element elementor-element-204c264 e-flex e-con-boxed e-con e-parent\" data-id=\"204c264\" data-element_type=\"container\">\n\t\t\t\t\t<div class=\"e-con-inner\">\n\t\t\t\t<div class=\"elementor-element elementor-element-657b006 lang-ar color-scheme-inherit text-left elementor-widget elementor-widget-text-editor\" data-id=\"657b006\" data-element_type=\"widget\" data-widget_type=\"text-editor.default\">\n\t\t\t\t<div class=\"elementor-widget-container\">\n\t\t\t\t\t\t\t<p style=\"text-align: right\"><span style=\"font-size: 14pt\"><strong>\u062a\u064f\u0639\u0631\u0641 \u0648\u0631\u062f\u0629 \u0623\u0631\u064a\u062d\u0627 (Anastatica hierochuntica) \u0628\u0623\u0633\u0645\u0627\u0621 \u0645\u062e\u062a\u0644\u0641\u0629: \u0632\u0647\u0631\u0629 \u0627\u0644\u0642\u064a\u0627\u0645\u0629\u060c \u0646\u0628\u0627\u062a &#8220;\u0627\u0644\u0646\u0647\u0636\u0629&#8221;\u060c \u0632\u0647\u0631\u0629 \u0627\u0644\u062e\u0635\u0648\u0628\u0629. \u0648\u062a\u0639\u0631\u0641 \u0641\u064a \u0627\u0644\u0648\u0637\u0646 \u0627\u0644\u0639\u0631\u0628\u064a \u0628\u0627\u0633\u0645 &#8220;\u0634\u062c\u0631\u0629 \u0645\u0631\u064a\u0645&#8221;. \u0648\u0631\u062f\u0629 \u0623\u0631\u064a\u062d\u0627 \u0645\u0648\u0637\u0646\u0647\u0627 \u0627\u0644\u0623\u0635\u0644\u064a \u0627\u0644\u0635\u062d\u0631\u0627\u0621 \u0648\u0627\u0644\u0634\u0631\u0642 \u0627\u0644\u0623\u0648\u0633\u0637 \u0648\u0634\u0645\u0627\u0644 \u0623\u0641\u0631\u064a\u0642\u064a\u0627 \u0645\u0627 \u0642\u0628\u0644 \u0627\u0644\u0635\u062d\u0631\u0627\u0621 \u0627\u0644\u0643\u0628\u0631\u0649. \u0644\u062f\u064a\u0647\u0627 \u0642\u062f\u0631\u0629 \u0645\u0630\u0647\u0644\u0629 \u0639\u0644\u0649 \u0627\u0644\u0628\u0642\u0627\u0621 \u0639\u0644\u0649 \u0642\u064a\u062f \u0627\u0644\u062d\u064a\u0627\u0629 \u0644\u0641\u062a\u0631\u0629 \u0637\u0648\u064a\u0644\u0629. \u0641\u064a \u0627\u0644\u0648\u0627\u0642\u0639\u060c \u0628\u062f\u0648\u0646 \u0627\u0644\u0645\u0637\u0631 \u0641\u064a \u0634\u0643\u0644 \u062c\u0627\u0641 \u062a\u0645\u0627\u0645\u064b\u0627\u060c \u064a\u0643\u0648\u0646 \u0644\u062f\u064a\u0647 \u0627\u0644\u0642\u062f\u0631\u0629 \u0639\u0644\u0649 \u0625\u062d\u064a\u0627\u0621 \u0646\u0641\u0633\u0647 \u0639\u0646\u062f \u0645\u0644\u0627\u0645\u0633\u062a\u0647 \u0644\u0644\u0645\u0627\u0621 \u0641\u064a \u063a\u0636\u0648\u0646 \u0633\u0627\u0639\u0627\u062a \u0642\u0644\u064a\u0644\u0629. \u0628\u0641\u0636\u0644 \u0641\u0636\u0627\u0626\u0644\u0647\u0627 \u0627\u0644\u0631\u0627\u0626\u0639\u0629\u060c \u0641\u0625\u0646 \u0648\u0631\u062f\u0629 \u0623\u0631\u064a\u062d\u0627 \u0647\u064a \u0646\u0628\u0627\u062a \u064a\u0633\u062a\u062e\u062f\u0645 \u0643\u0639\u0644\u0627\u062c \u0645\u0646\u0630 \u0627\u0644\u0639\u0635\u0648\u0631 \u0627\u0644\u0648\u0633\u0637\u0649. \u0648\u0645\u0646 \u0627\u0644\u0645\u0639\u0631\u0648\u0641 \u0623\u0646\u0647 \u0639\u0644\u0627\u062c \u0644\u0644\u0639\u0642\u0645 \u0639\u0646\u062f \u0627\u0644\u0630\u0643\u0648\u0631 \u0648\u0627\u0644\u0625\u0646\u0627\u062b. \u0644\u0644\u0646\u0633\u0627\u0621: \u0641\u0647\u0648 \u064a\u0641\u0636\u0644 \u0628\u0634\u0643\u0644 \u062e\u0627\u0635 \u0645\u0631\u062d\u0644\u0629 \u0627\u0644\u062a\u0628\u0648\u064a\u0636. \u064a\u0633\u062a\u062e\u062f\u0645 \u0641\u064a \u0646\u0647\u0627\u064a\u0629 \u0627\u0644\u062d\u0645\u0644 \u0644\u062a\u0633\u0647\u064a\u0644 \u0627\u0644\u0648\u0644\u0627\u062f\u0629. \u064a\u0639\u0645\u0644 \u0639\u0644\u0649 \u0639\u0644\u0627\u062c \u0627\u0644\u0645\u0636\u0627\u064a\u0642\u0627\u062a \u0648\u0627\u0644\u0627\u0636\u0637\u0631\u0627\u0628\u0627\u062a \u0627\u0644\u0646\u0627\u062c\u0645\u0629 \u0639\u0646 \u0627\u0646\u0642\u0637\u0627\u0639 \u0627\u0644\u0637\u0645\u062b. \u064a\u0647\u062f\u0626 \u0627\u0644\u0623\u0639\u0631\u0627\u0636 \u0627\u0644\u0645\u0631\u062a\u0628\u0637\u0629 \u0628\u0645\u062a\u0644\u0627\u0632\u0645\u0629 \u0645\u0627 \u0642\u0628\u0644 \u0627\u0644\u062d\u064a\u0636 (\u0622\u0644\u0627\u0645 \u0627\u0644\u0645\u0639\u062f\u0629\u060c \u0648\u0645\u0627 \u0625\u0644\u0649 \u0630\u0644\u0643). \u0643\u064a\u0641\u064a\u0629 \u0627\u0633\u062a\u062e\u062f\u0627\u0645 \u0634\u0627\u062c\u0627\u0631\u0627\u062a \u0645\u0631\u064a\u0645 \u0644\u0644\u062d\u0645\u0644\u061f \u0644\u0644\u0642\u064a\u0627\u0645 \u0628\u0643\u0644 \u0645\u0627 \u0647\u0648 \u0645\u0645\u0643\u0646 \u0644\u0628\u062f\u0621 \u0627\u0644\u062d\u0645\u0644\u060c \u064a\u0645\u0643\u0646\u0643 \u0627\u0633\u062a\u062e\u062f\u0627\u0645\u0647 \u0643\u0645\u063a\u0644\u064a \u0623\u0648 \u0645\u0646\u0642\u0648\u0639 \u0639\u0646 \u0637\u0631\u064a\u0642 \u0634\u0631\u0628 \u0643\u0648\u0628 \u0641\u064a \u0627\u0644\u0635\u0628\u0627\u062d \u0645\u0646 \u0627\u0644\u064a\u0648\u0645 \u0627\u0644\u062b\u0627\u0644\u062b \u0645\u0646 \u0627\u0644\u062d\u064a\u0636 \u062d\u062a\u0649 \u0627\u0644\u064a\u0648\u0645 \u0627\u0644\u0623\u062e\u064a\u0631\u060c \u0639\u0644\u0649 \u0645\u062f\u0649 1 \u0625\u0644\u0649 3 \u062f\u0648\u0631\u0627\u062a. \u0648\u0644\u0643\u0646 \u0642\u0628\u0644 \u0643\u0644 \u0634\u064a\u0621\u060c \u0643\u0645\u0627 \u0647\u0648 \u0627\u0644\u062d\u0627\u0644 \u0645\u0639 \u062c\u0645\u064a\u0639 \u0627\u0644\u0639\u0644\u0627\u062c\u0627\u062a \u0627\u0644\u062a\u0642\u0644\u064a\u062f\u064a\u0629\u060c \u0623\u0646\u0635\u062d \u0628\u0634\u062f\u0629 \u0628\u0627\u062a\u0628\u0627\u0639 \u0646\u0638\u0627\u0645 \u063a\u0630\u0627\u0626\u064a \u0635\u062d\u064a: \u0646\u0628\u0627\u062a\u064a\u060c \u0628\u062f\u0648\u0646 \u0645\u0646\u062a\u062c\u0627\u062a \u0645\u0635\u0646\u0639\u0629 (\u0627\u0644\u0648\u062c\u0628\u0627\u062a \u0627\u0644\u0633\u0631\u064a\u0639\u0629\u060c \u0627\u0644\u0648\u062c\u0628\u0627\u062a \u0627\u0644\u0645\u062c\u0645\u062f\u0629\u060c \u0648\u0645\u0627 \u0625\u0644\u0649 \u0630\u0644\u0643).<\/strong><\/span><\/p><p style=\"text-align: right\"><span style=\"font-size: 14pt\"><strong>\u064a\u0631\u062c\u0649 \u0645\u0644\u0627\u062d\u0638\u0629 \u0623\u0646 \u0634\u0627\u062c\u0627\u0631\u0627\u062a \u0645\u0631\u064a\u0645 \u064a\u0645\u0643\u0646 \u0623\u0646 \u064a\u0633\u062a\u0647\u0644\u0643\u0647\u0627 \u0627\u0644\u0631\u062c\u0627\u0644 \u0623\u064a\u0636\u064b\u0627.<\/strong><\/span><\/p><p style=\"text-align: right\"><span style=\"font-size: 14pt\"><strong>1-\u0645\u0646\u0642\u0648\u0639 (\u0642\u0627\u0628\u0644 \u0644\u0625\u0639\u0627\u062f\u0629 \u0627\u0644\u0627\u0633\u062a\u062e\u062f\u0627\u0645): \u0636\u0639 \u0627\u0644\u0648\u0631\u062f \u0641\u064a \u0648\u0639\u0627\u0621 \u0645\u0646 \u0627\u0644\u0645\u0627\u0621 \u0627\u0644\u0628\u0627\u0631\u062f \u0648\u0627\u062a\u0631\u0643\u0647 \u0645\u0641\u062a\u0648\u062d\u064b\u0627 \u0644\u0628\u0636\u0639 \u0633\u0627\u0639\u0627\u062a\u060c \u062b\u0645 \u0627\u062a\u0631\u0643\u0647 \u062d\u062a\u0649 \u064a\u062c\u0641 \u0639\u0644\u0649 \u0648\u0631\u0642\u0629. \u0627\u062c\u0645\u0639 \u0627\u0644\u0645\u0627\u0621 \u0645\u0646 \u0627\u0644\u0648\u0639\u0627\u0621 \u0648\u0642\u0645 \u0628\u062a\u0633\u062e\u064a\u0646\u0647 \u062f\u0648\u0646 \u0623\u0646 \u062a\u062a\u062c\u0627\u0648\u0632 \u062f\u0631\u062c\u0629 \u062d\u0631\u0627\u0631\u062a\u0647 40 \u062f\u0631\u062c\u0629.<\/strong><\/span><\/p><p style=\"text-align: right\"><span><span style=\"font-size: 14pt\"><strong>2- \u0643\u0645\u063a\u0644\u064a (\u063a\u064a\u0631 \u0642\u0627\u0628\u0644 \u0644\u0625\u0639\u0627\u062f\u0629 \u0627\u0644\u0627\u0633\u062a\u062e<\/strong><\/span>\u062f\u0627\u0645): \u0636\u0639 \u0627\u0644\u0648\u0631\u062f \u0641\u064a \u0648\u0639\u0627\u0621 \u0645\u0646 \u0627\u0644\u0645\u0627\u0621 \u0648\u0627\u062a\u0631\u0643\u0647 \u062d\u062a\u0649 \u064a\u063a\u0644\u064a \u0644\u0645\u062f\u0629 \u0639\u0634\u0631 \u062f\u0642\u0627\u0626\u0642 \u062a\u0642\u0631\u064a\u0628\u0627\u064b. \u064a\u0635\u0641\u0649 \u062b\u0645 \u064a\u062d\u0644\u0649 \u0625\u0630\u0627 \u0644\u0632\u0645 \u0627\u0644\u0623\u0645\u0631.<\/span><\/p>\t\t\t\t\t\t<\/div>\n\t\t\t\t<\/div>\n\t\t\t\t\t<\/div>\n\t\t\t\t<\/div>\n\t\t\t\t<\/div>","protected":false},"excerpt":{"rendered":"<p>La rose de Jericho (Anastatica hierochuntica ) est connu sous diff\u00e9rents noms: la fleur de la r\u00e9surrection, plante \u00ab renaissance<\/p>","protected":false},"featured_media":18084,"comment_status":"open","ping_status":"closed","template":"","meta":[],"product_cat":[32,75],"product_tag":[],"yoast_head":"<!-- This site is optimized with the Yoast SEO plugin v23.4 - https:\/\/yoast.com\/wordpress\/plugins\/seo\/ -->\n<title>Chajarat Mariam \/ \u0634\u062c\u0631\u0629 \u0643\u0641 \u0645\u0631\u064a\u0645 - AjiShop.ma<\/title>\n<meta name=\"robots\" content=\"index, follow, max-snippet:-1, max-image-preview:large, max-video-preview:-1\" \/>\n<link rel=\"canonical\" href=\"https:\/\/ajishop.ma\/ar\/shop\/herbes-et-apothicaire\/herbes\/chajarat-mariam\/\" \/>\n<meta property=\"og:locale\" content=\"ar_AR\" \/>\n<meta property=\"og:type\" content=\"article\" \/>\n<meta property=\"og:title\" content=\"Chajarat Mariam \/ \u0634\u062c\u0631\u0629 \u0643\u0641 \u0645\u0631\u064a\u0645 - AjiShop.ma\" \/>\n<meta property=\"og:description\" content=\"La rose de Jericho (Anastatica hierochuntica ) est connu sous diff\u00e9rents noms: la fleur de la r\u00e9surrection, plante \u00ab renaissance\" \/>\n<meta property=\"og:url\" content=\"https:\/\/ajishop.ma\/ar\/shop\/herbes-et-apothicaire\/herbes\/chajarat-mariam\/\" \/>\n<meta property=\"og:site_name\" content=\"AjiShop.ma\" \/>\n<meta property=\"article:modified_time\" content=\"2024-11-27T21:19:07+00:00\" \/>\n<meta property=\"og:image\" content=\"https:\/\/ajishop.ma\/wp-content\/uploads\/2024\/11\/B3D61F81-D4B0-40CC-9BDF-B43D2ABA3237-PhotoRoom.png-PhotoRoom.webp\" \/>\n\t<meta property=\"og:image:width\" content=\"1280\" \/>\n\t<meta property=\"og:image:height\" content=\"960\" \/>\n\t<meta property=\"og:image:type\" content=\"image\/webp\" \/>\n<meta name=\"twitter:card\" content=\"summary_large_image\" \/>\n<meta name=\"twitter:label1\" content=\"\u0648\u0642\u062a \u0627\u0644\u0642\u0631\u0627\u0621\u0629 \u0627\u0644\u0645\u064f\u0642\u062f\u0651\u0631\" \/>\n\t<meta name=\"twitter:data1\" content=\"4 \u062f\u0642\u0627\u0626\u0642\" \/>\n<script type=\"application\/ld+json\" class=\"yoast-schema-graph\">{\"@context\":\"https:\/\/schema.org\",\"@graph\":[{\"@type\":\"WebPage\",\"@id\":\"https:\/\/ajishop.ma\/shop\/herbes-et-apothicaire\/herbes\/chajarat-mariam\/\",\"url\":\"https:\/\/ajishop.ma\/shop\/herbes-et-apothicaire\/herbes\/chajarat-mariam\/\",\"name\":\"Chajarat Mariam \/ \u0634\u062c\u0631\u0629 \u0643\u0641 \u0645\u0631\u064a\u0645 - AjiShop.ma\",\"isPartOf\":{\"@id\":\"https:\/\/ajishop.ma\/#website\"},\"primaryImageOfPage\":{\"@id\":\"https:\/\/ajishop.ma\/shop\/herbes-et-apothicaire\/herbes\/chajarat-mariam\/#primaryimage\"},\"image\":{\"@id\":\"https:\/\/ajishop.ma\/shop\/herbes-et-apothicaire\/herbes\/chajarat-mariam\/#primaryimage\"},\"thumbnailUrl\":\"https:\/\/ajishop.ma\/wp-content\/uploads\/2024\/11\/B3D61F81-D4B0-40CC-9BDF-B43D2ABA3237-PhotoRoom.png-PhotoRoom.webp\",\"datePublished\":\"2024-11-21T06:39:04+00:00\",\"dateModified\":\"2024-11-27T21:19:07+00:00\",\"breadcrumb\":{\"@id\":\"https:\/\/ajishop.ma\/shop\/herbes-et-apothicaire\/herbes\/chajarat-mariam\/#breadcrumb\"},\"inLanguage\":\"ar\",\"potentialAction\":[{\"@type\":\"ReadAction\",\"target\":[\"https:\/\/ajishop.ma\/shop\/herbes-et-apothicaire\/herbes\/chajarat-mariam\/\"]}]},{\"@type\":\"ImageObject\",\"inLanguage\":\"ar\",\"@id\":\"https:\/\/ajishop.ma\/shop\/herbes-et-apothicaire\/herbes\/chajarat-mariam\/#primaryimage\",\"url\":\"https:\/\/ajishop.ma\/wp-content\/uploads\/2024\/11\/B3D61F81-D4B0-40CC-9BDF-B43D2ABA3237-PhotoRoom.png-PhotoRoom.webp\",\"contentUrl\":\"https:\/\/ajishop.ma\/wp-content\/uploads\/2024\/11\/B3D61F81-D4B0-40CC-9BDF-B43D2ABA3237-PhotoRoom.png-PhotoRoom.webp\",\"width\":1280,\"height\":960},{\"@type\":\"BreadcrumbList\",\"@id\":\"https:\/\/ajishop.ma\/shop\/herbes-et-apothicaire\/herbes\/chajarat-mariam\/#breadcrumb\",\"itemListElement\":[{\"@type\":\"ListItem\",\"position\":1,\"name\":\"Accueil\",\"item\":\"https:\/\/ajishop.ma\/\"},{\"@type\":\"ListItem\",\"position\":2,\"name\":\"Magasin\",\"item\":\"https:\/\/ajishop.ma\/shop\/\"},{\"@type\":\"ListItem\",\"position\":3,\"name\":\"Chajarat Mariam \/ \u0634\u062c\u0631\u0629 \u0643\u0641 \u0645\u0631\u064a\u0645\"}]},{\"@type\":\"WebSite\",\"@id\":\"https:\/\/ajishop.ma\/#website\",\"url\":\"https:\/\/ajishop.ma\/\",\"name\":\"AjiShop.ma\",\"description\":\"Produits 100% naturels, Pour votre bien \u00eatre...\",\"publisher\":{\"@id\":\"https:\/\/ajishop.ma\/#organization\"},\"potentialAction\":[{\"@type\":\"SearchAction\",\"target\":{\"@type\":\"EntryPoint\",\"urlTemplate\":\"https:\/\/ajishop.ma\/?s={search_term_string}\"},\"query-input\":{\"@type\":\"PropertyValueSpecification\",\"valueRequired\":true,\"valueName\":\"search_term_string\"}}],\"inLanguage\":\"ar\"},{\"@type\":\"Organization\",\"@id\":\"https:\/\/ajishop.ma\/#organization\",\"name\":\"AjiShop.ma\",\"url\":\"https:\/\/ajishop.ma\/\",\"logo\":{\"@type\":\"ImageObject\",\"inLanguage\":\"ar\",\"@id\":\"https:\/\/ajishop.ma\/#\/schema\/logo\/image\/\",\"url\":\"https:\/\/ajishop.ma\/wp-content\/uploads\/2024\/09\/AjiShop.ma-Horizontal-Logo-Green.png\",\"contentUrl\":\"https:\/\/ajishop.ma\/wp-content\/uploads\/2024\/09\/AjiShop.ma-Horizontal-Logo-Green.png\",\"width\":1917,\"height\":276,\"caption\":\"AjiShop.ma\"},\"image\":{\"@id\":\"https:\/\/ajishop.ma\/#\/schema\/logo\/image\/\"}}]}<\/script>\n<!-- \/ Yoast SEO plugin. -->","yoast_head_json":{"title":"Chajarat Mariam \/ \u0634\u062c\u0631\u0629 \u0643\u0641 \u0645\u0631\u064a\u0645 - AjiShop.ma","robots":{"index":"index","follow":"follow","max-snippet":"max-snippet:-1","max-image-preview":"max-image-preview:large","max-video-preview":"max-video-preview:-1"},"canonical":"https:\/\/ajishop.ma\/ar\/shop\/herbes-et-apothicaire\/herbes\/chajarat-mariam\/","og_locale":"ar_AR","og_type":"article","og_title":"Chajarat Mariam \/ \u0634\u062c\u0631\u0629 \u0643\u0641 \u0645\u0631\u064a\u0645 - AjiShop.ma","og_description":"La rose de Jericho (Anastatica hierochuntica ) est connu sous diff\u00e9rents noms: la fleur de la r\u00e9surrection, plante \u00ab renaissance","og_url":"https:\/\/ajishop.ma\/ar\/shop\/herbes-et-apothicaire\/herbes\/chajarat-mariam\/","og_site_name":"AjiShop.ma","article_modified_time":"2024-11-27T21:19:07+00:00","og_image":[{"width":1280,"height":960,"url":"https:\/\/ajishop.ma\/wp-content\/uploads\/2024\/11\/B3D61F81-D4B0-40CC-9BDF-B43D2ABA3237-PhotoRoom.png-PhotoRoom.webp","type":"image\/webp"}],"twitter_card":"summary_large_image","twitter_misc":{"\u0648\u0642\u062a \u0627\u0644\u0642\u0631\u0627\u0621\u0629 \u0627\u0644\u0645\u064f\u0642\u062f\u0651\u0631":"4 \u062f\u0642\u0627\u0626\u0642"},"schema":{"@context":"https:\/\/schema.org","@graph":[{"@type":"WebPage","@id":"https:\/\/ajishop.ma\/shop\/herbes-et-apothicaire\/herbes\/chajarat-mariam\/","url":"https:\/\/ajishop.ma\/shop\/herbes-et-apothicaire\/herbes\/chajarat-mariam\/","name":"Chajarat Mariam \/ \u0634\u062c\u0631\u0629 \u0643\u0641 \u0645\u0631\u064a\u0645 - AjiShop.ma","isPartOf":{"@id":"https:\/\/ajishop.ma\/#website"},"primaryImageOfPage":{"@id":"https:\/\/ajishop.ma\/shop\/herbes-et-apothicaire\/herbes\/chajarat-mariam\/#primaryimage"},"image":{"@id":"https:\/\/ajishop.ma\/shop\/herbes-et-apothicaire\/herbes\/chajarat-mariam\/#primaryimage"},"thumbnailUrl":"https:\/\/ajishop.ma\/wp-content\/uploads\/2024\/11\/B3D61F81-D4B0-40CC-9BDF-B43D2ABA3237-PhotoRoom.png-PhotoRoom.webp","datePublished":"2024-11-21T06:39:04+00:00","dateModified":"2024-11-27T21:19:07+00:00","breadcrumb":{"@id":"https:\/\/ajishop.ma\/shop\/herbes-et-apothicaire\/herbes\/chajarat-mariam\/#breadcrumb"},"inLanguage":"ar","potentialAction":[{"@type":"ReadAction","target":["https:\/\/ajishop.ma\/shop\/herbes-et-apothicaire\/herbes\/chajarat-mariam\/"]}]},{"@type":"ImageObject","inLanguage":"ar","@id":"https:\/\/ajishop.ma\/shop\/herbes-et-apothicaire\/herbes\/chajarat-mariam\/#primaryimage","url":"https:\/\/ajishop.ma\/wp-content\/uploads\/2024\/11\/B3D61F81-D4B0-40CC-9BDF-B43D2ABA3237-PhotoRoom.png-PhotoRoom.webp","contentUrl":"https:\/\/ajishop.ma\/wp-content\/uploads\/2024\/11\/B3D61F81-D4B0-40CC-9BDF-B43D2ABA3237-PhotoRoom.png-PhotoRoom.webp","width":1280,"height":960},{"@type":"BreadcrumbList","@id":"https:\/\/ajishop.ma\/shop\/herbes-et-apothicaire\/herbes\/chajarat-mariam\/#breadcrumb","itemListElement":[{"@type":"ListItem","position":1,"name":"Accueil","item":"https:\/\/ajishop.ma\/"},{"@type":"ListItem","position":2,"name":"Magasin","item":"https:\/\/ajishop.ma\/shop\/"},{"@type":"ListItem","position":3,"name":"Chajarat Mariam \/ \u0634\u062c\u0631\u0629 \u0643\u0641 \u0645\u0631\u064a\u0645"}]},{"@type":"WebSite","@id":"https:\/\/ajishop.ma\/#website","url":"https:\/\/ajishop.ma\/","name":"AjiShop.ma","description":"Produits 100% naturels, Pour votre bien \u00eatre...","publisher":{"@id":"https:\/\/ajishop.ma\/#organization"},"potentialAction":[{"@type":"SearchAction","target":{"@type":"EntryPoint","urlTemplate":"https:\/\/ajishop.ma\/?s={search_term_string}"},"query-input":{"@type":"PropertyValueSpecification","valueRequired":true,"valueName":"search_term_string"}}],"inLanguage":"ar"},{"@type":"Organization","@id":"https:\/\/ajishop.ma\/#organization","name":"AjiShop.ma","url":"https:\/\/ajishop.ma\/","logo":{"@type":"ImageObject","inLanguage":"ar","@id":"https:\/\/ajishop.ma\/#\/schema\/logo\/image\/","url":"https:\/\/ajishop.ma\/wp-content\/uploads\/2024\/09\/AjiShop.ma-Horizontal-Logo-Green.png","contentUrl":"https:\/\/ajishop.ma\/wp-content\/uploads\/2024\/09\/AjiShop.ma-Horizontal-Logo-Green.png","width":1917,"height":276,"caption":"AjiShop.ma"},"image":{"@id":"https:\/\/ajishop.ma\/#\/schema\/logo\/image\/"}}]}},"_links":{"self":[{"href":"https:\/\/ajishop.ma\/ar\/wp-json\/wp\/v2\/product\/18083"}],"collection":[{"href":"https:\/\/ajishop.ma\/ar\/wp-json\/wp\/v2\/product"}],"about":[{"href":"https:\/\/ajishop.ma\/ar\/wp-json\/wp\/v2\/types\/product"}],"replies":[{"embeddable":true,"href":"https:\/\/ajishop.ma\/ar\/wp-json\/wp\/v2\/comments?post=18083"}],"version-history":[{"count":9,"href":"https:\/\/ajishop.ma\/ar\/wp-json\/wp\/v2\/product\/18083\/revisions"}],"predecessor-version":[{"id":18201,"href":"https:\/\/ajishop.ma\/ar\/wp-json\/wp\/v2\/product\/18083\/revisions\/18201"}],"wp:featuredmedia":[{"embeddable":true,"href":"https:\/\/ajishop.ma\/ar\/wp-json\/wp\/v2\/media\/18084"}],"wp:attachment":[{"href":"https:\/\/ajishop.ma\/ar\/wp-json\/wp\/v2\/media?parent=18083"}],"wp:term":[{"taxonomy":"product_cat","embeddable":true,"href":"https:\/\/ajishop.ma\/ar\/wp-json\/wp\/v2\/product_cat?post=18083"},{"taxonomy":"product_tag","embeddable":true,"href":"https:\/\/ajishop.ma\/ar\/wp-json\/wp\/v2\/product_tag?post=18083"}],"curies":[{"name":"wp","href":"https:\/\/api.w.org\/{rel}","templated":true}]}}