{"id":18099,"date":"2024-11-21T07:45:25","date_gmt":"2024-11-21T06:45:25","guid":{"rendered":"https:\/\/ajishop.ma\/?post_type=product&#038;p=18099"},"modified":"2024-11-27T23:03:49","modified_gmt":"2024-11-27T22:03:49","slug":"kest-el-hindi-saussurea-costus","status":"publish","type":"product","link":"https:\/\/ajishop.ma\/ar\/shop\/herbes-et-apothicaire\/herbes\/kest-el-hindi-saussurea-costus\/","title":{"rendered":"Kest el hindi &#8211; Saussurea costus &#8211; \u0627\u0644\u0642\u0633\u0637 \u0627\u0644\u0647\u0646\u062f\u064a"},"content":{"rendered":"<p>Indian Costus (Costus) est l&#8217;une des herbes indiennes dont les racines sont connues sous le nom de bois d&#8217;agar indien, qui a longtemps \u00e9t\u00e9 utilis\u00e9e dans de nombreux traitements m\u00e9dicinaux.<\/p>\n<p>Cette herbe a un ar\u00f4me agr\u00e9able et donne une couleur jaune clair ou brune lorsqu&#8217;elle est infus\u00e9e ou ajout\u00e9e \u00e0 des aliments et des boissons.<\/p>\n<p><strong>Avantages du costus<\/strong><\/p>\n<p>La costus pr\u00e9sente divers avantages importants car elle poss\u00e8de des propri\u00e9t\u00e9s antiseptiques, antibact\u00e9riennes, antispasmodiques et favorise la sant\u00e9 des syst\u00e8mes digestif et respiratoire.<\/p>\n<p>Les racines de la prime indienne et l&#8217;huile extraite sont g\u00e9n\u00e9ralement utilis\u00e9es pour obtenir les avantages suivants :<\/p>\n<p><strong>1. Contribuer au traitement des maladies intestinales et au traitement des vers<\/strong><\/p>\n<p>L&#8217;un des avantages les plus importants de la prime indienne est sa capacit\u00e9 \u00e0 traiter les vers, car il a \u00e9t\u00e9 constat\u00e9 que l&#8217;huile de premi\u00e8re qualit\u00e9 indienne contient des produits chimiques qui contribuent \u00e0 tuer les vers cylindriques ou filiformes, tels que : le ver Ascariasis.<\/p>\n<p>Il aide \u00e9galement \u00e0 traiter les maladies intestinales, car il contribue \u00e0 traiter les ulc\u00e8res graves et \u00e0 acc\u00e9l\u00e9rer leur gu\u00e9rison.<\/p>\n<p><strong>2. Contribuer au traitement des maladies respiratoires<\/strong><\/p>\n<p>L&#8217;un des avantages de la prime indienne sur le syst\u00e8me respiratoire est son efficacit\u00e9 dans le traitement de la toux et des infections.<\/p>\n<p>L\u00e0 o\u00f9 les chercheurs ont prouv\u00e9 dans un certain nombre d&#8217;\u00e9tudes scientifiques que son huile contribue \u00e0 pr\u00e9venir la bronchoconstriction, et \u00e0 traiter les sympt\u00f4mes de diverses infections respiratoires.<\/p>\n<p><strong>3. Aromatis\u00e9 pour une gamme d&#8217;aliments et de boissons<\/strong><\/p>\n<p>Les racines de la prime indienne sont utilis\u00e9es comme une sorte d&#8217;\u00e9pice et sont ajout\u00e9es aux boissons alcoolis\u00e9es, aux boissons gazeuses et aux sucreries pour lui donner une saveur distinctive.<\/p>\n<p><strong>4. Aide \u00e0 activer et stimuler le syst\u00e8me digestif<\/strong><\/p>\n<p>L&#8217;Indian Premium est un r\u00e9pulsif \u00e0 gaz et favorise la sant\u00e9 du syst\u00e8me digestif gr\u00e2ce \u00e0 ses propri\u00e9t\u00e9s astringentes.Il est g\u00e9n\u00e9ralement recommand\u00e9 d&#8217;ajouter deux gouttes d&#8217;Indian Premium Oil au th\u00e9 chaud pour aider \u00e0 am\u00e9liorer le processus de digestion.<\/p>\n<p><strong>5. Contribuer au renforcement de l&#8217;immunit\u00e9<\/strong><\/p>\n<p>La prime indienne a des propri\u00e9t\u00e9s antiseptiques et cicatrisantes am\u00e9lior\u00e9es, elle calme donc les infections, r\u00e9siste \u00e0 la croissance des bact\u00e9ries et des germes et est une bonne aide dans le traitement du chol\u00e9ra.<\/p>\n<p><strong>6. Promouvoir une peau saine<\/strong><\/p>\n<p>L&#8217;un des avantages les plus importants de la prime indienne pour la peau est sa capacit\u00e9 \u00e0 pr\u00e9venir les signes du vieillissement, gr\u00e2ce \u00e0 sa teneur en antioxydants qui combat les radicaux libres, retardant ainsi l&#8217;apparition des rides, ridules et taches de vieillesse.<\/p>\n<p>Il a \u00e9galement \u00e9t\u00e9 constat\u00e9 que la prime indienne est utile dans le traitement de certaines maladies de la peau, telles que : l&#8217;ecz\u00e9ma, le psoriasis et les pellicules, en plus de son r\u00f4le dans la gu\u00e9rison des infections cutan\u00e9es.<\/p>\n<p>Gr\u00e2ce \u00e0 ces propri\u00e9t\u00e9s, il est utilis\u00e9 en parfumerie et en cosm\u00e9tique.<\/p>\n<p><strong>Avantages du costus pour les hommes<\/strong><\/p>\n<p>La racine de costus est tr\u00e8s utile pour maintenir la sant\u00e9 physique chez les hommes. Elle est utilis\u00e9e dans le traitement des flatulences et de la pl\u00e9nitude de l&#8217;estomac, des troubles pulmonaires, de la difficult\u00e9 \u00e0 avaler et de l&#8217;atrophie musculaire. Elle est \u00e9galement tr\u00e8s utile dans le traitement des rhumatismes.<\/p>\n<p><strong>Avantages du costus pour les femmes<\/strong><\/p>\n<p>Le th\u00e9 de racine de costus, qui a un effet dans le traitement de l&#8217;infertilit\u00e9, est pr\u00e9par\u00e9 par des op\u00e9rations simples. Il convient \u00e0 la consommation et a de bons effets sur le r\u00e9chauffement des reins, la stimulation de la rate et la nutrition du sang. Gr\u00e2ce \u00e0 des femmes buvant fr\u00e9quemment, le th\u00e9 de racine de costus sain a des effets sur l&#8217;\u00e9l\u00e9vation de la temp\u00e9rature des reins, revitalise la rate, nourrit le sang, renforce les fondations et soulage les sympt\u00f4mes de l&#8217;infertilit\u00e9.<\/p>\n<p><strong>7. Contribuer \u00e0 faire baisser le taux de sucre dans le sang<\/strong><\/p>\n<p>Il a \u00e9t\u00e9 not\u00e9 que la prime indienne a un effet efficace sur la baisse du taux de sucre dans le sang chez les patients sains et diab\u00e9tiques.<\/p>","protected":false},"excerpt":{"rendered":"<p>Indian Costus (Costus) est l&#8217;une des herbes indiennes dont les racines sont connues sous le nom de bois d&#8217;agar indien,<\/p>","protected":false},"featured_media":18100,"comment_status":"open","ping_status":"closed","template":"","meta":[],"product_cat":[32,75,79],"product_tag":[],"yoast_head":"<!-- This site is optimized with the Yoast SEO plugin v23.4 - https:\/\/yoast.com\/wordpress\/plugins\/seo\/ -->\n<title>Kest el hindi - Saussurea costus - \u0627\u0644\u0642\u0633\u0637 \u0627\u0644\u0647\u0646\u062f\u064a - AjiShop.ma<\/title>\n<meta name=\"robots\" content=\"index, follow, max-snippet:-1, max-image-preview:large, max-video-preview:-1\" \/>\n<link rel=\"canonical\" href=\"https:\/\/ajishop.ma\/ar\/shop\/herbes-et-apothicaire\/herbes\/kest-el-hindi-saussurea-costus\/\" \/>\n<meta property=\"og:locale\" content=\"ar_AR\" \/>\n<meta property=\"og:type\" content=\"article\" \/>\n<meta property=\"og:title\" content=\"Kest el hindi - Saussurea costus - \u0627\u0644\u0642\u0633\u0637 \u0627\u0644\u0647\u0646\u062f\u064a - AjiShop.ma\" \/>\n<meta property=\"og:description\" content=\"Indian Costus (Costus) est l&#8217;une des herbes indiennes dont les racines sont connues sous le nom de bois d&#8217;agar indien,\" \/>\n<meta property=\"og:url\" content=\"https:\/\/ajishop.ma\/ar\/shop\/herbes-et-apothicaire\/herbes\/kest-el-hindi-saussurea-costus\/\" \/>\n<meta property=\"og:site_name\" content=\"AjiShop.ma\" \/>\n<meta property=\"article:modified_time\" content=\"2024-11-27T22:03:49+00:00\" \/>\n<meta property=\"og:image\" content=\"https:\/\/ajishop.ma\/wp-content\/uploads\/2024\/11\/IMG_1256.webp\" \/>\n\t<meta property=\"og:image:width\" content=\"493\" \/>\n\t<meta property=\"og:image:height\" content=\"649\" \/>\n\t<meta property=\"og:image:type\" content=\"image\/webp\" \/>\n<meta name=\"twitter:card\" content=\"summary_large_image\" \/>\n<meta name=\"twitter:label1\" content=\"\u0648\u0642\u062a \u0627\u0644\u0642\u0631\u0627\u0621\u0629 \u0627\u0644\u0645\u064f\u0642\u062f\u0651\u0631\" \/>\n\t<meta name=\"twitter:data1\" content=\"4 \u062f\u0642\u0627\u0626\u0642\" \/>\n<script type=\"application\/ld+json\" class=\"yoast-schema-graph\">{\"@context\":\"https:\/\/schema.org\",\"@graph\":[{\"@type\":\"WebPage\",\"@id\":\"https:\/\/ajishop.ma\/shop\/herbes-et-apothicaire\/herbes\/kest-el-hindi-saussurea-costus\/\",\"url\":\"https:\/\/ajishop.ma\/shop\/herbes-et-apothicaire\/herbes\/kest-el-hindi-saussurea-costus\/\",\"name\":\"Kest el hindi - Saussurea costus - \u0627\u0644\u0642\u0633\u0637 \u0627\u0644\u0647\u0646\u062f\u064a - AjiShop.ma\",\"isPartOf\":{\"@id\":\"https:\/\/ajishop.ma\/#website\"},\"primaryImageOfPage\":{\"@id\":\"https:\/\/ajishop.ma\/shop\/herbes-et-apothicaire\/herbes\/kest-el-hindi-saussurea-costus\/#primaryimage\"},\"image\":{\"@id\":\"https:\/\/ajishop.ma\/shop\/herbes-et-apothicaire\/herbes\/kest-el-hindi-saussurea-costus\/#primaryimage\"},\"thumbnailUrl\":\"https:\/\/ajishop.ma\/wp-content\/uploads\/2024\/11\/IMG_1256.webp\",\"datePublished\":\"2024-11-21T06:45:25+00:00\",\"dateModified\":\"2024-11-27T22:03:49+00:00\",\"breadcrumb\":{\"@id\":\"https:\/\/ajishop.ma\/shop\/herbes-et-apothicaire\/herbes\/kest-el-hindi-saussurea-costus\/#breadcrumb\"},\"inLanguage\":\"ar\",\"potentialAction\":[{\"@type\":\"ReadAction\",\"target\":[\"https:\/\/ajishop.ma\/shop\/herbes-et-apothicaire\/herbes\/kest-el-hindi-saussurea-costus\/\"]}]},{\"@type\":\"ImageObject\",\"inLanguage\":\"ar\",\"@id\":\"https:\/\/ajishop.ma\/shop\/herbes-et-apothicaire\/herbes\/kest-el-hindi-saussurea-costus\/#primaryimage\",\"url\":\"https:\/\/ajishop.ma\/wp-content\/uploads\/2024\/11\/IMG_1256.webp\",\"contentUrl\":\"https:\/\/ajishop.ma\/wp-content\/uploads\/2024\/11\/IMG_1256.webp\",\"width\":493,\"height\":649},{\"@type\":\"BreadcrumbList\",\"@id\":\"https:\/\/ajishop.ma\/shop\/herbes-et-apothicaire\/herbes\/kest-el-hindi-saussurea-costus\/#breadcrumb\",\"itemListElement\":[{\"@type\":\"ListItem\",\"position\":1,\"name\":\"Accueil\",\"item\":\"https:\/\/ajishop.ma\/\"},{\"@type\":\"ListItem\",\"position\":2,\"name\":\"Magasin\",\"item\":\"https:\/\/ajishop.ma\/shop\/\"},{\"@type\":\"ListItem\",\"position\":3,\"name\":\"Kest el hindi &#8211; Saussurea costus &#8211; \u0627\u0644\u0642\u0633\u0637 \u0627\u0644\u0647\u0646\u062f\u064a\"}]},{\"@type\":\"WebSite\",\"@id\":\"https:\/\/ajishop.ma\/#website\",\"url\":\"https:\/\/ajishop.ma\/\",\"name\":\"AjiShop.ma\",\"description\":\"Produits 100% naturels, Pour votre bien \u00eatre...\",\"publisher\":{\"@id\":\"https:\/\/ajishop.ma\/#organization\"},\"potentialAction\":[{\"@type\":\"SearchAction\",\"target\":{\"@type\":\"EntryPoint\",\"urlTemplate\":\"https:\/\/ajishop.ma\/?s={search_term_string}\"},\"query-input\":{\"@type\":\"PropertyValueSpecification\",\"valueRequired\":true,\"valueName\":\"search_term_string\"}}],\"inLanguage\":\"ar\"},{\"@type\":\"Organization\",\"@id\":\"https:\/\/ajishop.ma\/#organization\",\"name\":\"AjiShop.ma\",\"url\":\"https:\/\/ajishop.ma\/\",\"logo\":{\"@type\":\"ImageObject\",\"inLanguage\":\"ar\",\"@id\":\"https:\/\/ajishop.ma\/#\/schema\/logo\/image\/\",\"url\":\"https:\/\/ajishop.ma\/wp-content\/uploads\/2024\/09\/AjiShop.ma-Horizontal-Logo-Green.png\",\"contentUrl\":\"https:\/\/ajishop.ma\/wp-content\/uploads\/2024\/09\/AjiShop.ma-Horizontal-Logo-Green.png\",\"width\":1917,\"height\":276,\"caption\":\"AjiShop.ma\"},\"image\":{\"@id\":\"https:\/\/ajishop.ma\/#\/schema\/logo\/image\/\"}}]}<\/script>\n<!-- \/ Yoast SEO plugin. -->","yoast_head_json":{"title":"Kest el hindi - Saussurea costus - \u0627\u0644\u0642\u0633\u0637 \u0627\u0644\u0647\u0646\u062f\u064a - AjiShop.ma","robots":{"index":"index","follow":"follow","max-snippet":"max-snippet:-1","max-image-preview":"max-image-preview:large","max-video-preview":"max-video-preview:-1"},"canonical":"https:\/\/ajishop.ma\/ar\/shop\/herbes-et-apothicaire\/herbes\/kest-el-hindi-saussurea-costus\/","og_locale":"ar_AR","og_type":"article","og_title":"Kest el hindi - Saussurea costus - \u0627\u0644\u0642\u0633\u0637 \u0627\u0644\u0647\u0646\u062f\u064a - AjiShop.ma","og_description":"Indian Costus (Costus) est l&#8217;une des herbes indiennes dont les racines sont connues sous le nom de bois d&#8217;agar indien,","og_url":"https:\/\/ajishop.ma\/ar\/shop\/herbes-et-apothicaire\/herbes\/kest-el-hindi-saussurea-costus\/","og_site_name":"AjiShop.ma","article_modified_time":"2024-11-27T22:03:49+00:00","og_image":[{"width":493,"height":649,"url":"https:\/\/ajishop.ma\/wp-content\/uploads\/2024\/11\/IMG_1256.webp","type":"image\/webp"}],"twitter_card":"summary_large_image","twitter_misc":{"\u0648\u0642\u062a \u0627\u0644\u0642\u0631\u0627\u0621\u0629 \u0627\u0644\u0645\u064f\u0642\u062f\u0651\u0631":"4 \u062f\u0642\u0627\u0626\u0642"},"schema":{"@context":"https:\/\/schema.org","@graph":[{"@type":"WebPage","@id":"https:\/\/ajishop.ma\/shop\/herbes-et-apothicaire\/herbes\/kest-el-hindi-saussurea-costus\/","url":"https:\/\/ajishop.ma\/shop\/herbes-et-apothicaire\/herbes\/kest-el-hindi-saussurea-costus\/","name":"Kest el hindi - Saussurea costus - \u0627\u0644\u0642\u0633\u0637 \u0627\u0644\u0647\u0646\u062f\u064a - AjiShop.ma","isPartOf":{"@id":"https:\/\/ajishop.ma\/#website"},"primaryImageOfPage":{"@id":"https:\/\/ajishop.ma\/shop\/herbes-et-apothicaire\/herbes\/kest-el-hindi-saussurea-costus\/#primaryimage"},"image":{"@id":"https:\/\/ajishop.ma\/shop\/herbes-et-apothicaire\/herbes\/kest-el-hindi-saussurea-costus\/#primaryimage"},"thumbnailUrl":"https:\/\/ajishop.ma\/wp-content\/uploads\/2024\/11\/IMG_1256.webp","datePublished":"2024-11-21T06:45:25+00:00","dateModified":"2024-11-27T22:03:49+00:00","breadcrumb":{"@id":"https:\/\/ajishop.ma\/shop\/herbes-et-apothicaire\/herbes\/kest-el-hindi-saussurea-costus\/#breadcrumb"},"inLanguage":"ar","potentialAction":[{"@type":"ReadAction","target":["https:\/\/ajishop.ma\/shop\/herbes-et-apothicaire\/herbes\/kest-el-hindi-saussurea-costus\/"]}]},{"@type":"ImageObject","inLanguage":"ar","@id":"https:\/\/ajishop.ma\/shop\/herbes-et-apothicaire\/herbes\/kest-el-hindi-saussurea-costus\/#primaryimage","url":"https:\/\/ajishop.ma\/wp-content\/uploads\/2024\/11\/IMG_1256.webp","contentUrl":"https:\/\/ajishop.ma\/wp-content\/uploads\/2024\/11\/IMG_1256.webp","width":493,"height":649},{"@type":"BreadcrumbList","@id":"https:\/\/ajishop.ma\/shop\/herbes-et-apothicaire\/herbes\/kest-el-hindi-saussurea-costus\/#breadcrumb","itemListElement":[{"@type":"ListItem","position":1,"name":"Accueil","item":"https:\/\/ajishop.ma\/"},{"@type":"ListItem","position":2,"name":"Magasin","item":"https:\/\/ajishop.ma\/shop\/"},{"@type":"ListItem","position":3,"name":"Kest el hindi &#8211; Saussurea costus &#8211; \u0627\u0644\u0642\u0633\u0637 \u0627\u0644\u0647\u0646\u062f\u064a"}]},{"@type":"WebSite","@id":"https:\/\/ajishop.ma\/#website","url":"https:\/\/ajishop.ma\/","name":"AjiShop.ma","description":"Produits 100% naturels, Pour votre bien \u00eatre...","publisher":{"@id":"https:\/\/ajishop.ma\/#organization"},"potentialAction":[{"@type":"SearchAction","target":{"@type":"EntryPoint","urlTemplate":"https:\/\/ajishop.ma\/?s={search_term_string}"},"query-input":{"@type":"PropertyValueSpecification","valueRequired":true,"valueName":"search_term_string"}}],"inLanguage":"ar"},{"@type":"Organization","@id":"https:\/\/ajishop.ma\/#organization","name":"AjiShop.ma","url":"https:\/\/ajishop.ma\/","logo":{"@type":"ImageObject","inLanguage":"ar","@id":"https:\/\/ajishop.ma\/#\/schema\/logo\/image\/","url":"https:\/\/ajishop.ma\/wp-content\/uploads\/2024\/09\/AjiShop.ma-Horizontal-Logo-Green.png","contentUrl":"https:\/\/ajishop.ma\/wp-content\/uploads\/2024\/09\/AjiShop.ma-Horizontal-Logo-Green.png","width":1917,"height":276,"caption":"AjiShop.ma"},"image":{"@id":"https:\/\/ajishop.ma\/#\/schema\/logo\/image\/"}}]}},"_links":{"self":[{"href":"https:\/\/ajishop.ma\/ar\/wp-json\/wp\/v2\/product\/18099"}],"collection":[{"href":"https:\/\/ajishop.ma\/ar\/wp-json\/wp\/v2\/product"}],"about":[{"href":"https:\/\/ajishop.ma\/ar\/wp-json\/wp\/v2\/types\/product"}],"replies":[{"embeddable":true,"href":"https:\/\/ajishop.ma\/ar\/wp-json\/wp\/v2\/comments?post=18099"}],"version-history":[{"count":1,"href":"https:\/\/ajishop.ma\/ar\/wp-json\/wp\/v2\/product\/18099\/revisions"}],"predecessor-version":[{"id":18101,"href":"https:\/\/ajishop.ma\/ar\/wp-json\/wp\/v2\/product\/18099\/revisions\/18101"}],"wp:featuredmedia":[{"embeddable":true,"href":"https:\/\/ajishop.ma\/ar\/wp-json\/wp\/v2\/media\/18100"}],"wp:attachment":[{"href":"https:\/\/ajishop.ma\/ar\/wp-json\/wp\/v2\/media?parent=18099"}],"wp:term":[{"taxonomy":"product_cat","embeddable":true,"href":"https:\/\/ajishop.ma\/ar\/wp-json\/wp\/v2\/product_cat?post=18099"},{"taxonomy":"product_tag","embeddable":true,"href":"https:\/\/ajishop.ma\/ar\/wp-json\/wp\/v2\/product_tag?post=18099"}],"curies":[{"name":"wp","href":"https:\/\/api.w.org\/{rel}","templated":true}]}}