{"id":18106,"date":"2024-11-21T07:50:58","date_gmt":"2024-11-21T06:50:58","guid":{"rendered":"https:\/\/ajishop.ma\/?post_type=product&#038;p=18106"},"modified":"2024-11-27T23:33:16","modified_gmt":"2024-11-27T22:33:16","slug":"chandgoura-sechee-ivette-musquee","status":"publish","type":"product","link":"https:\/\/ajishop.ma\/ar\/shop\/herbes-et-apothicaire\/herbes\/chandgoura-sechee-ivette-musquee\/","title":{"rendered":"Chandgoura s\u00e9ch\u00e9e &#8211; Ivette musqu\u00e9e &#8211; \u0634\u0646\u062f\u0642\u0648\u0631\u0629"},"content":{"rendered":"<div data-elementor-type=\"wp-post\" data-elementor-id=\"18106\" class=\"elementor elementor-18106\">\n\t\t\t\t<div class=\"wd-negative-gap elementor-element elementor-element-1dbde31b lang-fr e-flex e-con-boxed e-con e-parent\" data-id=\"1dbde31b\" data-element_type=\"container\">\n\t\t\t\t\t<div class=\"e-con-inner\">\n\t\t\t\t<div class=\"elementor-element elementor-element-7939cc56 color-scheme-inherit text-left elementor-widget elementor-widget-text-editor\" data-id=\"7939cc56\" data-element_type=\"widget\" data-widget_type=\"text-editor.default\">\n\t\t\t\t<div class=\"elementor-widget-container\">\n\t\t\t\t\t\t\tATTENTION: Vous ne recevrez pas de la Chendgoura fra\u00eeche comme sur la photo, mais de la s\u00e9ch\u00e9e, utilisable entre autre par exemple pour des tisanes. L\u2019ivette musqu\u00e9e poss\u00e8de une saveur am\u00e8re et r\u00e9sineuse et une odeur forte, qui se rapproche du musc. On emploie les tiges feuill\u00e9es s\u00e8ches, en infusion th\u00e9iforme, comme f\u00e9brifuge, antiarthritique et ap\u00e9ritive. On pr\u00e9pare une d\u00e9coction de 20 g dans un litre d\u2019eau pour traiter les maux de t\u00eate, des reins et de la vessie. Prendre 3 tasses de tisane \/j . On l\u2019utilise avantageusement aussi contre les affections f\u00e9briles, comme la grippe; elle poss\u00e8de des propri\u00e9t\u00e9s antiseptiques. L\u2019infusion en lavement tue les insectes. Elle est employ\u00e9e contre les affections auriculaires, les feuilles fra\u00eeches sont pil\u00e9es et le liquide obtenue sera chauffer et administrer \u00e0 raison de deux gouttes par jour. On boit l\u2019infusion une fois par jour apr\u00e8s le repas contre le diab\u00e8te, l\u2019hypertension art\u00e9rielle, les rhumatismes, les diarrh\u00e9es, les douleurs gastriques et les c\u00e9phal\u00e9es contre le stress et le cancer. La plante en mac\u00e9ration dans l\u2019eau ou dans le miel est employ\u00e9e contre la fi\u00e8vre, les vers intestinaux et pour r\u00e9gulariser le travail du c\u0153ur.\t\t\t\t\t\t<\/div>\n\t\t\t\t<\/div>\n\t\t\t\t\t<\/div>\n\t\t\t\t<\/div>\n\t\t<div class=\"wd-negative-gap elementor-element elementor-element-b8ff6ec e-flex e-con-boxed e-con e-parent\" data-id=\"b8ff6ec\" data-element_type=\"container\">\n\t\t\t\t\t<div class=\"e-con-inner\">\n\t\t\t\t<div class=\"elementor-element elementor-element-69e94cf lang-ar color-scheme-inherit text-left elementor-widget elementor-widget-text-editor\" data-id=\"69e94cf\" data-element_type=\"widget\" data-widget_type=\"text-editor.default\">\n\t\t\t\t<div class=\"elementor-widget-container\">\n\t\t\t\t\t\t\t<p style=\"text-align: right\"><strong>\u064a\u0631\u062c\u0649 \u0645\u0644\u0627\u062d\u0638\u0629: \u0644\u0646 \u062a\u062d\u0635\u0644 \u0639\u0644\u0649 \u0634\u0646\u062f\u062c\u0648\u0631\u0629 \u0637\u0627\u0632\u062c\u0629 \u0643\u0645\u0627 \u0641\u064a \u0627\u0644\u0635\u0648\u0631\u0629\u060c \u0648\u0644\u0643\u0646 \u0645\u062c\u0641\u0641\u0629\u060c \u0648\u0627\u0644\u062a\u064a \u064a\u0645\u0643\u0646 \u0627\u0633\u062a\u062e\u062f\u0627\u0645\u0647\u0627\u060c \u0639\u0644\u0649 \u0633\u0628\u064a\u0644 \u0627\u0644\u0645\u062b\u0627\u0644\u060c \u0644\u0634\u0627\u064a \u0627\u0644\u0623\u0639\u0634\u0627\u0628. \u064a\u062a\u0645\u062a\u0639 \u0625\u064a\u0641\u064a\u062a \u0627\u0644\u0645\u0633\u0643\u064a \u0628\u0646\u0643\u0647\u0629 \u0645\u0631\u064a\u0631\u0629 \u0631\u0627\u062a\u0646\u062c\u064a\u0629 \u0648\u0631\u0627\u0626\u062d\u0629 \u0642\u0648\u064a\u0629 \u0642\u0631\u064a\u0628\u0629 \u0645\u0646 \u0627\u0644\u0645\u0633\u0643. \u062a\u0633\u062a\u062e\u062f\u0645 \u0627\u0644\u0633\u064a\u0642\u0627\u0646 \u0627\u0644\u0648\u0631\u0642\u064a\u0629 \u0627\u0644\u062c\u0627\u0641\u0629 \u0641\u064a \u0627\u0644\u062a\u0633\u0631\u064a\u0628 \u0627\u0644\u0634\u0643\u0644\u064a \u0643\u0637\u0627\u0631\u062f \u0644\u0644\u062d\u0645\u0649 \u0648\u0645\u0636\u0627\u062f \u0644\u0627\u0644\u062a\u0647\u0627\u0628 \u0627\u0644\u0645\u0641\u0627\u0635\u0644 \u0648\u0641\u0627\u062a\u062d \u0644\u0644\u0634\u0647\u064a\u0629. \u064a\u062a\u0645 \u062a\u062d\u0636\u064a\u0631 \u0645\u063a\u0644\u064a \u0645\u0642\u062f\u0627\u0631\u0647 20 \u063a\u0631\u0627\u0645\u0627\u064b \u0641\u064a \u0644\u062a\u0631 \u0645\u0646 \u0627\u0644\u0645\u0627\u0621 \u0644\u0639\u0644\u0627\u062c \u0627\u0644\u0635\u062f\u0627\u0639 \u0648\u0622\u0644\u0627\u0645 \u0627\u0644\u0643\u0644\u0649 \u0648\u0627\u0644\u0645\u062b\u0627\u0646\u0629. \u062a\u0646\u0627\u0648\u0644 3 \u0623\u0643\u0648\u0627\u0628 \u0645\u0646 \u0634\u0627\u064a \u0627\u0644\u0623\u0639\u0634\u0627\u0628 \u064a\u0648\u0645\u064a\u064b\u0627. \u0643\u0645\u0627 \u0623\u0646\u0647 \u064a\u0633\u062a\u062e\u062f\u0645 \u0628\u0634\u0643\u0644 \u0645\u0641\u064a\u062f \u0636\u062f \u0623\u0645\u0631\u0627\u0636 \u0627\u0644\u062d\u0645\u0648\u064a\u0629\u060c \u0645\u062b\u0644 \u0627\u0644\u0623\u0646\u0641\u0644\u0648\u0646\u0632\u0627. \u0644\u0647 \u062e\u0635\u0627\u0626\u0635 \u0645\u0637\u0647\u0631\u0629. \u062d\u0642\u0646\u0629 \u0634\u0631\u062c\u064a\u0629 \u062a\u0642\u062a\u0644 \u0627\u0644\u062d\u0634\u0631\u0627\u062a. \u064a\u062a\u0645 \u0627\u0633\u062a\u062e\u062f\u0627\u0645\u0647 \u0636\u062f \u0623\u0645\u0631\u0627\u0636 \u0627\u0644\u0623\u0630\u0646\u060c \u062d\u064a\u062b \u064a\u062a\u0645 \u0633\u062d\u0642 \u0627\u0644\u0623\u0648\u0631\u0627\u0642 \u0627\u0644\u0637\u0627\u0632\u062c\u0629 \u0648\u064a\u062a\u0645 \u062a\u0633\u062e\u064a\u0646 \u0627\u0644\u0633\u0627\u0626\u0644 \u0627\u0644\u0646\u0627\u062a\u062c \u0648\u064a\u062a\u0645 \u0625\u0639\u0637\u0627\u0624\u0647 \u0628\u0645\u0639\u062f\u0644 \u0642\u0637\u0631\u062a\u064a\u0646 \u064a\u0648\u0645\u064a\u064b\u0627. \u064a\u062a\u0645 \u0634\u0631\u0628 \u0627\u0644\u0645\u0646\u0642\u0648\u0639 \u0645\u0631\u0629 \u0648\u0627\u062d\u062f\u0629 \u064a\u0648\u0645\u064a\u064b\u0627 \u0628\u0639\u062f \u0627\u0644\u0623\u0643\u0644 \u0636\u062f \u0645\u0631\u0636 \u0627\u0644\u0633\u0643\u0631\u064a \u0648\u0627\u0631\u062a\u0641\u0627\u0639 \u0636\u063a\u0637 \u0627\u0644\u062f\u0645 \u0648\u0627\u0644\u0631\u0648\u0645\u0627\u062a\u064a\u0632\u0645 \u0648\u0627\u0644\u0625\u0633\u0647\u0627\u0644 \u0648\u0622\u0644\u0627\u0645 \u0627\u0644\u0645\u0639\u062f\u0629 \u0648\u0627\u0644\u0635\u062f\u0627\u0639 \u0636\u062f \u0627\u0644\u062a\u0648\u062a\u0631 \u0648\u0627\u0644\u0633\u0631\u0637\u0627\u0646. \u064a\u0633\u062a\u0639\u0645\u0644 \u0645\u0646\u0642\u0648\u0639 \u0627\u0644\u0646\u0628\u0627\u062a \u0641\u064a \u0627\u0644\u0645\u0627\u0621 \u0623\u0648 \u0627\u0644\u0639\u0633\u0644 \u0636\u062f \u0627\u0644\u062d\u0645\u0649 \u0648\u0627\u0644\u062f\u064a\u062f\u0627\u0646 \u0627\u0644\u0645\u0639\u0648\u064a\u0629 \u0648\u062a\u0646\u0638\u064a\u0645 \u0639\u0645\u0644 \u0627\u0644\u0642\u0644\u0628.<\/strong><\/p>\t\t\t\t\t\t<\/div>\n\t\t\t\t<\/div>\n\t\t\t\t\t<\/div>\n\t\t\t\t<\/div>\n\t\t\t\t<\/div>","protected":false},"excerpt":{"rendered":"<p>ATTENTION: Vous ne recevrez pas de la Chendgoura fra\u00eeche comme sur la photo, mais de la s\u00e9ch\u00e9e, utilisable entre autre<\/p>","protected":false},"featured_media":18237,"comment_status":"open","ping_status":"closed","template":"","meta":[],"product_cat":[32,75],"product_tag":[],"yoast_head":"<!-- This site is optimized with the Yoast SEO plugin v23.4 - https:\/\/yoast.com\/wordpress\/plugins\/seo\/ -->\n<title>Chandgoura s\u00e9ch\u00e9e - Ivette musqu\u00e9e - \u0634\u0646\u062f\u0642\u0648\u0631\u0629 - AjiShop.ma<\/title>\n<meta name=\"robots\" content=\"index, follow, max-snippet:-1, max-image-preview:large, max-video-preview:-1\" \/>\n<link rel=\"canonical\" href=\"https:\/\/ajishop.ma\/ar\/shop\/herbes-et-apothicaire\/herbes\/chandgoura-sechee-ivette-musquee\/\" \/>\n<meta property=\"og:locale\" content=\"ar_AR\" \/>\n<meta property=\"og:type\" content=\"article\" \/>\n<meta property=\"og:title\" content=\"Chandgoura s\u00e9ch\u00e9e - Ivette musqu\u00e9e - \u0634\u0646\u062f\u0642\u0648\u0631\u0629 - AjiShop.ma\" \/>\n<meta property=\"og:description\" content=\"ATTENTION: Vous ne recevrez pas de la Chendgoura fra\u00eeche comme sur la photo, mais de la s\u00e9ch\u00e9e, utilisable entre autre\" \/>\n<meta property=\"og:url\" content=\"https:\/\/ajishop.ma\/ar\/shop\/herbes-et-apothicaire\/herbes\/chandgoura-sechee-ivette-musquee\/\" \/>\n<meta property=\"og:site_name\" content=\"AjiShop.ma\" \/>\n<meta property=\"article:modified_time\" content=\"2024-11-27T22:33:16+00:00\" \/>\n<meta property=\"og:image\" content=\"https:\/\/ajishop.ma\/wp-content\/uploads\/2024\/11\/2430C53D-74A2-4025-937D-6E15A38C1E69.webp\" \/>\n\t<meta property=\"og:image:width\" content=\"853\" \/>\n\t<meta property=\"og:image:height\" content=\"1152\" \/>\n\t<meta property=\"og:image:type\" content=\"image\/webp\" \/>\n<meta name=\"twitter:card\" content=\"summary_large_image\" \/>\n<meta name=\"twitter:label1\" content=\"\u0648\u0642\u062a \u0627\u0644\u0642\u0631\u0627\u0621\u0629 \u0627\u0644\u0645\u064f\u0642\u062f\u0651\u0631\" \/>\n\t<meta name=\"twitter:data1\" content=\"\u062f\u0642\u064a\u0642\u062a\u0627\u0646\" \/>\n<script type=\"application\/ld+json\" class=\"yoast-schema-graph\">{\"@context\":\"https:\/\/schema.org\",\"@graph\":[{\"@type\":\"WebPage\",\"@id\":\"https:\/\/ajishop.ma\/shop\/herbes-et-apothicaire\/herbes\/chandgoura-sechee-ivette-musquee\/\",\"url\":\"https:\/\/ajishop.ma\/shop\/herbes-et-apothicaire\/herbes\/chandgoura-sechee-ivette-musquee\/\",\"name\":\"Chandgoura s\u00e9ch\u00e9e - Ivette musqu\u00e9e - \u0634\u0646\u062f\u0642\u0648\u0631\u0629 - AjiShop.ma\",\"isPartOf\":{\"@id\":\"https:\/\/ajishop.ma\/#website\"},\"primaryImageOfPage\":{\"@id\":\"https:\/\/ajishop.ma\/shop\/herbes-et-apothicaire\/herbes\/chandgoura-sechee-ivette-musquee\/#primaryimage\"},\"image\":{\"@id\":\"https:\/\/ajishop.ma\/shop\/herbes-et-apothicaire\/herbes\/chandgoura-sechee-ivette-musquee\/#primaryimage\"},\"thumbnailUrl\":\"https:\/\/ajishop.ma\/wp-content\/uploads\/2024\/11\/2430C53D-74A2-4025-937D-6E15A38C1E69.webp\",\"datePublished\":\"2024-11-21T06:50:58+00:00\",\"dateModified\":\"2024-11-27T22:33:16+00:00\",\"breadcrumb\":{\"@id\":\"https:\/\/ajishop.ma\/shop\/herbes-et-apothicaire\/herbes\/chandgoura-sechee-ivette-musquee\/#breadcrumb\"},\"inLanguage\":\"ar\",\"potentialAction\":[{\"@type\":\"ReadAction\",\"target\":[\"https:\/\/ajishop.ma\/shop\/herbes-et-apothicaire\/herbes\/chandgoura-sechee-ivette-musquee\/\"]}]},{\"@type\":\"ImageObject\",\"inLanguage\":\"ar\",\"@id\":\"https:\/\/ajishop.ma\/shop\/herbes-et-apothicaire\/herbes\/chandgoura-sechee-ivette-musquee\/#primaryimage\",\"url\":\"https:\/\/ajishop.ma\/wp-content\/uploads\/2024\/11\/2430C53D-74A2-4025-937D-6E15A38C1E69.webp\",\"contentUrl\":\"https:\/\/ajishop.ma\/wp-content\/uploads\/2024\/11\/2430C53D-74A2-4025-937D-6E15A38C1E69.webp\",\"width\":853,\"height\":1152},{\"@type\":\"BreadcrumbList\",\"@id\":\"https:\/\/ajishop.ma\/shop\/herbes-et-apothicaire\/herbes\/chandgoura-sechee-ivette-musquee\/#breadcrumb\",\"itemListElement\":[{\"@type\":\"ListItem\",\"position\":1,\"name\":\"Accueil\",\"item\":\"https:\/\/ajishop.ma\/\"},{\"@type\":\"ListItem\",\"position\":2,\"name\":\"Magasin\",\"item\":\"https:\/\/ajishop.ma\/shop\/\"},{\"@type\":\"ListItem\",\"position\":3,\"name\":\"Chandgoura s\u00e9ch\u00e9e &#8211; Ivette musqu\u00e9e &#8211; \u0634\u0646\u062f\u0642\u0648\u0631\u0629\"}]},{\"@type\":\"WebSite\",\"@id\":\"https:\/\/ajishop.ma\/#website\",\"url\":\"https:\/\/ajishop.ma\/\",\"name\":\"AjiShop.ma\",\"description\":\"Produits 100% naturels, Pour votre bien \u00eatre...\",\"publisher\":{\"@id\":\"https:\/\/ajishop.ma\/#organization\"},\"potentialAction\":[{\"@type\":\"SearchAction\",\"target\":{\"@type\":\"EntryPoint\",\"urlTemplate\":\"https:\/\/ajishop.ma\/?s={search_term_string}\"},\"query-input\":{\"@type\":\"PropertyValueSpecification\",\"valueRequired\":true,\"valueName\":\"search_term_string\"}}],\"inLanguage\":\"ar\"},{\"@type\":\"Organization\",\"@id\":\"https:\/\/ajishop.ma\/#organization\",\"name\":\"AjiShop.ma\",\"url\":\"https:\/\/ajishop.ma\/\",\"logo\":{\"@type\":\"ImageObject\",\"inLanguage\":\"ar\",\"@id\":\"https:\/\/ajishop.ma\/#\/schema\/logo\/image\/\",\"url\":\"https:\/\/ajishop.ma\/wp-content\/uploads\/2024\/09\/AjiShop.ma-Horizontal-Logo-Green.png\",\"contentUrl\":\"https:\/\/ajishop.ma\/wp-content\/uploads\/2024\/09\/AjiShop.ma-Horizontal-Logo-Green.png\",\"width\":1917,\"height\":276,\"caption\":\"AjiShop.ma\"},\"image\":{\"@id\":\"https:\/\/ajishop.ma\/#\/schema\/logo\/image\/\"}}]}<\/script>\n<!-- \/ Yoast SEO plugin. -->","yoast_head_json":{"title":"Chandgoura s\u00e9ch\u00e9e - Ivette musqu\u00e9e - \u0634\u0646\u062f\u0642\u0648\u0631\u0629 - AjiShop.ma","robots":{"index":"index","follow":"follow","max-snippet":"max-snippet:-1","max-image-preview":"max-image-preview:large","max-video-preview":"max-video-preview:-1"},"canonical":"https:\/\/ajishop.ma\/ar\/shop\/herbes-et-apothicaire\/herbes\/chandgoura-sechee-ivette-musquee\/","og_locale":"ar_AR","og_type":"article","og_title":"Chandgoura s\u00e9ch\u00e9e - Ivette musqu\u00e9e - \u0634\u0646\u062f\u0642\u0648\u0631\u0629 - AjiShop.ma","og_description":"ATTENTION: Vous ne recevrez pas de la Chendgoura fra\u00eeche comme sur la photo, mais de la s\u00e9ch\u00e9e, utilisable entre autre","og_url":"https:\/\/ajishop.ma\/ar\/shop\/herbes-et-apothicaire\/herbes\/chandgoura-sechee-ivette-musquee\/","og_site_name":"AjiShop.ma","article_modified_time":"2024-11-27T22:33:16+00:00","og_image":[{"width":853,"height":1152,"url":"https:\/\/ajishop.ma\/wp-content\/uploads\/2024\/11\/2430C53D-74A2-4025-937D-6E15A38C1E69.webp","type":"image\/webp"}],"twitter_card":"summary_large_image","twitter_misc":{"\u0648\u0642\u062a \u0627\u0644\u0642\u0631\u0627\u0621\u0629 \u0627\u0644\u0645\u064f\u0642\u062f\u0651\u0631":"\u062f\u0642\u064a\u0642\u062a\u0627\u0646"},"schema":{"@context":"https:\/\/schema.org","@graph":[{"@type":"WebPage","@id":"https:\/\/ajishop.ma\/shop\/herbes-et-apothicaire\/herbes\/chandgoura-sechee-ivette-musquee\/","url":"https:\/\/ajishop.ma\/shop\/herbes-et-apothicaire\/herbes\/chandgoura-sechee-ivette-musquee\/","name":"Chandgoura s\u00e9ch\u00e9e - Ivette musqu\u00e9e - \u0634\u0646\u062f\u0642\u0648\u0631\u0629 - AjiShop.ma","isPartOf":{"@id":"https:\/\/ajishop.ma\/#website"},"primaryImageOfPage":{"@id":"https:\/\/ajishop.ma\/shop\/herbes-et-apothicaire\/herbes\/chandgoura-sechee-ivette-musquee\/#primaryimage"},"image":{"@id":"https:\/\/ajishop.ma\/shop\/herbes-et-apothicaire\/herbes\/chandgoura-sechee-ivette-musquee\/#primaryimage"},"thumbnailUrl":"https:\/\/ajishop.ma\/wp-content\/uploads\/2024\/11\/2430C53D-74A2-4025-937D-6E15A38C1E69.webp","datePublished":"2024-11-21T06:50:58+00:00","dateModified":"2024-11-27T22:33:16+00:00","breadcrumb":{"@id":"https:\/\/ajishop.ma\/shop\/herbes-et-apothicaire\/herbes\/chandgoura-sechee-ivette-musquee\/#breadcrumb"},"inLanguage":"ar","potentialAction":[{"@type":"ReadAction","target":["https:\/\/ajishop.ma\/shop\/herbes-et-apothicaire\/herbes\/chandgoura-sechee-ivette-musquee\/"]}]},{"@type":"ImageObject","inLanguage":"ar","@id":"https:\/\/ajishop.ma\/shop\/herbes-et-apothicaire\/herbes\/chandgoura-sechee-ivette-musquee\/#primaryimage","url":"https:\/\/ajishop.ma\/wp-content\/uploads\/2024\/11\/2430C53D-74A2-4025-937D-6E15A38C1E69.webp","contentUrl":"https:\/\/ajishop.ma\/wp-content\/uploads\/2024\/11\/2430C53D-74A2-4025-937D-6E15A38C1E69.webp","width":853,"height":1152},{"@type":"BreadcrumbList","@id":"https:\/\/ajishop.ma\/shop\/herbes-et-apothicaire\/herbes\/chandgoura-sechee-ivette-musquee\/#breadcrumb","itemListElement":[{"@type":"ListItem","position":1,"name":"Accueil","item":"https:\/\/ajishop.ma\/"},{"@type":"ListItem","position":2,"name":"Magasin","item":"https:\/\/ajishop.ma\/shop\/"},{"@type":"ListItem","position":3,"name":"Chandgoura s\u00e9ch\u00e9e &#8211; Ivette musqu\u00e9e &#8211; \u0634\u0646\u062f\u0642\u0648\u0631\u0629"}]},{"@type":"WebSite","@id":"https:\/\/ajishop.ma\/#website","url":"https:\/\/ajishop.ma\/","name":"AjiShop.ma","description":"Produits 100% naturels, Pour votre bien \u00eatre...","publisher":{"@id":"https:\/\/ajishop.ma\/#organization"},"potentialAction":[{"@type":"SearchAction","target":{"@type":"EntryPoint","urlTemplate":"https:\/\/ajishop.ma\/?s={search_term_string}"},"query-input":{"@type":"PropertyValueSpecification","valueRequired":true,"valueName":"search_term_string"}}],"inLanguage":"ar"},{"@type":"Organization","@id":"https:\/\/ajishop.ma\/#organization","name":"AjiShop.ma","url":"https:\/\/ajishop.ma\/","logo":{"@type":"ImageObject","inLanguage":"ar","@id":"https:\/\/ajishop.ma\/#\/schema\/logo\/image\/","url":"https:\/\/ajishop.ma\/wp-content\/uploads\/2024\/09\/AjiShop.ma-Horizontal-Logo-Green.png","contentUrl":"https:\/\/ajishop.ma\/wp-content\/uploads\/2024\/09\/AjiShop.ma-Horizontal-Logo-Green.png","width":1917,"height":276,"caption":"AjiShop.ma"},"image":{"@id":"https:\/\/ajishop.ma\/#\/schema\/logo\/image\/"}}]}},"_links":{"self":[{"href":"https:\/\/ajishop.ma\/ar\/wp-json\/wp\/v2\/product\/18106"}],"collection":[{"href":"https:\/\/ajishop.ma\/ar\/wp-json\/wp\/v2\/product"}],"about":[{"href":"https:\/\/ajishop.ma\/ar\/wp-json\/wp\/v2\/types\/product"}],"replies":[{"embeddable":true,"href":"https:\/\/ajishop.ma\/ar\/wp-json\/wp\/v2\/comments?post=18106"}],"version-history":[{"count":7,"href":"https:\/\/ajishop.ma\/ar\/wp-json\/wp\/v2\/product\/18106\/revisions"}],"predecessor-version":[{"id":18242,"href":"https:\/\/ajishop.ma\/ar\/wp-json\/wp\/v2\/product\/18106\/revisions\/18242"}],"wp:featuredmedia":[{"embeddable":true,"href":"https:\/\/ajishop.ma\/ar\/wp-json\/wp\/v2\/media\/18237"}],"wp:attachment":[{"href":"https:\/\/ajishop.ma\/ar\/wp-json\/wp\/v2\/media?parent=18106"}],"wp:term":[{"taxonomy":"product_cat","embeddable":true,"href":"https:\/\/ajishop.ma\/ar\/wp-json\/wp\/v2\/product_cat?post=18106"},{"taxonomy":"product_tag","embeddable":true,"href":"https:\/\/ajishop.ma\/ar\/wp-json\/wp\/v2\/product_tag?post=18106"}],"curies":[{"name":"wp","href":"https:\/\/api.w.org\/{rel}","templated":true}]}}