{"id":18118,"date":"2024-11-21T07:55:10","date_gmt":"2024-11-21T06:55:10","guid":{"rendered":"https:\/\/ajishop.ma\/?post_type=product&#038;p=18118"},"modified":"2024-11-27T23:48:27","modified_gmt":"2024-11-27T22:48:27","slug":"salmiya-sechee","status":"publish","type":"product","link":"https:\/\/ajishop.ma\/ar\/shop\/herbes-et-apothicaire\/herbes\/salmiya-sechee\/","title":{"rendered":"Salmiya s\u00e9ch\u00e9e &#8211;  \u0627\u0644\u0633\u0644\u0645\u064a\u0629"},"content":{"rendered":"<div data-elementor-type=\"wp-post\" data-elementor-id=\"18118\" class=\"elementor elementor-18118\">\n\t\t\t\t<div class=\"wd-negative-gap elementor-element elementor-element-6c52b57a lang-fr e-flex e-con-boxed e-con e-parent\" data-id=\"6c52b57a\" data-element_type=\"container\">\n\t\t\t\t\t<div class=\"e-con-inner\">\n\t\t\t\t<div class=\"elementor-element elementor-element-1d475959 color-scheme-inherit text-left elementor-widget elementor-widget-text-editor\" data-id=\"1d475959\" data-element_type=\"widget\" data-widget_type=\"text-editor.default\">\n\t\t\t\t<div class=\"elementor-widget-container\">\n\t\t\t\t\t\t\tATTENTION: IL S&#8217;AGIT DE LA SAUGE S\u00c9CH\u00c9E\r\n\r\n&nbsp;\r\n\r\nLa sauge, appel\u00e9e Salmiya au Maroc a bien des atouts anti-\u00e2ge qu\u2019on pourrait presque la qualifier d\u2019une fontaine de Jouvence : contre les bouff\u00e9es de chaleur, la m\u00e9nopause, les pertes de m\u00e9moire\u2026 et ce n\u2019est pas tout! Prise sous forme de tisane, la sauge est id\u00e9ale pour soulager les maux de gorge et les douleurs caus\u00e9es par les pharyngites gr\u00e2ce \u00e0 ses propri\u00e9t\u00e9s antiseptiques et anti-inflammatoires. Dans ce cas, la tisane de sauge peut \u00e9galement \u00eatre utilis\u00e9e en gargarismes. Elle a aussi des bienfaits digestifs : apr\u00e8s le repas, elle aide \u00e0 dig\u00e9rer, surtout quand on a beaucoup mang\u00e9. Antispasmodique, elle permet \u00e9galement de calmer les crampes d\u2019estomac et les maux de ventre. Elle soulage aussi les ballonnements et r\u00e9duit les gaz intestinaux. Comment la pr\u00e9parer ? Pour pr\u00e9parer une tisane de sauge, comptez 1 \u00e0 1,5 g de feuilles de sauge s\u00e9ch\u00e9es ou fraiche pour 200 ml d\u2019eau.Portez l\u2019eau \u00e0 \u00e9bullition, puis versez-la sur les feuilles de sauge. Couvrez afin de ne pas laisser s\u2019\u00e9chapper les principes actifs et laissez infuser une dizaine de minutes environ. Filtrez. Buvez une tasse de cette infusion plusieurs fois par jour, en fonction de vos sympt\u00f4mes. La tisane de sauge peut \u00e9galement \u00eatre utilis\u00e9e sous forme de gargarismes en cas de mal de gorge, ou bien sous forme de bains de pieds en cas de transpiration excessive. Dans ce cas, comptez 5 \u00e0 8 g de feuilles de sauge pour 1 l d\u2019eau. Laissez tremper vos pieds une vingtaine de minutes dans l\u2019eau ti\u00e8de. Les pr\u00e9cautions \u00e0 prendre Attention : la tisane de sauge est contre-indiqu\u00e9e chez la femme enceinte ainsi que chez la jeune maman allaitante, car elle a une action stimulante sur l\u2019ovulation. Elle l\u2019est \u00e9galement chez les personnes souffrant d\u2019\u00e9pilepsie ou atteintes d\u2019un cancer du sein. Elle ne doit pas non plus \u00eatre prise sur une longue dur\u00e9e car elle peut avoir des effets neurotoxiques. Certains naturopathes conseillent de limiter la cure de tisane de sauge \u00e0 neuf ou dix jours maximum et de les espacer de trois semaines environ.\t\t\t\t\t\t<\/div>\n\t\t\t\t<\/div>\n\t\t\t\t\t<\/div>\n\t\t\t\t<\/div>\n\t\t<div class=\"wd-negative-gap elementor-element elementor-element-bdc4323 e-flex e-con-boxed e-con e-parent\" data-id=\"bdc4323\" data-element_type=\"container\">\n\t\t\t\t\t<div class=\"e-con-inner\">\n\t\t\t\t<div class=\"elementor-element elementor-element-070b717 lang-ar color-scheme-inherit text-left elementor-widget elementor-widget-text-editor\" data-id=\"070b717\" data-element_type=\"widget\" data-widget_type=\"text-editor.default\">\n\t\t\t\t<div class=\"elementor-widget-container\">\n\t\t\t\t\t\t\t<p style=\"text-align: right\">\u062a\u062a\u0645\u062a\u0639 \u0627\u0644\u0645\u0631\u064a\u0645\u064a\u0629\u060c \u0627\u0644\u062a\u064a \u062a\u0633\u0645\u0649 \u0627\u0644\u0633\u0627\u0644\u0645\u064a\u0629 \u0641\u064a \u0627\u0644\u0645\u063a\u0631\u0628\u060c \u0628\u0627\u0644\u0639\u062f\u064a\u062f \u0645\u0646 \u0627\u0644\u0641\u0648\u0627\u0626\u062f \u0627\u0644\u0645\u0636\u0627\u062f\u0629 \u0644\u0644\u0634\u064a\u062e\u0648\u062e\u0629 \u0644\u062f\u0631\u062c\u0629 \u0623\u0646\u0646\u0627 \u064a\u0645\u0643\u0646 \u0623\u0646 \u0646\u0637\u0644\u0642 \u0639\u0644\u064a\u0647\u0627 \u064a\u0646\u0628\u0648\u0639 \u0627\u0644\u0634\u0628\u0627\u0628: \u0636\u062f \u0627\u0644\u0647\u0628\u0627\u062a \u0627\u0644\u0633\u0627\u062e\u0646\u0629\u060c \u0648\u0627\u0646\u0642\u0637\u0627\u0639 \u0627\u0644\u0637\u0645\u062b\u060c \u0648\u0641\u0642\u062f\u0627\u0646 \u0627\u0644\u0630\u0627\u0643\u0631\u0629&#8230; \u0648\u0647\u0630\u0627 \u0644\u064a\u0633 \u0643\u0644 \u0634\u064a\u0621! \u062a\u0639\u062a\u0628\u0631 \u0627\u0644\u0645\u064a\u0631\u0645\u064a\u0629\u060c \u0627\u0644\u062a\u064a \u064a\u062a\u0645 \u062a\u0646\u0627\u0648\u0644\u0647\u0627 \u0639\u0644\u0649 \u0634\u0643\u0644 \u0634\u0627\u064a \u0639\u0634\u0628\u064a\u060c \u0645\u062b\u0627\u0644\u064a\u0629 \u0644\u062a\u062e\u0641\u064a\u0641 \u0627\u0644\u062a\u0647\u0627\u0628 \u0627\u0644\u062d\u0644\u0642 \u0648\u0627\u0644\u0623\u0644\u0645 \u0627\u0644\u0646\u0627\u062c\u0645 \u0639\u0646 \u0627\u0644\u062a\u0647\u0627\u0628 \u0627\u0644\u0628\u0644\u0639\u0648\u0645 \u0628\u0641\u0636\u0644 \u062e\u0635\u0627\u0626\u0635\u0647\u0627 \u0627\u0644\u0645\u0637\u0647\u0631\u0629 \u0648\u0627\u0644\u0645\u0636\u0627\u062f\u0629 \u0644\u0644\u0627\u0644\u062a\u0647\u0627\u0628\u0627\u062a. \u0641\u064a \u0647\u0630\u0647 \u0627\u0644\u062d\u0627\u0644\u0629\u060c \u064a\u0645\u0643\u0646 \u0623\u064a\u0636\u064b\u0627 \u0627\u0633\u062a\u062e\u062f\u0627\u0645 \u0634\u0627\u064a \u0627\u0644\u0645\u064a\u0631\u0645\u064a\u0629 \u0643\u063a\u0631\u063a\u0631\u0629. \u0643\u0645\u0627 \u0623\u0646 \u0644\u0647 \u0641\u0648\u0627\u0626\u062f \u0647\u0636\u0645\u064a\u0629: \u0641\u0647\u0648 \u064a\u0633\u0627\u0639\u062f \u0628\u0639\u062f \u0627\u0644\u0623\u0643\u0644 \u0639\u0644\u0649 \u0639\u0645\u0644\u064a\u0629 \u0627\u0644\u0647\u0636\u0645\u060c \u062e\u0627\u0635\u0629 \u0639\u0646\u062f \u062a\u0646\u0627\u0648\u0644 \u0627\u0644\u0643\u062b\u064a\u0631 \u0645\u0646 \u0627\u0644\u0637\u0639\u0627\u0645. \u0645\u0636\u0627\u062f \u0644\u0644\u062a\u0634\u0646\u062c\u060c \u0643\u0645\u0627 \u0623\u0646\u0647 \u064a\u0633\u0627\u0639\u062f \u0639\u0644\u0649 \u062a\u0647\u062f\u0626\u0629 \u062a\u0634\u0646\u062c\u0627\u062a \u0627\u0644\u0645\u0639\u062f\u0629 \u0648\u0622\u0644\u0627\u0645\u0647\u0627. \u0643\u0645\u0627 \u0623\u0646\u0647 \u064a\u062e\u0641\u0641 \u0627\u0644\u0627\u0646\u062a\u0641\u0627\u062e \u0648\u064a\u0642\u0644\u0644 \u0627\u0644\u063a\u0627\u0632\u0627\u062a \u0627\u0644\u0645\u0639\u0648\u064a\u0629. \u0643\u064a\u0641\u064a\u0629 \u062a\u062d\u0636\u064a\u0631\u0647\u061f \u0644\u062a\u062d\u0636\u064a\u0631 \u0634\u0627\u064a \u0623\u0639\u0634\u0627\u0628 \u0627\u0644\u0645\u0631\u064a\u0645\u064a\u0629\u060c \u0627\u0633\u062a\u062e\u062f\u0645 1 \u0625\u0644\u0649 1.5 \u062c\u0631\u0627\u0645 \u0645\u0646 \u0623\u0648\u0631\u0627\u0642 \u0627\u0644\u0645\u0631\u064a\u0645\u064a\u0629 \u0627\u0644\u0645\u062c\u0641\u0641\u0629 \u0623\u0648 \u0627\u0644\u0637\u0627\u0632\u062c\u0629 \u0645\u0642\u0627\u0628\u0644 200 \u0645\u0644 \u0645\u0646 \u0627\u0644\u0645\u0627\u0621. \u0627\u063a\u0644\u064a \u0627\u0644\u0645\u0627\u0621\u060c \u062b\u0645 \u0627\u0633\u0643\u0628\u0647 \u0641\u0648\u0642 \u0623\u0648\u0631\u0627\u0642 \u0627\u0644\u0645\u0631\u064a\u0645\u064a\u0629. \u0642\u0645 \u0628\u062a\u063a\u0637\u064a\u062a\u0647 \u062d\u062a\u0649 \u0644\u0627 \u062a\u062a\u0633\u0631\u0628 \u0627\u0644\u0645\u0643\u0648\u0646\u0627\u062a \u0627\u0644\u0646\u0634\u0637\u0629 \u0648\u0627\u062a\u0631\u0643\u0647 \u0644\u064a\u0646\u0642\u0639 \u0644\u0645\u062f\u0629 \u0639\u0634\u0631 \u062f\u0642\u0627\u0626\u0642 \u062a\u0642\u0631\u064a\u0628\u064b\u0627. \u0641\u0644\u062a\u0631. \u0627\u0634\u0631\u0628 \u0643\u0648\u0628\u064b\u0627 \u0645\u0646 \u0647\u0630\u0627 \u0627\u0644\u0645\u0646\u0642\u0648\u0639 \u0639\u062f\u0629 \u0645\u0631\u0627\u062a \u064a\u0648\u0645\u064a\u064b\u0627\u060c \u062d\u0633\u0628 \u0627\u0644\u0623\u0639\u0631\u0627\u0636. \u064a\u0645\u0643\u0646 \u0623\u064a\u0636\u064b\u0627 \u0627\u0633\u062a\u062e\u062f\u0627\u0645 \u0634\u0627\u064a \u0627\u0644\u0645\u064a\u0631\u0645\u064a\u0629 \u0643\u063a\u0631\u063a\u0631\u0629 \u0644\u0639\u0644\u0627\u062c \u0627\u0644\u062a\u0647\u0627\u0628 \u0627\u0644\u062d\u0644\u0642\u060c \u0623\u0648 \u0643\u062d\u0645\u0627\u0645 \u0644\u0644\u0642\u062f\u0645 \u0644\u0639\u0644\u0627\u062c \u0627\u0644\u062a\u0639\u0631\u0642 \u0627\u0644\u0632\u0627\u0626\u062f. \u0641\u064a \u0647\u0630\u0647 \u0627\u0644\u062d\u0627\u0644\u0629\u060c \u0642\u0645 \u0628\u0627\u062d\u062a\u0633\u0627\u0628 5 \u0625\u0644\u0649 8 \u062c\u0631\u0627\u0645 \u0645\u0646 \u0623\u0648\u0631\u0627\u0642 \u0627\u0644\u0645\u0631\u064a\u0645\u064a\u0629 \u0644\u0643\u0644 1 \u0644\u062a\u0631 \u0645\u0646 \u0627\u0644\u0645\u0627\u0621. \u0646\u0642\u0639 \u0642\u062f\u0645\u064a\u0643 \u0644\u0645\u062f\u0629 \u0639\u0634\u0631\u064a\u0646 \u062f\u0642\u064a\u0642\u0629 \u0641\u064a \u0627\u0644\u0645\u0627\u0621 \u0627\u0644\u0641\u0627\u062a\u0631. \u0627\u0644\u0627\u062d\u062a\u064a\u0627\u0637\u0627\u062a \u0627\u0644\u0648\u0627\u062c\u0628 \u0627\u062a\u062e\u0627\u0630\u0647\u0627 \u062a\u062d\u0630\u064a\u0631: \u064a\u064f\u0645\u0646\u0639 \u062a\u0646\u0627\u0648\u0644 \u0634\u0627\u064a \u0627\u0644\u0623\u0639\u0634\u0627\u0628 \u0627\u0644\u0645\u064a\u0631\u0645\u064a\u0629 \u0644\u0644\u0646\u0633\u0627\u0621 \u0627\u0644\u062d\u0648\u0627\u0645\u0644 \u0648\u0643\u0630\u0644\u0643 \u0644\u0644\u0623\u0645\u0647\u0627\u062a \u0627\u0644\u0645\u0631\u0636\u0639\u0627\u062a \u0627\u0644\u0634\u0627\u0628\u0627\u062a\u060c \u0644\u0623\u0646\u0647 \u064a\u062d\u062a\u0648\u064a \u0639\u0644\u0649 \u0645\u0641\u0639\u0648\u0644 \u0645\u062d\u0641\u0632 \u0644\u0644\u0625\u0628\u0627\u0636\u0629. \u0648\u0647\u0648 \u0634\u0627\u0626\u0639 \u0623\u064a\u0636\u064b\u0627 \u0644\u062f\u0649 \u0627\u0644\u0623\u0634\u062e\u0627\u0635 \u0627\u0644\u0630\u064a\u0646 \u064a\u0639\u0627\u0646\u0648\u0646 \u0645\u0646 \u0627\u0644\u0635\u0631\u0639 \u0623\u0648 \u0633\u0631\u0637\u0627\u0646 \u0627\u0644\u062b\u062f\u064a. \u0648\u0644\u0627 \u064a\u0646\u0628\u063a\u064a \u0623\u064a\u0636\u064b\u0627 \u062a\u0646\u0627\u0648\u0644\u0647 \u0644\u0641\u062a\u0631\u0629 \u0637\u0648\u064a\u0644\u0629 \u0644\u0623\u0646\u0647 \u0642\u062f \u064a\u0643\u0648\u0646 \u0644\u0647 \u0622\u062b\u0627\u0631 \u0633\u0645\u064a\u0629 \u0639\u0635\u0628\u064a\u0629. \u064a\u0646\u0635\u062d \u0628\u0639\u0636 \u0627\u0644\u0645\u0639\u0627\u0644\u062c\u064a\u0646 \u0627\u0644\u0637\u0628\u064a\u0639\u064a\u064a\u0646 \u0628\u0627\u0644\u062d\u062f \u0645\u0646 \u0627\u0644\u0639\u0644\u0627\u062c \u0628\u0627\u0644\u0623\u0639\u0634\u0627\u0628 \u0627\u0644\u0645\u064a\u0631\u0645\u064a\u0629 \u0644\u0645\u062f\u0629 \u062a\u0633\u0639\u0629 \u0623\u0648 \u0639\u0634\u0631\u0629 \u0623\u064a\u0627\u0645 \u0643\u062d\u062f \u0623\u0642\u0635\u0649 \u0648\u0627\u0644\u0645\u0628\u0627\u0639\u062f\u0629 \u0628\u064a\u0646\u0647\u0627 \u0628\u062d\u0648\u0627\u0644\u064a \u062b\u0644\u0627\u062b\u0629 \u0623\u0633\u0627\u0628\u064a\u0639.<\/p>\t\t\t\t\t\t<\/div>\n\t\t\t\t<\/div>\n\t\t\t\t\t<\/div>\n\t\t\t\t<\/div>\n\t\t\t\t<\/div>","protected":false},"excerpt":{"rendered":"<p>ATTENTION: IL S&#8217;AGIT DE LA SAUGE S\u00c9CH\u00c9E La sauge, appel\u00e9e Salmiya au Maroc a bien des atouts anti-\u00e2ge qu\u2019on pourrait<\/p>","protected":false},"featured_media":18119,"comment_status":"open","ping_status":"closed","template":"","meta":[],"product_cat":[32,75],"product_tag":[],"yoast_head":"<!-- This site is optimized with the Yoast SEO plugin v23.4 - https:\/\/yoast.com\/wordpress\/plugins\/seo\/ -->\n<title>Salmiya s\u00e9ch\u00e9e - \u0627\u0644\u0633\u0644\u0645\u064a\u0629 - AjiShop.ma<\/title>\n<meta name=\"robots\" content=\"index, follow, max-snippet:-1, max-image-preview:large, max-video-preview:-1\" \/>\n<link rel=\"canonical\" href=\"https:\/\/ajishop.ma\/ar\/shop\/herbes-et-apothicaire\/herbes\/salmiya-sechee\/\" \/>\n<meta property=\"og:locale\" content=\"ar_AR\" \/>\n<meta property=\"og:type\" content=\"article\" \/>\n<meta property=\"og:title\" content=\"Salmiya s\u00e9ch\u00e9e - \u0627\u0644\u0633\u0644\u0645\u064a\u0629 - AjiShop.ma\" \/>\n<meta property=\"og:description\" content=\"ATTENTION: IL S&#8217;AGIT DE LA SAUGE S\u00c9CH\u00c9E La sauge, appel\u00e9e Salmiya au Maroc a bien des atouts anti-\u00e2ge qu\u2019on pourrait\" \/>\n<meta property=\"og:url\" content=\"https:\/\/ajishop.ma\/ar\/shop\/herbes-et-apothicaire\/herbes\/salmiya-sechee\/\" \/>\n<meta property=\"og:site_name\" content=\"AjiShop.ma\" \/>\n<meta property=\"article:modified_time\" content=\"2024-11-27T22:48:27+00:00\" \/>\n<meta property=\"og:image\" content=\"https:\/\/ajishop.ma\/wp-content\/uploads\/2024\/11\/IMG_1188.jpg\" \/>\n\t<meta property=\"og:image:width\" content=\"493\" \/>\n\t<meta property=\"og:image:height\" content=\"698\" \/>\n\t<meta property=\"og:image:type\" content=\"image\/jpeg\" \/>\n<meta name=\"twitter:card\" content=\"summary_large_image\" \/>\n<meta name=\"twitter:label1\" content=\"\u0648\u0642\u062a \u0627\u0644\u0642\u0631\u0627\u0621\u0629 \u0627\u0644\u0645\u064f\u0642\u062f\u0651\u0631\" \/>\n\t<meta name=\"twitter:data1\" content=\"4 \u062f\u0642\u0627\u0626\u0642\" \/>\n<script type=\"application\/ld+json\" class=\"yoast-schema-graph\">{\"@context\":\"https:\/\/schema.org\",\"@graph\":[{\"@type\":\"WebPage\",\"@id\":\"https:\/\/ajishop.ma\/shop\/herbes-et-apothicaire\/herbes\/salmiya-sechee\/\",\"url\":\"https:\/\/ajishop.ma\/shop\/herbes-et-apothicaire\/herbes\/salmiya-sechee\/\",\"name\":\"Salmiya s\u00e9ch\u00e9e - \u0627\u0644\u0633\u0644\u0645\u064a\u0629 - AjiShop.ma\",\"isPartOf\":{\"@id\":\"https:\/\/ajishop.ma\/#website\"},\"primaryImageOfPage\":{\"@id\":\"https:\/\/ajishop.ma\/shop\/herbes-et-apothicaire\/herbes\/salmiya-sechee\/#primaryimage\"},\"image\":{\"@id\":\"https:\/\/ajishop.ma\/shop\/herbes-et-apothicaire\/herbes\/salmiya-sechee\/#primaryimage\"},\"thumbnailUrl\":\"https:\/\/ajishop.ma\/wp-content\/uploads\/2024\/11\/IMG_1188.jpg\",\"datePublished\":\"2024-11-21T06:55:10+00:00\",\"dateModified\":\"2024-11-27T22:48:27+00:00\",\"breadcrumb\":{\"@id\":\"https:\/\/ajishop.ma\/shop\/herbes-et-apothicaire\/herbes\/salmiya-sechee\/#breadcrumb\"},\"inLanguage\":\"ar\",\"potentialAction\":[{\"@type\":\"ReadAction\",\"target\":[\"https:\/\/ajishop.ma\/shop\/herbes-et-apothicaire\/herbes\/salmiya-sechee\/\"]}]},{\"@type\":\"ImageObject\",\"inLanguage\":\"ar\",\"@id\":\"https:\/\/ajishop.ma\/shop\/herbes-et-apothicaire\/herbes\/salmiya-sechee\/#primaryimage\",\"url\":\"https:\/\/ajishop.ma\/wp-content\/uploads\/2024\/11\/IMG_1188.jpg\",\"contentUrl\":\"https:\/\/ajishop.ma\/wp-content\/uploads\/2024\/11\/IMG_1188.jpg\",\"width\":493,\"height\":698},{\"@type\":\"BreadcrumbList\",\"@id\":\"https:\/\/ajishop.ma\/shop\/herbes-et-apothicaire\/herbes\/salmiya-sechee\/#breadcrumb\",\"itemListElement\":[{\"@type\":\"ListItem\",\"position\":1,\"name\":\"Accueil\",\"item\":\"https:\/\/ajishop.ma\/\"},{\"@type\":\"ListItem\",\"position\":2,\"name\":\"Magasin\",\"item\":\"https:\/\/ajishop.ma\/shop\/\"},{\"@type\":\"ListItem\",\"position\":3,\"name\":\"Salmiya s\u00e9ch\u00e9e &#8211; \u0627\u0644\u0633\u0644\u0645\u064a\u0629\"}]},{\"@type\":\"WebSite\",\"@id\":\"https:\/\/ajishop.ma\/#website\",\"url\":\"https:\/\/ajishop.ma\/\",\"name\":\"AjiShop.ma\",\"description\":\"Produits 100% naturels, Pour votre bien \u00eatre...\",\"publisher\":{\"@id\":\"https:\/\/ajishop.ma\/#organization\"},\"potentialAction\":[{\"@type\":\"SearchAction\",\"target\":{\"@type\":\"EntryPoint\",\"urlTemplate\":\"https:\/\/ajishop.ma\/?s={search_term_string}\"},\"query-input\":{\"@type\":\"PropertyValueSpecification\",\"valueRequired\":true,\"valueName\":\"search_term_string\"}}],\"inLanguage\":\"ar\"},{\"@type\":\"Organization\",\"@id\":\"https:\/\/ajishop.ma\/#organization\",\"name\":\"AjiShop.ma\",\"url\":\"https:\/\/ajishop.ma\/\",\"logo\":{\"@type\":\"ImageObject\",\"inLanguage\":\"ar\",\"@id\":\"https:\/\/ajishop.ma\/#\/schema\/logo\/image\/\",\"url\":\"https:\/\/ajishop.ma\/wp-content\/uploads\/2024\/09\/AjiShop.ma-Horizontal-Logo-Green.png\",\"contentUrl\":\"https:\/\/ajishop.ma\/wp-content\/uploads\/2024\/09\/AjiShop.ma-Horizontal-Logo-Green.png\",\"width\":1917,\"height\":276,\"caption\":\"AjiShop.ma\"},\"image\":{\"@id\":\"https:\/\/ajishop.ma\/#\/schema\/logo\/image\/\"}}]}<\/script>\n<!-- \/ Yoast SEO plugin. -->","yoast_head_json":{"title":"Salmiya s\u00e9ch\u00e9e - \u0627\u0644\u0633\u0644\u0645\u064a\u0629 - AjiShop.ma","robots":{"index":"index","follow":"follow","max-snippet":"max-snippet:-1","max-image-preview":"max-image-preview:large","max-video-preview":"max-video-preview:-1"},"canonical":"https:\/\/ajishop.ma\/ar\/shop\/herbes-et-apothicaire\/herbes\/salmiya-sechee\/","og_locale":"ar_AR","og_type":"article","og_title":"Salmiya s\u00e9ch\u00e9e - \u0627\u0644\u0633\u0644\u0645\u064a\u0629 - AjiShop.ma","og_description":"ATTENTION: IL S&#8217;AGIT DE LA SAUGE S\u00c9CH\u00c9E La sauge, appel\u00e9e Salmiya au Maroc a bien des atouts anti-\u00e2ge qu\u2019on pourrait","og_url":"https:\/\/ajishop.ma\/ar\/shop\/herbes-et-apothicaire\/herbes\/salmiya-sechee\/","og_site_name":"AjiShop.ma","article_modified_time":"2024-11-27T22:48:27+00:00","og_image":[{"width":493,"height":698,"url":"https:\/\/ajishop.ma\/wp-content\/uploads\/2024\/11\/IMG_1188.jpg","type":"image\/jpeg"}],"twitter_card":"summary_large_image","twitter_misc":{"\u0648\u0642\u062a \u0627\u0644\u0642\u0631\u0627\u0621\u0629 \u0627\u0644\u0645\u064f\u0642\u062f\u0651\u0631":"4 \u062f\u0642\u0627\u0626\u0642"},"schema":{"@context":"https:\/\/schema.org","@graph":[{"@type":"WebPage","@id":"https:\/\/ajishop.ma\/shop\/herbes-et-apothicaire\/herbes\/salmiya-sechee\/","url":"https:\/\/ajishop.ma\/shop\/herbes-et-apothicaire\/herbes\/salmiya-sechee\/","name":"Salmiya s\u00e9ch\u00e9e - \u0627\u0644\u0633\u0644\u0645\u064a\u0629 - AjiShop.ma","isPartOf":{"@id":"https:\/\/ajishop.ma\/#website"},"primaryImageOfPage":{"@id":"https:\/\/ajishop.ma\/shop\/herbes-et-apothicaire\/herbes\/salmiya-sechee\/#primaryimage"},"image":{"@id":"https:\/\/ajishop.ma\/shop\/herbes-et-apothicaire\/herbes\/salmiya-sechee\/#primaryimage"},"thumbnailUrl":"https:\/\/ajishop.ma\/wp-content\/uploads\/2024\/11\/IMG_1188.jpg","datePublished":"2024-11-21T06:55:10+00:00","dateModified":"2024-11-27T22:48:27+00:00","breadcrumb":{"@id":"https:\/\/ajishop.ma\/shop\/herbes-et-apothicaire\/herbes\/salmiya-sechee\/#breadcrumb"},"inLanguage":"ar","potentialAction":[{"@type":"ReadAction","target":["https:\/\/ajishop.ma\/shop\/herbes-et-apothicaire\/herbes\/salmiya-sechee\/"]}]},{"@type":"ImageObject","inLanguage":"ar","@id":"https:\/\/ajishop.ma\/shop\/herbes-et-apothicaire\/herbes\/salmiya-sechee\/#primaryimage","url":"https:\/\/ajishop.ma\/wp-content\/uploads\/2024\/11\/IMG_1188.jpg","contentUrl":"https:\/\/ajishop.ma\/wp-content\/uploads\/2024\/11\/IMG_1188.jpg","width":493,"height":698},{"@type":"BreadcrumbList","@id":"https:\/\/ajishop.ma\/shop\/herbes-et-apothicaire\/herbes\/salmiya-sechee\/#breadcrumb","itemListElement":[{"@type":"ListItem","position":1,"name":"Accueil","item":"https:\/\/ajishop.ma\/"},{"@type":"ListItem","position":2,"name":"Magasin","item":"https:\/\/ajishop.ma\/shop\/"},{"@type":"ListItem","position":3,"name":"Salmiya s\u00e9ch\u00e9e &#8211; \u0627\u0644\u0633\u0644\u0645\u064a\u0629"}]},{"@type":"WebSite","@id":"https:\/\/ajishop.ma\/#website","url":"https:\/\/ajishop.ma\/","name":"AjiShop.ma","description":"Produits 100% naturels, Pour votre bien \u00eatre...","publisher":{"@id":"https:\/\/ajishop.ma\/#organization"},"potentialAction":[{"@type":"SearchAction","target":{"@type":"EntryPoint","urlTemplate":"https:\/\/ajishop.ma\/?s={search_term_string}"},"query-input":{"@type":"PropertyValueSpecification","valueRequired":true,"valueName":"search_term_string"}}],"inLanguage":"ar"},{"@type":"Organization","@id":"https:\/\/ajishop.ma\/#organization","name":"AjiShop.ma","url":"https:\/\/ajishop.ma\/","logo":{"@type":"ImageObject","inLanguage":"ar","@id":"https:\/\/ajishop.ma\/#\/schema\/logo\/image\/","url":"https:\/\/ajishop.ma\/wp-content\/uploads\/2024\/09\/AjiShop.ma-Horizontal-Logo-Green.png","contentUrl":"https:\/\/ajishop.ma\/wp-content\/uploads\/2024\/09\/AjiShop.ma-Horizontal-Logo-Green.png","width":1917,"height":276,"caption":"AjiShop.ma"},"image":{"@id":"https:\/\/ajishop.ma\/#\/schema\/logo\/image\/"}}]}},"_links":{"self":[{"href":"https:\/\/ajishop.ma\/ar\/wp-json\/wp\/v2\/product\/18118"}],"collection":[{"href":"https:\/\/ajishop.ma\/ar\/wp-json\/wp\/v2\/product"}],"about":[{"href":"https:\/\/ajishop.ma\/ar\/wp-json\/wp\/v2\/types\/product"}],"replies":[{"embeddable":true,"href":"https:\/\/ajishop.ma\/ar\/wp-json\/wp\/v2\/comments?post=18118"}],"version-history":[{"count":5,"href":"https:\/\/ajishop.ma\/ar\/wp-json\/wp\/v2\/product\/18118\/revisions"}],"predecessor-version":[{"id":18251,"href":"https:\/\/ajishop.ma\/ar\/wp-json\/wp\/v2\/product\/18118\/revisions\/18251"}],"wp:featuredmedia":[{"embeddable":true,"href":"https:\/\/ajishop.ma\/ar\/wp-json\/wp\/v2\/media\/18119"}],"wp:attachment":[{"href":"https:\/\/ajishop.ma\/ar\/wp-json\/wp\/v2\/media?parent=18118"}],"wp:term":[{"taxonomy":"product_cat","embeddable":true,"href":"https:\/\/ajishop.ma\/ar\/wp-json\/wp\/v2\/product_cat?post=18118"},{"taxonomy":"product_tag","embeddable":true,"href":"https:\/\/ajishop.ma\/ar\/wp-json\/wp\/v2\/product_tag?post=18118"}],"curies":[{"name":"wp","href":"https:\/\/api.w.org\/{rel}","templated":true}]}}