{"id":18132,"date":"2024-11-22T01:17:58","date_gmt":"2024-11-22T00:17:58","guid":{"rendered":"https:\/\/ajishop.ma\/?post_type=product&#038;p=18132"},"modified":"2024-11-27T23:58:22","modified_gmt":"2024-11-27T22:58:22","slug":"batons-de-reglisse-3ar9-el-souss","status":"publish","type":"product","link":"https:\/\/ajishop.ma\/ar\/shop\/herbes-et-apothicaire\/herbes\/batons-de-reglisse-3ar9-el-souss\/","title":{"rendered":"B\u00e2tons de r\u00e9glisse &#8211; 3ar9 el souss  \/  \u0639\u0631\u0642 \u0627\u0644\u0633\u0648\u0633"},"content":{"rendered":"<p>Petite boite de r\u00e9glisse en b\u00e2ton<\/p>\n<p>Les bienfaits de la r\u00e9glisse :<\/p>\n<p>La r\u00e9glisse est r\u00e9put\u00e9e pour ses bienfaits, dus aux actifs qui la composent. Elle peut notamment aider \u00e0 apaiser les maux de gorge et la toux. Elle contribue aussi \u00e0 r\u00e9duire les troubles digestifs et les douleurs articulaires. De plus, elle est r\u00e9put\u00e9e pour avoir un effet rassasiant et c\u2019est aussi une boisson tr\u00e8s rafra\u00eechissante.<\/p>\n<p>Comment consommer la r\u00e9glisse ?<\/p>\n<p>La r\u00e9glisse peut se consommer sous diff\u00e9rentes formes selon les besoins des personnes.<br \/>\nD\u2019abord, elle peut \u00eatre pr\u00e9par\u00e9e sous forme de tisanes \u00e0 raison de 3 fois par jour, pr\u00e9par\u00e9es avec 2 \u00e0 4 g de racines s\u00e9ch\u00e9es par 150 ml d\u2019eau bouillante. Il est recommand\u00e9 de ne pas d\u00e9passer les 12 g par jour.<\/p>\n<p>Elle peut aussi \u00eatre consomm\u00e9e en teinture m\u00e8re \u00e0 raison d\u2019une quinzaine de gouttes dilu\u00e9es dans un verre d\u2019eau en 2 \u00e0 3 fois par jour. On peut aussi l\u2019utiliser sous forme de gargarismes et de bains de bouche ou encore en d\u00e9coction avec des compresses. Un traitement phytoth\u00e9rapique \u00e0 base de r\u00e9glisse ne peut exc\u00e9der quatre \u00e0 six semaines.<\/p>\n<p>De plus, la r\u00e9glisse peut aussi se consommer sous forme de gommes, en 5 \u00e0 6 par jour, voire plus si n\u00e9cessaire.<\/p>","protected":false},"excerpt":{"rendered":"<p>Petite boite de r\u00e9glisse en b\u00e2ton Les bienfaits de la r\u00e9glisse : La r\u00e9glisse est r\u00e9put\u00e9e pour ses bienfaits, dus<\/p>","protected":false},"featured_media":18133,"comment_status":"open","ping_status":"closed","template":"","meta":[],"product_cat":[32,75],"product_tag":[],"yoast_head":"<!-- This site is optimized with the Yoast SEO plugin v23.4 - https:\/\/yoast.com\/wordpress\/plugins\/seo\/ -->\n<title>B\u00e2tons de r\u00e9glisse - 3ar9 el souss \/ \u0639\u0631\u0642 \u0627\u0644\u0633\u0648\u0633 - AjiShop.ma<\/title>\n<meta name=\"robots\" content=\"index, follow, max-snippet:-1, max-image-preview:large, max-video-preview:-1\" \/>\n<link rel=\"canonical\" href=\"https:\/\/ajishop.ma\/ar\/shop\/herbes-et-apothicaire\/herbes\/batons-de-reglisse-3ar9-el-souss\/\" \/>\n<meta property=\"og:locale\" content=\"ar_AR\" \/>\n<meta property=\"og:type\" content=\"article\" \/>\n<meta property=\"og:title\" content=\"B\u00e2tons de r\u00e9glisse - 3ar9 el souss \/ \u0639\u0631\u0642 \u0627\u0644\u0633\u0648\u0633 - AjiShop.ma\" \/>\n<meta property=\"og:description\" content=\"Petite boite de r\u00e9glisse en b\u00e2ton Les bienfaits de la r\u00e9glisse : La r\u00e9glisse est r\u00e9put\u00e9e pour ses bienfaits, dus\" \/>\n<meta property=\"og:url\" content=\"https:\/\/ajishop.ma\/ar\/shop\/herbes-et-apothicaire\/herbes\/batons-de-reglisse-3ar9-el-souss\/\" \/>\n<meta property=\"og:site_name\" content=\"AjiShop.ma\" \/>\n<meta property=\"article:modified_time\" content=\"2024-11-27T22:58:22+00:00\" \/>\n<meta property=\"og:image\" content=\"https:\/\/ajishop.ma\/wp-content\/uploads\/2024\/11\/AEE4E6C1-0AEA-4EE6-9718-D2D66500B494.webp\" \/>\n\t<meta property=\"og:image:width\" content=\"493\" \/>\n\t<meta property=\"og:image:height\" content=\"657\" \/>\n\t<meta property=\"og:image:type\" content=\"image\/webp\" \/>\n<meta name=\"twitter:card\" content=\"summary_large_image\" \/>\n<meta name=\"twitter:label1\" content=\"\u0648\u0642\u062a \u0627\u0644\u0642\u0631\u0627\u0621\u0629 \u0627\u0644\u0645\u064f\u0642\u062f\u0651\u0631\" \/>\n\t<meta name=\"twitter:data1\" content=\"\u062f\u0642\u064a\u0642\u062a\u0627\u0646\" \/>\n<script type=\"application\/ld+json\" class=\"yoast-schema-graph\">{\"@context\":\"https:\/\/schema.org\",\"@graph\":[{\"@type\":\"WebPage\",\"@id\":\"https:\/\/ajishop.ma\/shop\/herbes-et-apothicaire\/herbes\/batons-de-reglisse-3ar9-el-souss\/\",\"url\":\"https:\/\/ajishop.ma\/shop\/herbes-et-apothicaire\/herbes\/batons-de-reglisse-3ar9-el-souss\/\",\"name\":\"B\u00e2tons de r\u00e9glisse - 3ar9 el souss \/ \u0639\u0631\u0642 \u0627\u0644\u0633\u0648\u0633 - AjiShop.ma\",\"isPartOf\":{\"@id\":\"https:\/\/ajishop.ma\/#website\"},\"primaryImageOfPage\":{\"@id\":\"https:\/\/ajishop.ma\/shop\/herbes-et-apothicaire\/herbes\/batons-de-reglisse-3ar9-el-souss\/#primaryimage\"},\"image\":{\"@id\":\"https:\/\/ajishop.ma\/shop\/herbes-et-apothicaire\/herbes\/batons-de-reglisse-3ar9-el-souss\/#primaryimage\"},\"thumbnailUrl\":\"https:\/\/ajishop.ma\/wp-content\/uploads\/2024\/11\/AEE4E6C1-0AEA-4EE6-9718-D2D66500B494.webp\",\"datePublished\":\"2024-11-22T00:17:58+00:00\",\"dateModified\":\"2024-11-27T22:58:22+00:00\",\"breadcrumb\":{\"@id\":\"https:\/\/ajishop.ma\/shop\/herbes-et-apothicaire\/herbes\/batons-de-reglisse-3ar9-el-souss\/#breadcrumb\"},\"inLanguage\":\"ar\",\"potentialAction\":[{\"@type\":\"ReadAction\",\"target\":[\"https:\/\/ajishop.ma\/shop\/herbes-et-apothicaire\/herbes\/batons-de-reglisse-3ar9-el-souss\/\"]}]},{\"@type\":\"ImageObject\",\"inLanguage\":\"ar\",\"@id\":\"https:\/\/ajishop.ma\/shop\/herbes-et-apothicaire\/herbes\/batons-de-reglisse-3ar9-el-souss\/#primaryimage\",\"url\":\"https:\/\/ajishop.ma\/wp-content\/uploads\/2024\/11\/AEE4E6C1-0AEA-4EE6-9718-D2D66500B494.webp\",\"contentUrl\":\"https:\/\/ajishop.ma\/wp-content\/uploads\/2024\/11\/AEE4E6C1-0AEA-4EE6-9718-D2D66500B494.webp\",\"width\":493,\"height\":657},{\"@type\":\"BreadcrumbList\",\"@id\":\"https:\/\/ajishop.ma\/shop\/herbes-et-apothicaire\/herbes\/batons-de-reglisse-3ar9-el-souss\/#breadcrumb\",\"itemListElement\":[{\"@type\":\"ListItem\",\"position\":1,\"name\":\"Accueil\",\"item\":\"https:\/\/ajishop.ma\/\"},{\"@type\":\"ListItem\",\"position\":2,\"name\":\"Magasin\",\"item\":\"https:\/\/ajishop.ma\/shop\/\"},{\"@type\":\"ListItem\",\"position\":3,\"name\":\"B\u00e2tons de r\u00e9glisse &#8211; 3ar9 el souss \/ \u0639\u0631\u0642 \u0627\u0644\u0633\u0648\u0633\"}]},{\"@type\":\"WebSite\",\"@id\":\"https:\/\/ajishop.ma\/#website\",\"url\":\"https:\/\/ajishop.ma\/\",\"name\":\"AjiShop.ma\",\"description\":\"Produits 100% naturels, Pour votre bien \u00eatre...\",\"publisher\":{\"@id\":\"https:\/\/ajishop.ma\/#organization\"},\"potentialAction\":[{\"@type\":\"SearchAction\",\"target\":{\"@type\":\"EntryPoint\",\"urlTemplate\":\"https:\/\/ajishop.ma\/?s={search_term_string}\"},\"query-input\":{\"@type\":\"PropertyValueSpecification\",\"valueRequired\":true,\"valueName\":\"search_term_string\"}}],\"inLanguage\":\"ar\"},{\"@type\":\"Organization\",\"@id\":\"https:\/\/ajishop.ma\/#organization\",\"name\":\"AjiShop.ma\",\"url\":\"https:\/\/ajishop.ma\/\",\"logo\":{\"@type\":\"ImageObject\",\"inLanguage\":\"ar\",\"@id\":\"https:\/\/ajishop.ma\/#\/schema\/logo\/image\/\",\"url\":\"https:\/\/ajishop.ma\/wp-content\/uploads\/2024\/09\/AjiShop.ma-Horizontal-Logo-Green.png\",\"contentUrl\":\"https:\/\/ajishop.ma\/wp-content\/uploads\/2024\/09\/AjiShop.ma-Horizontal-Logo-Green.png\",\"width\":1917,\"height\":276,\"caption\":\"AjiShop.ma\"},\"image\":{\"@id\":\"https:\/\/ajishop.ma\/#\/schema\/logo\/image\/\"}}]}<\/script>\n<!-- \/ Yoast SEO plugin. -->","yoast_head_json":{"title":"B\u00e2tons de r\u00e9glisse - 3ar9 el souss \/ \u0639\u0631\u0642 \u0627\u0644\u0633\u0648\u0633 - AjiShop.ma","robots":{"index":"index","follow":"follow","max-snippet":"max-snippet:-1","max-image-preview":"max-image-preview:large","max-video-preview":"max-video-preview:-1"},"canonical":"https:\/\/ajishop.ma\/ar\/shop\/herbes-et-apothicaire\/herbes\/batons-de-reglisse-3ar9-el-souss\/","og_locale":"ar_AR","og_type":"article","og_title":"B\u00e2tons de r\u00e9glisse - 3ar9 el souss \/ \u0639\u0631\u0642 \u0627\u0644\u0633\u0648\u0633 - AjiShop.ma","og_description":"Petite boite de r\u00e9glisse en b\u00e2ton Les bienfaits de la r\u00e9glisse : La r\u00e9glisse est r\u00e9put\u00e9e pour ses bienfaits, dus","og_url":"https:\/\/ajishop.ma\/ar\/shop\/herbes-et-apothicaire\/herbes\/batons-de-reglisse-3ar9-el-souss\/","og_site_name":"AjiShop.ma","article_modified_time":"2024-11-27T22:58:22+00:00","og_image":[{"width":493,"height":657,"url":"https:\/\/ajishop.ma\/wp-content\/uploads\/2024\/11\/AEE4E6C1-0AEA-4EE6-9718-D2D66500B494.webp","type":"image\/webp"}],"twitter_card":"summary_large_image","twitter_misc":{"\u0648\u0642\u062a \u0627\u0644\u0642\u0631\u0627\u0621\u0629 \u0627\u0644\u0645\u064f\u0642\u062f\u0651\u0631":"\u062f\u0642\u064a\u0642\u062a\u0627\u0646"},"schema":{"@context":"https:\/\/schema.org","@graph":[{"@type":"WebPage","@id":"https:\/\/ajishop.ma\/shop\/herbes-et-apothicaire\/herbes\/batons-de-reglisse-3ar9-el-souss\/","url":"https:\/\/ajishop.ma\/shop\/herbes-et-apothicaire\/herbes\/batons-de-reglisse-3ar9-el-souss\/","name":"B\u00e2tons de r\u00e9glisse - 3ar9 el souss \/ \u0639\u0631\u0642 \u0627\u0644\u0633\u0648\u0633 - AjiShop.ma","isPartOf":{"@id":"https:\/\/ajishop.ma\/#website"},"primaryImageOfPage":{"@id":"https:\/\/ajishop.ma\/shop\/herbes-et-apothicaire\/herbes\/batons-de-reglisse-3ar9-el-souss\/#primaryimage"},"image":{"@id":"https:\/\/ajishop.ma\/shop\/herbes-et-apothicaire\/herbes\/batons-de-reglisse-3ar9-el-souss\/#primaryimage"},"thumbnailUrl":"https:\/\/ajishop.ma\/wp-content\/uploads\/2024\/11\/AEE4E6C1-0AEA-4EE6-9718-D2D66500B494.webp","datePublished":"2024-11-22T00:17:58+00:00","dateModified":"2024-11-27T22:58:22+00:00","breadcrumb":{"@id":"https:\/\/ajishop.ma\/shop\/herbes-et-apothicaire\/herbes\/batons-de-reglisse-3ar9-el-souss\/#breadcrumb"},"inLanguage":"ar","potentialAction":[{"@type":"ReadAction","target":["https:\/\/ajishop.ma\/shop\/herbes-et-apothicaire\/herbes\/batons-de-reglisse-3ar9-el-souss\/"]}]},{"@type":"ImageObject","inLanguage":"ar","@id":"https:\/\/ajishop.ma\/shop\/herbes-et-apothicaire\/herbes\/batons-de-reglisse-3ar9-el-souss\/#primaryimage","url":"https:\/\/ajishop.ma\/wp-content\/uploads\/2024\/11\/AEE4E6C1-0AEA-4EE6-9718-D2D66500B494.webp","contentUrl":"https:\/\/ajishop.ma\/wp-content\/uploads\/2024\/11\/AEE4E6C1-0AEA-4EE6-9718-D2D66500B494.webp","width":493,"height":657},{"@type":"BreadcrumbList","@id":"https:\/\/ajishop.ma\/shop\/herbes-et-apothicaire\/herbes\/batons-de-reglisse-3ar9-el-souss\/#breadcrumb","itemListElement":[{"@type":"ListItem","position":1,"name":"Accueil","item":"https:\/\/ajishop.ma\/"},{"@type":"ListItem","position":2,"name":"Magasin","item":"https:\/\/ajishop.ma\/shop\/"},{"@type":"ListItem","position":3,"name":"B\u00e2tons de r\u00e9glisse &#8211; 3ar9 el souss \/ \u0639\u0631\u0642 \u0627\u0644\u0633\u0648\u0633"}]},{"@type":"WebSite","@id":"https:\/\/ajishop.ma\/#website","url":"https:\/\/ajishop.ma\/","name":"AjiShop.ma","description":"Produits 100% naturels, Pour votre bien \u00eatre...","publisher":{"@id":"https:\/\/ajishop.ma\/#organization"},"potentialAction":[{"@type":"SearchAction","target":{"@type":"EntryPoint","urlTemplate":"https:\/\/ajishop.ma\/?s={search_term_string}"},"query-input":{"@type":"PropertyValueSpecification","valueRequired":true,"valueName":"search_term_string"}}],"inLanguage":"ar"},{"@type":"Organization","@id":"https:\/\/ajishop.ma\/#organization","name":"AjiShop.ma","url":"https:\/\/ajishop.ma\/","logo":{"@type":"ImageObject","inLanguage":"ar","@id":"https:\/\/ajishop.ma\/#\/schema\/logo\/image\/","url":"https:\/\/ajishop.ma\/wp-content\/uploads\/2024\/09\/AjiShop.ma-Horizontal-Logo-Green.png","contentUrl":"https:\/\/ajishop.ma\/wp-content\/uploads\/2024\/09\/AjiShop.ma-Horizontal-Logo-Green.png","width":1917,"height":276,"caption":"AjiShop.ma"},"image":{"@id":"https:\/\/ajishop.ma\/#\/schema\/logo\/image\/"}}]}},"_links":{"self":[{"href":"https:\/\/ajishop.ma\/ar\/wp-json\/wp\/v2\/product\/18132"}],"collection":[{"href":"https:\/\/ajishop.ma\/ar\/wp-json\/wp\/v2\/product"}],"about":[{"href":"https:\/\/ajishop.ma\/ar\/wp-json\/wp\/v2\/types\/product"}],"replies":[{"embeddable":true,"href":"https:\/\/ajishop.ma\/ar\/wp-json\/wp\/v2\/comments?post=18132"}],"version-history":[{"count":1,"href":"https:\/\/ajishop.ma\/ar\/wp-json\/wp\/v2\/product\/18132\/revisions"}],"predecessor-version":[{"id":18134,"href":"https:\/\/ajishop.ma\/ar\/wp-json\/wp\/v2\/product\/18132\/revisions\/18134"}],"wp:featuredmedia":[{"embeddable":true,"href":"https:\/\/ajishop.ma\/ar\/wp-json\/wp\/v2\/media\/18133"}],"wp:attachment":[{"href":"https:\/\/ajishop.ma\/ar\/wp-json\/wp\/v2\/media?parent=18132"}],"wp:term":[{"taxonomy":"product_cat","embeddable":true,"href":"https:\/\/ajishop.ma\/ar\/wp-json\/wp\/v2\/product_cat?post=18132"},{"taxonomy":"product_tag","embeddable":true,"href":"https:\/\/ajishop.ma\/ar\/wp-json\/wp\/v2\/product_tag?post=18132"}],"curies":[{"name":"wp","href":"https:\/\/api.w.org\/{rel}","templated":true}]}}