{"id":18141,"date":"2024-11-22T01:23:06","date_gmt":"2024-11-22T00:23:06","guid":{"rendered":"https:\/\/ajishop.ma\/?post_type=product&#038;p=18141"},"modified":"2024-11-28T00:06:01","modified_gmt":"2024-11-27T23:06:01","slug":"mithnane-thymelaea-hirsuta","status":"publish","type":"product","link":"https:\/\/ajishop.ma\/ar\/shop\/herbes-et-apothicaire\/herbes\/mithnane-thymelaea-hirsuta\/","title":{"rendered":"Mithnane &#8211; Thymelaea hirsuta \/ \u0645\u062b\u0646\u0627\u0646"},"content":{"rendered":"<p>Le m\u00e9thyan est aussi appel\u00e9 l&#8217;herbe de la gratitude, et son nom scientifique est thymelaea hirsuta. Le m\u00e9thyan est l&#8217;une des plantes qui appartiennent \u00e0 la famille des thymnasium.<br \/>\nC&#8217;est l&#8217;un des arbres qui poussent dans le d\u00e9sert. Il est utilis\u00e9 dans la fabrication de papier \u00e0 dessin fait \u00e0 la main et les B\u00e9douins l&#8217;utilisent pour fabriquer des cordes solides.<\/p>\n<p>Al-Muthannan a \u00e9t\u00e9 largement utilis\u00e9 dans la m\u00e9decine ancienne, malgr\u00e9 sa classification comme plante v\u00e9n\u00e9neuse, il est donc conseill\u00e9 de ne pas le prendre comme plante, et de le prendre \u00e0 des doses sp\u00e9cifiques.<\/p>\n<p>Al-Muthannan \u00e9tait utilis\u00e9 pour traiter les oxyures et les infections de l&#8217;estomac, et il est \u00e9galement utilis\u00e9 pour traiter les cas de constipation.<br \/>\nLe muthannan est utilis\u00e9 pour traiter les infections cutan\u00e9es et l&#8217;\u00e9corce est utilis\u00e9e pour aider \u00e0 cicatriser les plaies.<\/p>\n<p>Le muthannan est utilis\u00e9 \u00e0 des fins th\u00e9rapeutiques, telles que le nettoyage et la d\u00e9sinfection des dents cari\u00e9es, o\u00f9 les feuilles sont bouillies dans de l&#8217;eau, puis rinc\u00e9es avec, puis recrach\u00e9es et non aval\u00e9es.<\/p>\n<p>La plante Al-Muthannan est \u00e9galement utilis\u00e9e dans la formulation de shampooings qui \u00e9liminent les pellicules, et elle aide \u00e9galement \u00e0 nourrir les cheveux et \u00e0 traiter la chute des cheveux.<\/p>\n<p>Comme certaines \u00e9tudes ont montr\u00e9 que l&#8217;herbe Al-Muthannan est utile pour pr\u00e9venir le diab\u00e8te et l&#8217;hypertension art\u00e9rielle, elle agit \u00e9galement comme compl\u00e9ment nutritionnel.<\/p>\n<p>Il est utilis\u00e9 au Maroc comme une sorte de rem\u00e8de populaire pour les diab\u00e9tiques, et une \u00e9tude a montr\u00e9 qu&#8217;Al-Muthannan contient des substances qui activent l&#8217;absorption du glucose dans les intestins.<\/p>\n<p>L&#8217;extrait d&#8217;Al-Muthannan a un effet anti-m\u00e9lanine, car il est capable de r\u00e9duire la production de m\u00e9lanine dans le corps sans exposer les cellules au danger, et le pigment de m\u00e9lanine, qui est un pigment qui prot\u00e8ge la peau des dommages, mais son augmentation expose les humains \u00e0 la peau cancer.<\/p>","protected":false},"excerpt":{"rendered":"<p>Le m\u00e9thyan est aussi appel\u00e9 l&#8217;herbe de la gratitude, et son nom scientifique est thymelaea hirsuta. Le m\u00e9thyan est l&#8217;une<\/p>","protected":false},"featured_media":18143,"comment_status":"open","ping_status":"closed","template":"","meta":[],"product_cat":[32,75],"product_tag":[],"yoast_head":"<!-- This site is optimized with the Yoast SEO plugin v23.4 - https:\/\/yoast.com\/wordpress\/plugins\/seo\/ -->\n<title>Mithnane - Thymelaea hirsuta \/ \u0645\u062b\u0646\u0627\u0646 - AjiShop.ma<\/title>\n<meta name=\"robots\" content=\"index, follow, max-snippet:-1, max-image-preview:large, max-video-preview:-1\" \/>\n<link rel=\"canonical\" href=\"https:\/\/ajishop.ma\/ar\/shop\/herbes-et-apothicaire\/herbes\/mithnane-thymelaea-hirsuta\/\" \/>\n<meta property=\"og:locale\" content=\"ar_AR\" \/>\n<meta property=\"og:type\" content=\"article\" \/>\n<meta property=\"og:title\" content=\"Mithnane - Thymelaea hirsuta \/ \u0645\u062b\u0646\u0627\u0646 - AjiShop.ma\" \/>\n<meta property=\"og:description\" content=\"Le m\u00e9thyan est aussi appel\u00e9 l&#8217;herbe de la gratitude, et son nom scientifique est thymelaea hirsuta. Le m\u00e9thyan est l&#8217;une\" \/>\n<meta property=\"og:url\" content=\"https:\/\/ajishop.ma\/ar\/shop\/herbes-et-apothicaire\/herbes\/mithnane-thymelaea-hirsuta\/\" \/>\n<meta property=\"og:site_name\" content=\"AjiShop.ma\" \/>\n<meta property=\"article:modified_time\" content=\"2024-11-27T23:06:01+00:00\" \/>\n<meta property=\"og:image\" content=\"https:\/\/ajishop.ma\/wp-content\/uploads\/2024\/11\/IMG_2630.jpg\" \/>\n\t<meta property=\"og:image:width\" content=\"493\" \/>\n\t<meta property=\"og:image:height\" content=\"370\" \/>\n\t<meta property=\"og:image:type\" content=\"image\/jpeg\" \/>\n<meta name=\"twitter:card\" content=\"summary_large_image\" \/>\n<meta name=\"twitter:label1\" content=\"\u0648\u0642\u062a \u0627\u0644\u0642\u0631\u0627\u0621\u0629 \u0627\u0644\u0645\u064f\u0642\u062f\u0651\u0631\" \/>\n\t<meta name=\"twitter:data1\" content=\"\u062f\u0642\u064a\u0642\u062a\u0627\u0646\" \/>\n<script type=\"application\/ld+json\" class=\"yoast-schema-graph\">{\"@context\":\"https:\/\/schema.org\",\"@graph\":[{\"@type\":\"WebPage\",\"@id\":\"https:\/\/ajishop.ma\/shop\/herbes-et-apothicaire\/herbes\/mithnane-thymelaea-hirsuta\/\",\"url\":\"https:\/\/ajishop.ma\/shop\/herbes-et-apothicaire\/herbes\/mithnane-thymelaea-hirsuta\/\",\"name\":\"Mithnane - Thymelaea hirsuta \/ \u0645\u062b\u0646\u0627\u0646 - AjiShop.ma\",\"isPartOf\":{\"@id\":\"https:\/\/ajishop.ma\/#website\"},\"primaryImageOfPage\":{\"@id\":\"https:\/\/ajishop.ma\/shop\/herbes-et-apothicaire\/herbes\/mithnane-thymelaea-hirsuta\/#primaryimage\"},\"image\":{\"@id\":\"https:\/\/ajishop.ma\/shop\/herbes-et-apothicaire\/herbes\/mithnane-thymelaea-hirsuta\/#primaryimage\"},\"thumbnailUrl\":\"https:\/\/ajishop.ma\/wp-content\/uploads\/2024\/11\/IMG_2630.jpg\",\"datePublished\":\"2024-11-22T00:23:06+00:00\",\"dateModified\":\"2024-11-27T23:06:01+00:00\",\"breadcrumb\":{\"@id\":\"https:\/\/ajishop.ma\/shop\/herbes-et-apothicaire\/herbes\/mithnane-thymelaea-hirsuta\/#breadcrumb\"},\"inLanguage\":\"ar\",\"potentialAction\":[{\"@type\":\"ReadAction\",\"target\":[\"https:\/\/ajishop.ma\/shop\/herbes-et-apothicaire\/herbes\/mithnane-thymelaea-hirsuta\/\"]}]},{\"@type\":\"ImageObject\",\"inLanguage\":\"ar\",\"@id\":\"https:\/\/ajishop.ma\/shop\/herbes-et-apothicaire\/herbes\/mithnane-thymelaea-hirsuta\/#primaryimage\",\"url\":\"https:\/\/ajishop.ma\/wp-content\/uploads\/2024\/11\/IMG_2630.jpg\",\"contentUrl\":\"https:\/\/ajishop.ma\/wp-content\/uploads\/2024\/11\/IMG_2630.jpg\",\"width\":493,\"height\":370},{\"@type\":\"BreadcrumbList\",\"@id\":\"https:\/\/ajishop.ma\/shop\/herbes-et-apothicaire\/herbes\/mithnane-thymelaea-hirsuta\/#breadcrumb\",\"itemListElement\":[{\"@type\":\"ListItem\",\"position\":1,\"name\":\"Accueil\",\"item\":\"https:\/\/ajishop.ma\/\"},{\"@type\":\"ListItem\",\"position\":2,\"name\":\"Magasin\",\"item\":\"https:\/\/ajishop.ma\/shop\/\"},{\"@type\":\"ListItem\",\"position\":3,\"name\":\"Mithnane &#8211; Thymelaea hirsuta \/ \u0645\u062b\u0646\u0627\u0646\"}]},{\"@type\":\"WebSite\",\"@id\":\"https:\/\/ajishop.ma\/#website\",\"url\":\"https:\/\/ajishop.ma\/\",\"name\":\"AjiShop.ma\",\"description\":\"Produits 100% naturels, Pour votre bien \u00eatre...\",\"publisher\":{\"@id\":\"https:\/\/ajishop.ma\/#organization\"},\"potentialAction\":[{\"@type\":\"SearchAction\",\"target\":{\"@type\":\"EntryPoint\",\"urlTemplate\":\"https:\/\/ajishop.ma\/?s={search_term_string}\"},\"query-input\":{\"@type\":\"PropertyValueSpecification\",\"valueRequired\":true,\"valueName\":\"search_term_string\"}}],\"inLanguage\":\"ar\"},{\"@type\":\"Organization\",\"@id\":\"https:\/\/ajishop.ma\/#organization\",\"name\":\"AjiShop.ma\",\"url\":\"https:\/\/ajishop.ma\/\",\"logo\":{\"@type\":\"ImageObject\",\"inLanguage\":\"ar\",\"@id\":\"https:\/\/ajishop.ma\/#\/schema\/logo\/image\/\",\"url\":\"https:\/\/ajishop.ma\/wp-content\/uploads\/2024\/09\/AjiShop.ma-Horizontal-Logo-Green.png\",\"contentUrl\":\"https:\/\/ajishop.ma\/wp-content\/uploads\/2024\/09\/AjiShop.ma-Horizontal-Logo-Green.png\",\"width\":1917,\"height\":276,\"caption\":\"AjiShop.ma\"},\"image\":{\"@id\":\"https:\/\/ajishop.ma\/#\/schema\/logo\/image\/\"}}]}<\/script>\n<!-- \/ Yoast SEO plugin. -->","yoast_head_json":{"title":"Mithnane - Thymelaea hirsuta \/ \u0645\u062b\u0646\u0627\u0646 - AjiShop.ma","robots":{"index":"index","follow":"follow","max-snippet":"max-snippet:-1","max-image-preview":"max-image-preview:large","max-video-preview":"max-video-preview:-1"},"canonical":"https:\/\/ajishop.ma\/ar\/shop\/herbes-et-apothicaire\/herbes\/mithnane-thymelaea-hirsuta\/","og_locale":"ar_AR","og_type":"article","og_title":"Mithnane - Thymelaea hirsuta \/ \u0645\u062b\u0646\u0627\u0646 - AjiShop.ma","og_description":"Le m\u00e9thyan est aussi appel\u00e9 l&#8217;herbe de la gratitude, et son nom scientifique est thymelaea hirsuta. Le m\u00e9thyan est l&#8217;une","og_url":"https:\/\/ajishop.ma\/ar\/shop\/herbes-et-apothicaire\/herbes\/mithnane-thymelaea-hirsuta\/","og_site_name":"AjiShop.ma","article_modified_time":"2024-11-27T23:06:01+00:00","og_image":[{"width":493,"height":370,"url":"https:\/\/ajishop.ma\/wp-content\/uploads\/2024\/11\/IMG_2630.jpg","type":"image\/jpeg"}],"twitter_card":"summary_large_image","twitter_misc":{"\u0648\u0642\u062a \u0627\u0644\u0642\u0631\u0627\u0621\u0629 \u0627\u0644\u0645\u064f\u0642\u062f\u0651\u0631":"\u062f\u0642\u064a\u0642\u062a\u0627\u0646"},"schema":{"@context":"https:\/\/schema.org","@graph":[{"@type":"WebPage","@id":"https:\/\/ajishop.ma\/shop\/herbes-et-apothicaire\/herbes\/mithnane-thymelaea-hirsuta\/","url":"https:\/\/ajishop.ma\/shop\/herbes-et-apothicaire\/herbes\/mithnane-thymelaea-hirsuta\/","name":"Mithnane - Thymelaea hirsuta \/ \u0645\u062b\u0646\u0627\u0646 - AjiShop.ma","isPartOf":{"@id":"https:\/\/ajishop.ma\/#website"},"primaryImageOfPage":{"@id":"https:\/\/ajishop.ma\/shop\/herbes-et-apothicaire\/herbes\/mithnane-thymelaea-hirsuta\/#primaryimage"},"image":{"@id":"https:\/\/ajishop.ma\/shop\/herbes-et-apothicaire\/herbes\/mithnane-thymelaea-hirsuta\/#primaryimage"},"thumbnailUrl":"https:\/\/ajishop.ma\/wp-content\/uploads\/2024\/11\/IMG_2630.jpg","datePublished":"2024-11-22T00:23:06+00:00","dateModified":"2024-11-27T23:06:01+00:00","breadcrumb":{"@id":"https:\/\/ajishop.ma\/shop\/herbes-et-apothicaire\/herbes\/mithnane-thymelaea-hirsuta\/#breadcrumb"},"inLanguage":"ar","potentialAction":[{"@type":"ReadAction","target":["https:\/\/ajishop.ma\/shop\/herbes-et-apothicaire\/herbes\/mithnane-thymelaea-hirsuta\/"]}]},{"@type":"ImageObject","inLanguage":"ar","@id":"https:\/\/ajishop.ma\/shop\/herbes-et-apothicaire\/herbes\/mithnane-thymelaea-hirsuta\/#primaryimage","url":"https:\/\/ajishop.ma\/wp-content\/uploads\/2024\/11\/IMG_2630.jpg","contentUrl":"https:\/\/ajishop.ma\/wp-content\/uploads\/2024\/11\/IMG_2630.jpg","width":493,"height":370},{"@type":"BreadcrumbList","@id":"https:\/\/ajishop.ma\/shop\/herbes-et-apothicaire\/herbes\/mithnane-thymelaea-hirsuta\/#breadcrumb","itemListElement":[{"@type":"ListItem","position":1,"name":"Accueil","item":"https:\/\/ajishop.ma\/"},{"@type":"ListItem","position":2,"name":"Magasin","item":"https:\/\/ajishop.ma\/shop\/"},{"@type":"ListItem","position":3,"name":"Mithnane &#8211; Thymelaea hirsuta \/ \u0645\u062b\u0646\u0627\u0646"}]},{"@type":"WebSite","@id":"https:\/\/ajishop.ma\/#website","url":"https:\/\/ajishop.ma\/","name":"AjiShop.ma","description":"Produits 100% naturels, Pour votre bien \u00eatre...","publisher":{"@id":"https:\/\/ajishop.ma\/#organization"},"potentialAction":[{"@type":"SearchAction","target":{"@type":"EntryPoint","urlTemplate":"https:\/\/ajishop.ma\/?s={search_term_string}"},"query-input":{"@type":"PropertyValueSpecification","valueRequired":true,"valueName":"search_term_string"}}],"inLanguage":"ar"},{"@type":"Organization","@id":"https:\/\/ajishop.ma\/#organization","name":"AjiShop.ma","url":"https:\/\/ajishop.ma\/","logo":{"@type":"ImageObject","inLanguage":"ar","@id":"https:\/\/ajishop.ma\/#\/schema\/logo\/image\/","url":"https:\/\/ajishop.ma\/wp-content\/uploads\/2024\/09\/AjiShop.ma-Horizontal-Logo-Green.png","contentUrl":"https:\/\/ajishop.ma\/wp-content\/uploads\/2024\/09\/AjiShop.ma-Horizontal-Logo-Green.png","width":1917,"height":276,"caption":"AjiShop.ma"},"image":{"@id":"https:\/\/ajishop.ma\/#\/schema\/logo\/image\/"}}]}},"_links":{"self":[{"href":"https:\/\/ajishop.ma\/ar\/wp-json\/wp\/v2\/product\/18141"}],"collection":[{"href":"https:\/\/ajishop.ma\/ar\/wp-json\/wp\/v2\/product"}],"about":[{"href":"https:\/\/ajishop.ma\/ar\/wp-json\/wp\/v2\/types\/product"}],"replies":[{"embeddable":true,"href":"https:\/\/ajishop.ma\/ar\/wp-json\/wp\/v2\/comments?post=18141"}],"version-history":[{"count":1,"href":"https:\/\/ajishop.ma\/ar\/wp-json\/wp\/v2\/product\/18141\/revisions"}],"predecessor-version":[{"id":18142,"href":"https:\/\/ajishop.ma\/ar\/wp-json\/wp\/v2\/product\/18141\/revisions\/18142"}],"wp:featuredmedia":[{"embeddable":true,"href":"https:\/\/ajishop.ma\/ar\/wp-json\/wp\/v2\/media\/18143"}],"wp:attachment":[{"href":"https:\/\/ajishop.ma\/ar\/wp-json\/wp\/v2\/media?parent=18141"}],"wp:term":[{"taxonomy":"product_cat","embeddable":true,"href":"https:\/\/ajishop.ma\/ar\/wp-json\/wp\/v2\/product_cat?post=18141"},{"taxonomy":"product_tag","embeddable":true,"href":"https:\/\/ajishop.ma\/ar\/wp-json\/wp\/v2\/product_tag?post=18141"}],"curies":[{"name":"wp","href":"https:\/\/api.w.org\/{rel}","templated":true}]}}