{"id":18478,"date":"2024-12-04T23:34:18","date_gmt":"2024-12-04T22:34:18","guid":{"rendered":"https:\/\/ajishop.ma\/?post_type=product&#038;p=18478"},"modified":"2024-12-04T23:34:18","modified_gmt":"2024-12-04T22:34:18","slug":"sumac-500g-%d8%b3%d9%85%d8%a7%d9%82","status":"publish","type":"product","link":"https:\/\/ajishop.ma\/ar\/shop\/herbes-et-apothicaire\/epices\/sumac-500g-%d8%b3%d9%85%d8%a7%d9%82\/","title":{"rendered":"Sumac &#8211; 500g \/  \u0633\u0645\u0627\u0642"},"content":{"rendered":"<p>C&#8217;est un condiment obtenu \u00e0 partir de baies s\u00e9ch\u00e9es de couleur rouge brique poussant sur un arbuste (Rhus Coriaria) de la m\u00eame famille que le pistachier. Cette \u00e9pice au go\u00fbt fruit\u00e9 et acidul\u00e9 utilis\u00e9e depuis l&#8217;Antiquit\u00e9 au Moyen-Orient est un excellent substitut au citron et au vinaigre.<\/p>\n<p>Le sumac a des vertus th\u00e9rapeutiques et gustatives<\/p>\n<p>Cette p\u00e9pite \u00e0 la couleur grenat et aux reflets bruns tient une place primordiale dans la cuisine du Moyen-Orient. Acidul\u00e9e et citronn\u00e9e, elle est principalement utilis\u00e9e dans les plats mijot\u00e9s et les grillades.<\/p>\n<p>Quels sont les effets du sumac ?<br \/>\nEn usage externe, le sumac : apaise les maux de gorge ; exerce une action antibact\u00e9rienne et antifongique sur les blessures et les plaies cutan\u00e9es ; par ses vertus astringentes et toniques, le sumac diminue les leucorrh\u00e9es (pertes vaginales) .<\/p>\n<p>Comment l&#8217;utiliser ? Il substitue parfaitement le citron dans toutes les cuisines de la mer. Mais le sumac peut \u00e9galement \u00e9picer vos farces, le riz, le pain et les l\u00e9gumes. En outre, cette \u00e9pice peut \u00eatre utilis\u00e9e avec les viandes blanches, les omelettes, ou encore les tomates grill\u00e9es par exemple.<\/p>\n<h4>\u0645\u0633\u062d\u0648\u0642 \u0627\u0644\u0633\u0645\u0627\u0642 \u2013 \u0633\u0645\u0627\u0642 \u2013 \u0628\u0630\u0648\u0631 \u0627\u0644\u0633\u0645\u0627\u0642<\/h4>\n<div class=\"css-1uwmyp9-text css-aqdypc css-13sga99 css-13o7eu2 css-542wex\">\u0627\u0644\u0633\u0645\u0627\u0642\u00a0\u0647\u0648 \u062a\u0648\u0627\u0628\u0644 \u062d\u0645\u0636\u064a\u0629 \u0648\u0644\u064a\u0645\u0648\u0646\u064a\u0629 \u0630\u0627\u062a \u062f\u0642\u0629 \u0643\u0628\u064a\u0631\u0629\u060c \u0648\u064a\u0648\u062c\u062f \u0643\u062b\u064a\u0631\u064b\u0627 \u0641\u064a \u0645\u0637\u0628\u062e \u0627\u0644\u0634\u0631\u0642 \u0627\u0644\u0623\u0648\u0633\u0637\u060c \u062d\u064a\u062b \u0647\u0648 \u0627\u0644\u0645\u0643\u0648\u0646 \u0627\u0644\u0645\u0631\u0643\u0632\u064a \u0644\u0623\u0633\u064a\u0627\u062e \u0644\u062d\u0645 \u0627\u0644\u0636\u0623\u0646 \u0623\u0648 \u0644\u062d\u0645 \u0627\u0644\u0639\u062c\u0644 \u0623\u0648 \u0644\u062d\u0645 \u0627\u0644\u0628\u0642\u0631\u060c \u0648\u064a\u0633\u0645\u0649\u00a0<em>\u062a\u0634\u064a\u0644\u0648 \u0643\u0628\u0648\u0628<\/em>\u00a0\u060c \u0648\u0644\u0643\u0646 \u0641\u064a \u0627\u0644\u0648\u0627\u0642\u0639\u060c \u064a\u0645\u062a\u062f \u0627\u0633\u062a\u062e\u062f\u0627\u0645\u0647 \u0625\u0644\u0649 \u0646\u0643\u0647\u0629 \u062c\u0645\u064a\u0639 \u0627\u0644\u0623\u0637\u0628\u0627\u0642.<\/div>\n<p>\u064a\u062d\u0638\u0649 \u0627\u0644\u0639\u0635\u064a\u0631 \u0627\u0644\u0645\u0633\u062a\u062e\u0631\u062c \u0645\u0646 \u0627\u0644\u0633\u0645\u0627\u0642 \u0628\u0634\u0639\u0628\u064a\u0629 \u0643\u0628\u064a\u0631\u0629 \u0641\u064a \u062a\u062a\u0628\u064a\u0644\u0627\u062a \u0627\u0644\u0633\u0644\u0637\u0629 \u0648\u0627\u0644\u0645\u062e\u0644\u0644\u0627\u062a\u060c \u0648\u064a\u0633\u062a\u062e\u062f\u0645 \u0634\u0643\u0644 \u0627\u0644\u0645\u0633\u062d\u0648\u0642 \u0641\u064a \u064a\u062e\u0646\u0629 \u0627\u0644\u062e\u0636\u0627\u0631 \u0648\u0627\u0644\u062f\u062c\u0627\u062c \u0648\u0627\u0644\u0623\u0648\u0639\u064a\u0629 \u0627\u0644\u0645\u0642\u0627\u0648\u0645\u0629 \u0644\u0644\u062d\u0631\u0627\u0631\u0629. &#8220;\u0625\u0646 \u062a\u0646\u0627\u0648\u0644 \u0628\u0630\u0648\u0631 \u0627\u0644\u0633\u0645\u0627\u0642 \u0641\u064a \u0635\u0644\u0635\u0629 \u0627\u0644\u0644\u062d\u0645 \u064a\u0648\u0642\u0641 \u062c\u0645\u064a\u0639 \u0623\u0646\u0648\u0627\u0639 \u062a\u062f\u0641\u0642 \u0627\u0644\u0645\u0639\u062f\u0629 &#8230;<\/p>\n<p>\u064a\u0623\u062a\u064a \u0627\u0644\u0633\u0645\u0627\u0642 \u0645\u0646 \u062b\u0645\u0627\u0631 \u0634\u062c\u064a\u0631\u0629 \u0628\u0631\u064a\u0629 \u062a\u0646\u0645\u0648 \u0628\u0634\u0643\u0644 \u0628\u0631\u064a \u0641\u064a \u062c\u0645\u064a\u0639 \u0623\u0646\u062d\u0627\u0621 \u0645\u0646\u0627\u0637\u0642 \u0627\u0644\u0628\u062d\u0631 \u0627\u0644\u0623\u0628\u064a\u0636 \u0627\u0644\u0645\u062a\u0648\u0633\u0637\u060c \u0648\u062e\u0627\u0635\u0629 \u0635\u0642\u0644\u064a\u0629 \u0648\u062c\u0646\u0648\u0628 \u0625\u064a\u0637\u0627\u0644\u064a\u0627\u060c \u0648\u0641\u064a \u0623\u062c\u0632\u0627\u0621 \u0645\u0646 \u0627\u0644\u0634\u0631\u0642 \u0627\u0644\u0623\u0648\u0633\u0637\u060c \u0648\u062e\u0627\u0635\u0629 \u0625\u064a\u0631\u0627\u0646. \u0648\u0647\u0648 \u0639\u0646\u0635\u0631 \u0623\u0633\u0627\u0633\u064a \u0641\u064a \u0627\u0644\u0645\u0637\u0628\u062e \u0627\u0644\u0639\u0631\u0628\u064a\u060c \u0648\u064a\u0641\u0636\u0644 \u0639\u0644\u0649 \u0627\u0644\u0644\u064a\u0645\u0648\u0646 \u0644\u0644\u062d\u0645\u0648\u0636\u0629 \u0648\u0627\u0644\u0642\u0627\u0628\u0636\u0629. \u062a\u0648\u062c\u062f \u0627\u0644\u0639\u062f\u064a\u062f \u0645\u0646 \u0623\u0646\u0648\u0627\u0639 \u0627\u0644\u0633\u0645\u0627\u0642 \u0627\u0644\u0623\u062e\u0631\u0649 \u0641\u064a \u0627\u0644\u0645\u0646\u0627\u0637\u0642 \u0627\u0644\u0645\u0639\u062a\u062f\u0644\u0629 \u0645\u0646 \u0627\u0644\u0639\u0627\u0644\u0645.<\/p>\n<p><strong>\u0648\u0635\u0641 \u0627\u0644\u0628\u0647\u0627\u0631\u0627\u062a<\/strong><br \/>\n\u064a\u062a\u0645 \u062a\u062c\u0641\u064a\u0641 \u0627\u0644\u062a\u0648\u062a \u0648\u0637\u062d\u0646\u0647 \u0644\u062a\u0643\u0648\u064a\u0646 \u0645\u0633\u062d\u0648\u0642 \u062e\u0634\u0646 \u0623\u062d\u0645\u0631 \u0623\u0631\u062c\u0648\u0627\u0646\u064a. \u062a\u0638\u0647\u0631 \u0627\u0644\u062b\u0645\u0631\u0629 \u0628\u0623\u0643\u0645\u0644\u0647\u0627 \u0641\u064a \u0645\u062c\u0645\u0648\u0639\u0627\u062a \u0643\u062b\u064a\u0641\u0629.<\/p>\n<p><b>\u064a\u0633\u062a\u062e\u062f\u0645<\/b><\/p>\n<p>\u0627\u0644\u0633\u0645\u0627\u0642 \u0647\u0648 \u0623\u062d\u062f \u0627\u0644\u062a\u0648\u0627\u0628\u0644 \u0627\u0644\u062a\u064a \u064a\u0645\u0643\u0646 \u0623\u0646 \u062a\u062d\u0644 \u0645\u062d\u0644 \u0639\u0634\u0628\u0629 \u0627\u0644\u0644\u064a\u0645\u0648\u0646 \u0623\u0648 \u0627\u0644\u0644\u064a\u0645\u0648\u0646 \u0641\u064a \u0645\u062c\u0645\u0648\u0639\u0629 \u0645\u062a\u0646\u0648\u0639\u0629 \u0645\u0646 \u0627\u0644\u0627\u0633\u062a\u0639\u062f\u0627\u062f\u0627\u062a.<\/p>\n<p>\u0643\u0645\u0627 \u0623\u0646\u0647\u0627 \u062a\u0633\u062a\u062e\u062f\u0645 \u0644\u062a\u0646\u0643\u064a\u0647 \u0627\u0644\u0644\u062d\u0648\u0645 \u0639\u0644\u0649 \u0627\u0644\u0623\u0633\u064a\u0627\u062e \u0648\u0643\u0631\u0627\u062a \u0627\u0644\u0644\u062d\u0645 \u0648\u0627\u0644\u062f\u0648\u0627\u062c\u0646.<\/p>\n<p>\u0644\u0625\u0636\u0641\u0627\u0621 \u0627\u0644\u0646\u0643\u0647\u0629 \u0639\u0644\u0649 \u0627\u0644\u062e\u0636\u0627\u0631 \u0648\u0627\u0644\u0623\u0631\u0632 \u0648\u0627\u0644\u062d\u0634\u0648\u0627\u062a \u0623\u0648 \u062d\u062a\u0649 \u0627\u0644\u062e\u0628\u0632\u060c \u064a\u0639\u062a\u0628\u0631 \u0627\u0644\u0633\u0645\u0627\u0642 \u0647\u0648 \u0627\u0644\u0639\u0646\u0635\u0631 \u0627\u0644\u0645\u062b\u0627\u0644\u064a. \u0647\u0646\u0627 \u064a\u0645\u0643\u0646\u0643 \u0645\u0632\u062c\u0647 \u0645\u0639 \u0627\u0644\u0632\u0628\u0627\u062f\u064a \u0628\u0625\u0636\u0627\u0641\u0629 \u0627\u0644\u0623\u0639\u0634\u0627\u0628 \u0627\u0644\u0646\u0627\u0639\u0645\u0629. \u0628\u0647\u0630\u0647 \u0627\u0644\u0637\u0631\u064a\u0642\u0629 \u0633\u0648\u0641 \u062a\u062d\u0635\u0644 \u0639\u0644\u0649 \u0627\u062e\u062a\u064a\u0627\u0631 \u0627\u0644\u0635\u0644\u0635\u0629 \u0627\u0644\u0645\u0635\u0627\u062d\u0628\u0629.<\/p>","protected":false},"excerpt":{"rendered":"<p>C&#8217;est un condiment obtenu \u00e0 partir de baies s\u00e9ch\u00e9es de couleur rouge brique poussant sur un arbuste (Rhus Coriaria) de<\/p>","protected":false},"featured_media":18479,"comment_status":"open","ping_status":"closed","template":"","meta":[],"product_cat":[32,74,75],"product_tag":[],"yoast_head":"<!-- This site is optimized with the Yoast SEO plugin v23.4 - https:\/\/yoast.com\/wordpress\/plugins\/seo\/ -->\n<title>Sumac - 500g \/ \u0633\u0645\u0627\u0642 - AjiShop.ma<\/title>\n<meta name=\"robots\" content=\"index, follow, max-snippet:-1, max-image-preview:large, max-video-preview:-1\" \/>\n<link rel=\"canonical\" href=\"https:\/\/ajishop.ma\/ar\/shop\/herbes-et-apothicaire\/epices\/sumac-500g-\u0633\u0645\u0627\u0642\/\" \/>\n<meta property=\"og:locale\" content=\"ar_AR\" \/>\n<meta property=\"og:type\" content=\"article\" \/>\n<meta property=\"og:title\" content=\"Sumac - 500g \/ \u0633\u0645\u0627\u0642 - AjiShop.ma\" \/>\n<meta property=\"og:description\" content=\"C&#8217;est un condiment obtenu \u00e0 partir de baies s\u00e9ch\u00e9es de couleur rouge brique poussant sur un arbuste (Rhus Coriaria) de\" \/>\n<meta property=\"og:url\" content=\"https:\/\/ajishop.ma\/ar\/shop\/herbes-et-apothicaire\/epices\/sumac-500g-\u0633\u0645\u0627\u0642\/\" \/>\n<meta property=\"og:site_name\" content=\"AjiShop.ma\" \/>\n<meta property=\"og:image\" content=\"https:\/\/ajishop.ma\/wp-content\/uploads\/2024\/12\/1-2-2.jpg\" \/>\n\t<meta property=\"og:image:width\" content=\"680\" \/>\n\t<meta property=\"og:image:height\" content=\"680\" \/>\n\t<meta property=\"og:image:type\" content=\"image\/jpeg\" \/>\n<meta name=\"twitter:card\" content=\"summary_large_image\" \/>\n<meta name=\"twitter:label1\" content=\"\u0648\u0642\u062a \u0627\u0644\u0642\u0631\u0627\u0621\u0629 \u0627\u0644\u0645\u064f\u0642\u062f\u0651\u0631\" \/>\n\t<meta name=\"twitter:data1\" content=\"3 \u062f\u0642\u0627\u0626\u0642\" \/>\n<script type=\"application\/ld+json\" class=\"yoast-schema-graph\">{\"@context\":\"https:\/\/schema.org\",\"@graph\":[{\"@type\":\"WebPage\",\"@id\":\"https:\/\/ajishop.ma\/shop\/herbes-et-apothicaire\/epices\/sumac-500g-%d8%b3%d9%85%d8%a7%d9%82\/\",\"url\":\"https:\/\/ajishop.ma\/shop\/herbes-et-apothicaire\/epices\/sumac-500g-%d8%b3%d9%85%d8%a7%d9%82\/\",\"name\":\"Sumac - 500g \/ \u0633\u0645\u0627\u0642 - AjiShop.ma\",\"isPartOf\":{\"@id\":\"https:\/\/ajishop.ma\/#website\"},\"primaryImageOfPage\":{\"@id\":\"https:\/\/ajishop.ma\/shop\/herbes-et-apothicaire\/epices\/sumac-500g-%d8%b3%d9%85%d8%a7%d9%82\/#primaryimage\"},\"image\":{\"@id\":\"https:\/\/ajishop.ma\/shop\/herbes-et-apothicaire\/epices\/sumac-500g-%d8%b3%d9%85%d8%a7%d9%82\/#primaryimage\"},\"thumbnailUrl\":\"https:\/\/ajishop.ma\/wp-content\/uploads\/2024\/12\/1-2-2.jpg\",\"datePublished\":\"2024-12-04T22:34:18+00:00\",\"dateModified\":\"2024-12-04T22:34:18+00:00\",\"breadcrumb\":{\"@id\":\"https:\/\/ajishop.ma\/shop\/herbes-et-apothicaire\/epices\/sumac-500g-%d8%b3%d9%85%d8%a7%d9%82\/#breadcrumb\"},\"inLanguage\":\"ar\",\"potentialAction\":[{\"@type\":\"ReadAction\",\"target\":[\"https:\/\/ajishop.ma\/shop\/herbes-et-apothicaire\/epices\/sumac-500g-%d8%b3%d9%85%d8%a7%d9%82\/\"]}]},{\"@type\":\"ImageObject\",\"inLanguage\":\"ar\",\"@id\":\"https:\/\/ajishop.ma\/shop\/herbes-et-apothicaire\/epices\/sumac-500g-%d8%b3%d9%85%d8%a7%d9%82\/#primaryimage\",\"url\":\"https:\/\/ajishop.ma\/wp-content\/uploads\/2024\/12\/1-2-2.jpg\",\"contentUrl\":\"https:\/\/ajishop.ma\/wp-content\/uploads\/2024\/12\/1-2-2.jpg\",\"width\":680,\"height\":680},{\"@type\":\"BreadcrumbList\",\"@id\":\"https:\/\/ajishop.ma\/shop\/herbes-et-apothicaire\/epices\/sumac-500g-%d8%b3%d9%85%d8%a7%d9%82\/#breadcrumb\",\"itemListElement\":[{\"@type\":\"ListItem\",\"position\":1,\"name\":\"Accueil\",\"item\":\"https:\/\/ajishop.ma\/\"},{\"@type\":\"ListItem\",\"position\":2,\"name\":\"Magasin\",\"item\":\"https:\/\/ajishop.ma\/shop\/\"},{\"@type\":\"ListItem\",\"position\":3,\"name\":\"Sumac &#8211; 500g \/ \u0633\u0645\u0627\u0642\"}]},{\"@type\":\"WebSite\",\"@id\":\"https:\/\/ajishop.ma\/#website\",\"url\":\"https:\/\/ajishop.ma\/\",\"name\":\"AjiShop.ma\",\"description\":\"Produits 100% naturels, Pour votre bien \u00eatre...\",\"publisher\":{\"@id\":\"https:\/\/ajishop.ma\/#organization\"},\"potentialAction\":[{\"@type\":\"SearchAction\",\"target\":{\"@type\":\"EntryPoint\",\"urlTemplate\":\"https:\/\/ajishop.ma\/?s={search_term_string}\"},\"query-input\":{\"@type\":\"PropertyValueSpecification\",\"valueRequired\":true,\"valueName\":\"search_term_string\"}}],\"inLanguage\":\"ar\"},{\"@type\":\"Organization\",\"@id\":\"https:\/\/ajishop.ma\/#organization\",\"name\":\"AjiShop.ma\",\"url\":\"https:\/\/ajishop.ma\/\",\"logo\":{\"@type\":\"ImageObject\",\"inLanguage\":\"ar\",\"@id\":\"https:\/\/ajishop.ma\/#\/schema\/logo\/image\/\",\"url\":\"https:\/\/ajishop.ma\/wp-content\/uploads\/2024\/09\/AjiShop.ma-Horizontal-Logo-Green.png\",\"contentUrl\":\"https:\/\/ajishop.ma\/wp-content\/uploads\/2024\/09\/AjiShop.ma-Horizontal-Logo-Green.png\",\"width\":1917,\"height\":276,\"caption\":\"AjiShop.ma\"},\"image\":{\"@id\":\"https:\/\/ajishop.ma\/#\/schema\/logo\/image\/\"}}]}<\/script>\n<!-- \/ Yoast SEO plugin. -->","yoast_head_json":{"title":"Sumac - 500g \/ \u0633\u0645\u0627\u0642 - AjiShop.ma","robots":{"index":"index","follow":"follow","max-snippet":"max-snippet:-1","max-image-preview":"max-image-preview:large","max-video-preview":"max-video-preview:-1"},"canonical":"https:\/\/ajishop.ma\/ar\/shop\/herbes-et-apothicaire\/epices\/sumac-500g-\u0633\u0645\u0627\u0642\/","og_locale":"ar_AR","og_type":"article","og_title":"Sumac - 500g \/ \u0633\u0645\u0627\u0642 - AjiShop.ma","og_description":"C&#8217;est un condiment obtenu \u00e0 partir de baies s\u00e9ch\u00e9es de couleur rouge brique poussant sur un arbuste (Rhus Coriaria) de","og_url":"https:\/\/ajishop.ma\/ar\/shop\/herbes-et-apothicaire\/epices\/sumac-500g-\u0633\u0645\u0627\u0642\/","og_site_name":"AjiShop.ma","og_image":[{"width":680,"height":680,"url":"https:\/\/ajishop.ma\/wp-content\/uploads\/2024\/12\/1-2-2.jpg","type":"image\/jpeg"}],"twitter_card":"summary_large_image","twitter_misc":{"\u0648\u0642\u062a \u0627\u0644\u0642\u0631\u0627\u0621\u0629 \u0627\u0644\u0645\u064f\u0642\u062f\u0651\u0631":"3 \u062f\u0642\u0627\u0626\u0642"},"schema":{"@context":"https:\/\/schema.org","@graph":[{"@type":"WebPage","@id":"https:\/\/ajishop.ma\/shop\/herbes-et-apothicaire\/epices\/sumac-500g-%d8%b3%d9%85%d8%a7%d9%82\/","url":"https:\/\/ajishop.ma\/shop\/herbes-et-apothicaire\/epices\/sumac-500g-%d8%b3%d9%85%d8%a7%d9%82\/","name":"Sumac - 500g \/ \u0633\u0645\u0627\u0642 - AjiShop.ma","isPartOf":{"@id":"https:\/\/ajishop.ma\/#website"},"primaryImageOfPage":{"@id":"https:\/\/ajishop.ma\/shop\/herbes-et-apothicaire\/epices\/sumac-500g-%d8%b3%d9%85%d8%a7%d9%82\/#primaryimage"},"image":{"@id":"https:\/\/ajishop.ma\/shop\/herbes-et-apothicaire\/epices\/sumac-500g-%d8%b3%d9%85%d8%a7%d9%82\/#primaryimage"},"thumbnailUrl":"https:\/\/ajishop.ma\/wp-content\/uploads\/2024\/12\/1-2-2.jpg","datePublished":"2024-12-04T22:34:18+00:00","dateModified":"2024-12-04T22:34:18+00:00","breadcrumb":{"@id":"https:\/\/ajishop.ma\/shop\/herbes-et-apothicaire\/epices\/sumac-500g-%d8%b3%d9%85%d8%a7%d9%82\/#breadcrumb"},"inLanguage":"ar","potentialAction":[{"@type":"ReadAction","target":["https:\/\/ajishop.ma\/shop\/herbes-et-apothicaire\/epices\/sumac-500g-%d8%b3%d9%85%d8%a7%d9%82\/"]}]},{"@type":"ImageObject","inLanguage":"ar","@id":"https:\/\/ajishop.ma\/shop\/herbes-et-apothicaire\/epices\/sumac-500g-%d8%b3%d9%85%d8%a7%d9%82\/#primaryimage","url":"https:\/\/ajishop.ma\/wp-content\/uploads\/2024\/12\/1-2-2.jpg","contentUrl":"https:\/\/ajishop.ma\/wp-content\/uploads\/2024\/12\/1-2-2.jpg","width":680,"height":680},{"@type":"BreadcrumbList","@id":"https:\/\/ajishop.ma\/shop\/herbes-et-apothicaire\/epices\/sumac-500g-%d8%b3%d9%85%d8%a7%d9%82\/#breadcrumb","itemListElement":[{"@type":"ListItem","position":1,"name":"Accueil","item":"https:\/\/ajishop.ma\/"},{"@type":"ListItem","position":2,"name":"Magasin","item":"https:\/\/ajishop.ma\/shop\/"},{"@type":"ListItem","position":3,"name":"Sumac &#8211; 500g \/ \u0633\u0645\u0627\u0642"}]},{"@type":"WebSite","@id":"https:\/\/ajishop.ma\/#website","url":"https:\/\/ajishop.ma\/","name":"AjiShop.ma","description":"Produits 100% naturels, Pour votre bien \u00eatre...","publisher":{"@id":"https:\/\/ajishop.ma\/#organization"},"potentialAction":[{"@type":"SearchAction","target":{"@type":"EntryPoint","urlTemplate":"https:\/\/ajishop.ma\/?s={search_term_string}"},"query-input":{"@type":"PropertyValueSpecification","valueRequired":true,"valueName":"search_term_string"}}],"inLanguage":"ar"},{"@type":"Organization","@id":"https:\/\/ajishop.ma\/#organization","name":"AjiShop.ma","url":"https:\/\/ajishop.ma\/","logo":{"@type":"ImageObject","inLanguage":"ar","@id":"https:\/\/ajishop.ma\/#\/schema\/logo\/image\/","url":"https:\/\/ajishop.ma\/wp-content\/uploads\/2024\/09\/AjiShop.ma-Horizontal-Logo-Green.png","contentUrl":"https:\/\/ajishop.ma\/wp-content\/uploads\/2024\/09\/AjiShop.ma-Horizontal-Logo-Green.png","width":1917,"height":276,"caption":"AjiShop.ma"},"image":{"@id":"https:\/\/ajishop.ma\/#\/schema\/logo\/image\/"}}]}},"_links":{"self":[{"href":"https:\/\/ajishop.ma\/ar\/wp-json\/wp\/v2\/product\/18478"}],"collection":[{"href":"https:\/\/ajishop.ma\/ar\/wp-json\/wp\/v2\/product"}],"about":[{"href":"https:\/\/ajishop.ma\/ar\/wp-json\/wp\/v2\/types\/product"}],"replies":[{"embeddable":true,"href":"https:\/\/ajishop.ma\/ar\/wp-json\/wp\/v2\/comments?post=18478"}],"version-history":[{"count":1,"href":"https:\/\/ajishop.ma\/ar\/wp-json\/wp\/v2\/product\/18478\/revisions"}],"predecessor-version":[{"id":18480,"href":"https:\/\/ajishop.ma\/ar\/wp-json\/wp\/v2\/product\/18478\/revisions\/18480"}],"wp:featuredmedia":[{"embeddable":true,"href":"https:\/\/ajishop.ma\/ar\/wp-json\/wp\/v2\/media\/18479"}],"wp:attachment":[{"href":"https:\/\/ajishop.ma\/ar\/wp-json\/wp\/v2\/media?parent=18478"}],"wp:term":[{"taxonomy":"product_cat","embeddable":true,"href":"https:\/\/ajishop.ma\/ar\/wp-json\/wp\/v2\/product_cat?post=18478"},{"taxonomy":"product_tag","embeddable":true,"href":"https:\/\/ajishop.ma\/ar\/wp-json\/wp\/v2\/product_tag?post=18478"}],"curies":[{"name":"wp","href":"https:\/\/api.w.org\/{rel}","templated":true}]}}