{"id":18526,"date":"2024-12-16T22:38:40","date_gmt":"2024-12-16T21:38:40","guid":{"rendered":"https:\/\/ajishop.ma\/?post_type=product&#038;p=18526"},"modified":"2024-12-16T22:38:41","modified_gmt":"2024-12-16T21:38:41","slug":"baby-set-creme-de-change-40g","status":"publish","type":"product","link":"https:\/\/ajishop.ma\/ar\/shop\/produits-de-beaute\/soins-des-mains-des-pieds-et-du-corps\/baby-set-creme-de-change-40g\/","title":{"rendered":"Baby Set Cr\u00e8me de Change 40g"},"content":{"rendered":"<p><b>BABYSET CREME DE CHANGE 40G<\/b>C&#8217;est la cr\u00e8me\u00a0de change \u00e0 base de Vitamine E de Calendula et d&#8217;allantoine.<\/p>\n<p><b>PROPRI\u00c9T\u00c9S :<\/b><br \/>\n\u2022 Att\u00e9nue les rougeurs de la peau et l\u2019isole efficacement des agressions des urines et des frottements des couches gr\u00e2ce \u00e0 l\u2019effet barri\u00e8re de l\u2019oxyde de Zinc.<br \/>\n\u2022 Apaise et calme les sensations d\u2019irritation par l\u2019action protectrice de l\u2019allanto\u00efne et de la vitamine E.<br \/>\n\u2022 Adoucit et hydrate la peau et laisse une agr\u00e9able odeur de Baby Set.<br \/>\n\u2022Sans Parabens.<\/p>","protected":false},"excerpt":{"rendered":"<p>BABYSET CREME DE CHANGE 40GC&#8217;est la cr\u00e8me\u00a0de change \u00e0 base de Vitamine E de Calendula et d&#8217;allantoine. PROPRI\u00c9T\u00c9S : \u2022<\/p>","protected":false},"featured_media":18527,"comment_status":"open","ping_status":"closed","template":"","meta":[],"product_cat":[42,80],"product_tag":[],"yoast_head":"<!-- This site is optimized with the Yoast SEO plugin v23.4 - https:\/\/yoast.com\/wordpress\/plugins\/seo\/ -->\n<title>Baby Set Cr\u00e8me de Change 40g - AjiShop.ma<\/title>\n<meta name=\"robots\" content=\"index, follow, max-snippet:-1, max-image-preview:large, max-video-preview:-1\" \/>\n<link rel=\"canonical\" href=\"https:\/\/ajishop.ma\/ar\/shop\/produits-de-beaute\/soins-des-mains-des-pieds-et-du-corps\/baby-set-creme-de-change-40g\/\" \/>\n<meta property=\"og:locale\" content=\"ar_AR\" \/>\n<meta property=\"og:type\" content=\"article\" \/>\n<meta property=\"og:title\" content=\"Baby Set Cr\u00e8me de Change 40g - AjiShop.ma\" \/>\n<meta property=\"og:description\" content=\"BABYSET CREME DE CHANGE 40GC&#8217;est la cr\u00e8me\u00a0de change \u00e0 base de Vitamine E de Calendula et d&#8217;allantoine. PROPRI\u00c9T\u00c9S : \u2022\" \/>\n<meta property=\"og:url\" content=\"https:\/\/ajishop.ma\/ar\/shop\/produits-de-beaute\/soins-des-mains-des-pieds-et-du-corps\/baby-set-creme-de-change-40g\/\" \/>\n<meta property=\"og:site_name\" content=\"AjiShop.ma\" \/>\n<meta property=\"article:modified_time\" content=\"2024-12-16T21:38:41+00:00\" \/>\n<meta property=\"og:image\" content=\"https:\/\/ajishop.ma\/wp-content\/uploads\/2024\/12\/75034493_1628083967333238_5502153496188682240_n.png\" \/>\n\t<meta property=\"og:image:width\" content=\"600\" \/>\n\t<meta property=\"og:image:height\" content=\"529\" \/>\n\t<meta property=\"og:image:type\" content=\"image\/png\" \/>\n<meta name=\"twitter:card\" content=\"summary_large_image\" \/>\n<meta name=\"twitter:label1\" content=\"\u0648\u0642\u062a \u0627\u0644\u0642\u0631\u0627\u0621\u0629 \u0627\u0644\u0645\u064f\u0642\u062f\u0651\u0631\" \/>\n\t<meta name=\"twitter:data1\" content=\"\u062f\u0642\u064a\u0642\u0629 \u0648\u0627\u062d\u062f\u0629\" \/>\n<script type=\"application\/ld+json\" class=\"yoast-schema-graph\">{\"@context\":\"https:\/\/schema.org\",\"@graph\":[{\"@type\":\"WebPage\",\"@id\":\"https:\/\/ajishop.ma\/shop\/produits-de-beaute\/soins-des-mains-des-pieds-et-du-corps\/baby-set-creme-de-change-40g\/\",\"url\":\"https:\/\/ajishop.ma\/shop\/produits-de-beaute\/soins-des-mains-des-pieds-et-du-corps\/baby-set-creme-de-change-40g\/\",\"name\":\"Baby Set Cr\u00e8me de Change 40g - AjiShop.ma\",\"isPartOf\":{\"@id\":\"https:\/\/ajishop.ma\/#website\"},\"primaryImageOfPage\":{\"@id\":\"https:\/\/ajishop.ma\/shop\/produits-de-beaute\/soins-des-mains-des-pieds-et-du-corps\/baby-set-creme-de-change-40g\/#primaryimage\"},\"image\":{\"@id\":\"https:\/\/ajishop.ma\/shop\/produits-de-beaute\/soins-des-mains-des-pieds-et-du-corps\/baby-set-creme-de-change-40g\/#primaryimage\"},\"thumbnailUrl\":\"https:\/\/ajishop.ma\/wp-content\/uploads\/2024\/12\/75034493_1628083967333238_5502153496188682240_n.png\",\"datePublished\":\"2024-12-16T21:38:40+00:00\",\"dateModified\":\"2024-12-16T21:38:41+00:00\",\"breadcrumb\":{\"@id\":\"https:\/\/ajishop.ma\/shop\/produits-de-beaute\/soins-des-mains-des-pieds-et-du-corps\/baby-set-creme-de-change-40g\/#breadcrumb\"},\"inLanguage\":\"ar\",\"potentialAction\":[{\"@type\":\"ReadAction\",\"target\":[\"https:\/\/ajishop.ma\/shop\/produits-de-beaute\/soins-des-mains-des-pieds-et-du-corps\/baby-set-creme-de-change-40g\/\"]}]},{\"@type\":\"ImageObject\",\"inLanguage\":\"ar\",\"@id\":\"https:\/\/ajishop.ma\/shop\/produits-de-beaute\/soins-des-mains-des-pieds-et-du-corps\/baby-set-creme-de-change-40g\/#primaryimage\",\"url\":\"https:\/\/ajishop.ma\/wp-content\/uploads\/2024\/12\/75034493_1628083967333238_5502153496188682240_n.png\",\"contentUrl\":\"https:\/\/ajishop.ma\/wp-content\/uploads\/2024\/12\/75034493_1628083967333238_5502153496188682240_n.png\",\"width\":600,\"height\":529},{\"@type\":\"BreadcrumbList\",\"@id\":\"https:\/\/ajishop.ma\/shop\/produits-de-beaute\/soins-des-mains-des-pieds-et-du-corps\/baby-set-creme-de-change-40g\/#breadcrumb\",\"itemListElement\":[{\"@type\":\"ListItem\",\"position\":1,\"name\":\"Accueil\",\"item\":\"https:\/\/ajishop.ma\/\"},{\"@type\":\"ListItem\",\"position\":2,\"name\":\"Magasin\",\"item\":\"https:\/\/ajishop.ma\/shop\/\"},{\"@type\":\"ListItem\",\"position\":3,\"name\":\"Baby Set Cr\u00e8me de Change 40g\"}]},{\"@type\":\"WebSite\",\"@id\":\"https:\/\/ajishop.ma\/#website\",\"url\":\"https:\/\/ajishop.ma\/\",\"name\":\"AjiShop.ma\",\"description\":\"Produits 100% naturels, Pour votre bien \u00eatre...\",\"publisher\":{\"@id\":\"https:\/\/ajishop.ma\/#organization\"},\"potentialAction\":[{\"@type\":\"SearchAction\",\"target\":{\"@type\":\"EntryPoint\",\"urlTemplate\":\"https:\/\/ajishop.ma\/?s={search_term_string}\"},\"query-input\":{\"@type\":\"PropertyValueSpecification\",\"valueRequired\":true,\"valueName\":\"search_term_string\"}}],\"inLanguage\":\"ar\"},{\"@type\":\"Organization\",\"@id\":\"https:\/\/ajishop.ma\/#organization\",\"name\":\"AjiShop.ma\",\"url\":\"https:\/\/ajishop.ma\/\",\"logo\":{\"@type\":\"ImageObject\",\"inLanguage\":\"ar\",\"@id\":\"https:\/\/ajishop.ma\/#\/schema\/logo\/image\/\",\"url\":\"https:\/\/ajishop.ma\/wp-content\/uploads\/2024\/09\/AjiShop.ma-Horizontal-Logo-Green.png\",\"contentUrl\":\"https:\/\/ajishop.ma\/wp-content\/uploads\/2024\/09\/AjiShop.ma-Horizontal-Logo-Green.png\",\"width\":1917,\"height\":276,\"caption\":\"AjiShop.ma\"},\"image\":{\"@id\":\"https:\/\/ajishop.ma\/#\/schema\/logo\/image\/\"}}]}<\/script>\n<!-- \/ Yoast SEO plugin. -->","yoast_head_json":{"title":"Baby Set Cr\u00e8me de Change 40g - AjiShop.ma","robots":{"index":"index","follow":"follow","max-snippet":"max-snippet:-1","max-image-preview":"max-image-preview:large","max-video-preview":"max-video-preview:-1"},"canonical":"https:\/\/ajishop.ma\/ar\/shop\/produits-de-beaute\/soins-des-mains-des-pieds-et-du-corps\/baby-set-creme-de-change-40g\/","og_locale":"ar_AR","og_type":"article","og_title":"Baby Set Cr\u00e8me de Change 40g - AjiShop.ma","og_description":"BABYSET CREME DE CHANGE 40GC&#8217;est la cr\u00e8me\u00a0de change \u00e0 base de Vitamine E de Calendula et d&#8217;allantoine. PROPRI\u00c9T\u00c9S : \u2022","og_url":"https:\/\/ajishop.ma\/ar\/shop\/produits-de-beaute\/soins-des-mains-des-pieds-et-du-corps\/baby-set-creme-de-change-40g\/","og_site_name":"AjiShop.ma","article_modified_time":"2024-12-16T21:38:41+00:00","og_image":[{"width":600,"height":529,"url":"https:\/\/ajishop.ma\/wp-content\/uploads\/2024\/12\/75034493_1628083967333238_5502153496188682240_n.png","type":"image\/png"}],"twitter_card":"summary_large_image","twitter_misc":{"\u0648\u0642\u062a \u0627\u0644\u0642\u0631\u0627\u0621\u0629 \u0627\u0644\u0645\u064f\u0642\u062f\u0651\u0631":"\u062f\u0642\u064a\u0642\u0629 \u0648\u0627\u062d\u062f\u0629"},"schema":{"@context":"https:\/\/schema.org","@graph":[{"@type":"WebPage","@id":"https:\/\/ajishop.ma\/shop\/produits-de-beaute\/soins-des-mains-des-pieds-et-du-corps\/baby-set-creme-de-change-40g\/","url":"https:\/\/ajishop.ma\/shop\/produits-de-beaute\/soins-des-mains-des-pieds-et-du-corps\/baby-set-creme-de-change-40g\/","name":"Baby Set Cr\u00e8me de Change 40g - AjiShop.ma","isPartOf":{"@id":"https:\/\/ajishop.ma\/#website"},"primaryImageOfPage":{"@id":"https:\/\/ajishop.ma\/shop\/produits-de-beaute\/soins-des-mains-des-pieds-et-du-corps\/baby-set-creme-de-change-40g\/#primaryimage"},"image":{"@id":"https:\/\/ajishop.ma\/shop\/produits-de-beaute\/soins-des-mains-des-pieds-et-du-corps\/baby-set-creme-de-change-40g\/#primaryimage"},"thumbnailUrl":"https:\/\/ajishop.ma\/wp-content\/uploads\/2024\/12\/75034493_1628083967333238_5502153496188682240_n.png","datePublished":"2024-12-16T21:38:40+00:00","dateModified":"2024-12-16T21:38:41+00:00","breadcrumb":{"@id":"https:\/\/ajishop.ma\/shop\/produits-de-beaute\/soins-des-mains-des-pieds-et-du-corps\/baby-set-creme-de-change-40g\/#breadcrumb"},"inLanguage":"ar","potentialAction":[{"@type":"ReadAction","target":["https:\/\/ajishop.ma\/shop\/produits-de-beaute\/soins-des-mains-des-pieds-et-du-corps\/baby-set-creme-de-change-40g\/"]}]},{"@type":"ImageObject","inLanguage":"ar","@id":"https:\/\/ajishop.ma\/shop\/produits-de-beaute\/soins-des-mains-des-pieds-et-du-corps\/baby-set-creme-de-change-40g\/#primaryimage","url":"https:\/\/ajishop.ma\/wp-content\/uploads\/2024\/12\/75034493_1628083967333238_5502153496188682240_n.png","contentUrl":"https:\/\/ajishop.ma\/wp-content\/uploads\/2024\/12\/75034493_1628083967333238_5502153496188682240_n.png","width":600,"height":529},{"@type":"BreadcrumbList","@id":"https:\/\/ajishop.ma\/shop\/produits-de-beaute\/soins-des-mains-des-pieds-et-du-corps\/baby-set-creme-de-change-40g\/#breadcrumb","itemListElement":[{"@type":"ListItem","position":1,"name":"Accueil","item":"https:\/\/ajishop.ma\/"},{"@type":"ListItem","position":2,"name":"Magasin","item":"https:\/\/ajishop.ma\/shop\/"},{"@type":"ListItem","position":3,"name":"Baby Set Cr\u00e8me de Change 40g"}]},{"@type":"WebSite","@id":"https:\/\/ajishop.ma\/#website","url":"https:\/\/ajishop.ma\/","name":"AjiShop.ma","description":"Produits 100% naturels, Pour votre bien \u00eatre...","publisher":{"@id":"https:\/\/ajishop.ma\/#organization"},"potentialAction":[{"@type":"SearchAction","target":{"@type":"EntryPoint","urlTemplate":"https:\/\/ajishop.ma\/?s={search_term_string}"},"query-input":{"@type":"PropertyValueSpecification","valueRequired":true,"valueName":"search_term_string"}}],"inLanguage":"ar"},{"@type":"Organization","@id":"https:\/\/ajishop.ma\/#organization","name":"AjiShop.ma","url":"https:\/\/ajishop.ma\/","logo":{"@type":"ImageObject","inLanguage":"ar","@id":"https:\/\/ajishop.ma\/#\/schema\/logo\/image\/","url":"https:\/\/ajishop.ma\/wp-content\/uploads\/2024\/09\/AjiShop.ma-Horizontal-Logo-Green.png","contentUrl":"https:\/\/ajishop.ma\/wp-content\/uploads\/2024\/09\/AjiShop.ma-Horizontal-Logo-Green.png","width":1917,"height":276,"caption":"AjiShop.ma"},"image":{"@id":"https:\/\/ajishop.ma\/#\/schema\/logo\/image\/"}}]}},"_links":{"self":[{"href":"https:\/\/ajishop.ma\/ar\/wp-json\/wp\/v2\/product\/18526"}],"collection":[{"href":"https:\/\/ajishop.ma\/ar\/wp-json\/wp\/v2\/product"}],"about":[{"href":"https:\/\/ajishop.ma\/ar\/wp-json\/wp\/v2\/types\/product"}],"replies":[{"embeddable":true,"href":"https:\/\/ajishop.ma\/ar\/wp-json\/wp\/v2\/comments?post=18526"}],"version-history":[{"count":1,"href":"https:\/\/ajishop.ma\/ar\/wp-json\/wp\/v2\/product\/18526\/revisions"}],"predecessor-version":[{"id":18528,"href":"https:\/\/ajishop.ma\/ar\/wp-json\/wp\/v2\/product\/18526\/revisions\/18528"}],"wp:featuredmedia":[{"embeddable":true,"href":"https:\/\/ajishop.ma\/ar\/wp-json\/wp\/v2\/media\/18527"}],"wp:attachment":[{"href":"https:\/\/ajishop.ma\/ar\/wp-json\/wp\/v2\/media?parent=18526"}],"wp:term":[{"taxonomy":"product_cat","embeddable":true,"href":"https:\/\/ajishop.ma\/ar\/wp-json\/wp\/v2\/product_cat?post=18526"},{"taxonomy":"product_tag","embeddable":true,"href":"https:\/\/ajishop.ma\/ar\/wp-json\/wp\/v2\/product_tag?post=18526"}],"curies":[{"name":"wp","href":"https:\/\/api.w.org\/{rel}","templated":true}]}}