{"id":18535,"date":"2024-12-16T22:48:41","date_gmt":"2024-12-16T21:48:41","guid":{"rendered":"https:\/\/ajishop.ma\/?post_type=product&#038;p=18535"},"modified":"2024-12-16T22:48:41","modified_gmt":"2024-12-16T21:48:41","slug":"carotone-creme-clarifiante-creme-de-blanchiment-de-la-peau","status":"publish","type":"product","link":"https:\/\/ajishop.ma\/ar\/shop\/produits-de-beaute\/soins-des-mains-des-pieds-et-du-corps\/carotone-creme-clarifiante-creme-de-blanchiment-de-la-peau\/","title":{"rendered":"Carotone Cr\u00e8me Clarifiante Cr\u00e8me De Blanchiment De La Peau"},"content":{"rendered":"<p>La cr\u00e8me clarifiante CAROTONE est votre alli\u00e9e pour une peau \u00e9clatante et uniforme. Sa formule sp\u00e9cialement con\u00e7ue agit comme un agent de blanchiment cutan\u00e9, ciblant les t\u00e2ches et les boutons pour r\u00e9v\u00e9ler un teint lumineux. Enrichie en b\u00e9ta-carot\u00e8nes, cette cr\u00e8me concentre des propri\u00e9t\u00e9s anti-t\u00e2ches et anti-boutons, favorisant une peau plus nette et \u00e9clatante.<\/p>\n<p>&nbsp;<\/p>\n<p>&#8211; Cr\u00e8me de blanchiment de la peau : sp\u00e9cialement formul\u00e9e pour \u00e9claircir et unifier la peau, offrant un teint radieux<\/p>\n<p>&#8211; Contenance de 30 ml : une quantit\u00e9 g\u00e9n\u00e9reuse pour une utilisation quotidienne et des r\u00e9sultats durables<\/p>\n<p>&#8211; Conditionnement en bo\u00eete : assure une protection contre la lumi\u00e8re et pr\u00e9servant la fra\u00eecheur du produit<\/p>\n<p>&#8211; Action anti-t\u00e2ches et anti-boutons : cible les imperfections cutan\u00e9es pour une peau nette<\/p>","protected":false},"excerpt":{"rendered":"<p>La cr\u00e8me clarifiante CAROTONE est votre alli\u00e9e pour une peau \u00e9clatante et uniforme. Sa formule sp\u00e9cialement con\u00e7ue agit comme un<\/p>","protected":false},"featured_media":18536,"comment_status":"open","ping_status":"closed","template":"","meta":[],"product_cat":[42,80],"product_tag":[],"yoast_head":"<!-- This site is optimized with the Yoast SEO plugin v23.4 - https:\/\/yoast.com\/wordpress\/plugins\/seo\/ -->\n<title>Carotone Cr\u00e8me Clarifiante Cr\u00e8me De Blanchiment De La Peau - AjiShop.ma<\/title>\n<meta name=\"robots\" content=\"index, follow, max-snippet:-1, max-image-preview:large, max-video-preview:-1\" \/>\n<link rel=\"canonical\" href=\"https:\/\/ajishop.ma\/ar\/shop\/produits-de-beaute\/soins-des-mains-des-pieds-et-du-corps\/carotone-creme-clarifiante-creme-de-blanchiment-de-la-peau\/\" \/>\n<meta property=\"og:locale\" content=\"ar_AR\" \/>\n<meta property=\"og:type\" content=\"article\" \/>\n<meta property=\"og:title\" content=\"Carotone Cr\u00e8me Clarifiante Cr\u00e8me De Blanchiment De La Peau - AjiShop.ma\" \/>\n<meta property=\"og:description\" content=\"La cr\u00e8me clarifiante CAROTONE est votre alli\u00e9e pour une peau \u00e9clatante et uniforme. Sa formule sp\u00e9cialement con\u00e7ue agit comme un\" \/>\n<meta property=\"og:url\" content=\"https:\/\/ajishop.ma\/ar\/shop\/produits-de-beaute\/soins-des-mains-des-pieds-et-du-corps\/carotone-creme-clarifiante-creme-de-blanchiment-de-la-peau\/\" \/>\n<meta property=\"og:site_name\" content=\"AjiShop.ma\" \/>\n<meta property=\"og:image\" content=\"https:\/\/ajishop.ma\/wp-content\/uploads\/2024\/12\/pdt2_3_3_3_1_700x700_AAAAG62333_3.jpg\" \/>\n\t<meta property=\"og:image:width\" content=\"700\" \/>\n\t<meta property=\"og:image:height\" content=\"700\" \/>\n\t<meta property=\"og:image:type\" content=\"image\/jpeg\" \/>\n<meta name=\"twitter:card\" content=\"summary_large_image\" \/>\n<meta name=\"twitter:label1\" content=\"\u0648\u0642\u062a \u0627\u0644\u0642\u0631\u0627\u0621\u0629 \u0627\u0644\u0645\u064f\u0642\u062f\u0651\u0631\" \/>\n\t<meta name=\"twitter:data1\" content=\"\u062f\u0642\u064a\u0642\u0629 \u0648\u0627\u062d\u062f\u0629\" \/>\n<script type=\"application\/ld+json\" class=\"yoast-schema-graph\">{\"@context\":\"https:\/\/schema.org\",\"@graph\":[{\"@type\":\"WebPage\",\"@id\":\"https:\/\/ajishop.ma\/shop\/produits-de-beaute\/soins-des-mains-des-pieds-et-du-corps\/carotone-creme-clarifiante-creme-de-blanchiment-de-la-peau\/\",\"url\":\"https:\/\/ajishop.ma\/shop\/produits-de-beaute\/soins-des-mains-des-pieds-et-du-corps\/carotone-creme-clarifiante-creme-de-blanchiment-de-la-peau\/\",\"name\":\"Carotone Cr\u00e8me Clarifiante Cr\u00e8me De Blanchiment De La Peau - AjiShop.ma\",\"isPartOf\":{\"@id\":\"https:\/\/ajishop.ma\/#website\"},\"primaryImageOfPage\":{\"@id\":\"https:\/\/ajishop.ma\/shop\/produits-de-beaute\/soins-des-mains-des-pieds-et-du-corps\/carotone-creme-clarifiante-creme-de-blanchiment-de-la-peau\/#primaryimage\"},\"image\":{\"@id\":\"https:\/\/ajishop.ma\/shop\/produits-de-beaute\/soins-des-mains-des-pieds-et-du-corps\/carotone-creme-clarifiante-creme-de-blanchiment-de-la-peau\/#primaryimage\"},\"thumbnailUrl\":\"https:\/\/ajishop.ma\/wp-content\/uploads\/2024\/12\/pdt2_3_3_3_1_700x700_AAAAG62333_3.jpg\",\"datePublished\":\"2024-12-16T21:48:41+00:00\",\"dateModified\":\"2024-12-16T21:48:41+00:00\",\"breadcrumb\":{\"@id\":\"https:\/\/ajishop.ma\/shop\/produits-de-beaute\/soins-des-mains-des-pieds-et-du-corps\/carotone-creme-clarifiante-creme-de-blanchiment-de-la-peau\/#breadcrumb\"},\"inLanguage\":\"ar\",\"potentialAction\":[{\"@type\":\"ReadAction\",\"target\":[\"https:\/\/ajishop.ma\/shop\/produits-de-beaute\/soins-des-mains-des-pieds-et-du-corps\/carotone-creme-clarifiante-creme-de-blanchiment-de-la-peau\/\"]}]},{\"@type\":\"ImageObject\",\"inLanguage\":\"ar\",\"@id\":\"https:\/\/ajishop.ma\/shop\/produits-de-beaute\/soins-des-mains-des-pieds-et-du-corps\/carotone-creme-clarifiante-creme-de-blanchiment-de-la-peau\/#primaryimage\",\"url\":\"https:\/\/ajishop.ma\/wp-content\/uploads\/2024\/12\/pdt2_3_3_3_1_700x700_AAAAG62333_3.jpg\",\"contentUrl\":\"https:\/\/ajishop.ma\/wp-content\/uploads\/2024\/12\/pdt2_3_3_3_1_700x700_AAAAG62333_3.jpg\",\"width\":700,\"height\":700},{\"@type\":\"BreadcrumbList\",\"@id\":\"https:\/\/ajishop.ma\/shop\/produits-de-beaute\/soins-des-mains-des-pieds-et-du-corps\/carotone-creme-clarifiante-creme-de-blanchiment-de-la-peau\/#breadcrumb\",\"itemListElement\":[{\"@type\":\"ListItem\",\"position\":1,\"name\":\"Accueil\",\"item\":\"https:\/\/ajishop.ma\/\"},{\"@type\":\"ListItem\",\"position\":2,\"name\":\"Magasin\",\"item\":\"https:\/\/ajishop.ma\/shop\/\"},{\"@type\":\"ListItem\",\"position\":3,\"name\":\"Carotone Cr\u00e8me Clarifiante Cr\u00e8me De Blanchiment De La Peau\"}]},{\"@type\":\"WebSite\",\"@id\":\"https:\/\/ajishop.ma\/#website\",\"url\":\"https:\/\/ajishop.ma\/\",\"name\":\"AjiShop.ma\",\"description\":\"Produits 100% naturels, Pour votre bien \u00eatre...\",\"publisher\":{\"@id\":\"https:\/\/ajishop.ma\/#organization\"},\"potentialAction\":[{\"@type\":\"SearchAction\",\"target\":{\"@type\":\"EntryPoint\",\"urlTemplate\":\"https:\/\/ajishop.ma\/?s={search_term_string}\"},\"query-input\":{\"@type\":\"PropertyValueSpecification\",\"valueRequired\":true,\"valueName\":\"search_term_string\"}}],\"inLanguage\":\"ar\"},{\"@type\":\"Organization\",\"@id\":\"https:\/\/ajishop.ma\/#organization\",\"name\":\"AjiShop.ma\",\"url\":\"https:\/\/ajishop.ma\/\",\"logo\":{\"@type\":\"ImageObject\",\"inLanguage\":\"ar\",\"@id\":\"https:\/\/ajishop.ma\/#\/schema\/logo\/image\/\",\"url\":\"https:\/\/ajishop.ma\/wp-content\/uploads\/2024\/09\/AjiShop.ma-Horizontal-Logo-Green.png\",\"contentUrl\":\"https:\/\/ajishop.ma\/wp-content\/uploads\/2024\/09\/AjiShop.ma-Horizontal-Logo-Green.png\",\"width\":1917,\"height\":276,\"caption\":\"AjiShop.ma\"},\"image\":{\"@id\":\"https:\/\/ajishop.ma\/#\/schema\/logo\/image\/\"}}]}<\/script>\n<!-- \/ Yoast SEO plugin. -->","yoast_head_json":{"title":"Carotone Cr\u00e8me Clarifiante Cr\u00e8me De Blanchiment De La Peau - AjiShop.ma","robots":{"index":"index","follow":"follow","max-snippet":"max-snippet:-1","max-image-preview":"max-image-preview:large","max-video-preview":"max-video-preview:-1"},"canonical":"https:\/\/ajishop.ma\/ar\/shop\/produits-de-beaute\/soins-des-mains-des-pieds-et-du-corps\/carotone-creme-clarifiante-creme-de-blanchiment-de-la-peau\/","og_locale":"ar_AR","og_type":"article","og_title":"Carotone Cr\u00e8me Clarifiante Cr\u00e8me De Blanchiment De La Peau - AjiShop.ma","og_description":"La cr\u00e8me clarifiante CAROTONE est votre alli\u00e9e pour une peau \u00e9clatante et uniforme. Sa formule sp\u00e9cialement con\u00e7ue agit comme un","og_url":"https:\/\/ajishop.ma\/ar\/shop\/produits-de-beaute\/soins-des-mains-des-pieds-et-du-corps\/carotone-creme-clarifiante-creme-de-blanchiment-de-la-peau\/","og_site_name":"AjiShop.ma","og_image":[{"width":700,"height":700,"url":"https:\/\/ajishop.ma\/wp-content\/uploads\/2024\/12\/pdt2_3_3_3_1_700x700_AAAAG62333_3.jpg","type":"image\/jpeg"}],"twitter_card":"summary_large_image","twitter_misc":{"\u0648\u0642\u062a \u0627\u0644\u0642\u0631\u0627\u0621\u0629 \u0627\u0644\u0645\u064f\u0642\u062f\u0651\u0631":"\u062f\u0642\u064a\u0642\u0629 \u0648\u0627\u062d\u062f\u0629"},"schema":{"@context":"https:\/\/schema.org","@graph":[{"@type":"WebPage","@id":"https:\/\/ajishop.ma\/shop\/produits-de-beaute\/soins-des-mains-des-pieds-et-du-corps\/carotone-creme-clarifiante-creme-de-blanchiment-de-la-peau\/","url":"https:\/\/ajishop.ma\/shop\/produits-de-beaute\/soins-des-mains-des-pieds-et-du-corps\/carotone-creme-clarifiante-creme-de-blanchiment-de-la-peau\/","name":"Carotone Cr\u00e8me Clarifiante Cr\u00e8me De Blanchiment De La Peau - AjiShop.ma","isPartOf":{"@id":"https:\/\/ajishop.ma\/#website"},"primaryImageOfPage":{"@id":"https:\/\/ajishop.ma\/shop\/produits-de-beaute\/soins-des-mains-des-pieds-et-du-corps\/carotone-creme-clarifiante-creme-de-blanchiment-de-la-peau\/#primaryimage"},"image":{"@id":"https:\/\/ajishop.ma\/shop\/produits-de-beaute\/soins-des-mains-des-pieds-et-du-corps\/carotone-creme-clarifiante-creme-de-blanchiment-de-la-peau\/#primaryimage"},"thumbnailUrl":"https:\/\/ajishop.ma\/wp-content\/uploads\/2024\/12\/pdt2_3_3_3_1_700x700_AAAAG62333_3.jpg","datePublished":"2024-12-16T21:48:41+00:00","dateModified":"2024-12-16T21:48:41+00:00","breadcrumb":{"@id":"https:\/\/ajishop.ma\/shop\/produits-de-beaute\/soins-des-mains-des-pieds-et-du-corps\/carotone-creme-clarifiante-creme-de-blanchiment-de-la-peau\/#breadcrumb"},"inLanguage":"ar","potentialAction":[{"@type":"ReadAction","target":["https:\/\/ajishop.ma\/shop\/produits-de-beaute\/soins-des-mains-des-pieds-et-du-corps\/carotone-creme-clarifiante-creme-de-blanchiment-de-la-peau\/"]}]},{"@type":"ImageObject","inLanguage":"ar","@id":"https:\/\/ajishop.ma\/shop\/produits-de-beaute\/soins-des-mains-des-pieds-et-du-corps\/carotone-creme-clarifiante-creme-de-blanchiment-de-la-peau\/#primaryimage","url":"https:\/\/ajishop.ma\/wp-content\/uploads\/2024\/12\/pdt2_3_3_3_1_700x700_AAAAG62333_3.jpg","contentUrl":"https:\/\/ajishop.ma\/wp-content\/uploads\/2024\/12\/pdt2_3_3_3_1_700x700_AAAAG62333_3.jpg","width":700,"height":700},{"@type":"BreadcrumbList","@id":"https:\/\/ajishop.ma\/shop\/produits-de-beaute\/soins-des-mains-des-pieds-et-du-corps\/carotone-creme-clarifiante-creme-de-blanchiment-de-la-peau\/#breadcrumb","itemListElement":[{"@type":"ListItem","position":1,"name":"Accueil","item":"https:\/\/ajishop.ma\/"},{"@type":"ListItem","position":2,"name":"Magasin","item":"https:\/\/ajishop.ma\/shop\/"},{"@type":"ListItem","position":3,"name":"Carotone Cr\u00e8me Clarifiante Cr\u00e8me De Blanchiment De La Peau"}]},{"@type":"WebSite","@id":"https:\/\/ajishop.ma\/#website","url":"https:\/\/ajishop.ma\/","name":"AjiShop.ma","description":"Produits 100% naturels, Pour votre bien \u00eatre...","publisher":{"@id":"https:\/\/ajishop.ma\/#organization"},"potentialAction":[{"@type":"SearchAction","target":{"@type":"EntryPoint","urlTemplate":"https:\/\/ajishop.ma\/?s={search_term_string}"},"query-input":{"@type":"PropertyValueSpecification","valueRequired":true,"valueName":"search_term_string"}}],"inLanguage":"ar"},{"@type":"Organization","@id":"https:\/\/ajishop.ma\/#organization","name":"AjiShop.ma","url":"https:\/\/ajishop.ma\/","logo":{"@type":"ImageObject","inLanguage":"ar","@id":"https:\/\/ajishop.ma\/#\/schema\/logo\/image\/","url":"https:\/\/ajishop.ma\/wp-content\/uploads\/2024\/09\/AjiShop.ma-Horizontal-Logo-Green.png","contentUrl":"https:\/\/ajishop.ma\/wp-content\/uploads\/2024\/09\/AjiShop.ma-Horizontal-Logo-Green.png","width":1917,"height":276,"caption":"AjiShop.ma"},"image":{"@id":"https:\/\/ajishop.ma\/#\/schema\/logo\/image\/"}}]}},"_links":{"self":[{"href":"https:\/\/ajishop.ma\/ar\/wp-json\/wp\/v2\/product\/18535"}],"collection":[{"href":"https:\/\/ajishop.ma\/ar\/wp-json\/wp\/v2\/product"}],"about":[{"href":"https:\/\/ajishop.ma\/ar\/wp-json\/wp\/v2\/types\/product"}],"replies":[{"embeddable":true,"href":"https:\/\/ajishop.ma\/ar\/wp-json\/wp\/v2\/comments?post=18535"}],"version-history":[{"count":1,"href":"https:\/\/ajishop.ma\/ar\/wp-json\/wp\/v2\/product\/18535\/revisions"}],"predecessor-version":[{"id":18537,"href":"https:\/\/ajishop.ma\/ar\/wp-json\/wp\/v2\/product\/18535\/revisions\/18537"}],"wp:featuredmedia":[{"embeddable":true,"href":"https:\/\/ajishop.ma\/ar\/wp-json\/wp\/v2\/media\/18536"}],"wp:attachment":[{"href":"https:\/\/ajishop.ma\/ar\/wp-json\/wp\/v2\/media?parent=18535"}],"wp:term":[{"taxonomy":"product_cat","embeddable":true,"href":"https:\/\/ajishop.ma\/ar\/wp-json\/wp\/v2\/product_cat?post=18535"},{"taxonomy":"product_tag","embeddable":true,"href":"https:\/\/ajishop.ma\/ar\/wp-json\/wp\/v2\/product_tag?post=18535"}],"curies":[{"name":"wp","href":"https:\/\/api.w.org\/{rel}","templated":true}]}}