{"id":18586,"date":"2024-12-22T22:59:52","date_gmt":"2024-12-22T21:59:52","guid":{"rendered":"https:\/\/ajishop.ma\/?post_type=product&#038;p=18586"},"modified":"2026-04-06T23:25:27","modified_gmt":"2026-04-06T22:25:27","slug":"sene-et-sanot","status":"publish","type":"product","link":"https:\/\/ajishop.ma\/ar\/shop\/sans-categorie\/sene-et-sanot\/","title":{"rendered":"S\u00e9n\u00e9 et sanot \/ \u0627\u0644\u0633\u0646\u0627 \u0648\u0627\u0644\u0633\u0627\u0646\u0648\u062a"},"content":{"rendered":"<div data-elementor-type=\"wp-post\" data-elementor-id=\"18586\" class=\"elementor elementor-18586\">\n\t\t\t\t<div class=\"wd-negative-gap elementor-element elementor-element-5096e360 lang-fr e-flex e-con-boxed e-con e-parent\" data-id=\"5096e360\" data-element_type=\"container\">\n\t\t\t\t\t<div class=\"e-con-inner\">\n\t\t\t\t<div class=\"elementor-element elementor-element-5fd2848 color-scheme-inherit text-left elementor-widget elementor-widget-text-editor\" data-id=\"5fd2848\" data-element_type=\"widget\" data-widget_type=\"text-editor.default\">\n\t\t\t\t<div class=\"elementor-widget-container\">\n\t\t\t\t\t\t\t<div style=\"text-align: left\"><span>: Description<\/span><\/div>\n<div>\n<p style=\"text-align: left\"><\/p>\n<p dir=\"rtl\" style=\"text-align: left\"><strong><a href=\"https:\/\/herboridouane.com\/detail-produit.php?id=969\"><span>Le S\u00e9n\u00e9 et le Sanot<\/span><\/a><span>\u00a0pr\u00e9sentent de nombreux bienfaits dont les plus importants sont les suivants :<\/span><\/strong><\/p>\n<p dir=\"rtl\" style=\"text-align: left\"><span>\u2022\u00a0<\/span><a href=\"https:\/\/herboridouane.com\/detail-produit.php?id=969\"><span>Le s\u00e9n\u00e9 et le sanut<\/span><\/a><span>\u00a0aident \u00e0 traiter la constipation car ils sont consid\u00e9r\u00e9s comme le laxatif naturel le meilleur et le plus rapide de tous.<\/span><\/p>\n<p dir=\"rtl\" style=\"text-align: left\"><span>\u2022\u00a0\u00a0\u00a0<\/span><a href=\"https:\/\/herboridouane.com\/detail-produit.php?id=969\"><span>Le s\u00e9n\u00e9 et le sanut<\/span><\/a><span>\u00a0peuvent pr\u00e9parer le syst\u00e8me digestif en vue d&#8217;un examen du c\u00f4lon ou m\u00eame d&#8217;une endoscopie pour examiner le syst\u00e8me digestif. \u2022\u00a0<a href=\"https:\/\/herboridouane.com\/detail-produit.php?id=969\">Le s\u00e9n\u00e9 et le sanut<\/a><\/span>\n<span>agissent \u00e9galement\u00a0pour traiter le psoriasis et certaines autres maladies telles que le c\u00f4lon, en particulier le syndrome du c\u00f4lon irritable, qui provoque beaucoup de douleurs et de courbatures.<\/span><\/p>\n<p dir=\"rtl\" style=\"text-align: left\"><span>\u2022 Il aide \u00e0 perdre du poids et \u00e0 augmenter le niveau de combustion des graisses. Il agit \u00e9galement pour supprimer l&#8217;app\u00e9tit ouvert. Il peut \u00eatre utilis\u00e9 en compl\u00e9ment d&#8217;un r\u00e9gime structur\u00e9 et int\u00e9gr\u00e9 pour perdre l&#8217;exc\u00e8s de poids en peu de temps sans effets secondaires.<\/span><\/p>\n<p dir=\"rtl\" style=\"text-align: left\"><span>\u2022 Il existe plusieurs maladies pour lesquelles\u00a0<\/span><a href=\"https:\/\/herboridouane.com\/detail-produit.php?id=969\"><span>le s\u00e9n\u00e9 et le sanut<\/span><\/a><span>\u00a0ont des fl\u00e8ches dans le traitement, telles que les maladies du foie, la jaunisse, ainsi que l&#8217;hypertrophie et l&#8217;inflammation de la rate, et la malnutrition, qui provoque l&#8217;an\u00e9mie et aide \u00e0 prot\u00e9ger contre la fi\u00e8vre typho\u00efde.<\/span><\/p>\n<p dir=\"rtl\" style=\"text-align: left\"><span>\u2022\u00a0<\/span><a href=\"https:\/\/herboridouane.com\/detail-produit.php?id=969\"><span>Le s\u00e9n\u00e9 et le sanut<\/span><\/a><span>\u00a0\u00a0sont de merveilleux stimulants pour les femmes en phase d&#8217;allaitement car ils stimulent les glandes responsables de la s\u00e9cr\u00e9tion du lait dans les seins de la m\u00e8re.<\/span><\/p>\n<p dir=\"rtl\" style=\"text-align: left\"><span>\u2022 C&#8217;est aussi l&#8217;un des meilleurs diur\u00e9tiques.<\/span><\/p>\n<p dir=\"rtl\" style=\"text-align: left\"><span>\u2022 Dans\u00a0<\/span><a href=\"https:\/\/herboridouane.com\/detail-produit.php?id=969\"><span>le s\u00e9n\u00e9 et le sanut,<\/span><\/a><span>\u00a0\u00a0il r\u00e9gule le cycle menstruel chez la femme et stabilise la p\u00e9riode menstruelle.<\/span><\/p>\n<p dir=\"rtl\" style=\"text-align: left\"><span>\u2022\u00a0\u00a0<\/span><a href=\"https:\/\/herboridouane.com\/detail-produit.php?id=969\"><span>Le s\u00e9n\u00e9 et le sanot<\/span><\/a><span>\u00a0traitent certains probl\u00e8mes du syst\u00e8me digestif, comme les ballonnements, et sont \u00e9galement efficaces pour \u00e9liminer les gaz.<\/span><\/p>\n<p dir=\"rtl\" style=\"text-align: left\"><span>\u2022\u00a0<\/span><a href=\"https:\/\/herboridouane.com\/detail-produit.php?id=969\"><span>Le s\u00e9n\u00e9 et le sanut<\/span><\/a><span>\u00a0sont efficaces pour \u00e9liminer les gonflements du visage et les irritations cutan\u00e9es, telles que les allergies ou l&#8217;ecz\u00e9ma, qui exposent le corps \u00e0 des taches rouges et \u00e0 de fortes d\u00e9mangeaisons.<\/span><\/p>\n<p dir=\"rtl\" style=\"text-align: left\"><span>\u2022\u00a0<\/span><a href=\"https:\/\/herboridouane.com\/detail-produit.php?id=969\"><span>Le s\u00e9n\u00e9 et le sanot<\/span><\/a><span>\u00a0\u00a0sont des analg\u00e9siques naturels contre les maux de t\u00eate et les courbatures g\u00e9n\u00e9rales telles que celles r\u00e9sultant de la fatigue.<\/span><\/p>\n<p dir=\"rtl\" style=\"text-align: left\"><span>\u2022 Il aide le corps \u00e0 se d\u00e9barrasser des toxines et \u00e0 les expulser compl\u00e8tement du corps.<\/span><\/p>\n<p dir=\"rtl\" style=\"text-align: left\"><span>\u2022\u00a0<\/span><a href=\"https:\/\/herboridouane.com\/detail-produit.php?id=969\"><span>Le s\u00e9n\u00e9 et le sanot<\/span><\/a><span>\u00a0\u00a0soulagent les coliques, les maux de ventre et les douleurs du c\u00f4lon.<\/span><\/p>\n\n<\/div>\t\t\t\t\t\t<\/div>\n\t\t\t\t<\/div>\n\t\t\t\t\t<\/div>\n\t\t\t\t<\/div>\n\t\t<div class=\"wd-negative-gap elementor-element elementor-element-51e250d e-flex e-con-boxed e-con e-parent\" data-id=\"51e250d\" data-element_type=\"container\">\n\t\t\t\t\t<div class=\"e-con-inner\">\n\t\t\t\t<div class=\"elementor-element elementor-element-17ab9e4 lang-ar color-scheme-inherit text-left elementor-widget elementor-widget-text-editor\" data-id=\"17ab9e4\" data-element_type=\"widget\" data-widget_type=\"text-editor.default\">\n\t\t\t\t<div class=\"elementor-widget-container\">\n\t\t\t\t\t\t\t<div class=\"col-lg-4\"><div class=\"\"><figure><img decoding=\"async\" class=\"img-responsive alignright\" src=\"https:\/\/herboridouane.com\/upl\/1664739077.png\" alt=\"\" \/><hr class=\"\" \/><div class=\"\"><div class=\"col-lg-12\">\u00a0<\/div><div class=\"col-lg-12\"><div class=\"\">\u00a0<\/div><hr \/><hr \/><\/div><div class=\"col-lg-12\"><a class=\"btn btn-3d btn-green\" href=\"https:\/\/herboridouan.store\/product\/%d8%a7%d9%84%d8%b3%d9%86%d8%a7-%d9%88%d8%a7%d9%84%d8%b3%d8%a7%d9%86%d9%88%d8%aa\/\"><i class=\"et-whatssap\"><\/i>\u0627\u0644\u062a\u0641\u0627\u0635\u064a\u0644<\/a><hr \/><p>\u00a0<\/p><\/div><\/div><\/figure><\/div><\/div><div class=\"col-lg-8\"><div>: \u0627\u0644\u0648\u0635\u0641<\/div><div><p dir=\"rtl\"><strong><a href=\"https:\/\/herboridouane.com\/detail-produit.php?id=969\">\u0627\u0644\u0633\u0646\u0627 \u0648\u0627\u0644\u0633\u0627\u0646\u0648\u062a<\/a>\u00a0\u0644\u062f\u064a\u0647\u0627 \u0627\u0644\u0639\u062f\u064a\u062f \u0645\u0646 \u0627\u0644\u0641\u0648\u0627\u0626\u062f \u0627\u0647\u0645\u0647\u0627 \u0627\u0644\u0622\u062a\u064a:<\/strong><\/p><p dir=\"rtl\">\u2022 \u062a\u0633\u0627\u0639\u062f\u00a0<a href=\"https:\/\/herboridouane.com\/detail-produit.php?id=969\">\u0627\u0644\u0633\u0646\u0627 \u0648\u0627\u0644\u0633\u0627\u0646\u0648\u062a<\/a>\u00a0\u0639\u0644\u064a \u0639\u0644\u0627\u062c \u0627\u0644\u0625\u0645\u0633\u0627\u0643 \u0644\u0627\u0646\u0647 \u064a\u0639\u062a\u0628\u0631 \u0627\u0641\u0636\u0644 \u0645\u0644\u064a\u0646 \u0637\u0628\u064a\u0639\u064a \u0648\u0623\u0633\u0631\u0639\u0647\u0645 \u0639\u0644\u064a \u0627\u0644\u0625\u0637\u0644\u0627\u0642<\/p><p dir=\"rtl\">\u2022 \u064a\u0645\u0643\u0646 \u0644\u0639\u0634\u0628\u0629\u00a0\u00a0<a href=\"https:\/\/herboridouane.com\/detail-produit.php?id=969\">\u0627\u0644\u0633\u0646\u0627 \u0648\u0627\u0644\u0633\u0627\u0646\u0648\u062a<\/a>\u00a0\u0623\u0646 \u062a\u062c\u0647\u0632 \u0627\u0644\u062c\u0647\u0627\u0632 \u0627\u0644\u0647\u0636\u0645\u064a \u0625\u0633\u062a\u0639\u062f\u0627\u062f\u0627 \u0644\u0639\u0645\u0644 \u0641\u062d\u0635 \u0627\u0644\u0642\u0648\u0644\u0648\u0646 \u0623\u0648 \u062d\u062a\u064a \u0639\u0645\u0644 \u0645\u0646\u0638\u0627\u0631 \u0644\u0644\u0643\u0634\u0641 \u0639\u0646 \u0627\u0644\u062c\u0647\u0627\u0632 \u0627\u0644\u0647\u0636\u0645\u064a.<br \/>\u2022 \u062a\u0639\u0645\u0644 \u0643\u0630\u0644\u0643\u00a0<a href=\"https:\/\/herboridouane.com\/detail-produit.php?id=969\">\u0627\u0644\u0633\u0646\u0627 \u0648\u0627\u0644\u0633\u0627\u0646\u0648\u062a<\/a>\u00a0\u0639\u0644\u064a \u0639\u0644\u0627\u062c \u0627\u0644\u0628\u0648\u0627\u0633\u064a\u0629 \u0648\u0628\u0639\u0636 \u0627\u0644\u0623\u0645\u0631\u0627\u0636 \u0627\u0644\u0627\u062e\u0631\u0649 \u0645\u062b\u0644 \u0627\u0644\u0642\u0648\u0644\u0648\u0646 \u0648\u062e\u0627\u0635\u0629 \u0627\u0644\u0639\u0635\u0628\u064a \u0648\u0627\u0644\u0630\u064a \u064a\u062a\u0633\u0628\u0628 \u0641\u064a \u0643\u062a\u064a\u0631 \u0645\u0646 \u0627\u0644\u0622\u0644\u0645 \u0648\u0627\u0644\u0627\u0648\u062c\u0627\u0639.<\/p><p dir=\"rtl\">\u2022 \u064a\u0633\u0627\u0639\u062f \u0639\u0644\u064a \u062e\u0633\u0627\u0631\u0629 \u0627\u0644\u0648\u0632\u0646 \u0648\u0631\u0641\u0639 \u0645\u0633\u062a\u0648\u0649 \u062d\u0631\u0642 \u0627\u0644\u062f\u0647\u0648\u0646 \u0648\u0643\u0630\u0644\u0643 \u064a\u0639\u0645\u0644 \u0639\u0644\u064a \u0643\u0628\u062d \u0627\u0644\u0634\u0647\u064a\u0629 \u0627\u0644\u0645\u0641\u062a\u0648\u062d\u0629\u060c \u064a\u0645\u0643\u0646 \u0627\u0644\u0625\u0639\u062a\u0645\u0627\u062f \u0639\u0644\u064a\u0647 \u0625\u0644\u064a \u062c\u0627\u0646\u0628 \u0646\u0638\u0627\u0645 \u063a\u0630\u0627\u0626\u064a \u0645\u0646\u0638\u0645 \u0648\u0645\u062a\u0643\u0627\u0645\u0644 \u0644\u062e\u0633\u0627\u0631 \u0627\u0644\u0648\u0632\u0646 \u0627\u0644\u0632\u0627\u0626\u062f \u0641\u064a \u0632\u0645\u0646 \u0642\u0635\u064a\u0631 \u0645\u0646 \u062f\u0648\u0646 \u0622\u062b\u0627\u0631 \u062c\u0627\u0646\u0628\u064a\u0629.<\/p><p dir=\"rtl\">\u2022 \u0647\u0646\u0627\u0643 \u0639\u062f\u0629 \u0627\u0645\u0631\u0627\u0636 \u064a\u0645\u0644\u0643\u00a0<a href=\"https:\/\/herboridouane.com\/detail-produit.php?id=969\">\u0627\u0644\u0633\u0646\u0627 \u0648\u0627\u0644\u0633\u0627\u0646\u0648\u062a<\/a>\u00a0\u0627\u0644\u0633\u0647\u0627\u0645 \u0641\u064a \u0639\u0644\u0627\u062c\u0647\u0627 \u0645\u062b\u0644 \u0623\u0645\u0631\u0627\u0636 \u0627\u0644\u0643\u0628\u062f \u0648\u0627\u0644\u064a\u0631\u0642\u0627\u0646 \u0648\u0643\u0630\u0644\u0643 \u062a\u0636\u062e\u0645 \u0648\u0627\u0644\u062a\u0647\u0627\u0628 \u0627\u0644\u0637\u062d\u0627\u0644 \u0648\u0633\u0648\u0621 \u0627\u0644\u062a\u063a\u0630\u064a\u0629 \u0627\u0644\u0630\u064a \u064a\u062a\u0633\u0628\u0628 \u0641\u064a \u0627\u0644\u0625\u0635\u0627\u0628\u0629 \u0628\u0641\u0642\u0631 \u0627\u0644\u062f\u0645\u060c \u0648\u064a\u0633\u0627\u0639\u062f \u0639\u0644\u064a \u0627\u0644\u062d\u0645\u0627\u064a\u0629 \u0645\u0646 \u062d\u0645\u064a \u0627\u0644\u062a\u064a\u0641\u0648\u064a\u062f.<\/p><p dir=\"rtl\">\u2022\u00a0<a href=\"https:\/\/herboridouane.com\/detail-produit.php?id=969\">\u0627\u0644\u0633\u0646\u0627 \u0648\u0627\u0644\u0633\u0627\u0646\u0648\u062a<\/a>\u00a0\u0645\u062f\u0631 \u0631\u0627\u0626\u0639 \u0644\u0644\u0645\u0631\u0623\u0629 \u0641\u064a \u0645\u0631\u062d\u0644\u0629 \u0627\u0644\u0631\u0636\u0627\u0639\u0629 \u0644\u0623\u0646\u0647 \u064a\u0639\u0645\u0644 \u0639\u0644\u064a \u062a\u0646\u0634\u064a\u0637 \u0627\u0644\u063a\u062f\u062f \u0627\u0644\u062e\u0627\u0635\u0629 \u0628\u0625\u0641\u0631\u0627\u0632 \u0627\u0644\u062d\u0644\u064a\u0628 \u0641\u064a \u062b\u062f\u064a \u0627\u0644\u0627\u0645.<\/p><p dir=\"rtl\">\u2022 \u0643\u0630\u0644\u0643 \u064a\u0639\u062f \u0645\u0646 \u0623\u0641\u0636\u0644 \u0627\u0646\u0648\u0627\u062f \u0645\u062f\u0631\u0627\u062a \u0627\u0644\u0628\u0648\u0644.<\/p><p dir=\"rtl\">\u2022 \u0641\u064a\u00a0<a href=\"https:\/\/herboridouane.com\/detail-produit.php?id=969\">\u0627\u0644\u0633\u0646\u0627 \u0648\u0627\u0644\u0633\u0627\u0646\u0648\u062a<\/a>\u00a0\u062a\u0646\u0638\u064a\u0645 \u0627\u0644\u062f\u0648\u0631\u0629 \u0627\u0644\u0634\u0647\u0631\u064a\u0629 \u0644\u062f\u0649 \u0627\u0644\u0645\u0631\u0627\u0629 \u0648\u0625\u0633\u062a\u0642\u0631\u0627\u0631 \u0641\u062a\u0631\u0629 \u0627\u0644\u0637\u0645\u062b.<\/p><p dir=\"rtl\">\u2022\u00a0<a href=\"https:\/\/herboridouane.com\/detail-produit.php?id=969\">\u0627\u0644\u0633\u0646\u0627 \u0648\u0627\u0644\u0633\u0627\u0646\u0648\u062a<\/a>\u00a0\u0639\u0644\u0627\u062c \u0628\u0639\u0636 \u0627\u0644\u0645\u0634\u0627\u0643\u0644 \u0627\u0644\u062a\u064a \u062a\u0648\u0627\u062c\u0647 \u0627\u0644\u062c\u0647\u0627\u0632 \u0627\u0644\u0647\u0636\u0645\u064a \u0645\u062b\u0644 \u0627\u0644\u0627\u0646\u062a\u0641\u0627\u062e\u0627\u062a\u060c \u0648\u0643\u0630\u0644\u0643 \u0641\u0639\u0627\u0644 \u0641\u064a \u0627\u0644\u062a\u062e\u0644\u0635 \u0645\u0646 \u0627\u0644\u063a\u0627\u0632\u0627\u062a..<\/p><p dir=\"rtl\">\u2022\u00a0<a href=\"https:\/\/herboridouane.com\/detail-produit.php?id=969\">\u0627\u0644\u0633\u0646\u0627 \u0648\u0627\u0644\u0633\u0627\u0646\u0648\u062a<\/a>\u00a0\u0641\u0639\u0627\u0644\u064a\u0629 \u0641\u064a \u0627\u0644\u062a\u062e\u0644\u0635 \u0645\u0646 \u062a\u0648\u0631\u0645 \u0627\u0644\u0648\u062c\u0647 \u0648\u062a\u0647\u064a\u062c \u0627\u0644\u062c\u0644\u062f \u0645\u062b\u0644 \u0627\u0644\u0625\u0635\u0627\u0628\u0629 \u0628\u0627\u0644\u062d\u0633\u0627\u0633\u064a\u0629 \u0623\u0648 \u0627\u0644\u0625\u0643\u0632\u064a\u0645\u0627 \u0627\u0644\u062a\u064a \u062a\u0639\u0631\u0636 \u0627\u0644\u062c\u0633\u0645 \u0644\u0644\u0625\u0635\u0627\u0628\u0629 \u0628\u0628\u0642\u0639 \u062d\u0645\u0631\u0627\u0621 \u0648\u062d\u0643\u0629 \u0634\u062f\u064a\u062f\u0629.<\/p><p dir=\"rtl\">\u2022\u00a0<a href=\"https:\/\/herboridouane.com\/detail-produit.php?id=969\">\u0627\u0644\u0633\u0646\u0627 \u0648\u0627\u0644\u0633\u0627\u0646\u0648\u062a<\/a>\u00a0\u0645\u0633\u0643\u0646 \u0637\u0628\u064a\u0639\u064a \u0644\u0644\u0635\u062f\u0627\u0639 \u0648\u0627\u0644\u0623\u0648\u062c\u0627\u0639 \u0627\u0644\u0639\u0627\u0645\u0629 \u0641\u064a \u0627\u0644\u062c\u0633\u0645 \u0643\u0627\u0644\u0646\u0627\u062a\u062c\u0629 \u0639\u0646 \u0627\u0644\u0625\u0631\u0647\u0627\u0642.<\/p><p dir=\"rtl\">\u2022 \u064a\u0633\u0627\u0639\u062f \u0627\u0644\u062c\u0633\u0645 \u0639\u0644\u064a \u0627\u0644\u062a\u062e\u0644\u0635 \u0645\u0646 \u0627\u0644\u0633\u0645\u0648\u0645 \u0648\u062f\u0641\u0639\u0647\u0627 \u062e\u0627\u0631\u062c \u0627\u0644\u062c\u0633\u062f \u062a\u0645\u0627\u0645\u0627.<\/p><p dir=\"rtl\">\u2022\u00a0<a href=\"https:\/\/herboridouane.com\/detail-produit.php?id=969\">\u0627\u0644\u0633\u0646\u0627 \u0648\u0627\u0644\u0633\u0627\u0646\u0648\u062a<\/a>\u00a0\u064a\u0647\u062f\u0623 \u0645\u0646 \u0627\u0644\u0645\u063a\u0635 \u0648\u0627\u0648\u062c\u0627\u0639 \u0627\u0644\u0645\u0639\u062f\u0629 \u0648\u0627\u0644\u0642\u0648\u0644\u0648\u0646.<\/p><\/div><\/div>\t\t\t\t\t\t<\/div>\n\t\t\t\t<\/div>\n\t\t\t\t\t<\/div>\n\t\t\t\t<\/div>\n\t\t\t\t<\/div>","protected":false},"excerpt":{"rendered":"<p>: Description Le S\u00e9n\u00e9 et le Sanot\u00a0pr\u00e9sentent de nombreux bienfaits dont les plus importants sont les suivants : \u2022\u00a0Le s\u00e9n\u00e9<\/p>","protected":false},"featured_media":18593,"comment_status":"open","ping_status":"closed","template":"","meta":[],"product_cat":[20],"product_tag":[],"yoast_head":"<!-- This site is optimized with the Yoast SEO plugin v23.4 - https:\/\/yoast.com\/wordpress\/plugins\/seo\/ -->\n<title>S\u00e9n\u00e9 et sanot \/ \u0627\u0644\u0633\u0646\u0627 \u0648\u0627\u0644\u0633\u0627\u0646\u0648\u062a - AjiShop.ma<\/title>\n<meta name=\"robots\" content=\"index, follow, max-snippet:-1, max-image-preview:large, max-video-preview:-1\" \/>\n<link rel=\"canonical\" href=\"https:\/\/ajishop.ma\/ar\/shop\/sans-categorie\/sene-et-sanot\/\" \/>\n<meta property=\"og:locale\" content=\"ar_AR\" \/>\n<meta property=\"og:type\" content=\"article\" \/>\n<meta property=\"og:title\" content=\"S\u00e9n\u00e9 et sanot \/ \u0627\u0644\u0633\u0646\u0627 \u0648\u0627\u0644\u0633\u0627\u0646\u0648\u062a - AjiShop.ma\" \/>\n<meta property=\"og:description\" content=\": Description Le S\u00e9n\u00e9 et le Sanot\u00a0pr\u00e9sentent de nombreux bienfaits dont les plus importants sont les suivants : \u2022\u00a0Le s\u00e9n\u00e9\" \/>\n<meta property=\"og:url\" content=\"https:\/\/ajishop.ma\/ar\/shop\/sans-categorie\/sene-et-sanot\/\" \/>\n<meta property=\"og:site_name\" content=\"AjiShop.ma\" \/>\n<meta property=\"article:modified_time\" content=\"2026-04-06T22:25:27+00:00\" \/>\n<meta property=\"og:image\" content=\"https:\/\/ajishop.ma\/wp-content\/uploads\/2024\/12\/1664739077.webp\" \/>\n\t<meta property=\"og:image:width\" content=\"600\" \/>\n\t<meta property=\"og:image:height\" content=\"785\" \/>\n\t<meta property=\"og:image:type\" content=\"image\/webp\" \/>\n<meta name=\"twitter:card\" content=\"summary_large_image\" \/>\n<meta name=\"twitter:label1\" content=\"\u0648\u0642\u062a \u0627\u0644\u0642\u0631\u0627\u0621\u0629 \u0627\u0644\u0645\u064f\u0642\u062f\u0651\u0631\" \/>\n\t<meta name=\"twitter:data1\" content=\"4 \u062f\u0642\u0627\u0626\u0642\" \/>\n<script type=\"application\/ld+json\" class=\"yoast-schema-graph\">{\"@context\":\"https:\/\/schema.org\",\"@graph\":[{\"@type\":\"WebPage\",\"@id\":\"https:\/\/ajishop.ma\/shop\/sans-categorie\/sene-et-sanot\/\",\"url\":\"https:\/\/ajishop.ma\/shop\/sans-categorie\/sene-et-sanot\/\",\"name\":\"S\u00e9n\u00e9 et sanot \/ \u0627\u0644\u0633\u0646\u0627 \u0648\u0627\u0644\u0633\u0627\u0646\u0648\u062a - AjiShop.ma\",\"isPartOf\":{\"@id\":\"https:\/\/ajishop.ma\/#website\"},\"primaryImageOfPage\":{\"@id\":\"https:\/\/ajishop.ma\/shop\/sans-categorie\/sene-et-sanot\/#primaryimage\"},\"image\":{\"@id\":\"https:\/\/ajishop.ma\/shop\/sans-categorie\/sene-et-sanot\/#primaryimage\"},\"thumbnailUrl\":\"https:\/\/ajishop.ma\/wp-content\/uploads\/2024\/12\/1664739077.webp\",\"datePublished\":\"2024-12-22T21:59:52+00:00\",\"dateModified\":\"2026-04-06T22:25:27+00:00\",\"breadcrumb\":{\"@id\":\"https:\/\/ajishop.ma\/shop\/sans-categorie\/sene-et-sanot\/#breadcrumb\"},\"inLanguage\":\"ar\",\"potentialAction\":[{\"@type\":\"ReadAction\",\"target\":[\"https:\/\/ajishop.ma\/shop\/sans-categorie\/sene-et-sanot\/\"]}]},{\"@type\":\"ImageObject\",\"inLanguage\":\"ar\",\"@id\":\"https:\/\/ajishop.ma\/shop\/sans-categorie\/sene-et-sanot\/#primaryimage\",\"url\":\"https:\/\/ajishop.ma\/wp-content\/uploads\/2024\/12\/1664739077.webp\",\"contentUrl\":\"https:\/\/ajishop.ma\/wp-content\/uploads\/2024\/12\/1664739077.webp\",\"width\":600,\"height\":785},{\"@type\":\"BreadcrumbList\",\"@id\":\"https:\/\/ajishop.ma\/shop\/sans-categorie\/sene-et-sanot\/#breadcrumb\",\"itemListElement\":[{\"@type\":\"ListItem\",\"position\":1,\"name\":\"Accueil\",\"item\":\"https:\/\/ajishop.ma\/\"},{\"@type\":\"ListItem\",\"position\":2,\"name\":\"Magasin\",\"item\":\"https:\/\/ajishop.ma\/shop\/\"},{\"@type\":\"ListItem\",\"position\":3,\"name\":\"S\u00e9n\u00e9 et sanot \/ \u0627\u0644\u0633\u0646\u0627 \u0648\u0627\u0644\u0633\u0627\u0646\u0648\u062a\"}]},{\"@type\":\"WebSite\",\"@id\":\"https:\/\/ajishop.ma\/#website\",\"url\":\"https:\/\/ajishop.ma\/\",\"name\":\"AjiShop.ma\",\"description\":\"Produits 100% naturels, Pour votre bien \u00eatre...\",\"publisher\":{\"@id\":\"https:\/\/ajishop.ma\/#organization\"},\"potentialAction\":[{\"@type\":\"SearchAction\",\"target\":{\"@type\":\"EntryPoint\",\"urlTemplate\":\"https:\/\/ajishop.ma\/?s={search_term_string}\"},\"query-input\":{\"@type\":\"PropertyValueSpecification\",\"valueRequired\":true,\"valueName\":\"search_term_string\"}}],\"inLanguage\":\"ar\"},{\"@type\":\"Organization\",\"@id\":\"https:\/\/ajishop.ma\/#organization\",\"name\":\"AjiShop.ma\",\"url\":\"https:\/\/ajishop.ma\/\",\"logo\":{\"@type\":\"ImageObject\",\"inLanguage\":\"ar\",\"@id\":\"https:\/\/ajishop.ma\/#\/schema\/logo\/image\/\",\"url\":\"https:\/\/ajishop.ma\/wp-content\/uploads\/2024\/09\/AjiShop.ma-Horizontal-Logo-Green.png\",\"contentUrl\":\"https:\/\/ajishop.ma\/wp-content\/uploads\/2024\/09\/AjiShop.ma-Horizontal-Logo-Green.png\",\"width\":1917,\"height\":276,\"caption\":\"AjiShop.ma\"},\"image\":{\"@id\":\"https:\/\/ajishop.ma\/#\/schema\/logo\/image\/\"}}]}<\/script>\n<!-- \/ Yoast SEO plugin. -->","yoast_head_json":{"title":"S\u00e9n\u00e9 et sanot \/ \u0627\u0644\u0633\u0646\u0627 \u0648\u0627\u0644\u0633\u0627\u0646\u0648\u062a - AjiShop.ma","robots":{"index":"index","follow":"follow","max-snippet":"max-snippet:-1","max-image-preview":"max-image-preview:large","max-video-preview":"max-video-preview:-1"},"canonical":"https:\/\/ajishop.ma\/ar\/shop\/sans-categorie\/sene-et-sanot\/","og_locale":"ar_AR","og_type":"article","og_title":"S\u00e9n\u00e9 et sanot \/ \u0627\u0644\u0633\u0646\u0627 \u0648\u0627\u0644\u0633\u0627\u0646\u0648\u062a - AjiShop.ma","og_description":": Description Le S\u00e9n\u00e9 et le Sanot\u00a0pr\u00e9sentent de nombreux bienfaits dont les plus importants sont les suivants : \u2022\u00a0Le s\u00e9n\u00e9","og_url":"https:\/\/ajishop.ma\/ar\/shop\/sans-categorie\/sene-et-sanot\/","og_site_name":"AjiShop.ma","article_modified_time":"2026-04-06T22:25:27+00:00","og_image":[{"width":600,"height":785,"url":"https:\/\/ajishop.ma\/wp-content\/uploads\/2024\/12\/1664739077.webp","type":"image\/webp"}],"twitter_card":"summary_large_image","twitter_misc":{"\u0648\u0642\u062a \u0627\u0644\u0642\u0631\u0627\u0621\u0629 \u0627\u0644\u0645\u064f\u0642\u062f\u0651\u0631":"4 \u062f\u0642\u0627\u0626\u0642"},"schema":{"@context":"https:\/\/schema.org","@graph":[{"@type":"WebPage","@id":"https:\/\/ajishop.ma\/shop\/sans-categorie\/sene-et-sanot\/","url":"https:\/\/ajishop.ma\/shop\/sans-categorie\/sene-et-sanot\/","name":"S\u00e9n\u00e9 et sanot \/ \u0627\u0644\u0633\u0646\u0627 \u0648\u0627\u0644\u0633\u0627\u0646\u0648\u062a - AjiShop.ma","isPartOf":{"@id":"https:\/\/ajishop.ma\/#website"},"primaryImageOfPage":{"@id":"https:\/\/ajishop.ma\/shop\/sans-categorie\/sene-et-sanot\/#primaryimage"},"image":{"@id":"https:\/\/ajishop.ma\/shop\/sans-categorie\/sene-et-sanot\/#primaryimage"},"thumbnailUrl":"https:\/\/ajishop.ma\/wp-content\/uploads\/2024\/12\/1664739077.webp","datePublished":"2024-12-22T21:59:52+00:00","dateModified":"2026-04-06T22:25:27+00:00","breadcrumb":{"@id":"https:\/\/ajishop.ma\/shop\/sans-categorie\/sene-et-sanot\/#breadcrumb"},"inLanguage":"ar","potentialAction":[{"@type":"ReadAction","target":["https:\/\/ajishop.ma\/shop\/sans-categorie\/sene-et-sanot\/"]}]},{"@type":"ImageObject","inLanguage":"ar","@id":"https:\/\/ajishop.ma\/shop\/sans-categorie\/sene-et-sanot\/#primaryimage","url":"https:\/\/ajishop.ma\/wp-content\/uploads\/2024\/12\/1664739077.webp","contentUrl":"https:\/\/ajishop.ma\/wp-content\/uploads\/2024\/12\/1664739077.webp","width":600,"height":785},{"@type":"BreadcrumbList","@id":"https:\/\/ajishop.ma\/shop\/sans-categorie\/sene-et-sanot\/#breadcrumb","itemListElement":[{"@type":"ListItem","position":1,"name":"Accueil","item":"https:\/\/ajishop.ma\/"},{"@type":"ListItem","position":2,"name":"Magasin","item":"https:\/\/ajishop.ma\/shop\/"},{"@type":"ListItem","position":3,"name":"S\u00e9n\u00e9 et sanot \/ \u0627\u0644\u0633\u0646\u0627 \u0648\u0627\u0644\u0633\u0627\u0646\u0648\u062a"}]},{"@type":"WebSite","@id":"https:\/\/ajishop.ma\/#website","url":"https:\/\/ajishop.ma\/","name":"AjiShop.ma","description":"Produits 100% naturels, Pour votre bien \u00eatre...","publisher":{"@id":"https:\/\/ajishop.ma\/#organization"},"potentialAction":[{"@type":"SearchAction","target":{"@type":"EntryPoint","urlTemplate":"https:\/\/ajishop.ma\/?s={search_term_string}"},"query-input":{"@type":"PropertyValueSpecification","valueRequired":true,"valueName":"search_term_string"}}],"inLanguage":"ar"},{"@type":"Organization","@id":"https:\/\/ajishop.ma\/#organization","name":"AjiShop.ma","url":"https:\/\/ajishop.ma\/","logo":{"@type":"ImageObject","inLanguage":"ar","@id":"https:\/\/ajishop.ma\/#\/schema\/logo\/image\/","url":"https:\/\/ajishop.ma\/wp-content\/uploads\/2024\/09\/AjiShop.ma-Horizontal-Logo-Green.png","contentUrl":"https:\/\/ajishop.ma\/wp-content\/uploads\/2024\/09\/AjiShop.ma-Horizontal-Logo-Green.png","width":1917,"height":276,"caption":"AjiShop.ma"},"image":{"@id":"https:\/\/ajishop.ma\/#\/schema\/logo\/image\/"}}]}},"_links":{"self":[{"href":"https:\/\/ajishop.ma\/ar\/wp-json\/wp\/v2\/product\/18586"}],"collection":[{"href":"https:\/\/ajishop.ma\/ar\/wp-json\/wp\/v2\/product"}],"about":[{"href":"https:\/\/ajishop.ma\/ar\/wp-json\/wp\/v2\/types\/product"}],"replies":[{"embeddable":true,"href":"https:\/\/ajishop.ma\/ar\/wp-json\/wp\/v2\/comments?post=18586"}],"version-history":[{"count":7,"href":"https:\/\/ajishop.ma\/ar\/wp-json\/wp\/v2\/product\/18586\/revisions"}],"predecessor-version":[{"id":18594,"href":"https:\/\/ajishop.ma\/ar\/wp-json\/wp\/v2\/product\/18586\/revisions\/18594"}],"wp:featuredmedia":[{"embeddable":true,"href":"https:\/\/ajishop.ma\/ar\/wp-json\/wp\/v2\/media\/18593"}],"wp:attachment":[{"href":"https:\/\/ajishop.ma\/ar\/wp-json\/wp\/v2\/media?parent=18586"}],"wp:term":[{"taxonomy":"product_cat","embeddable":true,"href":"https:\/\/ajishop.ma\/ar\/wp-json\/wp\/v2\/product_cat?post=18586"},{"taxonomy":"product_tag","embeddable":true,"href":"https:\/\/ajishop.ma\/ar\/wp-json\/wp\/v2\/product_tag?post=18586"}],"curies":[{"name":"wp","href":"https:\/\/api.w.org\/{rel}","templated":true}]}}