{"id":18605,"date":"2024-12-22T23:18:30","date_gmt":"2024-12-22T22:18:30","guid":{"rendered":"https:\/\/ajishop.ma\/?post_type=product&#038;p=18605"},"modified":"2024-12-22T23:18:30","modified_gmt":"2024-12-22T22:18:30","slug":"herbes-darret-%d8%a3%d8%b9%d8%b4%d8%a7%d8%a8-%d8%a7%d9%84%d9%82%d8%a8%d8%b6","status":"publish","type":"product","link":"https:\/\/ajishop.ma\/ar\/shop\/herbes-et-apothicaire\/herbes\/herbes-darret-%d8%a3%d8%b9%d8%b4%d8%a7%d8%a8-%d8%a7%d9%84%d9%82%d8%a8%d8%b6\/","title":{"rendered":"Herbes d&#8217;arr\u00eat \/ \u0623\u0639\u0634\u0627\u0628 \u0627\u0644\u0642\u0628\u0636"},"content":{"rendered":"<p>: Description<\/p>\n<p><b><strong>Arrestation chronique<\/strong><\/b><\/p>\n<p><b><strong>Gaz intestinaux<\/strong><\/b><\/p>\n<p><b><strong>Flatulence<\/strong><\/b><\/p>\n<p><b><strong>Intoxication alimentaire<\/strong><\/b><\/p>\n<p><b><strong>St\u00e9nose intestinale due \u00e0 la constipation<\/strong><\/b><\/p>\n<p><b><strong>Aider \u00e0 perdre du poids<\/strong><\/b><\/p>\n<p>&nbsp;<\/p>\n<p>\u0627\u0644\u0648\u0635\u0641<\/p>\n<p><b><strong>\u0627\u0644\u0642\u0628\u0636 \u0627\u0644\u0645\u0632\u0645\u0646<\/strong><\/b><\/p>\n<p><b><strong>\u063a\u0627\u0632\u0627\u062a \u0627\u0644\u0623\u0645\u0639\u0627\u0621<\/strong><\/b><\/p>\n<p><b><strong>\u0627\u0646\u062a\u0641\u0627\u062e \u0627\u0644\u0628\u0637\u0646<\/strong><\/b><\/p>\n<p><b><strong>\u0627\u0644\u062a\u0633\u0645\u0645\u0627\u062a \u0627\u0644\u063a\u0630\u0627\u0626\u064a\u0629<\/strong><\/b><\/p>\n<p><b><strong>\u0646\u062a\u0648\u0646\u0629 \u0627\u0644\u0623\u0645\u0639\u0627\u0621 \u0628\u0633\u0628\u0628 \u0627\u0644\u0642\u0628\u0636<\/strong><\/b><\/p>\n<p><b><strong>\u0627\u0644\u0645\u0633\u0627\u0639\u062f\u0629 \u0639\u0644\u0649 \u062a\u062e\u0641\u064a\u0636 \u0627\u0644\u0648\u0632\u0646<\/strong><\/b><\/p>","protected":false},"excerpt":{"rendered":"<p>: Description Arrestation chronique Gaz intestinaux Flatulence Intoxication alimentaire St\u00e9nose intestinale due \u00e0 la constipation Aider \u00e0 perdre du poids<\/p>","protected":false},"featured_media":18606,"comment_status":"open","ping_status":"closed","template":"","meta":[],"product_cat":[32,75],"product_tag":[],"yoast_head":"<!-- This site is optimized with the Yoast SEO plugin v23.4 - https:\/\/yoast.com\/wordpress\/plugins\/seo\/ -->\n<title>Herbes d&#039;arr\u00eat \/ \u0623\u0639\u0634\u0627\u0628 \u0627\u0644\u0642\u0628\u0636 - AjiShop.ma<\/title>\n<meta name=\"robots\" content=\"index, follow, max-snippet:-1, max-image-preview:large, max-video-preview:-1\" \/>\n<link rel=\"canonical\" href=\"https:\/\/ajishop.ma\/ar\/shop\/herbes-et-apothicaire\/herbes\/herbes-darret-\u0623\u0639\u0634\u0627\u0628-\u0627\u0644\u0642\u0628\u0636\/\" \/>\n<meta property=\"og:locale\" content=\"ar_AR\" \/>\n<meta property=\"og:type\" content=\"article\" \/>\n<meta property=\"og:title\" content=\"Herbes d&#039;arr\u00eat \/ \u0623\u0639\u0634\u0627\u0628 \u0627\u0644\u0642\u0628\u0636 - AjiShop.ma\" \/>\n<meta property=\"og:description\" content=\": Description Arrestation chronique Gaz intestinaux Flatulence Intoxication alimentaire St\u00e9nose intestinale due \u00e0 la constipation Aider \u00e0 perdre du poids\" \/>\n<meta property=\"og:url\" content=\"https:\/\/ajishop.ma\/ar\/shop\/herbes-et-apothicaire\/herbes\/herbes-darret-\u0623\u0639\u0634\u0627\u0628-\u0627\u0644\u0642\u0628\u0636\/\" \/>\n<meta property=\"og:site_name\" content=\"AjiShop.ma\" \/>\n<meta property=\"og:image\" content=\"https:\/\/ajishop.ma\/wp-content\/uploads\/2024\/12\/1664739269.webp\" \/>\n\t<meta property=\"og:image:width\" content=\"600\" \/>\n\t<meta property=\"og:image:height\" content=\"785\" \/>\n\t<meta property=\"og:image:type\" content=\"image\/webp\" \/>\n<meta name=\"twitter:card\" content=\"summary_large_image\" \/>\n<meta name=\"twitter:label1\" content=\"\u0648\u0642\u062a \u0627\u0644\u0642\u0631\u0627\u0621\u0629 \u0627\u0644\u0645\u064f\u0642\u062f\u0651\u0631\" \/>\n\t<meta name=\"twitter:data1\" content=\"\u062f\u0642\u064a\u0642\u0629 \u0648\u0627\u062d\u062f\u0629\" \/>\n<script type=\"application\/ld+json\" class=\"yoast-schema-graph\">{\"@context\":\"https:\/\/schema.org\",\"@graph\":[{\"@type\":\"WebPage\",\"@id\":\"https:\/\/ajishop.ma\/shop\/herbes-et-apothicaire\/herbes\/herbes-darret-%d8%a3%d8%b9%d8%b4%d8%a7%d8%a8-%d8%a7%d9%84%d9%82%d8%a8%d8%b6\/\",\"url\":\"https:\/\/ajishop.ma\/shop\/herbes-et-apothicaire\/herbes\/herbes-darret-%d8%a3%d8%b9%d8%b4%d8%a7%d8%a8-%d8%a7%d9%84%d9%82%d8%a8%d8%b6\/\",\"name\":\"Herbes d'arr\u00eat \/ \u0623\u0639\u0634\u0627\u0628 \u0627\u0644\u0642\u0628\u0636 - AjiShop.ma\",\"isPartOf\":{\"@id\":\"https:\/\/ajishop.ma\/#website\"},\"primaryImageOfPage\":{\"@id\":\"https:\/\/ajishop.ma\/shop\/herbes-et-apothicaire\/herbes\/herbes-darret-%d8%a3%d8%b9%d8%b4%d8%a7%d8%a8-%d8%a7%d9%84%d9%82%d8%a8%d8%b6\/#primaryimage\"},\"image\":{\"@id\":\"https:\/\/ajishop.ma\/shop\/herbes-et-apothicaire\/herbes\/herbes-darret-%d8%a3%d8%b9%d8%b4%d8%a7%d8%a8-%d8%a7%d9%84%d9%82%d8%a8%d8%b6\/#primaryimage\"},\"thumbnailUrl\":\"https:\/\/ajishop.ma\/wp-content\/uploads\/2024\/12\/1664739269.webp\",\"datePublished\":\"2024-12-22T22:18:30+00:00\",\"dateModified\":\"2024-12-22T22:18:30+00:00\",\"breadcrumb\":{\"@id\":\"https:\/\/ajishop.ma\/shop\/herbes-et-apothicaire\/herbes\/herbes-darret-%d8%a3%d8%b9%d8%b4%d8%a7%d8%a8-%d8%a7%d9%84%d9%82%d8%a8%d8%b6\/#breadcrumb\"},\"inLanguage\":\"ar\",\"potentialAction\":[{\"@type\":\"ReadAction\",\"target\":[\"https:\/\/ajishop.ma\/shop\/herbes-et-apothicaire\/herbes\/herbes-darret-%d8%a3%d8%b9%d8%b4%d8%a7%d8%a8-%d8%a7%d9%84%d9%82%d8%a8%d8%b6\/\"]}]},{\"@type\":\"ImageObject\",\"inLanguage\":\"ar\",\"@id\":\"https:\/\/ajishop.ma\/shop\/herbes-et-apothicaire\/herbes\/herbes-darret-%d8%a3%d8%b9%d8%b4%d8%a7%d8%a8-%d8%a7%d9%84%d9%82%d8%a8%d8%b6\/#primaryimage\",\"url\":\"https:\/\/ajishop.ma\/wp-content\/uploads\/2024\/12\/1664739269.webp\",\"contentUrl\":\"https:\/\/ajishop.ma\/wp-content\/uploads\/2024\/12\/1664739269.webp\",\"width\":600,\"height\":785},{\"@type\":\"BreadcrumbList\",\"@id\":\"https:\/\/ajishop.ma\/shop\/herbes-et-apothicaire\/herbes\/herbes-darret-%d8%a3%d8%b9%d8%b4%d8%a7%d8%a8-%d8%a7%d9%84%d9%82%d8%a8%d8%b6\/#breadcrumb\",\"itemListElement\":[{\"@type\":\"ListItem\",\"position\":1,\"name\":\"Accueil\",\"item\":\"https:\/\/ajishop.ma\/\"},{\"@type\":\"ListItem\",\"position\":2,\"name\":\"Magasin\",\"item\":\"https:\/\/ajishop.ma\/shop\/\"},{\"@type\":\"ListItem\",\"position\":3,\"name\":\"Herbes d&#8217;arr\u00eat \/ \u0623\u0639\u0634\u0627\u0628 \u0627\u0644\u0642\u0628\u0636\"}]},{\"@type\":\"WebSite\",\"@id\":\"https:\/\/ajishop.ma\/#website\",\"url\":\"https:\/\/ajishop.ma\/\",\"name\":\"AjiShop.ma\",\"description\":\"Produits 100% naturels, Pour votre bien \u00eatre...\",\"publisher\":{\"@id\":\"https:\/\/ajishop.ma\/#organization\"},\"potentialAction\":[{\"@type\":\"SearchAction\",\"target\":{\"@type\":\"EntryPoint\",\"urlTemplate\":\"https:\/\/ajishop.ma\/?s={search_term_string}\"},\"query-input\":{\"@type\":\"PropertyValueSpecification\",\"valueRequired\":true,\"valueName\":\"search_term_string\"}}],\"inLanguage\":\"ar\"},{\"@type\":\"Organization\",\"@id\":\"https:\/\/ajishop.ma\/#organization\",\"name\":\"AjiShop.ma\",\"url\":\"https:\/\/ajishop.ma\/\",\"logo\":{\"@type\":\"ImageObject\",\"inLanguage\":\"ar\",\"@id\":\"https:\/\/ajishop.ma\/#\/schema\/logo\/image\/\",\"url\":\"https:\/\/ajishop.ma\/wp-content\/uploads\/2024\/09\/AjiShop.ma-Horizontal-Logo-Green.png\",\"contentUrl\":\"https:\/\/ajishop.ma\/wp-content\/uploads\/2024\/09\/AjiShop.ma-Horizontal-Logo-Green.png\",\"width\":1917,\"height\":276,\"caption\":\"AjiShop.ma\"},\"image\":{\"@id\":\"https:\/\/ajishop.ma\/#\/schema\/logo\/image\/\"}}]}<\/script>\n<!-- \/ Yoast SEO plugin. -->","yoast_head_json":{"title":"Herbes d'arr\u00eat \/ \u0623\u0639\u0634\u0627\u0628 \u0627\u0644\u0642\u0628\u0636 - AjiShop.ma","robots":{"index":"index","follow":"follow","max-snippet":"max-snippet:-1","max-image-preview":"max-image-preview:large","max-video-preview":"max-video-preview:-1"},"canonical":"https:\/\/ajishop.ma\/ar\/shop\/herbes-et-apothicaire\/herbes\/herbes-darret-\u0623\u0639\u0634\u0627\u0628-\u0627\u0644\u0642\u0628\u0636\/","og_locale":"ar_AR","og_type":"article","og_title":"Herbes d'arr\u00eat \/ \u0623\u0639\u0634\u0627\u0628 \u0627\u0644\u0642\u0628\u0636 - AjiShop.ma","og_description":": Description Arrestation chronique Gaz intestinaux Flatulence Intoxication alimentaire St\u00e9nose intestinale due \u00e0 la constipation Aider \u00e0 perdre du poids","og_url":"https:\/\/ajishop.ma\/ar\/shop\/herbes-et-apothicaire\/herbes\/herbes-darret-\u0623\u0639\u0634\u0627\u0628-\u0627\u0644\u0642\u0628\u0636\/","og_site_name":"AjiShop.ma","og_image":[{"width":600,"height":785,"url":"https:\/\/ajishop.ma\/wp-content\/uploads\/2024\/12\/1664739269.webp","type":"image\/webp"}],"twitter_card":"summary_large_image","twitter_misc":{"\u0648\u0642\u062a \u0627\u0644\u0642\u0631\u0627\u0621\u0629 \u0627\u0644\u0645\u064f\u0642\u062f\u0651\u0631":"\u062f\u0642\u064a\u0642\u0629 \u0648\u0627\u062d\u062f\u0629"},"schema":{"@context":"https:\/\/schema.org","@graph":[{"@type":"WebPage","@id":"https:\/\/ajishop.ma\/shop\/herbes-et-apothicaire\/herbes\/herbes-darret-%d8%a3%d8%b9%d8%b4%d8%a7%d8%a8-%d8%a7%d9%84%d9%82%d8%a8%d8%b6\/","url":"https:\/\/ajishop.ma\/shop\/herbes-et-apothicaire\/herbes\/herbes-darret-%d8%a3%d8%b9%d8%b4%d8%a7%d8%a8-%d8%a7%d9%84%d9%82%d8%a8%d8%b6\/","name":"Herbes d'arr\u00eat \/ \u0623\u0639\u0634\u0627\u0628 \u0627\u0644\u0642\u0628\u0636 - AjiShop.ma","isPartOf":{"@id":"https:\/\/ajishop.ma\/#website"},"primaryImageOfPage":{"@id":"https:\/\/ajishop.ma\/shop\/herbes-et-apothicaire\/herbes\/herbes-darret-%d8%a3%d8%b9%d8%b4%d8%a7%d8%a8-%d8%a7%d9%84%d9%82%d8%a8%d8%b6\/#primaryimage"},"image":{"@id":"https:\/\/ajishop.ma\/shop\/herbes-et-apothicaire\/herbes\/herbes-darret-%d8%a3%d8%b9%d8%b4%d8%a7%d8%a8-%d8%a7%d9%84%d9%82%d8%a8%d8%b6\/#primaryimage"},"thumbnailUrl":"https:\/\/ajishop.ma\/wp-content\/uploads\/2024\/12\/1664739269.webp","datePublished":"2024-12-22T22:18:30+00:00","dateModified":"2024-12-22T22:18:30+00:00","breadcrumb":{"@id":"https:\/\/ajishop.ma\/shop\/herbes-et-apothicaire\/herbes\/herbes-darret-%d8%a3%d8%b9%d8%b4%d8%a7%d8%a8-%d8%a7%d9%84%d9%82%d8%a8%d8%b6\/#breadcrumb"},"inLanguage":"ar","potentialAction":[{"@type":"ReadAction","target":["https:\/\/ajishop.ma\/shop\/herbes-et-apothicaire\/herbes\/herbes-darret-%d8%a3%d8%b9%d8%b4%d8%a7%d8%a8-%d8%a7%d9%84%d9%82%d8%a8%d8%b6\/"]}]},{"@type":"ImageObject","inLanguage":"ar","@id":"https:\/\/ajishop.ma\/shop\/herbes-et-apothicaire\/herbes\/herbes-darret-%d8%a3%d8%b9%d8%b4%d8%a7%d8%a8-%d8%a7%d9%84%d9%82%d8%a8%d8%b6\/#primaryimage","url":"https:\/\/ajishop.ma\/wp-content\/uploads\/2024\/12\/1664739269.webp","contentUrl":"https:\/\/ajishop.ma\/wp-content\/uploads\/2024\/12\/1664739269.webp","width":600,"height":785},{"@type":"BreadcrumbList","@id":"https:\/\/ajishop.ma\/shop\/herbes-et-apothicaire\/herbes\/herbes-darret-%d8%a3%d8%b9%d8%b4%d8%a7%d8%a8-%d8%a7%d9%84%d9%82%d8%a8%d8%b6\/#breadcrumb","itemListElement":[{"@type":"ListItem","position":1,"name":"Accueil","item":"https:\/\/ajishop.ma\/"},{"@type":"ListItem","position":2,"name":"Magasin","item":"https:\/\/ajishop.ma\/shop\/"},{"@type":"ListItem","position":3,"name":"Herbes d&#8217;arr\u00eat \/ \u0623\u0639\u0634\u0627\u0628 \u0627\u0644\u0642\u0628\u0636"}]},{"@type":"WebSite","@id":"https:\/\/ajishop.ma\/#website","url":"https:\/\/ajishop.ma\/","name":"AjiShop.ma","description":"Produits 100% naturels, Pour votre bien \u00eatre...","publisher":{"@id":"https:\/\/ajishop.ma\/#organization"},"potentialAction":[{"@type":"SearchAction","target":{"@type":"EntryPoint","urlTemplate":"https:\/\/ajishop.ma\/?s={search_term_string}"},"query-input":{"@type":"PropertyValueSpecification","valueRequired":true,"valueName":"search_term_string"}}],"inLanguage":"ar"},{"@type":"Organization","@id":"https:\/\/ajishop.ma\/#organization","name":"AjiShop.ma","url":"https:\/\/ajishop.ma\/","logo":{"@type":"ImageObject","inLanguage":"ar","@id":"https:\/\/ajishop.ma\/#\/schema\/logo\/image\/","url":"https:\/\/ajishop.ma\/wp-content\/uploads\/2024\/09\/AjiShop.ma-Horizontal-Logo-Green.png","contentUrl":"https:\/\/ajishop.ma\/wp-content\/uploads\/2024\/09\/AjiShop.ma-Horizontal-Logo-Green.png","width":1917,"height":276,"caption":"AjiShop.ma"},"image":{"@id":"https:\/\/ajishop.ma\/#\/schema\/logo\/image\/"}}]}},"_links":{"self":[{"href":"https:\/\/ajishop.ma\/ar\/wp-json\/wp\/v2\/product\/18605"}],"collection":[{"href":"https:\/\/ajishop.ma\/ar\/wp-json\/wp\/v2\/product"}],"about":[{"href":"https:\/\/ajishop.ma\/ar\/wp-json\/wp\/v2\/types\/product"}],"replies":[{"embeddable":true,"href":"https:\/\/ajishop.ma\/ar\/wp-json\/wp\/v2\/comments?post=18605"}],"version-history":[{"count":1,"href":"https:\/\/ajishop.ma\/ar\/wp-json\/wp\/v2\/product\/18605\/revisions"}],"predecessor-version":[{"id":18607,"href":"https:\/\/ajishop.ma\/ar\/wp-json\/wp\/v2\/product\/18605\/revisions\/18607"}],"wp:featuredmedia":[{"embeddable":true,"href":"https:\/\/ajishop.ma\/ar\/wp-json\/wp\/v2\/media\/18606"}],"wp:attachment":[{"href":"https:\/\/ajishop.ma\/ar\/wp-json\/wp\/v2\/media?parent=18605"}],"wp:term":[{"taxonomy":"product_cat","embeddable":true,"href":"https:\/\/ajishop.ma\/ar\/wp-json\/wp\/v2\/product_cat?post=18605"},{"taxonomy":"product_tag","embeddable":true,"href":"https:\/\/ajishop.ma\/ar\/wp-json\/wp\/v2\/product_tag?post=18605"}],"curies":[{"name":"wp","href":"https:\/\/api.w.org\/{rel}","templated":true}]}}