{"id":18643,"date":"2024-12-23T21:55:06","date_gmt":"2024-12-23T20:55:06","guid":{"rendered":"https:\/\/ajishop.ma\/?post_type=product&#038;p=18643"},"modified":"2024-12-23T21:55:06","modified_gmt":"2024-12-23T20:55:06","slug":"huile-de-sidr","status":"publish","type":"product","link":"https:\/\/ajishop.ma\/ar\/shop\/herbes-et-apothicaire\/huiles-naturels\/huile-de-sidr\/","title":{"rendered":"Huile de Sidr \/"},"content":{"rendered":"<div><span>: Description<\/span><\/div>\n<div>\n<p>&nbsp;<\/p>\n<ul>\n<li dir=\"rtl\"><a href=\"https:\/\/herboridouan.store\/product\/%d8%b2%d9%8a%d8%aa-%d8%a7%d9%84%d8%b3%d8%af%d8%b1\/\">L&#8217;huile de Sidr<\/a>\u00a0aide \u00a0\u00a0\u00e0 traiter les troubles de l&#8217;estomac, tels que les br\u00fblures d&#8217;estomac et la constipation, en plus des douleurs s\u00e9v\u00e8res \u00e0 l&#8217;estomac.<\/li>\n<li dir=\"rtl\"><a href=\"https:\/\/herboridouan.store\/product\/%d8%b2%d9%8a%d8%aa-%d8%a7%d9%84%d8%b3%d8%af%d8%b1\/\">L&#8217;huile de Sidr<\/a>\u00a0moulue ou ses feuilles \u00a0traitent \u00a0\u00a0et \u00e9liminent les infections oculaires.<\/li>\n<li dir=\"rtl\"><a href=\"https:\/\/herboridouan.store\/product\/%d8%b2%d9%8a%d8%aa-%d8%a7%d9%84%d8%b3%d8%af%d8%b1\/\">L\u2019huile de Sidr,<\/a>\u00a0lorsqu\u2019elle est introduite dans l\u2019alimentation, contribue \u00e9galement \u00a0\u00a0\u00e0 r\u00e9duire le poids corporel.<\/li>\n<li dir=\"rtl\"><a href=\"https:\/\/herboridouan.store\/product\/%d8%b2%d9%8a%d8%aa-%d8%a7%d9%84%d8%b3%d8%af%d8%b1\/\">L&#8217;huile de Sidr<\/a>\u00a0aide \u00a0\u00a0la peau \u00e0 traiter les allergies, et r\u00e9duit \u00e9galement les irritations qui la touchent, notamment les cas d&#8217;ecz\u00e9ma. Certaines \u00e9tudes ont montr\u00e9 que les feuilles de sidr jouent un r\u00f4le majeur dans le traitement de l&#8217;ecz\u00e9ma et des d\u00e9mangeaisons qui en r\u00e9sultent.<\/li>\n<li dir=\"rtl\"><a href=\"https:\/\/herboridouan.store\/product\/%d8%b2%d9%8a%d8%aa-%d8%a7%d9%84%d8%b3%d8%af%d8%b1\/\">L\u2019huile de Sidr<\/a>\u00a0soulage \u00e9galement \u00a0\u00a0certaines douleurs qui affectent les articulations et les muscles.\u00a0<a href=\"https:\/\/herboridouane.com\/detail-produit.php?id=791\">L\u2019huile de Sidr<\/a>\u00a0est consid\u00e9r\u00e9e comme \u00a0\u00a0un tr\u00e8s bon analg\u00e9sique.<\/li>\n<li dir=\"rtl\"><a href=\"https:\/\/herboridouan.store\/product\/%d8%b2%d9%8a%d8%aa-%d8%a7%d9%84%d8%b3%d8%af%d8%b1\/\">L&#8217;huile de Sidr<\/a>\u00a0\u00a0agit \u00a0\u00a0pour traiter la nervosit\u00e9, en plus de soulager les maux de t\u00eate. Il est en fait utilis\u00e9 comme s\u00e9datif efficace.<\/li>\n<li dir=\"rtl\"><a href=\"https:\/\/herboridouan.store\/product\/%d8%b2%d9%8a%d8%aa-%d8%a7%d9%84%d8%b3%d8%af%d8%b1\/\">L\u2019huile Sidr<\/a>\u00a0moulue \u00a0est utilis\u00e9e \u00a0\u00a0pour traiter les probl\u00e8mes de gencives et soulage \u00e9galement les maux de dents.<\/li>\n<li dir=\"rtl\"><a href=\"https:\/\/herboridouan.store\/product\/%d8%b2%d9%8a%d8%aa-%d8%a7%d9%84%d8%b3%d8%af%d8%b1\/\">L\u2019huile de Sidr<\/a>\u00a0\u00a0r\u00e9duit \u00a0\u00a0les douleurs thoraciques, ainsi que l\u2019asthme et divers autres probl\u00e8mes thoraciques.<\/li>\n<li dir=\"rtl\"><a href=\"https:\/\/herboridouan.store\/product\/%d8%b2%d9%8a%d8%aa-%d8%a7%d9%84%d8%b3%d8%af%d8%b1\/\">\u00a0<\/a><a href=\"https:\/\/herboridouan.store\/product\/%d8%b2%d9%8a%d8%aa-%d8%a7%d9%84%d8%b3%d8%af%d8%b1\/\">L\u2019huile de Sidr<\/a>\u00a0\u00a0agit\u00a0pour traiter l\u2019hypertension art\u00e9rielle, en plus de son efficacit\u00e9 pour stimuler et purifier le sang.<\/li>\n<li dir=\"rtl\"><a href=\"https:\/\/herboridouan.store\/product\/%d8%b2%d9%8a%d8%aa-%d8%a7%d9%84%d8%b3%d8%af%d8%b1\/\">L\u2019huile de Sidr<\/a>\u00a0\u00a0est utilis\u00e9e \u00a0\u00a0pour traiter les plaies, les br\u00fblures cutan\u00e9es et les cicatrices, en plus de sa contribution aux fractures par attelles, comme je l\u2019ai mentionn\u00e9 pr\u00e9c\u00e9demment.<a href=\"https:\/\/herboridouan.store\/product\/%d8%b2%d9%8a%d8%aa-%d8%a7%d9%84%d8%b3%d8%af%d8%b1\/\">L\u2019huile de Sidr<\/a>\u00a0\u00a0aide \u00a0\u00a0\u00e0 expulser et \u00e0 \u00e9liminer la fi\u00e8vre, et aide \u00e9galement \u00e0 traiter la rougeole.<\/li>\n<\/ul>\n<p style=\"text-align: justify\">\n<div style=\"text-align: justify\"><strong>: \u0627\u0644\u0648\u0635\u0641<\/strong><\/div>\n<div>\n<p style=\"text-align: justify\">\n<ul>\n<li dir=\"rtl\" style=\"text-align: justify\"><strong>\u064a\u0633\u0627\u0639\u062f \u00a0<a href=\"https:\/\/herboridouan.store\/product\/%d8%b2%d9%8a%d8%aa-%d8%a7%d9%84%d8%b3%d8%af%d8%b1\/\">\u0632\u064a\u062a \u0627\u0644\u0633\u062f\u0631<\/a>\u00a0\u0641\u064a \u0639\u0644\u0627\u062c \u0627\u0636\u0637\u0631\u0627\u0628\u0627\u062a \u0627\u0644\u0645\u0639\u062f\u0629 \u060c \u0643\u0627\u0644\u062d\u0631\u0642\u0629\u060c \u0648\u0627\u0644\u0625\u0645\u0633\u0627\u0643\u060c \u0647\u0630\u0627 \u0628\u0627\u0644\u0625\u0636\u0627\u0641\u0629 \u0625\u0644\u0649 \u0645\u0627 \u064a\u0635\u064a\u0628 \u0627\u0644\u0645\u0639\u062f\u0629 \u0645\u0646 \u0623\u0648\u062c\u0627\u0639 \u0634\u062f\u064a\u062f\u0629.<\/strong><\/li>\n<li dir=\"rtl\" style=\"text-align: justify\"><strong>\u00a0\u064a\u0639\u0645\u0644 \u00a0<a href=\"https:\/\/herboridouan.store\/product\/%d8%b2%d9%8a%d8%aa-%d8%a7%d9%84%d8%b3%d8%af%d8%b1\/\">\u0632\u064a\u062a \u0627\u0644\u0633\u062f\u0631<\/a>\u00a0\u0627\u0644\u0645\u0637\u062d\u0648\u0646 \u0623\u0648 \u0623\u0648\u0631\u0627\u0642\u0647 \u0639\u0644\u064a \u0639\u0644\u0627\u062c \u0625\u0644\u062a\u0647\u0627\u0628\u0627\u062a \u0627\u0644\u0639\u064a\u0646 \u0648\u0625\u0632\u0627\u0644\u062a\u0647\u0627.<\/strong><\/li>\n<li dir=\"rtl\" style=\"text-align: justify\"><strong>\u0647\u0630\u0627 \u0643\u0645\u0627 \u062a\u0633\u0627\u0639\u062f \u00a0<a href=\"https:\/\/herboridouan.store\/product\/%d8%b2%d9%8a%d8%aa-%d8%a7%d9%84%d8%b3%d8%af%d8%b1\/\">\u0632\u064a\u062a \u0627\u0644\u0633\u062f\u0631<\/a>\u00a0\u0639\u0646\u062f \u0625\u062f\u062e\u0627\u0644\u0647\u0627 \u0641\u064a \u0627\u0644\u0646\u0638\u0627\u0645 \u0627\u0644\u063a\u0630\u0627\u0626\u064a \u0625\u0644\u0649 \u062a\u062e\u0641\u064a\u0636 \u0648\u0632\u0646 \u0627\u0644\u062c\u0633\u0645.<\/strong><\/li>\n<li dir=\"rtl\" style=\"text-align: justify\"><strong>\u062a\u0639\u0645\u0644 \u00a0<a href=\"https:\/\/herboridouan.store\/product\/%d8%b2%d9%8a%d8%aa-%d8%a7%d9%84%d8%b3%d8%af%d8%b1\/\">\u0632\u064a\u062a \u0627\u0644\u0633\u062f\u0631<\/a>\u00a0\u0639\u0644\u0649 \u0645\u0633\u0627\u0639\u062f\u0629 \u0627\u0644\u0628\u0634\u0631\u0629 \u0641\u064a \u0639\u0644\u0627\u062c \u0627\u0644\u062d\u0633\u0627\u0633\u064a\u0629\u060c \u0648\u0627\u0644\u062a\u0642\u0644\u064a\u0644 \u0623\u064a\u0636\u0627 \u0645\u0645\u0627 \u0627\u0644\u062a\u0647\u064a\u062c\u0627\u062a \u0627\u0644\u062a\u064a \u062a\u0635\u064a\u0628\u0647\u0627 \u0648\u062e\u0627\u0635\u0629 \u0627\u0644\u062d\u0627\u0644\u0627\u062a \u0627\u0644\u0645\u0635\u0627\u0628\u0629 \u0628\u0627\u0644\u0623\u0643\u0632\u064a\u0645\u0627\u061b \u062d\u064a\u062b \u0623\u0638\u0647\u0631\u062a \u0628\u0639\u0636 \u0627\u0644\u062f\u0631\u0627\u0633\u0627\u062a \u0623\u0646\u0651 \u0623\u0648\u0631\u0627\u0642 \u0627\u0644\u0633\u062f\u0631 \u0644\u0647\u0627 \u062f\u0648\u0631 \u0643\u0628\u064a\u0631 \u0641\u064a \u0639\u0644\u0627\u062c \u0627\u0644\u0623\u0643\u0632\u064a\u0645\u0627 \u0648\u0645\u0627\u064a\u0646\u062a\u062c \u0639\u0646\u0647\u0627 \u0645\u0646 \u062d\u0643\u0629.<\/strong><\/li>\n<li dir=\"rtl\" style=\"text-align: justify\"><strong>\u0647\u0630\u0627 \u0643\u0645\u0627 \u062a\u062e\u0641\u0641 \u00a0<a href=\"https:\/\/herboridouan.store\/product\/%d8%b2%d9%8a%d8%aa-%d8%a7%d9%84%d8%b3%d8%af%d8%b1\/\">\u0632\u064a\u062a \u0627\u0644\u0633\u062f\u0631<\/a>\u00a0\u0645\u0646 \u0628\u0639\u0636 \u0627\u0644\u0622\u0644\u0627\u0645 \u0627\u0644\u062a\u064a \u062a\u0635\u064a\u0628 \u0627\u0644\u0645\u0641\u0627\u0635\u0644\u060c \u0648\u0627\u0644\u0639\u0636\u0644\u0627\u062a\u061b \u062d\u064a\u062b \u064a\u0639\u062a\u0628\u0631 \u00a0<a href=\"https:\/\/herboridouane.com\/detail-produit.php?id=791\">\u0632\u064a\u062a \u0627\u0644\u0633\u062f\u0631<\/a>\u00a0\u0645\u0633\u0643\u0651\u0646 \u0644\u0644\u0623\u0644\u0645 \u062c\u064a\u062f \u062c\u062f\u0627\u064b.<\/strong><\/li>\n<li dir=\"rtl\" style=\"text-align: justify\"><strong>\u00a0\u062a\u0639\u0645\u0644 \u00a0<a href=\"https:\/\/herboridouan.store\/product\/%d8%b2%d9%8a%d8%aa-%d8%a7%d9%84%d8%b3%d8%af%d8%b1\/\">\u0632\u064a\u062a \u0627\u0644\u0633\u062f\u0631<\/a>\u0631 \u0639\u0644\u064a \u0639\u0644\u0627\u062c \u0627\u0644\u0639\u0635\u0628\u064a\u0651\u0629\u060c \u0647\u0630\u0627 \u0628\u0627\u0644\u0625\u0636\u0627\u0641\u0629 \u0625\u0644\u0649 \u062a\u062e\u0641\u064a\u0641\u0647\u0627 \u0645\u0646 \u0622\u0644\u0627\u0645 \u0627\u0644\u0631\u0623\u0633\u061b \u062d\u064a\u062b \u062a\u0633\u062a\u062e\u062f\u0645 \u0628\u0627\u0644\u0641\u0639\u0644 \u0643\u0645\u0647\u062f\u0626 \u0641\u0639\u0651\u0627\u0644\u064d.<\/strong><\/li>\n<li dir=\"rtl\" style=\"text-align: justify\"><strong>\u00a0\u064a\u0633\u062a\u062e\u062f\u0645 \u00a0<a href=\"https:\/\/herboridouan.store\/product\/%d8%b2%d9%8a%d8%aa-%d8%a7%d9%84%d8%b3%d8%af%d8%b1\/\">\u0632\u064a\u062a \u0627\u0644\u0633\u062f\u0631<\/a>\u00a0\u0627\u0644\u0645\u0637\u062d\u0648\u0646 \u0641\u064a \u0639\u0644\u0627\u062c \u0645\u0634\u0627\u0643\u0644 \u0627\u0644\u0644\u062b\u0629\u060c \u0643\u0645\u0627 \u064a\u062e\u0641\u0641 \u0623\u064a\u0636\u0627 \u0645\u0646 \u0622\u0644\u0627\u0645 \u0627\u0644\u0623\u0633\u0646\u0627\u0646.<\/strong><\/li>\n<li dir=\"rtl\" style=\"text-align: justify\"><strong>\u00a0\u064a\u0642\u0644\u0644 \u00a0<a href=\"https:\/\/herboridouan.store\/product\/%d8%b2%d9%8a%d8%aa-%d8%a7%d9%84%d8%b3%d8%af%d8%b1\/\">\u0632\u064a\u062a \u0627\u0644\u0633\u062f\u0631<\/a>\u00a0\u0645\u0646 \u0622\u0644\u0627\u0645 \u0627\u0644\u062a\u064a \u062a\u0635\u064a\u0628 \u0627\u0644\u0635\u062f\u0631\u060c \u0647\u0630\u0627 \u0628\u0627\u0644\u0625\u0636\u0627\u0641\u0629 \u0625\u0644\u0649 \u0645\u0631\u0636 \u0627\u0644\u0631\u0651\u0628\u0648\u060c \u0648\u0645\u062e\u062a\u0644\u0641 \u0627\u0644\u0645\u0634\u0627\u0643\u0644 \u0627\u0644\u0635\u062f\u0631\u064a\u0651\u0629 \u0627\u0644\u0623\u062e\u0631\u0649.<\/strong><\/li>\n<li dir=\"rtl\" style=\"text-align: justify\"><strong>\u00a0\u062a\u0639\u0645\u0644\u00a0<a href=\"https:\/\/herboridouan.store\/product\/%d8%b2%d9%8a%d8%aa-%d8%a7%d9%84%d8%b3%d8%af%d8%b1\/\">\u00a0<\/a><a href=\"https:\/\/herboridouan.store\/product\/%d8%b2%d9%8a%d8%aa-%d8%a7%d9%84%d8%b3%d8%af%d8%b1\/\">\u0632\u064a\u062a \u0627\u0644\u0633\u062f\u0631<\/a>\u00a0\u0639\u0644\u064a \u0639\u0644\u0627\u062c \u0636\u063a\u0637 \u0627\u0644\u062f\u0645 \u0627\u0644\u0645\u0631\u062a\u0641\u0639\u060c \u0647\u0630\u0627 \u0623\u064a\u0636\u0627 \u0628\u0627\u0644\u0625\u0636\u0627\u0641\u0629 \u0644\u0641\u0639\u0627\u0644\u064a\u062a\u0647\u0627 \u0628\u062a\u0646\u0634\u064a\u0637 \u0627\u0644\u062f\u0645 \u0648\u062a\u0646\u0642\u064a\u062a\u0647.<\/strong><\/li>\n<li dir=\"rtl\" style=\"text-align: justify\"><strong>\u00a0\u064a\u0633\u062a\u062e\u062f\u0645 \u00a0<a href=\"https:\/\/herboridouan.store\/product\/%d8%b2%d9%8a%d8%aa-%d8%a7%d9%84%d8%b3%d8%af%d8%b1\/\">\u0632\u064a\u062a \u0627\u0644\u0633\u062f\u0631<\/a>\u00a0\u0641\u064a \u0639\u0644\u0627\u062c \u0627\u0644\u062c\u0631\u0648\u062d\u060c \u0627\u0644\u062d\u0631\u0648\u0642 \u0628\u0627\u0644\u062c\u0644\u062f\u060c \u0648\u0627\u0644\u0646\u062f\u0648\u0628\u060c \u0647\u0630\u0627 \u0628\u0627\u0644\u0625\u0636\u0627\u0641\u0629 \u0644\u0645\u0633\u0627\u0647\u0645\u062a\u0647 \u0641\u064a \u062a\u062c\u0628\u064a\u0631 \u0627\u0644\u0643\u0633\u0648\u0631 \u0643\u0645\u0627 \u0623\u0634\u0631\u062a \u0633\u0627\u0628\u0642\u0627.<\/strong><\/li>\n<li dir=\"rtl\" style=\"text-align: justify\"><strong>\u00a0\u064a\u0633\u0627\u0639\u062f \u00a0<a href=\"https:\/\/herboridouan.store\/product\/%d8%b2%d9%8a%d8%aa-%d8%a7%d9%84%d8%b3%d8%af%d8%b1\/\">\u0632\u064a\u062a \u0627\u0644\u0633\u062f\u0631<\/a>\u00a0\u0639\u0644\u064a \u0637\u0631\u062f \u0627\u0644\u062d\u0645\u0651\u0649 \u0648\u0627\u0644\u062a\u062e\u0644\u0635 \u0645\u0646\u0647\u0627\u060c \u0643\u0645\u0627 \u064a\u0633\u0627\u0639\u062f \u0623\u064a\u0636\u0627\u064b \u0641\u064a \u0639\u0644\u0627\u062c \u0627\u0644\u062d\u0635\u0628\u0629.<\/strong><\/li>\n<\/ul>\n<\/div>\n<\/div>","protected":false},"excerpt":{"rendered":"<p>: Description &nbsp; L&#8217;huile de Sidr\u00a0aide \u00a0\u00a0\u00e0 traiter les troubles de l&#8217;estomac, tels que les br\u00fblures d&#8217;estomac et la constipation,<\/p>","protected":false},"featured_media":18644,"comment_status":"open","ping_status":"closed","template":"","meta":[],"product_cat":[32,77],"product_tag":[],"yoast_head":"<!-- This site is optimized with the Yoast SEO plugin v23.4 - https:\/\/yoast.com\/wordpress\/plugins\/seo\/ -->\n<title>Huile de Sidr \/ - AjiShop.ma<\/title>\n<meta name=\"robots\" content=\"index, follow, max-snippet:-1, max-image-preview:large, max-video-preview:-1\" \/>\n<link rel=\"canonical\" href=\"https:\/\/ajishop.ma\/ar\/shop\/herbes-et-apothicaire\/huiles-naturels\/huile-de-sidr\/\" \/>\n<meta property=\"og:locale\" content=\"ar_AR\" \/>\n<meta property=\"og:type\" content=\"article\" \/>\n<meta property=\"og:title\" content=\"Huile de Sidr \/ - AjiShop.ma\" \/>\n<meta property=\"og:description\" content=\": Description &nbsp; L&#8217;huile de Sidr\u00a0aide \u00a0\u00a0\u00e0 traiter les troubles de l&#8217;estomac, tels que les br\u00fblures d&#8217;estomac et la constipation,\" \/>\n<meta property=\"og:url\" content=\"https:\/\/ajishop.ma\/ar\/shop\/herbes-et-apothicaire\/huiles-naturels\/huile-de-sidr\/\" \/>\n<meta property=\"og:site_name\" content=\"AjiShop.ma\" \/>\n<meta property=\"og:image\" content=\"https:\/\/ajishop.ma\/wp-content\/uploads\/2024\/12\/1664635633.webp\" \/>\n\t<meta property=\"og:image:width\" content=\"600\" \/>\n\t<meta property=\"og:image:height\" content=\"710\" \/>\n\t<meta property=\"og:image:type\" content=\"image\/webp\" \/>\n<meta name=\"twitter:card\" content=\"summary_large_image\" \/>\n<meta name=\"twitter:label1\" content=\"\u0648\u0642\u062a \u0627\u0644\u0642\u0631\u0627\u0621\u0629 \u0627\u0644\u0645\u064f\u0642\u062f\u0651\u0631\" \/>\n\t<meta name=\"twitter:data1\" content=\"3 \u062f\u0642\u0627\u0626\u0642\" \/>\n<script type=\"application\/ld+json\" class=\"yoast-schema-graph\">{\"@context\":\"https:\/\/schema.org\",\"@graph\":[{\"@type\":\"WebPage\",\"@id\":\"https:\/\/ajishop.ma\/shop\/herbes-et-apothicaire\/huiles-naturels\/huile-de-sidr\/\",\"url\":\"https:\/\/ajishop.ma\/shop\/herbes-et-apothicaire\/huiles-naturels\/huile-de-sidr\/\",\"name\":\"Huile de Sidr \/ - AjiShop.ma\",\"isPartOf\":{\"@id\":\"https:\/\/ajishop.ma\/#website\"},\"primaryImageOfPage\":{\"@id\":\"https:\/\/ajishop.ma\/shop\/herbes-et-apothicaire\/huiles-naturels\/huile-de-sidr\/#primaryimage\"},\"image\":{\"@id\":\"https:\/\/ajishop.ma\/shop\/herbes-et-apothicaire\/huiles-naturels\/huile-de-sidr\/#primaryimage\"},\"thumbnailUrl\":\"https:\/\/ajishop.ma\/wp-content\/uploads\/2024\/12\/1664635633.webp\",\"datePublished\":\"2024-12-23T20:55:06+00:00\",\"dateModified\":\"2024-12-23T20:55:06+00:00\",\"breadcrumb\":{\"@id\":\"https:\/\/ajishop.ma\/shop\/herbes-et-apothicaire\/huiles-naturels\/huile-de-sidr\/#breadcrumb\"},\"inLanguage\":\"ar\",\"potentialAction\":[{\"@type\":\"ReadAction\",\"target\":[\"https:\/\/ajishop.ma\/shop\/herbes-et-apothicaire\/huiles-naturels\/huile-de-sidr\/\"]}]},{\"@type\":\"ImageObject\",\"inLanguage\":\"ar\",\"@id\":\"https:\/\/ajishop.ma\/shop\/herbes-et-apothicaire\/huiles-naturels\/huile-de-sidr\/#primaryimage\",\"url\":\"https:\/\/ajishop.ma\/wp-content\/uploads\/2024\/12\/1664635633.webp\",\"contentUrl\":\"https:\/\/ajishop.ma\/wp-content\/uploads\/2024\/12\/1664635633.webp\",\"width\":600,\"height\":710},{\"@type\":\"BreadcrumbList\",\"@id\":\"https:\/\/ajishop.ma\/shop\/herbes-et-apothicaire\/huiles-naturels\/huile-de-sidr\/#breadcrumb\",\"itemListElement\":[{\"@type\":\"ListItem\",\"position\":1,\"name\":\"Accueil\",\"item\":\"https:\/\/ajishop.ma\/\"},{\"@type\":\"ListItem\",\"position\":2,\"name\":\"Magasin\",\"item\":\"https:\/\/ajishop.ma\/shop\/\"},{\"@type\":\"ListItem\",\"position\":3,\"name\":\"Huile de Sidr \/\"}]},{\"@type\":\"WebSite\",\"@id\":\"https:\/\/ajishop.ma\/#website\",\"url\":\"https:\/\/ajishop.ma\/\",\"name\":\"AjiShop.ma\",\"description\":\"Produits 100% naturels, Pour votre bien \u00eatre...\",\"publisher\":{\"@id\":\"https:\/\/ajishop.ma\/#organization\"},\"potentialAction\":[{\"@type\":\"SearchAction\",\"target\":{\"@type\":\"EntryPoint\",\"urlTemplate\":\"https:\/\/ajishop.ma\/?s={search_term_string}\"},\"query-input\":{\"@type\":\"PropertyValueSpecification\",\"valueRequired\":true,\"valueName\":\"search_term_string\"}}],\"inLanguage\":\"ar\"},{\"@type\":\"Organization\",\"@id\":\"https:\/\/ajishop.ma\/#organization\",\"name\":\"AjiShop.ma\",\"url\":\"https:\/\/ajishop.ma\/\",\"logo\":{\"@type\":\"ImageObject\",\"inLanguage\":\"ar\",\"@id\":\"https:\/\/ajishop.ma\/#\/schema\/logo\/image\/\",\"url\":\"https:\/\/ajishop.ma\/wp-content\/uploads\/2024\/09\/AjiShop.ma-Horizontal-Logo-Green.png\",\"contentUrl\":\"https:\/\/ajishop.ma\/wp-content\/uploads\/2024\/09\/AjiShop.ma-Horizontal-Logo-Green.png\",\"width\":1917,\"height\":276,\"caption\":\"AjiShop.ma\"},\"image\":{\"@id\":\"https:\/\/ajishop.ma\/#\/schema\/logo\/image\/\"}}]}<\/script>\n<!-- \/ Yoast SEO plugin. -->","yoast_head_json":{"title":"Huile de Sidr \/ - AjiShop.ma","robots":{"index":"index","follow":"follow","max-snippet":"max-snippet:-1","max-image-preview":"max-image-preview:large","max-video-preview":"max-video-preview:-1"},"canonical":"https:\/\/ajishop.ma\/ar\/shop\/herbes-et-apothicaire\/huiles-naturels\/huile-de-sidr\/","og_locale":"ar_AR","og_type":"article","og_title":"Huile de Sidr \/ - AjiShop.ma","og_description":": Description &nbsp; L&#8217;huile de Sidr\u00a0aide \u00a0\u00a0\u00e0 traiter les troubles de l&#8217;estomac, tels que les br\u00fblures d&#8217;estomac et la constipation,","og_url":"https:\/\/ajishop.ma\/ar\/shop\/herbes-et-apothicaire\/huiles-naturels\/huile-de-sidr\/","og_site_name":"AjiShop.ma","og_image":[{"width":600,"height":710,"url":"https:\/\/ajishop.ma\/wp-content\/uploads\/2024\/12\/1664635633.webp","type":"image\/webp"}],"twitter_card":"summary_large_image","twitter_misc":{"\u0648\u0642\u062a \u0627\u0644\u0642\u0631\u0627\u0621\u0629 \u0627\u0644\u0645\u064f\u0642\u062f\u0651\u0631":"3 \u062f\u0642\u0627\u0626\u0642"},"schema":{"@context":"https:\/\/schema.org","@graph":[{"@type":"WebPage","@id":"https:\/\/ajishop.ma\/shop\/herbes-et-apothicaire\/huiles-naturels\/huile-de-sidr\/","url":"https:\/\/ajishop.ma\/shop\/herbes-et-apothicaire\/huiles-naturels\/huile-de-sidr\/","name":"Huile de Sidr \/ - AjiShop.ma","isPartOf":{"@id":"https:\/\/ajishop.ma\/#website"},"primaryImageOfPage":{"@id":"https:\/\/ajishop.ma\/shop\/herbes-et-apothicaire\/huiles-naturels\/huile-de-sidr\/#primaryimage"},"image":{"@id":"https:\/\/ajishop.ma\/shop\/herbes-et-apothicaire\/huiles-naturels\/huile-de-sidr\/#primaryimage"},"thumbnailUrl":"https:\/\/ajishop.ma\/wp-content\/uploads\/2024\/12\/1664635633.webp","datePublished":"2024-12-23T20:55:06+00:00","dateModified":"2024-12-23T20:55:06+00:00","breadcrumb":{"@id":"https:\/\/ajishop.ma\/shop\/herbes-et-apothicaire\/huiles-naturels\/huile-de-sidr\/#breadcrumb"},"inLanguage":"ar","potentialAction":[{"@type":"ReadAction","target":["https:\/\/ajishop.ma\/shop\/herbes-et-apothicaire\/huiles-naturels\/huile-de-sidr\/"]}]},{"@type":"ImageObject","inLanguage":"ar","@id":"https:\/\/ajishop.ma\/shop\/herbes-et-apothicaire\/huiles-naturels\/huile-de-sidr\/#primaryimage","url":"https:\/\/ajishop.ma\/wp-content\/uploads\/2024\/12\/1664635633.webp","contentUrl":"https:\/\/ajishop.ma\/wp-content\/uploads\/2024\/12\/1664635633.webp","width":600,"height":710},{"@type":"BreadcrumbList","@id":"https:\/\/ajishop.ma\/shop\/herbes-et-apothicaire\/huiles-naturels\/huile-de-sidr\/#breadcrumb","itemListElement":[{"@type":"ListItem","position":1,"name":"Accueil","item":"https:\/\/ajishop.ma\/"},{"@type":"ListItem","position":2,"name":"Magasin","item":"https:\/\/ajishop.ma\/shop\/"},{"@type":"ListItem","position":3,"name":"Huile de Sidr \/"}]},{"@type":"WebSite","@id":"https:\/\/ajishop.ma\/#website","url":"https:\/\/ajishop.ma\/","name":"AjiShop.ma","description":"Produits 100% naturels, Pour votre bien \u00eatre...","publisher":{"@id":"https:\/\/ajishop.ma\/#organization"},"potentialAction":[{"@type":"SearchAction","target":{"@type":"EntryPoint","urlTemplate":"https:\/\/ajishop.ma\/?s={search_term_string}"},"query-input":{"@type":"PropertyValueSpecification","valueRequired":true,"valueName":"search_term_string"}}],"inLanguage":"ar"},{"@type":"Organization","@id":"https:\/\/ajishop.ma\/#organization","name":"AjiShop.ma","url":"https:\/\/ajishop.ma\/","logo":{"@type":"ImageObject","inLanguage":"ar","@id":"https:\/\/ajishop.ma\/#\/schema\/logo\/image\/","url":"https:\/\/ajishop.ma\/wp-content\/uploads\/2024\/09\/AjiShop.ma-Horizontal-Logo-Green.png","contentUrl":"https:\/\/ajishop.ma\/wp-content\/uploads\/2024\/09\/AjiShop.ma-Horizontal-Logo-Green.png","width":1917,"height":276,"caption":"AjiShop.ma"},"image":{"@id":"https:\/\/ajishop.ma\/#\/schema\/logo\/image\/"}}]}},"_links":{"self":[{"href":"https:\/\/ajishop.ma\/ar\/wp-json\/wp\/v2\/product\/18643"}],"collection":[{"href":"https:\/\/ajishop.ma\/ar\/wp-json\/wp\/v2\/product"}],"about":[{"href":"https:\/\/ajishop.ma\/ar\/wp-json\/wp\/v2\/types\/product"}],"replies":[{"embeddable":true,"href":"https:\/\/ajishop.ma\/ar\/wp-json\/wp\/v2\/comments?post=18643"}],"version-history":[{"count":1,"href":"https:\/\/ajishop.ma\/ar\/wp-json\/wp\/v2\/product\/18643\/revisions"}],"predecessor-version":[{"id":18645,"href":"https:\/\/ajishop.ma\/ar\/wp-json\/wp\/v2\/product\/18643\/revisions\/18645"}],"wp:featuredmedia":[{"embeddable":true,"href":"https:\/\/ajishop.ma\/ar\/wp-json\/wp\/v2\/media\/18644"}],"wp:attachment":[{"href":"https:\/\/ajishop.ma\/ar\/wp-json\/wp\/v2\/media?parent=18643"}],"wp:term":[{"taxonomy":"product_cat","embeddable":true,"href":"https:\/\/ajishop.ma\/ar\/wp-json\/wp\/v2\/product_cat?post=18643"},{"taxonomy":"product_tag","embeddable":true,"href":"https:\/\/ajishop.ma\/ar\/wp-json\/wp\/v2\/product_tag?post=18643"}],"curies":[{"name":"wp","href":"https:\/\/api.w.org\/{rel}","templated":true}]}}