{"id":18676,"date":"2024-12-29T23:38:13","date_gmt":"2024-12-29T22:38:13","guid":{"rendered":"https:\/\/ajishop.ma\/?post_type=product&#038;p=18676"},"modified":"2024-12-29T23:38:13","modified_gmt":"2024-12-29T22:38:13","slug":"huile-de-poux","status":"publish","type":"product","link":"https:\/\/ajishop.ma\/ar\/shop\/produits-de-beaute\/soins-des-mains-des-pieds-et-du-corps\/huile-de-poux\/","title":{"rendered":"Huile de poux \/ \u0632\u064a\u062a \u0627\u0644\u0642\u0645\u0644"},"content":{"rendered":"<p style=\"text-align: center\"><span style=\"font-size: 18pt\">Il est particuli\u00e8rement adapt\u00e9 aux cheveux longs ou boucl\u00e9s qui sont infest\u00e9s de beaucoup de poux et de lentes.\u00a0<\/span><\/p>\n<p style=\"text-align: center\">\n<div style=\"text-align: center\"><span style=\"font-size: 18pt\">Antifongique et anti-d\u00e9mangeaisons\u00a0<\/span><\/div>\n<div style=\"text-align: center\"><span style=\"font-size: 18pt\">Renouvelle les cellules et pr\u00e9vient la chute des cheveux<\/span><\/div>\n<p>&nbsp;<\/p>\n<p style=\"text-align: center\"><span style=\"font-size: 18pt\"><strong>\u0625\u0646\u0647\u0627 \u0645\u0646\u0627\u0633\u0628\u0629 \u062e\u0627\u0635\u0629 \u0644\u0644\u0634\u0639\u0631 \u0627\u0644\u0637\u0648\u064a\u0644 \u0623\u0648 \u0627\u0644\u0645\u062c\u0639\u062f \u0648\u0627\u0644\u0645\u0635\u0627\u0628 \u0628\u0643\u062b\u0631\u0629 \u0627\u0644\u0642\u0645\u0644 \u0648\u0627\u0644\u0635\u0626\u0628\u0627\u0646\u00a0<\/strong><\/span><\/p>\n<p style=\"text-align: center\">\n<div style=\"text-align: center\"><span style=\"font-size: 18pt\"><strong>\u0645\u0636\u0627\u062f\u0629 \u0644\u0644\u0641\u0637\u0631\u064a\u0627\u062a \u0648 \u0627\u0644\u062d\u0643\u0629\u00a0<\/strong><\/span><\/div>\n<div style=\"text-align: center\"><span style=\"font-size: 18pt\"><strong>\u062a\u062c\u062f\u062f \u0627\u0644\u062e\u0644\u0627\u064a\u0627 \u0648\u062a\u0645\u0646\u0639 \u062a\u0633\u0627\u0642\u0637 \u0627\u0644\u0634\u0639\u0631<\/strong><\/span><\/div>","protected":false},"excerpt":{"rendered":"<p>Il est particuli\u00e8rement adapt\u00e9 aux cheveux longs ou boucl\u00e9s qui sont infest\u00e9s de beaucoup de poux et de lentes.\u00a0 Antifongique<\/p>","protected":false},"featured_media":18677,"comment_status":"open","ping_status":"closed","template":"","meta":[],"product_cat":[32,75,77,42,80],"product_tag":[],"yoast_head":"<!-- This site is optimized with the Yoast SEO plugin v23.4 - https:\/\/yoast.com\/wordpress\/plugins\/seo\/ -->\n<title>Huile de poux \/ \u0632\u064a\u062a \u0627\u0644\u0642\u0645\u0644 - AjiShop.ma<\/title>\n<meta name=\"robots\" content=\"index, follow, max-snippet:-1, max-image-preview:large, max-video-preview:-1\" \/>\n<link rel=\"canonical\" href=\"https:\/\/ajishop.ma\/ar\/shop\/produits-de-beaute\/soins-des-mains-des-pieds-et-du-corps\/huile-de-poux\/\" \/>\n<meta property=\"og:locale\" content=\"ar_AR\" \/>\n<meta property=\"og:type\" content=\"article\" \/>\n<meta property=\"og:title\" content=\"Huile de poux \/ \u0632\u064a\u062a \u0627\u0644\u0642\u0645\u0644 - AjiShop.ma\" \/>\n<meta property=\"og:description\" content=\"Il est particuli\u00e8rement adapt\u00e9 aux cheveux longs ou boucl\u00e9s qui sont infest\u00e9s de beaucoup de poux et de lentes.\u00a0 Antifongique\" \/>\n<meta property=\"og:url\" content=\"https:\/\/ajishop.ma\/ar\/shop\/produits-de-beaute\/soins-des-mains-des-pieds-et-du-corps\/huile-de-poux\/\" \/>\n<meta property=\"og:site_name\" content=\"AjiShop.ma\" \/>\n<meta property=\"og:image\" content=\"https:\/\/ajishop.ma\/wp-content\/uploads\/2024\/12\/1664633771.webp\" \/>\n\t<meta property=\"og:image:width\" content=\"382\" \/>\n\t<meta property=\"og:image:height\" content=\"605\" \/>\n\t<meta property=\"og:image:type\" content=\"image\/webp\" \/>\n<meta name=\"twitter:card\" content=\"summary_large_image\" \/>\n<meta name=\"twitter:label1\" content=\"\u0648\u0642\u062a \u0627\u0644\u0642\u0631\u0627\u0621\u0629 \u0627\u0644\u0645\u064f\u0642\u062f\u0651\u0631\" \/>\n\t<meta name=\"twitter:data1\" content=\"\u062f\u0642\u064a\u0642\u0629 \u0648\u0627\u062d\u062f\u0629\" \/>\n<script type=\"application\/ld+json\" class=\"yoast-schema-graph\">{\"@context\":\"https:\/\/schema.org\",\"@graph\":[{\"@type\":\"WebPage\",\"@id\":\"https:\/\/ajishop.ma\/shop\/produits-de-beaute\/soins-des-mains-des-pieds-et-du-corps\/huile-de-poux\/\",\"url\":\"https:\/\/ajishop.ma\/shop\/produits-de-beaute\/soins-des-mains-des-pieds-et-du-corps\/huile-de-poux\/\",\"name\":\"Huile de poux \/ \u0632\u064a\u062a \u0627\u0644\u0642\u0645\u0644 - AjiShop.ma\",\"isPartOf\":{\"@id\":\"https:\/\/ajishop.ma\/#website\"},\"primaryImageOfPage\":{\"@id\":\"https:\/\/ajishop.ma\/shop\/produits-de-beaute\/soins-des-mains-des-pieds-et-du-corps\/huile-de-poux\/#primaryimage\"},\"image\":{\"@id\":\"https:\/\/ajishop.ma\/shop\/produits-de-beaute\/soins-des-mains-des-pieds-et-du-corps\/huile-de-poux\/#primaryimage\"},\"thumbnailUrl\":\"https:\/\/ajishop.ma\/wp-content\/uploads\/2024\/12\/1664633771.webp\",\"datePublished\":\"2024-12-29T22:38:13+00:00\",\"dateModified\":\"2024-12-29T22:38:13+00:00\",\"breadcrumb\":{\"@id\":\"https:\/\/ajishop.ma\/shop\/produits-de-beaute\/soins-des-mains-des-pieds-et-du-corps\/huile-de-poux\/#breadcrumb\"},\"inLanguage\":\"ar\",\"potentialAction\":[{\"@type\":\"ReadAction\",\"target\":[\"https:\/\/ajishop.ma\/shop\/produits-de-beaute\/soins-des-mains-des-pieds-et-du-corps\/huile-de-poux\/\"]}]},{\"@type\":\"ImageObject\",\"inLanguage\":\"ar\",\"@id\":\"https:\/\/ajishop.ma\/shop\/produits-de-beaute\/soins-des-mains-des-pieds-et-du-corps\/huile-de-poux\/#primaryimage\",\"url\":\"https:\/\/ajishop.ma\/wp-content\/uploads\/2024\/12\/1664633771.webp\",\"contentUrl\":\"https:\/\/ajishop.ma\/wp-content\/uploads\/2024\/12\/1664633771.webp\",\"width\":382,\"height\":605},{\"@type\":\"BreadcrumbList\",\"@id\":\"https:\/\/ajishop.ma\/shop\/produits-de-beaute\/soins-des-mains-des-pieds-et-du-corps\/huile-de-poux\/#breadcrumb\",\"itemListElement\":[{\"@type\":\"ListItem\",\"position\":1,\"name\":\"Accueil\",\"item\":\"https:\/\/ajishop.ma\/\"},{\"@type\":\"ListItem\",\"position\":2,\"name\":\"Magasin\",\"item\":\"https:\/\/ajishop.ma\/shop\/\"},{\"@type\":\"ListItem\",\"position\":3,\"name\":\"Huile de poux \/ \u0632\u064a\u062a \u0627\u0644\u0642\u0645\u0644\"}]},{\"@type\":\"WebSite\",\"@id\":\"https:\/\/ajishop.ma\/#website\",\"url\":\"https:\/\/ajishop.ma\/\",\"name\":\"AjiShop.ma\",\"description\":\"Produits 100% naturels, Pour votre bien \u00eatre...\",\"publisher\":{\"@id\":\"https:\/\/ajishop.ma\/#organization\"},\"potentialAction\":[{\"@type\":\"SearchAction\",\"target\":{\"@type\":\"EntryPoint\",\"urlTemplate\":\"https:\/\/ajishop.ma\/?s={search_term_string}\"},\"query-input\":{\"@type\":\"PropertyValueSpecification\",\"valueRequired\":true,\"valueName\":\"search_term_string\"}}],\"inLanguage\":\"ar\"},{\"@type\":\"Organization\",\"@id\":\"https:\/\/ajishop.ma\/#organization\",\"name\":\"AjiShop.ma\",\"url\":\"https:\/\/ajishop.ma\/\",\"logo\":{\"@type\":\"ImageObject\",\"inLanguage\":\"ar\",\"@id\":\"https:\/\/ajishop.ma\/#\/schema\/logo\/image\/\",\"url\":\"https:\/\/ajishop.ma\/wp-content\/uploads\/2024\/09\/AjiShop.ma-Horizontal-Logo-Green.png\",\"contentUrl\":\"https:\/\/ajishop.ma\/wp-content\/uploads\/2024\/09\/AjiShop.ma-Horizontal-Logo-Green.png\",\"width\":1917,\"height\":276,\"caption\":\"AjiShop.ma\"},\"image\":{\"@id\":\"https:\/\/ajishop.ma\/#\/schema\/logo\/image\/\"}}]}<\/script>\n<!-- \/ Yoast SEO plugin. -->","yoast_head_json":{"title":"Huile de poux \/ \u0632\u064a\u062a \u0627\u0644\u0642\u0645\u0644 - AjiShop.ma","robots":{"index":"index","follow":"follow","max-snippet":"max-snippet:-1","max-image-preview":"max-image-preview:large","max-video-preview":"max-video-preview:-1"},"canonical":"https:\/\/ajishop.ma\/ar\/shop\/produits-de-beaute\/soins-des-mains-des-pieds-et-du-corps\/huile-de-poux\/","og_locale":"ar_AR","og_type":"article","og_title":"Huile de poux \/ \u0632\u064a\u062a \u0627\u0644\u0642\u0645\u0644 - AjiShop.ma","og_description":"Il est particuli\u00e8rement adapt\u00e9 aux cheveux longs ou boucl\u00e9s qui sont infest\u00e9s de beaucoup de poux et de lentes.\u00a0 Antifongique","og_url":"https:\/\/ajishop.ma\/ar\/shop\/produits-de-beaute\/soins-des-mains-des-pieds-et-du-corps\/huile-de-poux\/","og_site_name":"AjiShop.ma","og_image":[{"width":382,"height":605,"url":"https:\/\/ajishop.ma\/wp-content\/uploads\/2024\/12\/1664633771.webp","type":"image\/webp"}],"twitter_card":"summary_large_image","twitter_misc":{"\u0648\u0642\u062a \u0627\u0644\u0642\u0631\u0627\u0621\u0629 \u0627\u0644\u0645\u064f\u0642\u062f\u0651\u0631":"\u062f\u0642\u064a\u0642\u0629 \u0648\u0627\u062d\u062f\u0629"},"schema":{"@context":"https:\/\/schema.org","@graph":[{"@type":"WebPage","@id":"https:\/\/ajishop.ma\/shop\/produits-de-beaute\/soins-des-mains-des-pieds-et-du-corps\/huile-de-poux\/","url":"https:\/\/ajishop.ma\/shop\/produits-de-beaute\/soins-des-mains-des-pieds-et-du-corps\/huile-de-poux\/","name":"Huile de poux \/ \u0632\u064a\u062a \u0627\u0644\u0642\u0645\u0644 - AjiShop.ma","isPartOf":{"@id":"https:\/\/ajishop.ma\/#website"},"primaryImageOfPage":{"@id":"https:\/\/ajishop.ma\/shop\/produits-de-beaute\/soins-des-mains-des-pieds-et-du-corps\/huile-de-poux\/#primaryimage"},"image":{"@id":"https:\/\/ajishop.ma\/shop\/produits-de-beaute\/soins-des-mains-des-pieds-et-du-corps\/huile-de-poux\/#primaryimage"},"thumbnailUrl":"https:\/\/ajishop.ma\/wp-content\/uploads\/2024\/12\/1664633771.webp","datePublished":"2024-12-29T22:38:13+00:00","dateModified":"2024-12-29T22:38:13+00:00","breadcrumb":{"@id":"https:\/\/ajishop.ma\/shop\/produits-de-beaute\/soins-des-mains-des-pieds-et-du-corps\/huile-de-poux\/#breadcrumb"},"inLanguage":"ar","potentialAction":[{"@type":"ReadAction","target":["https:\/\/ajishop.ma\/shop\/produits-de-beaute\/soins-des-mains-des-pieds-et-du-corps\/huile-de-poux\/"]}]},{"@type":"ImageObject","inLanguage":"ar","@id":"https:\/\/ajishop.ma\/shop\/produits-de-beaute\/soins-des-mains-des-pieds-et-du-corps\/huile-de-poux\/#primaryimage","url":"https:\/\/ajishop.ma\/wp-content\/uploads\/2024\/12\/1664633771.webp","contentUrl":"https:\/\/ajishop.ma\/wp-content\/uploads\/2024\/12\/1664633771.webp","width":382,"height":605},{"@type":"BreadcrumbList","@id":"https:\/\/ajishop.ma\/shop\/produits-de-beaute\/soins-des-mains-des-pieds-et-du-corps\/huile-de-poux\/#breadcrumb","itemListElement":[{"@type":"ListItem","position":1,"name":"Accueil","item":"https:\/\/ajishop.ma\/"},{"@type":"ListItem","position":2,"name":"Magasin","item":"https:\/\/ajishop.ma\/shop\/"},{"@type":"ListItem","position":3,"name":"Huile de poux \/ \u0632\u064a\u062a \u0627\u0644\u0642\u0645\u0644"}]},{"@type":"WebSite","@id":"https:\/\/ajishop.ma\/#website","url":"https:\/\/ajishop.ma\/","name":"AjiShop.ma","description":"Produits 100% naturels, Pour votre bien \u00eatre...","publisher":{"@id":"https:\/\/ajishop.ma\/#organization"},"potentialAction":[{"@type":"SearchAction","target":{"@type":"EntryPoint","urlTemplate":"https:\/\/ajishop.ma\/?s={search_term_string}"},"query-input":{"@type":"PropertyValueSpecification","valueRequired":true,"valueName":"search_term_string"}}],"inLanguage":"ar"},{"@type":"Organization","@id":"https:\/\/ajishop.ma\/#organization","name":"AjiShop.ma","url":"https:\/\/ajishop.ma\/","logo":{"@type":"ImageObject","inLanguage":"ar","@id":"https:\/\/ajishop.ma\/#\/schema\/logo\/image\/","url":"https:\/\/ajishop.ma\/wp-content\/uploads\/2024\/09\/AjiShop.ma-Horizontal-Logo-Green.png","contentUrl":"https:\/\/ajishop.ma\/wp-content\/uploads\/2024\/09\/AjiShop.ma-Horizontal-Logo-Green.png","width":1917,"height":276,"caption":"AjiShop.ma"},"image":{"@id":"https:\/\/ajishop.ma\/#\/schema\/logo\/image\/"}}]}},"_links":{"self":[{"href":"https:\/\/ajishop.ma\/ar\/wp-json\/wp\/v2\/product\/18676"}],"collection":[{"href":"https:\/\/ajishop.ma\/ar\/wp-json\/wp\/v2\/product"}],"about":[{"href":"https:\/\/ajishop.ma\/ar\/wp-json\/wp\/v2\/types\/product"}],"replies":[{"embeddable":true,"href":"https:\/\/ajishop.ma\/ar\/wp-json\/wp\/v2\/comments?post=18676"}],"version-history":[{"count":1,"href":"https:\/\/ajishop.ma\/ar\/wp-json\/wp\/v2\/product\/18676\/revisions"}],"predecessor-version":[{"id":18678,"href":"https:\/\/ajishop.ma\/ar\/wp-json\/wp\/v2\/product\/18676\/revisions\/18678"}],"wp:featuredmedia":[{"embeddable":true,"href":"https:\/\/ajishop.ma\/ar\/wp-json\/wp\/v2\/media\/18677"}],"wp:attachment":[{"href":"https:\/\/ajishop.ma\/ar\/wp-json\/wp\/v2\/media?parent=18676"}],"wp:term":[{"taxonomy":"product_cat","embeddable":true,"href":"https:\/\/ajishop.ma\/ar\/wp-json\/wp\/v2\/product_cat?post=18676"},{"taxonomy":"product_tag","embeddable":true,"href":"https:\/\/ajishop.ma\/ar\/wp-json\/wp\/v2\/product_tag?post=18676"}],"curies":[{"name":"wp","href":"https:\/\/api.w.org\/{rel}","templated":true}]}}