{"id":18684,"date":"2025-01-02T23:56:48","date_gmt":"2025-01-02T22:56:48","guid":{"rendered":"https:\/\/ajishop.ma\/?post_type=product&#038;p=18684"},"modified":"2025-08-02T00:55:26","modified_gmt":"2025-08-01T23:55:26","slug":"racines-de-safed-musli","status":"publish","type":"product","link":"https:\/\/ajishop.ma\/ar\/shop\/herbes-et-apothicaire\/herbes\/racines-de-safed-musli\/","title":{"rendered":"Racines de Safed Musli \/ \u062c\u0630\u0648\u0631 \u0635\u0641\u062f \u0627\u0644\u0645\u0648\u0635\u0644\u064a"},"content":{"rendered":"<p><strong>Racines de Safed Musli &#8211; \u062c\u0630\u0648\u0631 \u0627\u0644\u0635\u0641\u062f \u0627\u0644\u0645\u0648\u0635\u0644\u064a<\/strong><\/p>\n<p>Les\u00a0<strong>racines de Safed Musli<\/strong>\u00a0sont largement reconnues pour leur efficacit\u00e9 dans le traitement des troubles sexuels masculins. Commun\u00e9ment appel\u00e9es la &#8220;Viagra indienne&#8221; dans certains pays, elles agissent comme un stimulant naturel, renforcent les muscles et aident \u00e0 traiter l&#8217;\u00e9jaculation pr\u00e9coce ainsi que d&#8217;autres probl\u00e8mes sexuels.<\/p>\n<h4><strong>Bienfaits des racines de Safed Musli :<\/strong><\/h4>\n<ul>\n<li>Am\u00e9lioration des performances sexuelles.<\/li>\n<li>Aide \u00e0 la perte de poids.<\/li>\n<li>Traitement des troubles sexuels masculins.<\/li>\n<li>Soulagement des inflammations articulaires.<\/li>\n<li>Renforcement musculaire.<\/li>\n<li>Traitement des inflammations.<\/li>\n<li>Aide contre la d\u00e9pression.<\/li>\n<\/ul>\n<h4><strong>Suggestions d&#8217;utilisation :<\/strong><\/h4>\n<p>M\u00e9langez\u00a0<strong>100g de racines de Safed Musli moulues<\/strong>\u00a0avec\u00a0<strong>500g de miel de daghmous<\/strong>\u00a0ou de\u00a0<strong>miel de romarin<\/strong>. Prenez une cuill\u00e8re \u00e0 soupe de ce m\u00e9lange avant les rapports pour de meilleurs r\u00e9sultats.<\/p>\n<p class=\"ql-align-justify\" style=\"text-align: right\">\u0627\u0644\u0635\u0641\u062f \u0627\u0644\u0645\u0648\u0635\u0644\u064a \u0645\u0646 \u0623\u0643\u062b\u0631 \u0627\u0644\u0623\u0646\u0648\u0627\u0639 \u0627\u0644\u062a\u064a \u062a\u0634\u062a\u0647\u0631 \u0628\u0639\u0644\u0627\u062c \u0627\u0644\u0627\u0636\u0637\u0631\u0627\u0628\u0627\u062a \u0627\u0644\u062c\u0646\u0633\u064a\u0629 \u0627\u0644\u0645\u062e\u062a\u0644\u0641\u0629 \u0639\u0646\u062f \u0627\u0644\u0631\u062c\u0627\u0644 \u0648\u064a\u0637\u0644\u0642 \u0639\u0644\u064a\u0647\u0627 \u0641\u064a \u0628\u0639\u0636 \u0627\u0644\u062f\u0648\u0644 \u0623\u0633\u0645 &#8220;\u0627\u0644\u0641\u064a\u0627\u062c\u0631\u0627 \u0627\u0644\u0647\u0646\u062f\u064a\u0629&#8221; \u062d\u064a\u062b \u062a\u0639\u0645\u0644 \u0643\u0645\u0646\u0634\u0637 \u062c\u0646\u0633\u064a \u0648\u0645\u0642\u0648\u0649 \u0644\u0644\u0639\u0636\u0644\u0627\u062a\u060c \u0643\u0645\u0627 \u0627\u0646\u0647\u0627 \u062a\u0639\u0627\u0644\u062c \u0633\u0631\u0639\u0629 \u0627\u0644\u0642\u0630\u0641 \u0639\u0646\u062f \u0627\u0644\u0631\u062c\u0627\u0644 \u0648\u0627\u0644\u0645\u0634\u0643\u0644\u0627\u062a \u0627\u0644\u062c\u0646\u0633\u064a\u0629 \u0627\u0644\u0623\u062e\u0631\u0649.<\/p>\n<p class=\"ql-align-justify\" style=\"text-align: right\"><strong>:\u0641\u0648\u0627\u0626\u062f \u0635\u0641\u062f \u0627\u0644\u0645\u0648\u0635\u0644\u064a<\/strong><\/p>\n<p style=\"text-align: right\">:\u064a\u0648\u062c\u062f \u0627\u0644\u0639\u062f\u064a\u062f \u0645\u0646 \u0641\u0648\u0627\u0626\u062f \u0635\u0641\u062f \u0627\u0644\u0645\u0648\u0635\u0644\u064a \u0648\u0644\u0643\u0646\u0646\u0627 \u0633\u0646\u0643\u062a\u0641\u0649 \u0628\u0623\u0647\u0645 \u0627\u0644\u0641\u0648\u0627\u0626\u062f \u0648\u0627\u0644\u0623\u0643\u062b\u0631 \u0627\u0646\u062a\u0634\u0627\u0631\u0627<\/p>\n<p style=\"text-align: right\">\u062a\u062d\u0633\u064a\u0646 \u0627\u0644\u0623\u062f\u0627\u0621 \u0627\u0644\u062c\u0646\u0633\u064a &#8211;<br \/>\n\u0625\u0646\u0642\u0627\u0635 \u0627\u0644\u0648\u0632\u0646 &#8211;<br \/>\n\u0639\u0644\u0627\u062c \u0627\u0644\u0636\u0639\u0641 \u0627\u0644\u062c\u0646\u0633\u064a \u0644\u062f\u0649 \u0627\u0644\u0631\u062c\u0627\u0644 &#8211;<br \/>\n\u0639\u0644\u0627\u062c \u0627\u0644\u062a\u0647\u0627\u0628 \u0627\u0644\u0645\u0641\u0627\u0635\u0644 &#8211;<br \/>\n\u062a\u0642\u0648\u064a\u0629 \u0627\u0644\u0639\u0636\u0644\u0627\u062a &#8211;<br \/>\n\u0639\u0644\u0627\u062c \u0627\u0644\u0627\u0644\u062a\u0647\u0627\u0628\u0627\u062a\u00a0&#8211;<br \/>\n\u0627\u0644\u0627\u0643\u062a\u0626\u0627\u0628 &#8211;<\/p>\n<h3 class=\"ql-align-right\" style=\"text-align: right\"><strong>:<\/strong>\u0625\u0642\u062a\u0631\u0627\u062d\u0627\u062a \u0627\u0644\u0625\u0633\u062a\u062e\u062f\u0627\u0645<\/h3>\n<p style=\"text-align: right\">100 \u063a\u0631\u0627\u0645 \u0645\u0646 \u062c\u0630\u0648\u0631 \u0635\u0641\u062f \u0627\u0644\u0645\u0648\u0635\u0644\u064a \u0627\u0644\u0645\u0637\u062d\u0648\u0646 \u062a\u062e\u0644\u0637 \u0645\u0639 \u0646\u0635\u0641 \u0643\u064a\u0644\u0648 \u0645\u0646\u00a0\u0639\u0633\u0644 \u0627\u0644\u062f\u063a\u0645\u0648\u0633\u00a0\u0623\u0648\u00a0\u0639\u0633\u0644 \u0625\u0643\u0644\u064a\u0644 \u0627\u0644\u062c\u0628\u0644\u00a0\u0648\u0645\u0644\u0639\u0642\u0647 \u0643\u0628\u064a\u0631\u0647 \u0645\u0646\u0647 .<\/p>","protected":false},"excerpt":{"rendered":"<p>Racines de Safed Musli &#8211; \u062c\u0630\u0648\u0631 \u0627\u0644\u0635\u0641\u062f \u0627\u0644\u0645\u0648\u0635\u0644\u064a Les\u00a0racines de Safed Musli\u00a0sont largement reconnues pour leur efficacit\u00e9 dans le traitement<\/p>","protected":false},"featured_media":18688,"comment_status":"open","ping_status":"closed","template":"","meta":[],"product_cat":[32,75],"product_tag":[],"yoast_head":"<!-- This site is optimized with the Yoast SEO plugin v23.4 - https:\/\/yoast.com\/wordpress\/plugins\/seo\/ -->\n<title>Racines de Safed Musli \/ \u062c\u0630\u0648\u0631 \u0635\u0641\u062f \u0627\u0644\u0645\u0648\u0635\u0644\u064a - AjiShop.ma<\/title>\n<meta name=\"robots\" content=\"index, follow, max-snippet:-1, max-image-preview:large, max-video-preview:-1\" \/>\n<link rel=\"canonical\" href=\"https:\/\/ajishop.ma\/ar\/shop\/herbes-et-apothicaire\/herbes\/racines-de-safed-musli\/\" \/>\n<meta property=\"og:locale\" content=\"ar_AR\" \/>\n<meta property=\"og:type\" content=\"article\" \/>\n<meta property=\"og:title\" content=\"Racines de Safed Musli \/ \u062c\u0630\u0648\u0631 \u0635\u0641\u062f \u0627\u0644\u0645\u0648\u0635\u0644\u064a - AjiShop.ma\" \/>\n<meta property=\"og:description\" content=\"Racines de Safed Musli &#8211; \u062c\u0630\u0648\u0631 \u0627\u0644\u0635\u0641\u062f \u0627\u0644\u0645\u0648\u0635\u0644\u064a Les\u00a0racines de Safed Musli\u00a0sont largement reconnues pour leur efficacit\u00e9 dans le traitement\" \/>\n<meta property=\"og:url\" content=\"https:\/\/ajishop.ma\/ar\/shop\/herbes-et-apothicaire\/herbes\/racines-de-safed-musli\/\" \/>\n<meta property=\"og:site_name\" content=\"AjiShop.ma\" \/>\n<meta property=\"article:modified_time\" content=\"2025-08-01T23:55:26+00:00\" \/>\n<meta property=\"og:image\" content=\"https:\/\/ajishop.ma\/wp-content\/uploads\/2025\/01\/safe-musli.webp\" \/>\n\t<meta property=\"og:image:width\" content=\"600\" \/>\n\t<meta property=\"og:image:height\" content=\"600\" \/>\n\t<meta property=\"og:image:type\" content=\"image\/webp\" \/>\n<meta name=\"twitter:card\" content=\"summary_large_image\" \/>\n<meta name=\"twitter:label1\" content=\"\u0648\u0642\u062a \u0627\u0644\u0642\u0631\u0627\u0621\u0629 \u0627\u0644\u0645\u064f\u0642\u062f\u0651\u0631\" \/>\n\t<meta name=\"twitter:data1\" content=\"\u062f\u0642\u064a\u0642\u062a\u0627\u0646\" \/>\n<script type=\"application\/ld+json\" class=\"yoast-schema-graph\">{\"@context\":\"https:\/\/schema.org\",\"@graph\":[{\"@type\":\"WebPage\",\"@id\":\"https:\/\/ajishop.ma\/shop\/herbes-et-apothicaire\/herbes\/racines-de-safed-musli\/\",\"url\":\"https:\/\/ajishop.ma\/shop\/herbes-et-apothicaire\/herbes\/racines-de-safed-musli\/\",\"name\":\"Racines de Safed Musli \/ \u062c\u0630\u0648\u0631 \u0635\u0641\u062f \u0627\u0644\u0645\u0648\u0635\u0644\u064a - AjiShop.ma\",\"isPartOf\":{\"@id\":\"https:\/\/ajishop.ma\/#website\"},\"primaryImageOfPage\":{\"@id\":\"https:\/\/ajishop.ma\/shop\/herbes-et-apothicaire\/herbes\/racines-de-safed-musli\/#primaryimage\"},\"image\":{\"@id\":\"https:\/\/ajishop.ma\/shop\/herbes-et-apothicaire\/herbes\/racines-de-safed-musli\/#primaryimage\"},\"thumbnailUrl\":\"https:\/\/ajishop.ma\/wp-content\/uploads\/2025\/01\/safe-musli.webp\",\"datePublished\":\"2025-01-02T22:56:48+00:00\",\"dateModified\":\"2025-08-01T23:55:26+00:00\",\"breadcrumb\":{\"@id\":\"https:\/\/ajishop.ma\/shop\/herbes-et-apothicaire\/herbes\/racines-de-safed-musli\/#breadcrumb\"},\"inLanguage\":\"ar\",\"potentialAction\":[{\"@type\":\"ReadAction\",\"target\":[\"https:\/\/ajishop.ma\/shop\/herbes-et-apothicaire\/herbes\/racines-de-safed-musli\/\"]}]},{\"@type\":\"ImageObject\",\"inLanguage\":\"ar\",\"@id\":\"https:\/\/ajishop.ma\/shop\/herbes-et-apothicaire\/herbes\/racines-de-safed-musli\/#primaryimage\",\"url\":\"https:\/\/ajishop.ma\/wp-content\/uploads\/2025\/01\/safe-musli.webp\",\"contentUrl\":\"https:\/\/ajishop.ma\/wp-content\/uploads\/2025\/01\/safe-musli.webp\",\"width\":600,\"height\":600},{\"@type\":\"BreadcrumbList\",\"@id\":\"https:\/\/ajishop.ma\/shop\/herbes-et-apothicaire\/herbes\/racines-de-safed-musli\/#breadcrumb\",\"itemListElement\":[{\"@type\":\"ListItem\",\"position\":1,\"name\":\"Accueil\",\"item\":\"https:\/\/ajishop.ma\/\"},{\"@type\":\"ListItem\",\"position\":2,\"name\":\"Magasin\",\"item\":\"https:\/\/ajishop.ma\/shop\/\"},{\"@type\":\"ListItem\",\"position\":3,\"name\":\"Racines de Safed Musli \/ \u062c\u0630\u0648\u0631 \u0635\u0641\u062f \u0627\u0644\u0645\u0648\u0635\u0644\u064a\"}]},{\"@type\":\"WebSite\",\"@id\":\"https:\/\/ajishop.ma\/#website\",\"url\":\"https:\/\/ajishop.ma\/\",\"name\":\"AjiShop.ma\",\"description\":\"Produits 100% naturels, Pour votre bien \u00eatre...\",\"publisher\":{\"@id\":\"https:\/\/ajishop.ma\/#organization\"},\"potentialAction\":[{\"@type\":\"SearchAction\",\"target\":{\"@type\":\"EntryPoint\",\"urlTemplate\":\"https:\/\/ajishop.ma\/?s={search_term_string}\"},\"query-input\":{\"@type\":\"PropertyValueSpecification\",\"valueRequired\":true,\"valueName\":\"search_term_string\"}}],\"inLanguage\":\"ar\"},{\"@type\":\"Organization\",\"@id\":\"https:\/\/ajishop.ma\/#organization\",\"name\":\"AjiShop.ma\",\"url\":\"https:\/\/ajishop.ma\/\",\"logo\":{\"@type\":\"ImageObject\",\"inLanguage\":\"ar\",\"@id\":\"https:\/\/ajishop.ma\/#\/schema\/logo\/image\/\",\"url\":\"https:\/\/ajishop.ma\/wp-content\/uploads\/2024\/09\/AjiShop.ma-Horizontal-Logo-Green.png\",\"contentUrl\":\"https:\/\/ajishop.ma\/wp-content\/uploads\/2024\/09\/AjiShop.ma-Horizontal-Logo-Green.png\",\"width\":1917,\"height\":276,\"caption\":\"AjiShop.ma\"},\"image\":{\"@id\":\"https:\/\/ajishop.ma\/#\/schema\/logo\/image\/\"}}]}<\/script>\n<!-- \/ Yoast SEO plugin. -->","yoast_head_json":{"title":"Racines de Safed Musli \/ \u062c\u0630\u0648\u0631 \u0635\u0641\u062f \u0627\u0644\u0645\u0648\u0635\u0644\u064a - AjiShop.ma","robots":{"index":"index","follow":"follow","max-snippet":"max-snippet:-1","max-image-preview":"max-image-preview:large","max-video-preview":"max-video-preview:-1"},"canonical":"https:\/\/ajishop.ma\/ar\/shop\/herbes-et-apothicaire\/herbes\/racines-de-safed-musli\/","og_locale":"ar_AR","og_type":"article","og_title":"Racines de Safed Musli \/ \u062c\u0630\u0648\u0631 \u0635\u0641\u062f \u0627\u0644\u0645\u0648\u0635\u0644\u064a - AjiShop.ma","og_description":"Racines de Safed Musli &#8211; \u062c\u0630\u0648\u0631 \u0627\u0644\u0635\u0641\u062f \u0627\u0644\u0645\u0648\u0635\u0644\u064a Les\u00a0racines de Safed Musli\u00a0sont largement reconnues pour leur efficacit\u00e9 dans le traitement","og_url":"https:\/\/ajishop.ma\/ar\/shop\/herbes-et-apothicaire\/herbes\/racines-de-safed-musli\/","og_site_name":"AjiShop.ma","article_modified_time":"2025-08-01T23:55:26+00:00","og_image":[{"width":600,"height":600,"url":"https:\/\/ajishop.ma\/wp-content\/uploads\/2025\/01\/safe-musli.webp","type":"image\/webp"}],"twitter_card":"summary_large_image","twitter_misc":{"\u0648\u0642\u062a \u0627\u0644\u0642\u0631\u0627\u0621\u0629 \u0627\u0644\u0645\u064f\u0642\u062f\u0651\u0631":"\u062f\u0642\u064a\u0642\u062a\u0627\u0646"},"schema":{"@context":"https:\/\/schema.org","@graph":[{"@type":"WebPage","@id":"https:\/\/ajishop.ma\/shop\/herbes-et-apothicaire\/herbes\/racines-de-safed-musli\/","url":"https:\/\/ajishop.ma\/shop\/herbes-et-apothicaire\/herbes\/racines-de-safed-musli\/","name":"Racines de Safed Musli \/ \u062c\u0630\u0648\u0631 \u0635\u0641\u062f \u0627\u0644\u0645\u0648\u0635\u0644\u064a - AjiShop.ma","isPartOf":{"@id":"https:\/\/ajishop.ma\/#website"},"primaryImageOfPage":{"@id":"https:\/\/ajishop.ma\/shop\/herbes-et-apothicaire\/herbes\/racines-de-safed-musli\/#primaryimage"},"image":{"@id":"https:\/\/ajishop.ma\/shop\/herbes-et-apothicaire\/herbes\/racines-de-safed-musli\/#primaryimage"},"thumbnailUrl":"https:\/\/ajishop.ma\/wp-content\/uploads\/2025\/01\/safe-musli.webp","datePublished":"2025-01-02T22:56:48+00:00","dateModified":"2025-08-01T23:55:26+00:00","breadcrumb":{"@id":"https:\/\/ajishop.ma\/shop\/herbes-et-apothicaire\/herbes\/racines-de-safed-musli\/#breadcrumb"},"inLanguage":"ar","potentialAction":[{"@type":"ReadAction","target":["https:\/\/ajishop.ma\/shop\/herbes-et-apothicaire\/herbes\/racines-de-safed-musli\/"]}]},{"@type":"ImageObject","inLanguage":"ar","@id":"https:\/\/ajishop.ma\/shop\/herbes-et-apothicaire\/herbes\/racines-de-safed-musli\/#primaryimage","url":"https:\/\/ajishop.ma\/wp-content\/uploads\/2025\/01\/safe-musli.webp","contentUrl":"https:\/\/ajishop.ma\/wp-content\/uploads\/2025\/01\/safe-musli.webp","width":600,"height":600},{"@type":"BreadcrumbList","@id":"https:\/\/ajishop.ma\/shop\/herbes-et-apothicaire\/herbes\/racines-de-safed-musli\/#breadcrumb","itemListElement":[{"@type":"ListItem","position":1,"name":"Accueil","item":"https:\/\/ajishop.ma\/"},{"@type":"ListItem","position":2,"name":"Magasin","item":"https:\/\/ajishop.ma\/shop\/"},{"@type":"ListItem","position":3,"name":"Racines de Safed Musli \/ \u062c\u0630\u0648\u0631 \u0635\u0641\u062f \u0627\u0644\u0645\u0648\u0635\u0644\u064a"}]},{"@type":"WebSite","@id":"https:\/\/ajishop.ma\/#website","url":"https:\/\/ajishop.ma\/","name":"AjiShop.ma","description":"Produits 100% naturels, Pour votre bien \u00eatre...","publisher":{"@id":"https:\/\/ajishop.ma\/#organization"},"potentialAction":[{"@type":"SearchAction","target":{"@type":"EntryPoint","urlTemplate":"https:\/\/ajishop.ma\/?s={search_term_string}"},"query-input":{"@type":"PropertyValueSpecification","valueRequired":true,"valueName":"search_term_string"}}],"inLanguage":"ar"},{"@type":"Organization","@id":"https:\/\/ajishop.ma\/#organization","name":"AjiShop.ma","url":"https:\/\/ajishop.ma\/","logo":{"@type":"ImageObject","inLanguage":"ar","@id":"https:\/\/ajishop.ma\/#\/schema\/logo\/image\/","url":"https:\/\/ajishop.ma\/wp-content\/uploads\/2024\/09\/AjiShop.ma-Horizontal-Logo-Green.png","contentUrl":"https:\/\/ajishop.ma\/wp-content\/uploads\/2024\/09\/AjiShop.ma-Horizontal-Logo-Green.png","width":1917,"height":276,"caption":"AjiShop.ma"},"image":{"@id":"https:\/\/ajishop.ma\/#\/schema\/logo\/image\/"}}]}},"_links":{"self":[{"href":"https:\/\/ajishop.ma\/ar\/wp-json\/wp\/v2\/product\/18684"}],"collection":[{"href":"https:\/\/ajishop.ma\/ar\/wp-json\/wp\/v2\/product"}],"about":[{"href":"https:\/\/ajishop.ma\/ar\/wp-json\/wp\/v2\/types\/product"}],"replies":[{"embeddable":true,"href":"https:\/\/ajishop.ma\/ar\/wp-json\/wp\/v2\/comments?post=18684"}],"version-history":[{"count":2,"href":"https:\/\/ajishop.ma\/ar\/wp-json\/wp\/v2\/product\/18684\/revisions"}],"predecessor-version":[{"id":18860,"href":"https:\/\/ajishop.ma\/ar\/wp-json\/wp\/v2\/product\/18684\/revisions\/18860"}],"wp:featuredmedia":[{"embeddable":true,"href":"https:\/\/ajishop.ma\/ar\/wp-json\/wp\/v2\/media\/18688"}],"wp:attachment":[{"href":"https:\/\/ajishop.ma\/ar\/wp-json\/wp\/v2\/media?parent=18684"}],"wp:term":[{"taxonomy":"product_cat","embeddable":true,"href":"https:\/\/ajishop.ma\/ar\/wp-json\/wp\/v2\/product_cat?post=18684"},{"taxonomy":"product_tag","embeddable":true,"href":"https:\/\/ajishop.ma\/ar\/wp-json\/wp\/v2\/product_tag?post=18684"}],"curies":[{"name":"wp","href":"https:\/\/api.w.org\/{rel}","templated":true}]}}