{"id":18743,"date":"2025-01-12T00:07:26","date_gmt":"2025-01-11T23:07:26","guid":{"rendered":"https:\/\/ajishop.ma\/?post_type=product&#038;p=18743"},"modified":"2025-01-12T00:09:01","modified_gmt":"2025-01-11T23:09:01","slug":"gingembre-confit-sucre","status":"publish","type":"product","link":"https:\/\/ajishop.ma\/ar\/shop\/dattes-noix-et-fruits-secs\/gingembre-confit-sucre\/","title":{"rendered":"Gingembre Confit sucr\u00e9 -\u0632\u0646\u062c\u0628\u064a\u0644 \u0645\u062c\u0641\u0641 \u0628\u0627\u0644\u0633\u0643\u0631"},"content":{"rendered":"<div class=\"product__description rte quick-add-hidden\">\n<h4>Gingembre Confit sucr\u00e9 \u0632\u0646\u062c\u0628\u064a\u0644 \u0645\u062c\u0641\u0641 \u064a\u062d\u062a\u0648\u064a\u00a0 \u0639\u0644\u0649 \u0627\u0644\u0633\u0643\u0631<\/h4>\n<p><b>Il est bon<\/b>\u00a0d&#8217;en consommer en cas de coup de mou. Le\u00a0<b>gingembre confit est<\/b>\u00a0tr\u00e8s efficace contre les soucis de digestion en g\u00e9n\u00e9ral, comme les flatulences et ballonnements, les diarrh\u00e9es chroniques, etc.\u00a0<b>Il<\/b>\u00a0suffit d&#8217;en\u00a0<b>manger<\/b>\u00a0une ou deux tranches apr\u00e8s le repas<\/p>\n<h2 style=\"font-size: 18px\">les bienfaits du gingembre confit<\/h2>\n<p>le gingembre confit poss\u00e8de de multiples vertus et propri\u00e9t\u00e9s, \u00e0 savoir:<\/p>\n<ul>\n<li>Il est antioxydant(comme beaucoup d&#8217;<strong>\u00e9pices\u00a0<\/strong>)<\/li>\n<li>Permet de lutter contre les radicaux libres(Mangues s\u00e9ch\u00e9es)<\/li>\n<li><strong>Il est \u00e9galement Digestif :\u00a0<\/strong>le gingembre est l&#8217;atout des ventres en pleine forme (et plats !), et permet de calmer efficacement les\u00a0<strong>naus\u00e9es<\/strong><\/li>\n<li>l est une aide douce contre la constipation(gomme arabique)<\/li>\n<li><strong>Coup de fouet:\u00a0<\/strong>Vous pouvez glissez du gingembre (vous pouvez l&#8217;utiliser dans vos boissons et infusions).<\/li>\n<li><strong>Anti-inflammatoire:<\/strong>il permet de lutter contre les douleurs\u00a0<strong>d&#8217;arthrose\u00a0<\/strong>et d&#8217;<strong>arthrite rhumato\u00efde<\/strong><\/li>\n<li><strong>Anticancer<\/strong><\/li>\n<\/ul>\n<h3 style=\"font-size: 16px\"><strong>Valeur nutritive du Gingembre Confits<\/strong>\u00a0<strong>(100 g) :<\/strong><\/h3>\n<table width=\"0\">\n<tbody>\n<tr>\n<td><strong>Poids\/volume<\/strong><\/td>\n<td><strong>Valeurs<\/strong><\/td>\n<\/tr>\n<tr>\n<td><strong>Calories<\/strong><\/td>\n<td>258Kcal<\/td>\n<\/tr>\n<tr>\n<td><strong>Lipides<\/strong><\/td>\n<td>2.970 g<\/td>\n<\/tr>\n<tr>\n<td><\/td>\n<td>0.426 g<\/td>\n<\/tr>\n<tr>\n<td><\/td>\n<td>0.487\u00a0g<\/td>\n<\/tr>\n<tr>\n<td><\/td>\n<td>1.115\u00a0g<\/td>\n<\/tr>\n<tr>\n<td><strong>Glucides<\/strong><\/td>\n<td>55.760 g<\/td>\n<\/tr>\n<tr>\n<td><strong>Prot\u00e9ines<\/strong><\/td>\n<td>14.110 g<\/td>\n<\/tr>\n<tr>\n<td><strong>Eau<\/strong><\/td>\n<td>14.560 g<\/td>\n<\/tr>\n<\/tbody>\n<\/table>\n<h2 style=\"font-size: 18px\"><strong><br \/>\nComment consommer et utiliser le gingembre confit ?<\/strong><\/h2>\n<p>Il existe de nombreuses fa\u00e7ons d&#8217;utiliser ce recette. Il se d\u00e9guste directement sous forme de bonbon et se d\u00e9guste \u00e0 tout moment de la journ\u00e9e pour un d\u00e9licieux repas. Pour plus de plaisir, vous pouvez \u00e9galement garnir le gingembre noir ou le chocolat au lait de gingembre.<\/p>\n<p><strong>Il peut \u00e9galement \u00eatre incorpor\u00e9 dans:<\/strong><\/p>\n<ul>\n<li>des recettes de cuisine, sal\u00e9es(sans sucre) ou sucr\u00e9es<\/li>\n<li>Il peut \u00eatre fix\u00e9 sur le g\u00e2teau comme \u00e9l\u00e9ment d\u00e9coratif<\/li>\n<li>il peut \u00eatre utilis\u00e9 dans des recettes de pains d\u2019\u00e9pices<\/li>\n<li>on peut l&#8217;utiliser \u00e9galement dans des recettes de pains traditionnels<\/li>\n<li>il a aussi un effet tr\u00e9s unique car il permet d&#8217;apporter un go\u00fbt citronn\u00e9 suppl\u00e9mentaire associ\u00e9 \u00e0 d\u2019autres agrumes(y compris d\u2019autres \u00e9pices)<\/li>\n<\/ul>\n<h3 style=\"font-size: 15px\">Dans les recettes sal\u00e9es:<\/h3>\n<p>Il ajoute une saveur asiatique et une douceur \u00e0 la viande.<\/p>\n<h3 style=\"font-size: 15px\">En recettes sucr\u00e9es:<\/h3>\n<p>Il est incorpor\u00e9 dans le g\u00e2teau en petits morceaux pour ajouter de la couleur et faire ressortir la saveur originale et surprenante du citron!<\/p>\n<h2 style=\"font-size: 18px\">Pr\u00e9caution<\/h2>\n<p>Si vous en utilisez trop,\u00a0<strong>le gingembre confit\u00a0<\/strong>aura un effet n\u00e9gatif. Utilisez-le avec mod\u00e9ration et vous pourrez b\u00e9n\u00e9ficier des avantages mentionn\u00e9s ci-dessus.<\/p>\n<p><strong>Produit relativement calorique :<\/strong><\/p>\n<p>Si vous souhaitez perdre du poids, veuillez consommer le gingembre confit de mani\u00e8re raisonnable(un sachet de 100g par jour).<\/p>\n<p><strong>Produit sucr\u00e9 :<\/strong><\/p>\n<p>Il est riche en glucides. Une consommation r\u00e9guli\u00e8re et une consommation excessive de glucides peuvent entra\u00eener de nombreux risques li\u00e9s au sucre.<\/p>\n<\/div>","protected":false},"excerpt":{"rendered":"<p>Gingembre Confit sucr\u00e9 \u0632\u0646\u062c\u0628\u064a\u0644 \u0645\u062c\u0641\u0641 \u064a\u062d\u062a\u0648\u064a\u00a0 \u0639\u0644\u0649 \u0627\u0644\u0633\u0643\u0631 Il est bon\u00a0d&#8217;en consommer en cas de coup de mou. Le\u00a0gingembre confit<\/p>","protected":false},"featured_media":18745,"comment_status":"open","ping_status":"closed","template":"","meta":[],"product_cat":[53],"product_tag":[],"yoast_head":"<!-- This site is optimized with the Yoast SEO plugin v23.4 - https:\/\/yoast.com\/wordpress\/plugins\/seo\/ -->\n<title>Gingembre Confit sucr\u00e9 -\u0632\u0646\u062c\u0628\u064a\u0644 \u0645\u062c\u0641\u0641 \u0628\u0627\u0644\u0633\u0643\u0631 - AjiShop.ma<\/title>\n<meta name=\"robots\" content=\"index, follow, max-snippet:-1, max-image-preview:large, max-video-preview:-1\" \/>\n<link rel=\"canonical\" href=\"https:\/\/ajishop.ma\/ar\/shop\/dattes-noix-et-fruits-secs\/gingembre-confit-sucre\/\" \/>\n<meta property=\"og:locale\" content=\"ar_AR\" \/>\n<meta property=\"og:type\" content=\"article\" \/>\n<meta property=\"og:title\" content=\"Gingembre Confit sucr\u00e9 -\u0632\u0646\u062c\u0628\u064a\u0644 \u0645\u062c\u0641\u0641 \u0628\u0627\u0644\u0633\u0643\u0631 - AjiShop.ma\" \/>\n<meta property=\"og:description\" content=\"Gingembre Confit sucr\u00e9 \u0632\u0646\u062c\u0628\u064a\u0644 \u0645\u062c\u0641\u0641 \u064a\u062d\u062a\u0648\u064a\u00a0 \u0639\u0644\u0649 \u0627\u0644\u0633\u0643\u0631 Il est bon\u00a0d&#8217;en consommer en cas de coup de mou. Le\u00a0gingembre confit\" \/>\n<meta property=\"og:url\" content=\"https:\/\/ajishop.ma\/ar\/shop\/dattes-noix-et-fruits-secs\/gingembre-confit-sucre\/\" \/>\n<meta property=\"og:site_name\" content=\"AjiShop.ma\" \/>\n<meta property=\"article:modified_time\" content=\"2025-01-11T23:09:01+00:00\" \/>\n<meta property=\"og:image\" content=\"https:\/\/ajishop.ma\/wp-content\/uploads\/2025\/01\/gingembre-confit.webp\" \/>\n\t<meta property=\"og:image:width\" content=\"600\" \/>\n\t<meta property=\"og:image:height\" content=\"601\" \/>\n\t<meta property=\"og:image:type\" content=\"image\/webp\" \/>\n<meta name=\"twitter:card\" content=\"summary_large_image\" \/>\n<meta name=\"twitter:label1\" content=\"\u0648\u0642\u062a \u0627\u0644\u0642\u0631\u0627\u0621\u0629 \u0627\u0644\u0645\u064f\u0642\u062f\u0651\u0631\" \/>\n\t<meta name=\"twitter:data1\" content=\"3 \u062f\u0642\u0627\u0626\u0642\" \/>\n<script type=\"application\/ld+json\" class=\"yoast-schema-graph\">{\"@context\":\"https:\/\/schema.org\",\"@graph\":[{\"@type\":\"WebPage\",\"@id\":\"https:\/\/ajishop.ma\/shop\/dattes-noix-et-fruits-secs\/gingembre-confit-sucre\/\",\"url\":\"https:\/\/ajishop.ma\/shop\/dattes-noix-et-fruits-secs\/gingembre-confit-sucre\/\",\"name\":\"Gingembre Confit sucr\u00e9 -\u0632\u0646\u062c\u0628\u064a\u0644 \u0645\u062c\u0641\u0641 \u0628\u0627\u0644\u0633\u0643\u0631 - AjiShop.ma\",\"isPartOf\":{\"@id\":\"https:\/\/ajishop.ma\/#website\"},\"primaryImageOfPage\":{\"@id\":\"https:\/\/ajishop.ma\/shop\/dattes-noix-et-fruits-secs\/gingembre-confit-sucre\/#primaryimage\"},\"image\":{\"@id\":\"https:\/\/ajishop.ma\/shop\/dattes-noix-et-fruits-secs\/gingembre-confit-sucre\/#primaryimage\"},\"thumbnailUrl\":\"https:\/\/ajishop.ma\/wp-content\/uploads\/2025\/01\/gingembre-confit.webp\",\"datePublished\":\"2025-01-11T23:07:26+00:00\",\"dateModified\":\"2025-01-11T23:09:01+00:00\",\"breadcrumb\":{\"@id\":\"https:\/\/ajishop.ma\/shop\/dattes-noix-et-fruits-secs\/gingembre-confit-sucre\/#breadcrumb\"},\"inLanguage\":\"ar\",\"potentialAction\":[{\"@type\":\"ReadAction\",\"target\":[\"https:\/\/ajishop.ma\/shop\/dattes-noix-et-fruits-secs\/gingembre-confit-sucre\/\"]}]},{\"@type\":\"ImageObject\",\"inLanguage\":\"ar\",\"@id\":\"https:\/\/ajishop.ma\/shop\/dattes-noix-et-fruits-secs\/gingembre-confit-sucre\/#primaryimage\",\"url\":\"https:\/\/ajishop.ma\/wp-content\/uploads\/2025\/01\/gingembre-confit.webp\",\"contentUrl\":\"https:\/\/ajishop.ma\/wp-content\/uploads\/2025\/01\/gingembre-confit.webp\",\"width\":600,\"height\":601},{\"@type\":\"BreadcrumbList\",\"@id\":\"https:\/\/ajishop.ma\/shop\/dattes-noix-et-fruits-secs\/gingembre-confit-sucre\/#breadcrumb\",\"itemListElement\":[{\"@type\":\"ListItem\",\"position\":1,\"name\":\"Accueil\",\"item\":\"https:\/\/ajishop.ma\/\"},{\"@type\":\"ListItem\",\"position\":2,\"name\":\"Magasin\",\"item\":\"https:\/\/ajishop.ma\/shop\/\"},{\"@type\":\"ListItem\",\"position\":3,\"name\":\"Gingembre Confit sucr\u00e9 -\u0632\u0646\u062c\u0628\u064a\u0644 \u0645\u062c\u0641\u0641 \u0628\u0627\u0644\u0633\u0643\u0631\"}]},{\"@type\":\"WebSite\",\"@id\":\"https:\/\/ajishop.ma\/#website\",\"url\":\"https:\/\/ajishop.ma\/\",\"name\":\"AjiShop.ma\",\"description\":\"Produits 100% naturels, Pour votre bien \u00eatre...\",\"publisher\":{\"@id\":\"https:\/\/ajishop.ma\/#organization\"},\"potentialAction\":[{\"@type\":\"SearchAction\",\"target\":{\"@type\":\"EntryPoint\",\"urlTemplate\":\"https:\/\/ajishop.ma\/?s={search_term_string}\"},\"query-input\":{\"@type\":\"PropertyValueSpecification\",\"valueRequired\":true,\"valueName\":\"search_term_string\"}}],\"inLanguage\":\"ar\"},{\"@type\":\"Organization\",\"@id\":\"https:\/\/ajishop.ma\/#organization\",\"name\":\"AjiShop.ma\",\"url\":\"https:\/\/ajishop.ma\/\",\"logo\":{\"@type\":\"ImageObject\",\"inLanguage\":\"ar\",\"@id\":\"https:\/\/ajishop.ma\/#\/schema\/logo\/image\/\",\"url\":\"https:\/\/ajishop.ma\/wp-content\/uploads\/2024\/09\/AjiShop.ma-Horizontal-Logo-Green.png\",\"contentUrl\":\"https:\/\/ajishop.ma\/wp-content\/uploads\/2024\/09\/AjiShop.ma-Horizontal-Logo-Green.png\",\"width\":1917,\"height\":276,\"caption\":\"AjiShop.ma\"},\"image\":{\"@id\":\"https:\/\/ajishop.ma\/#\/schema\/logo\/image\/\"}}]}<\/script>\n<!-- \/ Yoast SEO plugin. -->","yoast_head_json":{"title":"Gingembre Confit sucr\u00e9 -\u0632\u0646\u062c\u0628\u064a\u0644 \u0645\u062c\u0641\u0641 \u0628\u0627\u0644\u0633\u0643\u0631 - AjiShop.ma","robots":{"index":"index","follow":"follow","max-snippet":"max-snippet:-1","max-image-preview":"max-image-preview:large","max-video-preview":"max-video-preview:-1"},"canonical":"https:\/\/ajishop.ma\/ar\/shop\/dattes-noix-et-fruits-secs\/gingembre-confit-sucre\/","og_locale":"ar_AR","og_type":"article","og_title":"Gingembre Confit sucr\u00e9 -\u0632\u0646\u062c\u0628\u064a\u0644 \u0645\u062c\u0641\u0641 \u0628\u0627\u0644\u0633\u0643\u0631 - AjiShop.ma","og_description":"Gingembre Confit sucr\u00e9 \u0632\u0646\u062c\u0628\u064a\u0644 \u0645\u062c\u0641\u0641 \u064a\u062d\u062a\u0648\u064a\u00a0 \u0639\u0644\u0649 \u0627\u0644\u0633\u0643\u0631 Il est bon\u00a0d&#8217;en consommer en cas de coup de mou. Le\u00a0gingembre confit","og_url":"https:\/\/ajishop.ma\/ar\/shop\/dattes-noix-et-fruits-secs\/gingembre-confit-sucre\/","og_site_name":"AjiShop.ma","article_modified_time":"2025-01-11T23:09:01+00:00","og_image":[{"width":600,"height":601,"url":"https:\/\/ajishop.ma\/wp-content\/uploads\/2025\/01\/gingembre-confit.webp","type":"image\/webp"}],"twitter_card":"summary_large_image","twitter_misc":{"\u0648\u0642\u062a \u0627\u0644\u0642\u0631\u0627\u0621\u0629 \u0627\u0644\u0645\u064f\u0642\u062f\u0651\u0631":"3 \u062f\u0642\u0627\u0626\u0642"},"schema":{"@context":"https:\/\/schema.org","@graph":[{"@type":"WebPage","@id":"https:\/\/ajishop.ma\/shop\/dattes-noix-et-fruits-secs\/gingembre-confit-sucre\/","url":"https:\/\/ajishop.ma\/shop\/dattes-noix-et-fruits-secs\/gingembre-confit-sucre\/","name":"Gingembre Confit sucr\u00e9 -\u0632\u0646\u062c\u0628\u064a\u0644 \u0645\u062c\u0641\u0641 \u0628\u0627\u0644\u0633\u0643\u0631 - AjiShop.ma","isPartOf":{"@id":"https:\/\/ajishop.ma\/#website"},"primaryImageOfPage":{"@id":"https:\/\/ajishop.ma\/shop\/dattes-noix-et-fruits-secs\/gingembre-confit-sucre\/#primaryimage"},"image":{"@id":"https:\/\/ajishop.ma\/shop\/dattes-noix-et-fruits-secs\/gingembre-confit-sucre\/#primaryimage"},"thumbnailUrl":"https:\/\/ajishop.ma\/wp-content\/uploads\/2025\/01\/gingembre-confit.webp","datePublished":"2025-01-11T23:07:26+00:00","dateModified":"2025-01-11T23:09:01+00:00","breadcrumb":{"@id":"https:\/\/ajishop.ma\/shop\/dattes-noix-et-fruits-secs\/gingembre-confit-sucre\/#breadcrumb"},"inLanguage":"ar","potentialAction":[{"@type":"ReadAction","target":["https:\/\/ajishop.ma\/shop\/dattes-noix-et-fruits-secs\/gingembre-confit-sucre\/"]}]},{"@type":"ImageObject","inLanguage":"ar","@id":"https:\/\/ajishop.ma\/shop\/dattes-noix-et-fruits-secs\/gingembre-confit-sucre\/#primaryimage","url":"https:\/\/ajishop.ma\/wp-content\/uploads\/2025\/01\/gingembre-confit.webp","contentUrl":"https:\/\/ajishop.ma\/wp-content\/uploads\/2025\/01\/gingembre-confit.webp","width":600,"height":601},{"@type":"BreadcrumbList","@id":"https:\/\/ajishop.ma\/shop\/dattes-noix-et-fruits-secs\/gingembre-confit-sucre\/#breadcrumb","itemListElement":[{"@type":"ListItem","position":1,"name":"Accueil","item":"https:\/\/ajishop.ma\/"},{"@type":"ListItem","position":2,"name":"Magasin","item":"https:\/\/ajishop.ma\/shop\/"},{"@type":"ListItem","position":3,"name":"Gingembre Confit sucr\u00e9 -\u0632\u0646\u062c\u0628\u064a\u0644 \u0645\u062c\u0641\u0641 \u0628\u0627\u0644\u0633\u0643\u0631"}]},{"@type":"WebSite","@id":"https:\/\/ajishop.ma\/#website","url":"https:\/\/ajishop.ma\/","name":"AjiShop.ma","description":"Produits 100% naturels, Pour votre bien \u00eatre...","publisher":{"@id":"https:\/\/ajishop.ma\/#organization"},"potentialAction":[{"@type":"SearchAction","target":{"@type":"EntryPoint","urlTemplate":"https:\/\/ajishop.ma\/?s={search_term_string}"},"query-input":{"@type":"PropertyValueSpecification","valueRequired":true,"valueName":"search_term_string"}}],"inLanguage":"ar"},{"@type":"Organization","@id":"https:\/\/ajishop.ma\/#organization","name":"AjiShop.ma","url":"https:\/\/ajishop.ma\/","logo":{"@type":"ImageObject","inLanguage":"ar","@id":"https:\/\/ajishop.ma\/#\/schema\/logo\/image\/","url":"https:\/\/ajishop.ma\/wp-content\/uploads\/2024\/09\/AjiShop.ma-Horizontal-Logo-Green.png","contentUrl":"https:\/\/ajishop.ma\/wp-content\/uploads\/2024\/09\/AjiShop.ma-Horizontal-Logo-Green.png","width":1917,"height":276,"caption":"AjiShop.ma"},"image":{"@id":"https:\/\/ajishop.ma\/#\/schema\/logo\/image\/"}}]}},"_links":{"self":[{"href":"https:\/\/ajishop.ma\/ar\/wp-json\/wp\/v2\/product\/18743"}],"collection":[{"href":"https:\/\/ajishop.ma\/ar\/wp-json\/wp\/v2\/product"}],"about":[{"href":"https:\/\/ajishop.ma\/ar\/wp-json\/wp\/v2\/types\/product"}],"replies":[{"embeddable":true,"href":"https:\/\/ajishop.ma\/ar\/wp-json\/wp\/v2\/comments?post=18743"}],"version-history":[{"count":2,"href":"https:\/\/ajishop.ma\/ar\/wp-json\/wp\/v2\/product\/18743\/revisions"}],"predecessor-version":[{"id":18747,"href":"https:\/\/ajishop.ma\/ar\/wp-json\/wp\/v2\/product\/18743\/revisions\/18747"}],"wp:featuredmedia":[{"embeddable":true,"href":"https:\/\/ajishop.ma\/ar\/wp-json\/wp\/v2\/media\/18745"}],"wp:attachment":[{"href":"https:\/\/ajishop.ma\/ar\/wp-json\/wp\/v2\/media?parent=18743"}],"wp:term":[{"taxonomy":"product_cat","embeddable":true,"href":"https:\/\/ajishop.ma\/ar\/wp-json\/wp\/v2\/product_cat?post=18743"},{"taxonomy":"product_tag","embeddable":true,"href":"https:\/\/ajishop.ma\/ar\/wp-json\/wp\/v2\/product_tag?post=18743"}],"curies":[{"name":"wp","href":"https:\/\/api.w.org\/{rel}","templated":true}]}}