{"id":18773,"date":"2025-02-02T23:14:37","date_gmt":"2025-02-02T22:14:37","guid":{"rendered":"https:\/\/ajishop.ma\/?post_type=product&#038;p=18773"},"modified":"2025-02-02T23:14:49","modified_gmt":"2025-02-02T22:14:49","slug":"graisses-soufrees","status":"publish","type":"product","link":"https:\/\/ajishop.ma\/ar\/shop\/herbes-et-apothicaire\/fonds-de-teint-et-cremes-naturelles\/graisses-soufrees\/","title":{"rendered":"Graisses soufrees  \/  \u062f\u0647\u0646 \u0627\u0644\u0643\u0628\u0631\u064a\u062a"},"content":{"rendered":"<p dir=\"RTL\" style=\"text-align: center\"><span style=\"font-size: 14pt\"><strong>Avantages\u00a0<a href=\"https:\/\/herboridouane.com\/detail-produit.php?id=1031&amp;titre=%D8%AF%D9%87%D9%86-%D8%A7%D9%84%D9%83%D8%A8%D8%B1%D9%8A%D8%AA\">de l&#8217;huile de soufre<\/a><\/strong><\/span><\/p>\n<ul dir=\"rtl\" style=\"text-align: center\">\n<li><span style=\"font-size: 14pt\">Traite les infections cutan\u00e9es<\/span><\/li>\n<li><span style=\"font-size: 14pt\">rose<\/span><\/li>\n<li><span style=\"font-size: 14pt\">d\u00e9mangeaisons s\u00e9v\u00e8res<\/span><\/li>\n<li><span style=\"font-size: 14pt\">Gale<\/span><\/li>\n<li><span style=\"font-size: 14pt\">Vitiligo<\/span><\/li>\n<li><span style=\"font-size: 14pt\">Gale<\/span><\/li>\n<li><span style=\"font-size: 14pt\">Utile dans le traitement des champignons<\/span><\/li>\n<li><span style=\"font-size: 14pt\">Bon pour les bact\u00e9ries<\/span><\/li>\n<li><span style=\"font-size: 14pt\">Bon pour l&#8217;acn\u00e9<\/span><\/li>\n<\/ul>\n<p dir=\"rtl\" style=\"text-align: center\"><span style=\"font-size: 14pt\"><strong>Mode d&#8217;emploi :\u00a0<\/strong>\u00a0Nettoyez la zone affect\u00e9e avec du savon, frottez de<a href=\"https:\/\/herboridouane.com\/detail-produit.php?id=1031&amp;titre=%D8%AF%D9%87%D9%86-%D8%A7%D9%84%D9%83%D8%A8%D8%B1%D9%8A%D8%AA\">\u00a0l&#8217;huile de soufre<\/a>\u00a0sur la zone et massez. Laissez agir <\/span><span style=\"font-size: 14pt\">toute la nuit, lavez le matin et r\u00e9p\u00e9tez le traitement jusqu&#8217;\u00e0 gu\u00e9rison.<\/span><\/p>\n<div>: \u0627\u0644\u0648\u0635\u0641<\/div>\n<div>\n<p>&nbsp;<\/p>\n<p dir=\"RTL\" style=\"text-align: center\"><span style=\"font-size: 18pt\"><strong>\u00a0 \u00a0 \u00a0 \u00a0 \u0641\u0648\u0627\u0626\u062f <a href=\"https:\/\/herboridouane.com\/detail-produit.php?id=1031&amp;titre=%D8%AF%D9%87%D9%86-%D8%A7%D9%84%D9%83%D8%A8%D8%B1%D9%8A%D8%AA\">\u062f\u0647\u0646 \u0627\u0644\u0643\u0628\u0631\u064a\u062a<\/a><\/strong><\/span><\/p>\n<ul dir=\"rtl\" style=\"text-align: center\">\n<li><span style=\"font-size: 18pt\"><strong>\u064a\u0639\u0627\u0644\u062c \u0627\u0644\u062a\u0647\u0627\u0628\u0627\u062a \u0627\u0644\u062c\u0644\u062f<\/strong><\/span><\/li>\n<li><span style=\"font-size: 18pt\"><strong>\u0627\u0644\u0648\u0631\u062f\u064a\u0629<\/strong><\/span><\/li>\n<li><span style=\"font-size: 18pt\"><strong>\u0627\u0644\u062d\u0643\u0629 \u0627\u0644\u0634\u062f\u064a\u062f\u0629<\/strong><\/span><\/li>\n<li><span style=\"font-size: 18pt\"><strong>\u0627\u0644\u062c\u0631\u0628<\/strong><\/span><\/li>\n<li><span style=\"font-size: 18pt\"><strong>\u0627\u0644\u0628\u0647\u0627\u0642<\/strong><\/span><\/li>\n<li><span style=\"font-size: 18pt\"><strong>\u0627\u0644\u0642\u0648\u0628\u0627\u0621<\/strong><\/span><\/li>\n<li><span style=\"font-size: 18pt\"><strong>\u0645\u0641\u064a\u062f \u0641\u064a \u0639\u0644\u0627\u062c \u0627\u0644\u0641\u0637\u0631\u064a\u0627\u062a<\/strong><\/span><\/li>\n<li><span style=\"font-size: 18pt\"><strong>\u0645\u0641\u064a\u062f \u0644\u0644\u0628\u0643\u062a\u064a\u0631\u064a\u0627<\/strong><\/span><\/li>\n<li><span style=\"font-size: 18pt\"><strong>\u0645\u0641\u064a\u062f \u0644\u062d\u0628 \u0627\u0644\u0634\u0628\u0627\u0628<\/strong><\/span><\/li>\n<\/ul>\n<p dir=\"rtl\" style=\"text-align: center\"><span style=\"font-size: 18pt\"><strong>\u0637\u0631\u064a\u0642\u0629 \u0627\u0644\u0627\u0633\u062a\u062e\u062f\u0627\u0645 :\u00a0\u062a\u0646\u0636\u0641 \u0627\u0644\u0645\u0646\u0637\u0642\u0629 \u0627\u0644\u0645\u0635\u0627\u0628\u0629 \u0628\u0635\u0627\u0628\u0648\u0646 , \u0648\u064a\u062f\u0647\u0646 \u0627\u0644\u0645\u0643\u0627\u0646\u00a0<a href=\"https:\/\/herboridouane.com\/detail-produit.php?id=1031&amp;titre=%D8%AF%D9%87%D9%86-%D8%A7%D9%84%D9%83%D8%A8%D8%B1%D9%8A%D8%AA\">\u0628\u062f\u0647\u0646 \u0627\u0644\u0643\u0628\u0631\u064a\u062a<\/a>\u00a0\u0645\u0639 \u0627\u0644\u062a\u062f\u0644\u064a\u0643, \u0641\u064a\u062a\u0631\u0643 \u0644\u064a\u0644\u0629 \u0643\u0627\u0645\u0644\u0629 \u0648\u064a\u063a\u0633\u0644 \u0641\u064a \u0627\u0644\u0635\u0628\u0627\u062d \u0648\u064a\u0643\u0631\u0631 \u0627\u0644\u0639\u0644\u0627\u062c \u062d\u062a\u0649 \u0627\u0644\u0634\u0641\u0627\u0621.<\/strong><\/span><\/p>\n<\/div>","protected":false},"excerpt":{"rendered":"<p>Avantages\u00a0de l&#8217;huile de soufre Traite les infections cutan\u00e9es rose d\u00e9mangeaisons s\u00e9v\u00e8res Gale Vitiligo Gale Utile dans le traitement des champignons<\/p>","protected":false},"featured_media":18774,"comment_status":"open","ping_status":"closed","template":"","meta":[],"product_cat":[32,78],"product_tag":[],"yoast_head":"<!-- This site is optimized with the Yoast SEO plugin v23.4 - https:\/\/yoast.com\/wordpress\/plugins\/seo\/ -->\n<title>Graisses soufrees \/ \u062f\u0647\u0646 \u0627\u0644\u0643\u0628\u0631\u064a\u062a - AjiShop.ma<\/title>\n<meta name=\"robots\" content=\"index, follow, max-snippet:-1, max-image-preview:large, max-video-preview:-1\" \/>\n<link rel=\"canonical\" href=\"https:\/\/ajishop.ma\/ar\/shop\/herbes-et-apothicaire\/fonds-de-teint-et-cremes-naturelles\/graisses-soufrees\/\" \/>\n<meta property=\"og:locale\" content=\"ar_AR\" \/>\n<meta property=\"og:type\" content=\"article\" \/>\n<meta property=\"og:title\" content=\"Graisses soufrees \/ \u062f\u0647\u0646 \u0627\u0644\u0643\u0628\u0631\u064a\u062a - AjiShop.ma\" \/>\n<meta property=\"og:description\" content=\"Avantages\u00a0de l&#8217;huile de soufre Traite les infections cutan\u00e9es rose d\u00e9mangeaisons s\u00e9v\u00e8res Gale Vitiligo Gale Utile dans le traitement des champignons\" \/>\n<meta property=\"og:url\" content=\"https:\/\/ajishop.ma\/ar\/shop\/herbes-et-apothicaire\/fonds-de-teint-et-cremes-naturelles\/graisses-soufrees\/\" \/>\n<meta property=\"og:site_name\" content=\"AjiShop.ma\" \/>\n<meta property=\"article:modified_time\" content=\"2025-02-02T22:14:49+00:00\" \/>\n<meta property=\"og:image\" content=\"https:\/\/ajishop.ma\/wp-content\/uploads\/2025\/02\/1566767672.png\" \/>\n\t<meta property=\"og:image:width\" content=\"1400\" \/>\n\t<meta property=\"og:image:height\" content=\"1400\" \/>\n\t<meta property=\"og:image:type\" content=\"image\/png\" \/>\n<meta name=\"twitter:card\" content=\"summary_large_image\" \/>\n<meta name=\"twitter:label1\" content=\"\u0648\u0642\u062a \u0627\u0644\u0642\u0631\u0627\u0621\u0629 \u0627\u0644\u0645\u064f\u0642\u062f\u0651\u0631\" \/>\n\t<meta name=\"twitter:data1\" content=\"\u062f\u0642\u064a\u0642\u0629 \u0648\u0627\u062d\u062f\u0629\" \/>\n<script type=\"application\/ld+json\" class=\"yoast-schema-graph\">{\"@context\":\"https:\/\/schema.org\",\"@graph\":[{\"@type\":\"WebPage\",\"@id\":\"https:\/\/ajishop.ma\/shop\/herbes-et-apothicaire\/fonds-de-teint-et-cremes-naturelles\/graisses-soufrees\/\",\"url\":\"https:\/\/ajishop.ma\/shop\/herbes-et-apothicaire\/fonds-de-teint-et-cremes-naturelles\/graisses-soufrees\/\",\"name\":\"Graisses soufrees \/ \u062f\u0647\u0646 \u0627\u0644\u0643\u0628\u0631\u064a\u062a - AjiShop.ma\",\"isPartOf\":{\"@id\":\"https:\/\/ajishop.ma\/#website\"},\"primaryImageOfPage\":{\"@id\":\"https:\/\/ajishop.ma\/shop\/herbes-et-apothicaire\/fonds-de-teint-et-cremes-naturelles\/graisses-soufrees\/#primaryimage\"},\"image\":{\"@id\":\"https:\/\/ajishop.ma\/shop\/herbes-et-apothicaire\/fonds-de-teint-et-cremes-naturelles\/graisses-soufrees\/#primaryimage\"},\"thumbnailUrl\":\"https:\/\/ajishop.ma\/wp-content\/uploads\/2025\/02\/1566767672.png\",\"datePublished\":\"2025-02-02T22:14:37+00:00\",\"dateModified\":\"2025-02-02T22:14:49+00:00\",\"breadcrumb\":{\"@id\":\"https:\/\/ajishop.ma\/shop\/herbes-et-apothicaire\/fonds-de-teint-et-cremes-naturelles\/graisses-soufrees\/#breadcrumb\"},\"inLanguage\":\"ar\",\"potentialAction\":[{\"@type\":\"ReadAction\",\"target\":[\"https:\/\/ajishop.ma\/shop\/herbes-et-apothicaire\/fonds-de-teint-et-cremes-naturelles\/graisses-soufrees\/\"]}]},{\"@type\":\"ImageObject\",\"inLanguage\":\"ar\",\"@id\":\"https:\/\/ajishop.ma\/shop\/herbes-et-apothicaire\/fonds-de-teint-et-cremes-naturelles\/graisses-soufrees\/#primaryimage\",\"url\":\"https:\/\/ajishop.ma\/wp-content\/uploads\/2025\/02\/1566767672.png\",\"contentUrl\":\"https:\/\/ajishop.ma\/wp-content\/uploads\/2025\/02\/1566767672.png\",\"width\":1400,\"height\":1400},{\"@type\":\"BreadcrumbList\",\"@id\":\"https:\/\/ajishop.ma\/shop\/herbes-et-apothicaire\/fonds-de-teint-et-cremes-naturelles\/graisses-soufrees\/#breadcrumb\",\"itemListElement\":[{\"@type\":\"ListItem\",\"position\":1,\"name\":\"Accueil\",\"item\":\"https:\/\/ajishop.ma\/\"},{\"@type\":\"ListItem\",\"position\":2,\"name\":\"Magasin\",\"item\":\"https:\/\/ajishop.ma\/shop\/\"},{\"@type\":\"ListItem\",\"position\":3,\"name\":\"Graisses soufrees \/ \u062f\u0647\u0646 \u0627\u0644\u0643\u0628\u0631\u064a\u062a\"}]},{\"@type\":\"WebSite\",\"@id\":\"https:\/\/ajishop.ma\/#website\",\"url\":\"https:\/\/ajishop.ma\/\",\"name\":\"AjiShop.ma\",\"description\":\"Produits 100% naturels, Pour votre bien \u00eatre...\",\"publisher\":{\"@id\":\"https:\/\/ajishop.ma\/#organization\"},\"potentialAction\":[{\"@type\":\"SearchAction\",\"target\":{\"@type\":\"EntryPoint\",\"urlTemplate\":\"https:\/\/ajishop.ma\/?s={search_term_string}\"},\"query-input\":{\"@type\":\"PropertyValueSpecification\",\"valueRequired\":true,\"valueName\":\"search_term_string\"}}],\"inLanguage\":\"ar\"},{\"@type\":\"Organization\",\"@id\":\"https:\/\/ajishop.ma\/#organization\",\"name\":\"AjiShop.ma\",\"url\":\"https:\/\/ajishop.ma\/\",\"logo\":{\"@type\":\"ImageObject\",\"inLanguage\":\"ar\",\"@id\":\"https:\/\/ajishop.ma\/#\/schema\/logo\/image\/\",\"url\":\"https:\/\/ajishop.ma\/wp-content\/uploads\/2024\/09\/AjiShop.ma-Horizontal-Logo-Green.png\",\"contentUrl\":\"https:\/\/ajishop.ma\/wp-content\/uploads\/2024\/09\/AjiShop.ma-Horizontal-Logo-Green.png\",\"width\":1917,\"height\":276,\"caption\":\"AjiShop.ma\"},\"image\":{\"@id\":\"https:\/\/ajishop.ma\/#\/schema\/logo\/image\/\"}}]}<\/script>\n<!-- \/ Yoast SEO plugin. -->","yoast_head_json":{"title":"Graisses soufrees \/ \u062f\u0647\u0646 \u0627\u0644\u0643\u0628\u0631\u064a\u062a - AjiShop.ma","robots":{"index":"index","follow":"follow","max-snippet":"max-snippet:-1","max-image-preview":"max-image-preview:large","max-video-preview":"max-video-preview:-1"},"canonical":"https:\/\/ajishop.ma\/ar\/shop\/herbes-et-apothicaire\/fonds-de-teint-et-cremes-naturelles\/graisses-soufrees\/","og_locale":"ar_AR","og_type":"article","og_title":"Graisses soufrees \/ \u062f\u0647\u0646 \u0627\u0644\u0643\u0628\u0631\u064a\u062a - AjiShop.ma","og_description":"Avantages\u00a0de l&#8217;huile de soufre Traite les infections cutan\u00e9es rose d\u00e9mangeaisons s\u00e9v\u00e8res Gale Vitiligo Gale Utile dans le traitement des champignons","og_url":"https:\/\/ajishop.ma\/ar\/shop\/herbes-et-apothicaire\/fonds-de-teint-et-cremes-naturelles\/graisses-soufrees\/","og_site_name":"AjiShop.ma","article_modified_time":"2025-02-02T22:14:49+00:00","og_image":[{"width":1400,"height":1400,"url":"https:\/\/ajishop.ma\/wp-content\/uploads\/2025\/02\/1566767672.png","type":"image\/png"}],"twitter_card":"summary_large_image","twitter_misc":{"\u0648\u0642\u062a \u0627\u0644\u0642\u0631\u0627\u0621\u0629 \u0627\u0644\u0645\u064f\u0642\u062f\u0651\u0631":"\u062f\u0642\u064a\u0642\u0629 \u0648\u0627\u062d\u062f\u0629"},"schema":{"@context":"https:\/\/schema.org","@graph":[{"@type":"WebPage","@id":"https:\/\/ajishop.ma\/shop\/herbes-et-apothicaire\/fonds-de-teint-et-cremes-naturelles\/graisses-soufrees\/","url":"https:\/\/ajishop.ma\/shop\/herbes-et-apothicaire\/fonds-de-teint-et-cremes-naturelles\/graisses-soufrees\/","name":"Graisses soufrees \/ \u062f\u0647\u0646 \u0627\u0644\u0643\u0628\u0631\u064a\u062a - AjiShop.ma","isPartOf":{"@id":"https:\/\/ajishop.ma\/#website"},"primaryImageOfPage":{"@id":"https:\/\/ajishop.ma\/shop\/herbes-et-apothicaire\/fonds-de-teint-et-cremes-naturelles\/graisses-soufrees\/#primaryimage"},"image":{"@id":"https:\/\/ajishop.ma\/shop\/herbes-et-apothicaire\/fonds-de-teint-et-cremes-naturelles\/graisses-soufrees\/#primaryimage"},"thumbnailUrl":"https:\/\/ajishop.ma\/wp-content\/uploads\/2025\/02\/1566767672.png","datePublished":"2025-02-02T22:14:37+00:00","dateModified":"2025-02-02T22:14:49+00:00","breadcrumb":{"@id":"https:\/\/ajishop.ma\/shop\/herbes-et-apothicaire\/fonds-de-teint-et-cremes-naturelles\/graisses-soufrees\/#breadcrumb"},"inLanguage":"ar","potentialAction":[{"@type":"ReadAction","target":["https:\/\/ajishop.ma\/shop\/herbes-et-apothicaire\/fonds-de-teint-et-cremes-naturelles\/graisses-soufrees\/"]}]},{"@type":"ImageObject","inLanguage":"ar","@id":"https:\/\/ajishop.ma\/shop\/herbes-et-apothicaire\/fonds-de-teint-et-cremes-naturelles\/graisses-soufrees\/#primaryimage","url":"https:\/\/ajishop.ma\/wp-content\/uploads\/2025\/02\/1566767672.png","contentUrl":"https:\/\/ajishop.ma\/wp-content\/uploads\/2025\/02\/1566767672.png","width":1400,"height":1400},{"@type":"BreadcrumbList","@id":"https:\/\/ajishop.ma\/shop\/herbes-et-apothicaire\/fonds-de-teint-et-cremes-naturelles\/graisses-soufrees\/#breadcrumb","itemListElement":[{"@type":"ListItem","position":1,"name":"Accueil","item":"https:\/\/ajishop.ma\/"},{"@type":"ListItem","position":2,"name":"Magasin","item":"https:\/\/ajishop.ma\/shop\/"},{"@type":"ListItem","position":3,"name":"Graisses soufrees \/ \u062f\u0647\u0646 \u0627\u0644\u0643\u0628\u0631\u064a\u062a"}]},{"@type":"WebSite","@id":"https:\/\/ajishop.ma\/#website","url":"https:\/\/ajishop.ma\/","name":"AjiShop.ma","description":"Produits 100% naturels, Pour votre bien \u00eatre...","publisher":{"@id":"https:\/\/ajishop.ma\/#organization"},"potentialAction":[{"@type":"SearchAction","target":{"@type":"EntryPoint","urlTemplate":"https:\/\/ajishop.ma\/?s={search_term_string}"},"query-input":{"@type":"PropertyValueSpecification","valueRequired":true,"valueName":"search_term_string"}}],"inLanguage":"ar"},{"@type":"Organization","@id":"https:\/\/ajishop.ma\/#organization","name":"AjiShop.ma","url":"https:\/\/ajishop.ma\/","logo":{"@type":"ImageObject","inLanguage":"ar","@id":"https:\/\/ajishop.ma\/#\/schema\/logo\/image\/","url":"https:\/\/ajishop.ma\/wp-content\/uploads\/2024\/09\/AjiShop.ma-Horizontal-Logo-Green.png","contentUrl":"https:\/\/ajishop.ma\/wp-content\/uploads\/2024\/09\/AjiShop.ma-Horizontal-Logo-Green.png","width":1917,"height":276,"caption":"AjiShop.ma"},"image":{"@id":"https:\/\/ajishop.ma\/#\/schema\/logo\/image\/"}}]}},"_links":{"self":[{"href":"https:\/\/ajishop.ma\/ar\/wp-json\/wp\/v2\/product\/18773"}],"collection":[{"href":"https:\/\/ajishop.ma\/ar\/wp-json\/wp\/v2\/product"}],"about":[{"href":"https:\/\/ajishop.ma\/ar\/wp-json\/wp\/v2\/types\/product"}],"replies":[{"embeddable":true,"href":"https:\/\/ajishop.ma\/ar\/wp-json\/wp\/v2\/comments?post=18773"}],"version-history":[{"count":2,"href":"https:\/\/ajishop.ma\/ar\/wp-json\/wp\/v2\/product\/18773\/revisions"}],"predecessor-version":[{"id":18776,"href":"https:\/\/ajishop.ma\/ar\/wp-json\/wp\/v2\/product\/18773\/revisions\/18776"}],"wp:featuredmedia":[{"embeddable":true,"href":"https:\/\/ajishop.ma\/ar\/wp-json\/wp\/v2\/media\/18774"}],"wp:attachment":[{"href":"https:\/\/ajishop.ma\/ar\/wp-json\/wp\/v2\/media?parent=18773"}],"wp:term":[{"taxonomy":"product_cat","embeddable":true,"href":"https:\/\/ajishop.ma\/ar\/wp-json\/wp\/v2\/product_cat?post=18773"},{"taxonomy":"product_tag","embeddable":true,"href":"https:\/\/ajishop.ma\/ar\/wp-json\/wp\/v2\/product_tag?post=18773"}],"curies":[{"name":"wp","href":"https:\/\/api.w.org\/{rel}","templated":true}]}}