{"id":18777,"date":"2025-02-02T23:23:17","date_gmt":"2025-02-02T22:23:17","guid":{"rendered":"https:\/\/ajishop.ma\/?post_type=product&#038;p=18777"},"modified":"2025-02-02T23:40:24","modified_gmt":"2025-02-02T22:40:24","slug":"graisse-de-bosse-de-chameau","status":"publish","type":"product","link":"https:\/\/ajishop.ma\/ar\/shop\/sans-categorie\/graisse-de-bosse-de-chameau\/","title":{"rendered":"graisse de bosse de chameau \/ \u062f\u0647\u0646 \u0634\u062d\u0645 \u0633\u0646\u0627\u0645 \u0627\u0644\u062c\u0645\u0644"},"content":{"rendered":"<ul dir=\"rtl\" style=\"text-align: center\">\n<li><span style=\"font-size: 14pt\"><strong>La graisse de bosse de chameau est une substance naturelle efficace pour traiter et soulager les douleurs articulaires.<\/strong><\/span><\/li>\n<li><span style=\"font-size: 14pt\"><strong>Il aide \u00e0 d\u00e9tendre les muscles tendus et \u00e0 traiter les articulations enflamm\u00e9es.<\/strong><\/span><\/li>\n<li><span style=\"font-size: 14pt\"><strong>Il traite efficacement les rhumatismes.<\/strong><\/span><\/li>\n<li><span style=\"font-size: 14pt\"><strong>Il aide \u00e9galement \u00e0 renouveler les cellules cartilagineuses us\u00e9es et \u00e0 lutter contre l\u2019ost\u00e9oporose.<\/strong><\/span><\/li>\n<\/ul>\n<p dir=\"RTL\" style=\"text-align: center\"><span style=\"font-size: 14pt\"><strong>Mode d&#8217;emploi :<\/strong><\/span><\/p>\n<ul dir=\"rtl\" style=\"text-align: center\">\n<li><span style=\"font-size: 14pt\"><strong>Appliquer doucement et calmement sur les zones affect\u00e9es du corps quotidiennement.<\/strong><\/span><\/li>\n<\/ul>\n<p dir=\"RTL\" style=\"text-align: center\"><span style=\"font-size: 14pt\"><strong>Remarque importante :<\/strong><\/span><\/p>\n<ul dir=\"rtl\">\n<li style=\"text-align: center\"><span style=\"font-size: 14pt\"><strong>\u00c9viter l&#8217;exposition au froid pendant l&#8217;utilisation.<\/strong><\/span><\/li>\n<\/ul>\n<p dir=\"RTL\" style=\"text-align: center\"><span style=\"font-size: 18pt\"><strong><a href=\"https:\/\/herboridouane.com\/detail-produit.php?id=1034\">\u062f\u0647\u0646 \u0634\u062d\u0645 \u0633\u0646\u0627\u0645 \u0627\u0644\u062c\u0645\u0644<\/a>\u00a0\u0644\u0647 \u0641\u0648\u0627\u0626\u062f \u0643\u062b\u064a\u0631\u0629 \u0646\u0630\u0643\u0631 \u0645\u0627 \u064a\u0644\u064a\u00a0:<\/strong><\/span><\/p>\n<ul dir=\"rtl\" style=\"text-align: center\">\n<li><span style=\"font-size: 18pt\"><strong>\u064a\u0639\u062f \u0634\u062d\u0645 \u0633\u0646\u0627\u0645 \u0627\u0644\u062c\u0645\u0644 \u0645\u0646 \u0627\u0644\u0645\u0648\u0627\u062f \u0627\u0644\u0637\u0628\u064a\u0639\u064a\u0629 \u0627\u0644\u0641\u0639\u0627\u0644\u0629 \u0641\u064a \u0639\u0644\u0627\u062c \u0648\u062a\u0633\u0643\u064a\u0646 \u0623\u0644\u0627\u0645 \u0627\u0644\u0645\u0641\u0627\u0635\u0644\u060c<\/strong><\/span><\/li>\n<li><span style=\"font-size: 18pt\"><strong>\u0648\u064a\u0633\u0627\u0639\u062f \u0639\u0644\u0649 \u0625\u0631\u062e\u0627\u0621 \u0627\u0644\u0639\u0636\u0644\u0627\u062a \u0627\u0644\u0645\u062a\u0634\u0646\u062c\u0629 \u0648\u0639\u0644\u0627\u062c \u0627\u0644\u0645\u0641\u0627\u0635\u0644 \u0627\u0644\u0645\u0644\u062a\u0647\u0628\u0629\u060c<\/strong><\/span><\/li>\n<li><span style=\"font-size: 18pt\"><strong>\u064a\u0639\u0627\u0644\u062c \u0627\u0644\u0631\u0648\u0645\u0627\u062a\u064a\u0632\u0645 \u0628\u0641\u0639\u0627\u0644\u064a\u0629\u060c<\/strong><\/span><\/li>\n<li><span style=\"font-size: 18pt\"><strong>\u0643\u0645\u0627 \u064a\u0641\u064a\u062f \u0641\u064a \u062a\u062c\u062f\u064a\u062f \u0627\u0644\u062e\u0644\u0627\u064a\u0627 \u0627\u0644\u063a\u0636\u0631\u0648\u0641\u064a\u0629 \u0627\u0644\u0645\u062a\u0622\u0643\u0644\u0629 \u0648\u0647\u0634\u0627\u0634\u0629 \u0627\u0644\u0639\u0638\u0627\u0645.<\/strong><\/span><\/li>\n<\/ul>\n<p dir=\"RTL\" style=\"text-align: center\"><span style=\"font-size: 18pt\"><strong>\u0637\u0631\u064a\u0642\u0629 \u0627\u0644\u0627\u0633\u062a\u062e\u062f\u0627\u0645 :<\/strong><\/span><\/p>\n<ul dir=\"rtl\" style=\"text-align: center\">\n<li><span style=\"font-size: 18pt\"><strong>\u064a\u062f\u0647\u0646 \u0628\u0644\u0637\u0641 \u0648\u0647\u062f\u0648\u0621 \u0639\u0644\u0649 \u0627\u0644\u0623\u0645\u0627\u0643\u0646 \u0627\u0644\u0645\u0635\u0627\u0628\u0629 \u0641\u064a \u0627\u0644\u062c\u0633\u0645 \u0628\u0634\u0643\u0644 \u064a\u0648\u0645\u064a<\/strong><\/span><\/li>\n<\/ul>\n<p dir=\"RTL\" style=\"text-align: center\"><span style=\"font-size: 18pt\"><strong>\u0645\u0644\u0627\u062d\u0638\u0629 \u0647\u0627\u0645\u0629 :<\/strong><\/span><\/p>\n<ul dir=\"rtl\">\n<li style=\"text-align: center\"><span style=\"font-size: 18pt\"><strong>\u0648\u062c\u0628 \u0639\u062f\u0645 \u0627\u0644\u062a\u0639\u0631\u0636 \u0644\u0644\u0628\u0631\u062f \u0627\u062b\u0646\u0627\u0621 \u0627\u0644\u0627\u0633\u062a\u062e\u062f\u0627\u0645<\/strong><\/span><\/li>\n<\/ul>","protected":false},"excerpt":{"rendered":"<p>La graisse de bosse de chameau est une substance naturelle efficace pour traiter et soulager les douleurs articulaires. Il aide<\/p>","protected":false},"featured_media":18778,"comment_status":"open","ping_status":"closed","template":"","meta":[],"product_cat":[20],"product_tag":[],"yoast_head":"<!-- This site is optimized with the Yoast SEO plugin v23.4 - https:\/\/yoast.com\/wordpress\/plugins\/seo\/ -->\n<title>graisse de bosse de chameau \/ \u062f\u0647\u0646 \u0634\u062d\u0645 \u0633\u0646\u0627\u0645 \u0627\u0644\u062c\u0645\u0644 - AjiShop.ma<\/title>\n<meta name=\"robots\" content=\"index, follow, max-snippet:-1, max-image-preview:large, max-video-preview:-1\" \/>\n<link rel=\"canonical\" href=\"https:\/\/ajishop.ma\/ar\/shop\/sans-categorie\/graisse-de-bosse-de-chameau\/\" \/>\n<meta property=\"og:locale\" content=\"ar_AR\" \/>\n<meta property=\"og:type\" content=\"article\" \/>\n<meta property=\"og:title\" content=\"graisse de bosse de chameau \/ \u062f\u0647\u0646 \u0634\u062d\u0645 \u0633\u0646\u0627\u0645 \u0627\u0644\u062c\u0645\u0644 - AjiShop.ma\" \/>\n<meta property=\"og:description\" content=\"La graisse de bosse de chameau est une substance naturelle efficace pour traiter et soulager les douleurs articulaires. Il aide\" \/>\n<meta property=\"og:url\" content=\"https:\/\/ajishop.ma\/ar\/shop\/sans-categorie\/graisse-de-bosse-de-chameau\/\" \/>\n<meta property=\"og:site_name\" content=\"AjiShop.ma\" \/>\n<meta property=\"article:modified_time\" content=\"2025-02-02T22:40:24+00:00\" \/>\n<meta property=\"og:image\" content=\"https:\/\/ajishop.ma\/wp-content\/uploads\/2025\/02\/1566767782.png\" \/>\n\t<meta property=\"og:image:width\" content=\"1400\" \/>\n\t<meta property=\"og:image:height\" content=\"1400\" \/>\n\t<meta property=\"og:image:type\" content=\"image\/png\" \/>\n<meta name=\"twitter:card\" content=\"summary_large_image\" \/>\n<meta name=\"twitter:label1\" content=\"\u0648\u0642\u062a \u0627\u0644\u0642\u0631\u0627\u0621\u0629 \u0627\u0644\u0645\u064f\u0642\u062f\u0651\u0631\" \/>\n\t<meta name=\"twitter:data1\" content=\"\u062f\u0642\u064a\u0642\u0629 \u0648\u0627\u062d\u062f\u0629\" \/>\n<script type=\"application\/ld+json\" class=\"yoast-schema-graph\">{\"@context\":\"https:\/\/schema.org\",\"@graph\":[{\"@type\":\"WebPage\",\"@id\":\"https:\/\/ajishop.ma\/shop\/sans-categorie\/graisse-de-bosse-de-chameau\/\",\"url\":\"https:\/\/ajishop.ma\/shop\/sans-categorie\/graisse-de-bosse-de-chameau\/\",\"name\":\"graisse de bosse de chameau \/ \u062f\u0647\u0646 \u0634\u062d\u0645 \u0633\u0646\u0627\u0645 \u0627\u0644\u062c\u0645\u0644 - AjiShop.ma\",\"isPartOf\":{\"@id\":\"https:\/\/ajishop.ma\/#website\"},\"primaryImageOfPage\":{\"@id\":\"https:\/\/ajishop.ma\/shop\/sans-categorie\/graisse-de-bosse-de-chameau\/#primaryimage\"},\"image\":{\"@id\":\"https:\/\/ajishop.ma\/shop\/sans-categorie\/graisse-de-bosse-de-chameau\/#primaryimage\"},\"thumbnailUrl\":\"https:\/\/ajishop.ma\/wp-content\/uploads\/2025\/02\/1566767782.png\",\"datePublished\":\"2025-02-02T22:23:17+00:00\",\"dateModified\":\"2025-02-02T22:40:24+00:00\",\"breadcrumb\":{\"@id\":\"https:\/\/ajishop.ma\/shop\/sans-categorie\/graisse-de-bosse-de-chameau\/#breadcrumb\"},\"inLanguage\":\"ar\",\"potentialAction\":[{\"@type\":\"ReadAction\",\"target\":[\"https:\/\/ajishop.ma\/shop\/sans-categorie\/graisse-de-bosse-de-chameau\/\"]}]},{\"@type\":\"ImageObject\",\"inLanguage\":\"ar\",\"@id\":\"https:\/\/ajishop.ma\/shop\/sans-categorie\/graisse-de-bosse-de-chameau\/#primaryimage\",\"url\":\"https:\/\/ajishop.ma\/wp-content\/uploads\/2025\/02\/1566767782.png\",\"contentUrl\":\"https:\/\/ajishop.ma\/wp-content\/uploads\/2025\/02\/1566767782.png\",\"width\":1400,\"height\":1400},{\"@type\":\"BreadcrumbList\",\"@id\":\"https:\/\/ajishop.ma\/shop\/sans-categorie\/graisse-de-bosse-de-chameau\/#breadcrumb\",\"itemListElement\":[{\"@type\":\"ListItem\",\"position\":1,\"name\":\"Accueil\",\"item\":\"https:\/\/ajishop.ma\/\"},{\"@type\":\"ListItem\",\"position\":2,\"name\":\"Magasin\",\"item\":\"https:\/\/ajishop.ma\/shop\/\"},{\"@type\":\"ListItem\",\"position\":3,\"name\":\"graisse de bosse de chameau \/ \u062f\u0647\u0646 \u0634\u062d\u0645 \u0633\u0646\u0627\u0645 \u0627\u0644\u062c\u0645\u0644\"}]},{\"@type\":\"WebSite\",\"@id\":\"https:\/\/ajishop.ma\/#website\",\"url\":\"https:\/\/ajishop.ma\/\",\"name\":\"AjiShop.ma\",\"description\":\"Produits 100% naturels, Pour votre bien \u00eatre...\",\"publisher\":{\"@id\":\"https:\/\/ajishop.ma\/#organization\"},\"potentialAction\":[{\"@type\":\"SearchAction\",\"target\":{\"@type\":\"EntryPoint\",\"urlTemplate\":\"https:\/\/ajishop.ma\/?s={search_term_string}\"},\"query-input\":{\"@type\":\"PropertyValueSpecification\",\"valueRequired\":true,\"valueName\":\"search_term_string\"}}],\"inLanguage\":\"ar\"},{\"@type\":\"Organization\",\"@id\":\"https:\/\/ajishop.ma\/#organization\",\"name\":\"AjiShop.ma\",\"url\":\"https:\/\/ajishop.ma\/\",\"logo\":{\"@type\":\"ImageObject\",\"inLanguage\":\"ar\",\"@id\":\"https:\/\/ajishop.ma\/#\/schema\/logo\/image\/\",\"url\":\"https:\/\/ajishop.ma\/wp-content\/uploads\/2024\/09\/AjiShop.ma-Horizontal-Logo-Green.png\",\"contentUrl\":\"https:\/\/ajishop.ma\/wp-content\/uploads\/2024\/09\/AjiShop.ma-Horizontal-Logo-Green.png\",\"width\":1917,\"height\":276,\"caption\":\"AjiShop.ma\"},\"image\":{\"@id\":\"https:\/\/ajishop.ma\/#\/schema\/logo\/image\/\"}}]}<\/script>\n<!-- \/ Yoast SEO plugin. -->","yoast_head_json":{"title":"graisse de bosse de chameau \/ \u062f\u0647\u0646 \u0634\u062d\u0645 \u0633\u0646\u0627\u0645 \u0627\u0644\u062c\u0645\u0644 - AjiShop.ma","robots":{"index":"index","follow":"follow","max-snippet":"max-snippet:-1","max-image-preview":"max-image-preview:large","max-video-preview":"max-video-preview:-1"},"canonical":"https:\/\/ajishop.ma\/ar\/shop\/sans-categorie\/graisse-de-bosse-de-chameau\/","og_locale":"ar_AR","og_type":"article","og_title":"graisse de bosse de chameau \/ \u062f\u0647\u0646 \u0634\u062d\u0645 \u0633\u0646\u0627\u0645 \u0627\u0644\u062c\u0645\u0644 - AjiShop.ma","og_description":"La graisse de bosse de chameau est une substance naturelle efficace pour traiter et soulager les douleurs articulaires. Il aide","og_url":"https:\/\/ajishop.ma\/ar\/shop\/sans-categorie\/graisse-de-bosse-de-chameau\/","og_site_name":"AjiShop.ma","article_modified_time":"2025-02-02T22:40:24+00:00","og_image":[{"width":1400,"height":1400,"url":"https:\/\/ajishop.ma\/wp-content\/uploads\/2025\/02\/1566767782.png","type":"image\/png"}],"twitter_card":"summary_large_image","twitter_misc":{"\u0648\u0642\u062a \u0627\u0644\u0642\u0631\u0627\u0621\u0629 \u0627\u0644\u0645\u064f\u0642\u062f\u0651\u0631":"\u062f\u0642\u064a\u0642\u0629 \u0648\u0627\u062d\u062f\u0629"},"schema":{"@context":"https:\/\/schema.org","@graph":[{"@type":"WebPage","@id":"https:\/\/ajishop.ma\/shop\/sans-categorie\/graisse-de-bosse-de-chameau\/","url":"https:\/\/ajishop.ma\/shop\/sans-categorie\/graisse-de-bosse-de-chameau\/","name":"graisse de bosse de chameau \/ \u062f\u0647\u0646 \u0634\u062d\u0645 \u0633\u0646\u0627\u0645 \u0627\u0644\u062c\u0645\u0644 - AjiShop.ma","isPartOf":{"@id":"https:\/\/ajishop.ma\/#website"},"primaryImageOfPage":{"@id":"https:\/\/ajishop.ma\/shop\/sans-categorie\/graisse-de-bosse-de-chameau\/#primaryimage"},"image":{"@id":"https:\/\/ajishop.ma\/shop\/sans-categorie\/graisse-de-bosse-de-chameau\/#primaryimage"},"thumbnailUrl":"https:\/\/ajishop.ma\/wp-content\/uploads\/2025\/02\/1566767782.png","datePublished":"2025-02-02T22:23:17+00:00","dateModified":"2025-02-02T22:40:24+00:00","breadcrumb":{"@id":"https:\/\/ajishop.ma\/shop\/sans-categorie\/graisse-de-bosse-de-chameau\/#breadcrumb"},"inLanguage":"ar","potentialAction":[{"@type":"ReadAction","target":["https:\/\/ajishop.ma\/shop\/sans-categorie\/graisse-de-bosse-de-chameau\/"]}]},{"@type":"ImageObject","inLanguage":"ar","@id":"https:\/\/ajishop.ma\/shop\/sans-categorie\/graisse-de-bosse-de-chameau\/#primaryimage","url":"https:\/\/ajishop.ma\/wp-content\/uploads\/2025\/02\/1566767782.png","contentUrl":"https:\/\/ajishop.ma\/wp-content\/uploads\/2025\/02\/1566767782.png","width":1400,"height":1400},{"@type":"BreadcrumbList","@id":"https:\/\/ajishop.ma\/shop\/sans-categorie\/graisse-de-bosse-de-chameau\/#breadcrumb","itemListElement":[{"@type":"ListItem","position":1,"name":"Accueil","item":"https:\/\/ajishop.ma\/"},{"@type":"ListItem","position":2,"name":"Magasin","item":"https:\/\/ajishop.ma\/shop\/"},{"@type":"ListItem","position":3,"name":"graisse de bosse de chameau \/ \u062f\u0647\u0646 \u0634\u062d\u0645 \u0633\u0646\u0627\u0645 \u0627\u0644\u062c\u0645\u0644"}]},{"@type":"WebSite","@id":"https:\/\/ajishop.ma\/#website","url":"https:\/\/ajishop.ma\/","name":"AjiShop.ma","description":"Produits 100% naturels, Pour votre bien \u00eatre...","publisher":{"@id":"https:\/\/ajishop.ma\/#organization"},"potentialAction":[{"@type":"SearchAction","target":{"@type":"EntryPoint","urlTemplate":"https:\/\/ajishop.ma\/?s={search_term_string}"},"query-input":{"@type":"PropertyValueSpecification","valueRequired":true,"valueName":"search_term_string"}}],"inLanguage":"ar"},{"@type":"Organization","@id":"https:\/\/ajishop.ma\/#organization","name":"AjiShop.ma","url":"https:\/\/ajishop.ma\/","logo":{"@type":"ImageObject","inLanguage":"ar","@id":"https:\/\/ajishop.ma\/#\/schema\/logo\/image\/","url":"https:\/\/ajishop.ma\/wp-content\/uploads\/2024\/09\/AjiShop.ma-Horizontal-Logo-Green.png","contentUrl":"https:\/\/ajishop.ma\/wp-content\/uploads\/2024\/09\/AjiShop.ma-Horizontal-Logo-Green.png","width":1917,"height":276,"caption":"AjiShop.ma"},"image":{"@id":"https:\/\/ajishop.ma\/#\/schema\/logo\/image\/"}}]}},"_links":{"self":[{"href":"https:\/\/ajishop.ma\/ar\/wp-json\/wp\/v2\/product\/18777"}],"collection":[{"href":"https:\/\/ajishop.ma\/ar\/wp-json\/wp\/v2\/product"}],"about":[{"href":"https:\/\/ajishop.ma\/ar\/wp-json\/wp\/v2\/types\/product"}],"replies":[{"embeddable":true,"href":"https:\/\/ajishop.ma\/ar\/wp-json\/wp\/v2\/comments?post=18777"}],"version-history":[{"count":2,"href":"https:\/\/ajishop.ma\/ar\/wp-json\/wp\/v2\/product\/18777\/revisions"}],"predecessor-version":[{"id":18780,"href":"https:\/\/ajishop.ma\/ar\/wp-json\/wp\/v2\/product\/18777\/revisions\/18780"}],"wp:featuredmedia":[{"embeddable":true,"href":"https:\/\/ajishop.ma\/ar\/wp-json\/wp\/v2\/media\/18778"}],"wp:attachment":[{"href":"https:\/\/ajishop.ma\/ar\/wp-json\/wp\/v2\/media?parent=18777"}],"wp:term":[{"taxonomy":"product_cat","embeddable":true,"href":"https:\/\/ajishop.ma\/ar\/wp-json\/wp\/v2\/product_cat?post=18777"},{"taxonomy":"product_tag","embeddable":true,"href":"https:\/\/ajishop.ma\/ar\/wp-json\/wp\/v2\/product_tag?post=18777"}],"curies":[{"name":"wp","href":"https:\/\/api.w.org\/{rel}","templated":true}]}}