{"id":18964,"date":"2025-11-07T01:02:20","date_gmt":"2025-11-07T00:02:20","guid":{"rendered":"https:\/\/ajishop.ma\/?post_type=product&#038;p=18964"},"modified":"2025-11-07T01:02:20","modified_gmt":"2025-11-07T00:02:20","slug":"miel-deuphorbe-daghmous-du-sahara-pur-naturel","status":"publish","type":"product","link":"https:\/\/ajishop.ma\/ar\/shop\/miel-et-produits-de-la-ruche\/miel-deuphorbe-daghmous-du-sahara-pur-naturel\/","title":{"rendered":"Miel d\u2019Euphorbe Daghmous du Sahara \u2013 Pur &amp; Naturel"},"content":{"rendered":"<h2 data-start=\"718\" data-end=\"736\">\u00a0Bienfaits<\/h2>\n<ul data-start=\"738\" data-end=\"1052\">\n<li data-start=\"738\" data-end=\"813\"><strong data-start=\"740\" data-end=\"766\">Apaisant gorge et toux<\/strong>\u00a0: calme irritations et crises respiratoires.<\/li>\n<li data-start=\"814\" data-end=\"894\"><strong data-start=\"816\" data-end=\"840\">Antiseptique naturel<\/strong>\u00a0: lutte contre infections buccales, nasales et ORL.<\/li>\n<li data-start=\"895\" data-end=\"977\"><strong data-start=\"897\" data-end=\"921\">Stimulant et tonique<\/strong>\u00a0: r\u00e9chauffe le corps et augmente l\u2019\u00e9nergie naturelle.<\/li>\n<li data-start=\"978\" data-end=\"1052\"><strong data-start=\"980\" data-end=\"1012\">Traditionnellement fertilit\u00e9<\/strong>\u00a0: utilis\u00e9 pour stimuler la fertilit\u00e9.<\/li>\n<li data-start=\"978\" data-end=\"1052\">\n<h3 data-start=\"1059\" data-end=\"1082\">Mode d\u2019emploi<\/h3>\n<ul data-start=\"1084\" data-end=\"1352\">\n<li data-start=\"1084\" data-end=\"1189\">Consommer\u00a0<strong data-start=\"1096\" data-end=\"1122\">1 cuill\u00e8re \u00e0 caf\u00e9 pure<\/strong>, de pr\u00e9f\u00e9rence non dilu\u00e9e, plusieurs fois par jour selon besoin.<\/li>\n<li data-start=\"1190\" data-end=\"1289\">Peut \u00eatre dilu\u00e9 dans un demi-verre d\u2019eau \u00e0 temp\u00e9rature ambiante pour faciliter la consommation.<\/li>\n<li data-start=\"1290\" data-end=\"1352\">Usage conseill\u00e9 pour adultes et enfants de plus de 10 ans.<\/li>\n<li data-start=\"1290\" data-end=\"1352\">\n<h3 data-start=\"1359\" data-end=\"1379\">\u00a0Pr\u00e9cautions<\/h3>\n<ul data-start=\"1381\" data-end=\"1624\">\n<li data-start=\"1381\" data-end=\"1439\">Intensit\u00e9 gustative \u00e9lev\u00e9e : utiliser avec mod\u00e9ration.<\/li>\n<li data-start=\"1440\" data-end=\"1487\">D\u00e9conseill\u00e9 aux enfants de moins de 10 ans.<\/li>\n<li data-start=\"1488\" data-end=\"1569\">Consulter un professionnel de sant\u00e9 en cas de doute ou pathologie sp\u00e9cifique.<\/li>\n<li data-start=\"1570\" data-end=\"1624\">Conserver \u00e0 l\u2019abri de la chaleur et de l\u2019humidit\u00e9.<\/li>\n<\/ul>\n<\/li>\n<\/ul>\n<\/li>\n<\/ul>","protected":false},"excerpt":{"rendered":"<p>\u00a0Bienfaits Apaisant gorge et toux\u00a0: calme irritations et crises respiratoires. Antiseptique naturel\u00a0: lutte contre infections buccales, nasales et ORL. Stimulant<\/p>","protected":false},"featured_media":18968,"comment_status":"open","ping_status":"closed","template":"","meta":[],"product_cat":[28],"product_tag":[],"yoast_head":"<!-- This site is optimized with the Yoast SEO plugin v23.4 - https:\/\/yoast.com\/wordpress\/plugins\/seo\/ -->\n<title>Miel d\u2019Euphorbe Daghmous du Sahara \u2013 Pur &amp; Naturel - AjiShop.ma<\/title>\n<meta name=\"robots\" content=\"index, follow, max-snippet:-1, max-image-preview:large, max-video-preview:-1\" \/>\n<link rel=\"canonical\" href=\"https:\/\/ajishop.ma\/ar\/shop\/miel-et-produits-de-la-ruche\/miel-deuphorbe-daghmous-du-sahara-pur-naturel\/\" \/>\n<meta property=\"og:locale\" content=\"ar_AR\" \/>\n<meta property=\"og:type\" content=\"article\" \/>\n<meta property=\"og:title\" content=\"Miel d\u2019Euphorbe Daghmous du Sahara \u2013 Pur &amp; Naturel - AjiShop.ma\" \/>\n<meta property=\"og:description\" content=\"\u00a0Bienfaits Apaisant gorge et toux\u00a0: calme irritations et crises respiratoires. Antiseptique naturel\u00a0: lutte contre infections buccales, nasales et ORL. Stimulant\" \/>\n<meta property=\"og:url\" content=\"https:\/\/ajishop.ma\/ar\/shop\/miel-et-produits-de-la-ruche\/miel-deuphorbe-daghmous-du-sahara-pur-naturel\/\" \/>\n<meta property=\"og:site_name\" content=\"AjiShop.ma\" \/>\n<meta property=\"og:image\" content=\"https:\/\/ajishop.ma\/wp-content\/uploads\/2025\/11\/miel-deuphorbe-daghmous-du-sahara-pur-naturel-6041586_700x700.webp\" \/>\n\t<meta property=\"og:image:width\" content=\"700\" \/>\n\t<meta property=\"og:image:height\" content=\"700\" \/>\n\t<meta property=\"og:image:type\" content=\"image\/webp\" \/>\n<meta name=\"twitter:card\" content=\"summary_large_image\" \/>\n<meta name=\"twitter:label1\" content=\"\u0648\u0642\u062a \u0627\u0644\u0642\u0631\u0627\u0621\u0629 \u0627\u0644\u0645\u064f\u0642\u062f\u0651\u0631\" \/>\n\t<meta name=\"twitter:data1\" content=\"\u062f\u0642\u064a\u0642\u0629 \u0648\u0627\u062d\u062f\u0629\" \/>\n<script type=\"application\/ld+json\" class=\"yoast-schema-graph\">{\"@context\":\"https:\/\/schema.org\",\"@graph\":[{\"@type\":\"WebPage\",\"@id\":\"https:\/\/ajishop.ma\/shop\/miel-et-produits-de-la-ruche\/miel-deuphorbe-daghmous-du-sahara-pur-naturel\/\",\"url\":\"https:\/\/ajishop.ma\/shop\/miel-et-produits-de-la-ruche\/miel-deuphorbe-daghmous-du-sahara-pur-naturel\/\",\"name\":\"Miel d\u2019Euphorbe Daghmous du Sahara \u2013 Pur &amp; Naturel - AjiShop.ma\",\"isPartOf\":{\"@id\":\"https:\/\/ajishop.ma\/#website\"},\"primaryImageOfPage\":{\"@id\":\"https:\/\/ajishop.ma\/shop\/miel-et-produits-de-la-ruche\/miel-deuphorbe-daghmous-du-sahara-pur-naturel\/#primaryimage\"},\"image\":{\"@id\":\"https:\/\/ajishop.ma\/shop\/miel-et-produits-de-la-ruche\/miel-deuphorbe-daghmous-du-sahara-pur-naturel\/#primaryimage\"},\"thumbnailUrl\":\"https:\/\/ajishop.ma\/wp-content\/uploads\/2025\/11\/miel-deuphorbe-daghmous-du-sahara-pur-naturel-6041586_700x700.webp\",\"datePublished\":\"2025-11-07T00:02:20+00:00\",\"dateModified\":\"2025-11-07T00:02:20+00:00\",\"breadcrumb\":{\"@id\":\"https:\/\/ajishop.ma\/shop\/miel-et-produits-de-la-ruche\/miel-deuphorbe-daghmous-du-sahara-pur-naturel\/#breadcrumb\"},\"inLanguage\":\"ar\",\"potentialAction\":[{\"@type\":\"ReadAction\",\"target\":[\"https:\/\/ajishop.ma\/shop\/miel-et-produits-de-la-ruche\/miel-deuphorbe-daghmous-du-sahara-pur-naturel\/\"]}]},{\"@type\":\"ImageObject\",\"inLanguage\":\"ar\",\"@id\":\"https:\/\/ajishop.ma\/shop\/miel-et-produits-de-la-ruche\/miel-deuphorbe-daghmous-du-sahara-pur-naturel\/#primaryimage\",\"url\":\"https:\/\/ajishop.ma\/wp-content\/uploads\/2025\/11\/miel-deuphorbe-daghmous-du-sahara-pur-naturel-6041586_700x700.webp\",\"contentUrl\":\"https:\/\/ajishop.ma\/wp-content\/uploads\/2025\/11\/miel-deuphorbe-daghmous-du-sahara-pur-naturel-6041586_700x700.webp\",\"width\":700,\"height\":700},{\"@type\":\"BreadcrumbList\",\"@id\":\"https:\/\/ajishop.ma\/shop\/miel-et-produits-de-la-ruche\/miel-deuphorbe-daghmous-du-sahara-pur-naturel\/#breadcrumb\",\"itemListElement\":[{\"@type\":\"ListItem\",\"position\":1,\"name\":\"Accueil\",\"item\":\"https:\/\/ajishop.ma\/\"},{\"@type\":\"ListItem\",\"position\":2,\"name\":\"Magasin\",\"item\":\"https:\/\/ajishop.ma\/shop\/\"},{\"@type\":\"ListItem\",\"position\":3,\"name\":\"Miel d\u2019Euphorbe Daghmous du Sahara \u2013 Pur &amp; Naturel\"}]},{\"@type\":\"WebSite\",\"@id\":\"https:\/\/ajishop.ma\/#website\",\"url\":\"https:\/\/ajishop.ma\/\",\"name\":\"AjiShop.ma\",\"description\":\"Produits 100% naturels, Pour votre bien \u00eatre...\",\"publisher\":{\"@id\":\"https:\/\/ajishop.ma\/#organization\"},\"potentialAction\":[{\"@type\":\"SearchAction\",\"target\":{\"@type\":\"EntryPoint\",\"urlTemplate\":\"https:\/\/ajishop.ma\/?s={search_term_string}\"},\"query-input\":{\"@type\":\"PropertyValueSpecification\",\"valueRequired\":true,\"valueName\":\"search_term_string\"}}],\"inLanguage\":\"ar\"},{\"@type\":\"Organization\",\"@id\":\"https:\/\/ajishop.ma\/#organization\",\"name\":\"AjiShop.ma\",\"url\":\"https:\/\/ajishop.ma\/\",\"logo\":{\"@type\":\"ImageObject\",\"inLanguage\":\"ar\",\"@id\":\"https:\/\/ajishop.ma\/#\/schema\/logo\/image\/\",\"url\":\"https:\/\/ajishop.ma\/wp-content\/uploads\/2024\/09\/AjiShop.ma-Horizontal-Logo-Green.png\",\"contentUrl\":\"https:\/\/ajishop.ma\/wp-content\/uploads\/2024\/09\/AjiShop.ma-Horizontal-Logo-Green.png\",\"width\":1917,\"height\":276,\"caption\":\"AjiShop.ma\"},\"image\":{\"@id\":\"https:\/\/ajishop.ma\/#\/schema\/logo\/image\/\"}}]}<\/script>\n<!-- \/ Yoast SEO plugin. -->","yoast_head_json":{"title":"Miel d\u2019Euphorbe Daghmous du Sahara \u2013 Pur &amp; Naturel - AjiShop.ma","robots":{"index":"index","follow":"follow","max-snippet":"max-snippet:-1","max-image-preview":"max-image-preview:large","max-video-preview":"max-video-preview:-1"},"canonical":"https:\/\/ajishop.ma\/ar\/shop\/miel-et-produits-de-la-ruche\/miel-deuphorbe-daghmous-du-sahara-pur-naturel\/","og_locale":"ar_AR","og_type":"article","og_title":"Miel d\u2019Euphorbe Daghmous du Sahara \u2013 Pur &amp; Naturel - AjiShop.ma","og_description":"\u00a0Bienfaits Apaisant gorge et toux\u00a0: calme irritations et crises respiratoires. Antiseptique naturel\u00a0: lutte contre infections buccales, nasales et ORL. Stimulant","og_url":"https:\/\/ajishop.ma\/ar\/shop\/miel-et-produits-de-la-ruche\/miel-deuphorbe-daghmous-du-sahara-pur-naturel\/","og_site_name":"AjiShop.ma","og_image":[{"width":700,"height":700,"url":"https:\/\/ajishop.ma\/wp-content\/uploads\/2025\/11\/miel-deuphorbe-daghmous-du-sahara-pur-naturel-6041586_700x700.webp","type":"image\/webp"}],"twitter_card":"summary_large_image","twitter_misc":{"\u0648\u0642\u062a \u0627\u0644\u0642\u0631\u0627\u0621\u0629 \u0627\u0644\u0645\u064f\u0642\u062f\u0651\u0631":"\u062f\u0642\u064a\u0642\u0629 \u0648\u0627\u062d\u062f\u0629"},"schema":{"@context":"https:\/\/schema.org","@graph":[{"@type":"WebPage","@id":"https:\/\/ajishop.ma\/shop\/miel-et-produits-de-la-ruche\/miel-deuphorbe-daghmous-du-sahara-pur-naturel\/","url":"https:\/\/ajishop.ma\/shop\/miel-et-produits-de-la-ruche\/miel-deuphorbe-daghmous-du-sahara-pur-naturel\/","name":"Miel d\u2019Euphorbe Daghmous du Sahara \u2013 Pur &amp; Naturel - AjiShop.ma","isPartOf":{"@id":"https:\/\/ajishop.ma\/#website"},"primaryImageOfPage":{"@id":"https:\/\/ajishop.ma\/shop\/miel-et-produits-de-la-ruche\/miel-deuphorbe-daghmous-du-sahara-pur-naturel\/#primaryimage"},"image":{"@id":"https:\/\/ajishop.ma\/shop\/miel-et-produits-de-la-ruche\/miel-deuphorbe-daghmous-du-sahara-pur-naturel\/#primaryimage"},"thumbnailUrl":"https:\/\/ajishop.ma\/wp-content\/uploads\/2025\/11\/miel-deuphorbe-daghmous-du-sahara-pur-naturel-6041586_700x700.webp","datePublished":"2025-11-07T00:02:20+00:00","dateModified":"2025-11-07T00:02:20+00:00","breadcrumb":{"@id":"https:\/\/ajishop.ma\/shop\/miel-et-produits-de-la-ruche\/miel-deuphorbe-daghmous-du-sahara-pur-naturel\/#breadcrumb"},"inLanguage":"ar","potentialAction":[{"@type":"ReadAction","target":["https:\/\/ajishop.ma\/shop\/miel-et-produits-de-la-ruche\/miel-deuphorbe-daghmous-du-sahara-pur-naturel\/"]}]},{"@type":"ImageObject","inLanguage":"ar","@id":"https:\/\/ajishop.ma\/shop\/miel-et-produits-de-la-ruche\/miel-deuphorbe-daghmous-du-sahara-pur-naturel\/#primaryimage","url":"https:\/\/ajishop.ma\/wp-content\/uploads\/2025\/11\/miel-deuphorbe-daghmous-du-sahara-pur-naturel-6041586_700x700.webp","contentUrl":"https:\/\/ajishop.ma\/wp-content\/uploads\/2025\/11\/miel-deuphorbe-daghmous-du-sahara-pur-naturel-6041586_700x700.webp","width":700,"height":700},{"@type":"BreadcrumbList","@id":"https:\/\/ajishop.ma\/shop\/miel-et-produits-de-la-ruche\/miel-deuphorbe-daghmous-du-sahara-pur-naturel\/#breadcrumb","itemListElement":[{"@type":"ListItem","position":1,"name":"Accueil","item":"https:\/\/ajishop.ma\/"},{"@type":"ListItem","position":2,"name":"Magasin","item":"https:\/\/ajishop.ma\/shop\/"},{"@type":"ListItem","position":3,"name":"Miel d\u2019Euphorbe Daghmous du Sahara \u2013 Pur &amp; Naturel"}]},{"@type":"WebSite","@id":"https:\/\/ajishop.ma\/#website","url":"https:\/\/ajishop.ma\/","name":"AjiShop.ma","description":"Produits 100% naturels, Pour votre bien \u00eatre...","publisher":{"@id":"https:\/\/ajishop.ma\/#organization"},"potentialAction":[{"@type":"SearchAction","target":{"@type":"EntryPoint","urlTemplate":"https:\/\/ajishop.ma\/?s={search_term_string}"},"query-input":{"@type":"PropertyValueSpecification","valueRequired":true,"valueName":"search_term_string"}}],"inLanguage":"ar"},{"@type":"Organization","@id":"https:\/\/ajishop.ma\/#organization","name":"AjiShop.ma","url":"https:\/\/ajishop.ma\/","logo":{"@type":"ImageObject","inLanguage":"ar","@id":"https:\/\/ajishop.ma\/#\/schema\/logo\/image\/","url":"https:\/\/ajishop.ma\/wp-content\/uploads\/2024\/09\/AjiShop.ma-Horizontal-Logo-Green.png","contentUrl":"https:\/\/ajishop.ma\/wp-content\/uploads\/2024\/09\/AjiShop.ma-Horizontal-Logo-Green.png","width":1917,"height":276,"caption":"AjiShop.ma"},"image":{"@id":"https:\/\/ajishop.ma\/#\/schema\/logo\/image\/"}}]}},"_links":{"self":[{"href":"https:\/\/ajishop.ma\/ar\/wp-json\/wp\/v2\/product\/18964"}],"collection":[{"href":"https:\/\/ajishop.ma\/ar\/wp-json\/wp\/v2\/product"}],"about":[{"href":"https:\/\/ajishop.ma\/ar\/wp-json\/wp\/v2\/types\/product"}],"replies":[{"embeddable":true,"href":"https:\/\/ajishop.ma\/ar\/wp-json\/wp\/v2\/comments?post=18964"}],"version-history":[{"count":2,"href":"https:\/\/ajishop.ma\/ar\/wp-json\/wp\/v2\/product\/18964\/revisions"}],"predecessor-version":[{"id":18970,"href":"https:\/\/ajishop.ma\/ar\/wp-json\/wp\/v2\/product\/18964\/revisions\/18970"}],"wp:featuredmedia":[{"embeddable":true,"href":"https:\/\/ajishop.ma\/ar\/wp-json\/wp\/v2\/media\/18968"}],"wp:attachment":[{"href":"https:\/\/ajishop.ma\/ar\/wp-json\/wp\/v2\/media?parent=18964"}],"wp:term":[{"taxonomy":"product_cat","embeddable":true,"href":"https:\/\/ajishop.ma\/ar\/wp-json\/wp\/v2\/product_cat?post=18964"},{"taxonomy":"product_tag","embeddable":true,"href":"https:\/\/ajishop.ma\/ar\/wp-json\/wp\/v2\/product_tag?post=18964"}],"curies":[{"name":"wp","href":"https:\/\/api.w.org\/{rel}","templated":true}]}}