{"id":18972,"date":"2025-11-08T00:54:43","date_gmt":"2025-11-07T23:54:43","guid":{"rendered":"https:\/\/ajishop.ma\/?post_type=product&#038;p=18972"},"modified":"2025-11-08T00:54:43","modified_gmt":"2025-11-07T23:54:43","slug":"boumezoui-miel-125ml","status":"publish","type":"product","link":"https:\/\/ajishop.ma\/ar\/shop\/miel-et-produits-de-la-ruche\/boumezoui-miel-125ml\/","title":{"rendered":"Boumezoui Miel 125ml"},"content":{"rendered":"<p class=\"\" data-start=\"143\" data-end=\"587\"><strong data-start=\"143\" data-end=\"161\">Boumezoui Miel<\/strong>\u00a0est un rem\u00e8de naturel et efficace, reconnu pour son action b\u00e9n\u00e9fique sur les sympt\u00f4mes du\u00a0<strong data-start=\"252\" data-end=\"289\">Syndrome du C\u00f4lon Irritable (SCI)<\/strong>\u00a0ainsi que sur divers troubles intestinaux tels que les douleurs spastiques, les gaz, les flatulences et la paresse intestinale.<\/p>\n<p class=\"\" data-start=\"143\" data-end=\"587\">Ce miel de qualit\u00e9 sup\u00e9rieure, issu d&#8217;une formule unique, est sp\u00e9cialement con\u00e7u pour soulager les d\u00e9sagr\u00e9ments li\u00e9s \u00e0 la digestion et am\u00e9liorer le bien-\u00eatre intestinal.<\/p>\n<p class=\"\" data-start=\"589\" data-end=\"752\">En plus de son efficacit\u00e9 pour traiter le\u00a0<strong data-start=\"631\" data-end=\"650\">c\u00f4lon irritable<\/strong>,\u00a0<strong data-start=\"652\" data-end=\"670\">Boumezoui Miel<\/strong>\u00a0aide \u00e0 r\u00e9guler le transit et \u00e0 favoriser une digestion plus saine et confortable.<\/p>\n<h3 data-start=\"754\" data-end=\"792\"><strong data-start=\"759\" data-end=\"792\">Bienfaits du Boumezoui Miel :<\/strong><\/h3>\n<ul data-start=\"794\" data-end=\"1178\">\n<li class=\"\" data-start=\"794\" data-end=\"948\">\n<p class=\"\" data-start=\"796\" data-end=\"948\"><strong data-start=\"796\" data-end=\"830\">Soulagement du C\u00f4lon Irritable<\/strong>\u00a0: Apaise les douleurs abdominales, les ballonnements et r\u00e9gule le transit intestinal, r\u00e9duisant les sympt\u00f4mes du SCI.<\/p>\n<\/li>\n<li class=\"\" data-start=\"949\" data-end=\"1056\">\n<p class=\"\" data-start=\"951\" data-end=\"1056\"><strong data-start=\"951\" data-end=\"986\">\u00c9limination des gaz intestinaux<\/strong>\u00a0: Aide \u00e0 \u00e9vacuer les gaz et soulage les ballonnements et flatulences.<\/p>\n<\/li>\n<li class=\"\" data-start=\"1057\" data-end=\"1178\">\n<p class=\"\" data-start=\"1059\" data-end=\"1178\"><strong data-start=\"1059\" data-end=\"1091\">Am\u00e9lioration de la digestion<\/strong>\u00a0: R\u00e9duit les naus\u00e9es et l&#8217;eructation, favorisant une digestion plus douce et agr\u00e9able.<\/p>\n<\/li>\n<\/ul>\n<h3 data-start=\"1180\" data-end=\"1207\"><strong data-start=\"1185\" data-end=\"1207\">Caract\u00e9ristiques :<\/strong><\/h3>\n<ul data-start=\"1209\" data-end=\"1502\">\n<li class=\"\" data-start=\"1209\" data-end=\"1365\">\n<p class=\"\" data-start=\"1211\" data-end=\"1365\"><strong data-start=\"1211\" data-end=\"1233\">Traitement naturel<\/strong>\u00a0: Boumezoui Miel est 100 % naturel, sans produits chimiques ni agents artificiels, pour un soulagement intestinal doux et s\u00e9curis\u00e9.<\/p>\n<\/li>\n<li class=\"\" data-start=\"1366\" data-end=\"1502\">\n<p class=\"\" data-start=\"1368\" data-end=\"1502\"><strong data-start=\"1368\" data-end=\"1391\">Contenance pratique<\/strong>\u00a0: Chaque flacon contient\u00a0<strong data-start=\"1417\" data-end=\"1427\">125 ml<\/strong>\u00a0de miel pur, id\u00e9al pour un usage quotidien et pour des r\u00e9sultats durables.<\/p>\n<\/li>\n<\/ul>\n<h3 data-start=\"1504\" data-end=\"1528\"><strong data-start=\"1509\" data-end=\"1528\">Mode d&#8217;emploi :<\/strong><\/h3>\n<ol data-start=\"1530\" data-end=\"1885\">\n<li class=\"\" data-start=\"1530\" data-end=\"1622\">\n<p class=\"\" data-start=\"1533\" data-end=\"1622\">Prenez\u00a0<strong data-start=\"1540\" data-end=\"1562\">1 cuill\u00e8re \u00e0 soupe<\/strong>\u00a0de Boumezoui Miel avant chaque repas, de pr\u00e9f\u00e9rence \u00e0 jeun.<\/p>\n<\/li>\n<li class=\"\" data-start=\"1623\" data-end=\"1750\">\n<p class=\"\" data-start=\"1626\" data-end=\"1750\">Pour une meilleure assimilation, il est conseill\u00e9 de laisser le miel fondre dans la bouche quelques instants avant d&#8217;avaler.<\/p>\n<\/li>\n<li class=\"\" data-start=\"1751\" data-end=\"1885\">\n<p class=\"\" data-start=\"1754\" data-end=\"1885\">Ce traitement peut \u00eatre utilis\u00e9 r\u00e9guli\u00e8rement pour soulager les sympt\u00f4mes du c\u00f4lon irritable et am\u00e9liorer votre bien-\u00eatre digestif.<\/p>\n<\/li>\n<\/ol>\n<h4 class=\"\" data-start=\"1887\" data-end=\"1918\"><strong data-start=\"1892\" data-end=\"1918\">Pr\u00e9cautions d&#8217;emploi :<\/strong><\/h4>\n<p class=\"\" data-start=\"1920\" data-end=\"2155\">Bien que\u00a0<strong data-start=\"1929\" data-end=\"1947\">Boumezoui Miel<\/strong>\u00a0soit un traitement naturel, il est conseill\u00e9 de consulter un professionnel de sant\u00e9 en cas de troubles intestinaux persistants, de grossesse, d&#8217;allaitement ou si vous suivez un traitement m\u00e9dical sp\u00e9cifique.<\/p>\n<h4 class=\"\" data-start=\"2157\" data-end=\"2179\"><strong data-start=\"2162\" data-end=\"2179\">Fabrication :<\/strong><\/h4>\n<p class=\"\" data-start=\"2181\" data-end=\"2307\"><strong data-start=\"2181\" data-end=\"2199\">Boumezoui Miel<\/strong>\u00a0provient directement du Maroc, garantissant une qualit\u00e9 authentique et respectueuse des traditions locales.<\/p>","protected":false},"excerpt":{"rendered":"<p>Boumezoui Miel\u00a0est un rem\u00e8de naturel et efficace, reconnu pour son action b\u00e9n\u00e9fique sur les sympt\u00f4mes du\u00a0Syndrome du C\u00f4lon Irritable (SCI)\u00a0ainsi<\/p>","protected":false},"featured_media":18973,"comment_status":"open","ping_status":"closed","template":"","meta":[],"product_cat":[29,28],"product_tag":[],"yoast_head":"<!-- This site is optimized with the Yoast SEO plugin v23.4 - https:\/\/yoast.com\/wordpress\/plugins\/seo\/ -->\n<title>Boumezoui Miel 125ml - AjiShop.ma<\/title>\n<meta name=\"robots\" content=\"index, follow, max-snippet:-1, max-image-preview:large, max-video-preview:-1\" \/>\n<link rel=\"canonical\" href=\"https:\/\/ajishop.ma\/ar\/shop\/miel-et-produits-de-la-ruche\/boumezoui-miel-125ml\/\" \/>\n<meta property=\"og:locale\" content=\"ar_AR\" \/>\n<meta property=\"og:type\" content=\"article\" \/>\n<meta property=\"og:title\" content=\"Boumezoui Miel 125ml - AjiShop.ma\" \/>\n<meta property=\"og:description\" content=\"Boumezoui Miel\u00a0est un rem\u00e8de naturel et efficace, reconnu pour son action b\u00e9n\u00e9fique sur les sympt\u00f4mes du\u00a0Syndrome du C\u00f4lon Irritable (SCI)\u00a0ainsi\" \/>\n<meta property=\"og:url\" content=\"https:\/\/ajishop.ma\/ar\/shop\/miel-et-produits-de-la-ruche\/boumezoui-miel-125ml\/\" \/>\n<meta property=\"og:site_name\" content=\"AjiShop.ma\" \/>\n<meta property=\"og:image\" content=\"https:\/\/ajishop.ma\/wp-content\/uploads\/2025\/11\/boumezoui-miel-125ml-702580_700x700.webp\" \/>\n\t<meta property=\"og:image:width\" content=\"700\" \/>\n\t<meta property=\"og:image:height\" content=\"700\" \/>\n\t<meta property=\"og:image:type\" content=\"image\/webp\" \/>\n<meta name=\"twitter:card\" content=\"summary_large_image\" \/>\n<meta name=\"twitter:label1\" content=\"\u0648\u0642\u062a \u0627\u0644\u0642\u0631\u0627\u0621\u0629 \u0627\u0644\u0645\u064f\u0642\u062f\u0651\u0631\" \/>\n\t<meta name=\"twitter:data1\" content=\"\u062f\u0642\u064a\u0642\u062a\u0627\u0646\" \/>\n<script type=\"application\/ld+json\" class=\"yoast-schema-graph\">{\"@context\":\"https:\/\/schema.org\",\"@graph\":[{\"@type\":\"WebPage\",\"@id\":\"https:\/\/ajishop.ma\/shop\/miel-et-produits-de-la-ruche\/boumezoui-miel-125ml\/\",\"url\":\"https:\/\/ajishop.ma\/shop\/miel-et-produits-de-la-ruche\/boumezoui-miel-125ml\/\",\"name\":\"Boumezoui Miel 125ml - AjiShop.ma\",\"isPartOf\":{\"@id\":\"https:\/\/ajishop.ma\/#website\"},\"primaryImageOfPage\":{\"@id\":\"https:\/\/ajishop.ma\/shop\/miel-et-produits-de-la-ruche\/boumezoui-miel-125ml\/#primaryimage\"},\"image\":{\"@id\":\"https:\/\/ajishop.ma\/shop\/miel-et-produits-de-la-ruche\/boumezoui-miel-125ml\/#primaryimage\"},\"thumbnailUrl\":\"https:\/\/ajishop.ma\/wp-content\/uploads\/2025\/11\/boumezoui-miel-125ml-702580_700x700.webp\",\"datePublished\":\"2025-11-07T23:54:43+00:00\",\"dateModified\":\"2025-11-07T23:54:43+00:00\",\"breadcrumb\":{\"@id\":\"https:\/\/ajishop.ma\/shop\/miel-et-produits-de-la-ruche\/boumezoui-miel-125ml\/#breadcrumb\"},\"inLanguage\":\"ar\",\"potentialAction\":[{\"@type\":\"ReadAction\",\"target\":[\"https:\/\/ajishop.ma\/shop\/miel-et-produits-de-la-ruche\/boumezoui-miel-125ml\/\"]}]},{\"@type\":\"ImageObject\",\"inLanguage\":\"ar\",\"@id\":\"https:\/\/ajishop.ma\/shop\/miel-et-produits-de-la-ruche\/boumezoui-miel-125ml\/#primaryimage\",\"url\":\"https:\/\/ajishop.ma\/wp-content\/uploads\/2025\/11\/boumezoui-miel-125ml-702580_700x700.webp\",\"contentUrl\":\"https:\/\/ajishop.ma\/wp-content\/uploads\/2025\/11\/boumezoui-miel-125ml-702580_700x700.webp\",\"width\":700,\"height\":700},{\"@type\":\"BreadcrumbList\",\"@id\":\"https:\/\/ajishop.ma\/shop\/miel-et-produits-de-la-ruche\/boumezoui-miel-125ml\/#breadcrumb\",\"itemListElement\":[{\"@type\":\"ListItem\",\"position\":1,\"name\":\"Accueil\",\"item\":\"https:\/\/ajishop.ma\/\"},{\"@type\":\"ListItem\",\"position\":2,\"name\":\"Magasin\",\"item\":\"https:\/\/ajishop.ma\/shop\/\"},{\"@type\":\"ListItem\",\"position\":3,\"name\":\"Boumezoui Miel 125ml\"}]},{\"@type\":\"WebSite\",\"@id\":\"https:\/\/ajishop.ma\/#website\",\"url\":\"https:\/\/ajishop.ma\/\",\"name\":\"AjiShop.ma\",\"description\":\"Produits 100% naturels, Pour votre bien \u00eatre...\",\"publisher\":{\"@id\":\"https:\/\/ajishop.ma\/#organization\"},\"potentialAction\":[{\"@type\":\"SearchAction\",\"target\":{\"@type\":\"EntryPoint\",\"urlTemplate\":\"https:\/\/ajishop.ma\/?s={search_term_string}\"},\"query-input\":{\"@type\":\"PropertyValueSpecification\",\"valueRequired\":true,\"valueName\":\"search_term_string\"}}],\"inLanguage\":\"ar\"},{\"@type\":\"Organization\",\"@id\":\"https:\/\/ajishop.ma\/#organization\",\"name\":\"AjiShop.ma\",\"url\":\"https:\/\/ajishop.ma\/\",\"logo\":{\"@type\":\"ImageObject\",\"inLanguage\":\"ar\",\"@id\":\"https:\/\/ajishop.ma\/#\/schema\/logo\/image\/\",\"url\":\"https:\/\/ajishop.ma\/wp-content\/uploads\/2024\/09\/AjiShop.ma-Horizontal-Logo-Green.png\",\"contentUrl\":\"https:\/\/ajishop.ma\/wp-content\/uploads\/2024\/09\/AjiShop.ma-Horizontal-Logo-Green.png\",\"width\":1917,\"height\":276,\"caption\":\"AjiShop.ma\"},\"image\":{\"@id\":\"https:\/\/ajishop.ma\/#\/schema\/logo\/image\/\"}}]}<\/script>\n<!-- \/ Yoast SEO plugin. -->","yoast_head_json":{"title":"Boumezoui Miel 125ml - AjiShop.ma","robots":{"index":"index","follow":"follow","max-snippet":"max-snippet:-1","max-image-preview":"max-image-preview:large","max-video-preview":"max-video-preview:-1"},"canonical":"https:\/\/ajishop.ma\/ar\/shop\/miel-et-produits-de-la-ruche\/boumezoui-miel-125ml\/","og_locale":"ar_AR","og_type":"article","og_title":"Boumezoui Miel 125ml - AjiShop.ma","og_description":"Boumezoui Miel\u00a0est un rem\u00e8de naturel et efficace, reconnu pour son action b\u00e9n\u00e9fique sur les sympt\u00f4mes du\u00a0Syndrome du C\u00f4lon Irritable (SCI)\u00a0ainsi","og_url":"https:\/\/ajishop.ma\/ar\/shop\/miel-et-produits-de-la-ruche\/boumezoui-miel-125ml\/","og_site_name":"AjiShop.ma","og_image":[{"width":700,"height":700,"url":"https:\/\/ajishop.ma\/wp-content\/uploads\/2025\/11\/boumezoui-miel-125ml-702580_700x700.webp","type":"image\/webp"}],"twitter_card":"summary_large_image","twitter_misc":{"\u0648\u0642\u062a \u0627\u0644\u0642\u0631\u0627\u0621\u0629 \u0627\u0644\u0645\u064f\u0642\u062f\u0651\u0631":"\u062f\u0642\u064a\u0642\u062a\u0627\u0646"},"schema":{"@context":"https:\/\/schema.org","@graph":[{"@type":"WebPage","@id":"https:\/\/ajishop.ma\/shop\/miel-et-produits-de-la-ruche\/boumezoui-miel-125ml\/","url":"https:\/\/ajishop.ma\/shop\/miel-et-produits-de-la-ruche\/boumezoui-miel-125ml\/","name":"Boumezoui Miel 125ml - AjiShop.ma","isPartOf":{"@id":"https:\/\/ajishop.ma\/#website"},"primaryImageOfPage":{"@id":"https:\/\/ajishop.ma\/shop\/miel-et-produits-de-la-ruche\/boumezoui-miel-125ml\/#primaryimage"},"image":{"@id":"https:\/\/ajishop.ma\/shop\/miel-et-produits-de-la-ruche\/boumezoui-miel-125ml\/#primaryimage"},"thumbnailUrl":"https:\/\/ajishop.ma\/wp-content\/uploads\/2025\/11\/boumezoui-miel-125ml-702580_700x700.webp","datePublished":"2025-11-07T23:54:43+00:00","dateModified":"2025-11-07T23:54:43+00:00","breadcrumb":{"@id":"https:\/\/ajishop.ma\/shop\/miel-et-produits-de-la-ruche\/boumezoui-miel-125ml\/#breadcrumb"},"inLanguage":"ar","potentialAction":[{"@type":"ReadAction","target":["https:\/\/ajishop.ma\/shop\/miel-et-produits-de-la-ruche\/boumezoui-miel-125ml\/"]}]},{"@type":"ImageObject","inLanguage":"ar","@id":"https:\/\/ajishop.ma\/shop\/miel-et-produits-de-la-ruche\/boumezoui-miel-125ml\/#primaryimage","url":"https:\/\/ajishop.ma\/wp-content\/uploads\/2025\/11\/boumezoui-miel-125ml-702580_700x700.webp","contentUrl":"https:\/\/ajishop.ma\/wp-content\/uploads\/2025\/11\/boumezoui-miel-125ml-702580_700x700.webp","width":700,"height":700},{"@type":"BreadcrumbList","@id":"https:\/\/ajishop.ma\/shop\/miel-et-produits-de-la-ruche\/boumezoui-miel-125ml\/#breadcrumb","itemListElement":[{"@type":"ListItem","position":1,"name":"Accueil","item":"https:\/\/ajishop.ma\/"},{"@type":"ListItem","position":2,"name":"Magasin","item":"https:\/\/ajishop.ma\/shop\/"},{"@type":"ListItem","position":3,"name":"Boumezoui Miel 125ml"}]},{"@type":"WebSite","@id":"https:\/\/ajishop.ma\/#website","url":"https:\/\/ajishop.ma\/","name":"AjiShop.ma","description":"Produits 100% naturels, Pour votre bien \u00eatre...","publisher":{"@id":"https:\/\/ajishop.ma\/#organization"},"potentialAction":[{"@type":"SearchAction","target":{"@type":"EntryPoint","urlTemplate":"https:\/\/ajishop.ma\/?s={search_term_string}"},"query-input":{"@type":"PropertyValueSpecification","valueRequired":true,"valueName":"search_term_string"}}],"inLanguage":"ar"},{"@type":"Organization","@id":"https:\/\/ajishop.ma\/#organization","name":"AjiShop.ma","url":"https:\/\/ajishop.ma\/","logo":{"@type":"ImageObject","inLanguage":"ar","@id":"https:\/\/ajishop.ma\/#\/schema\/logo\/image\/","url":"https:\/\/ajishop.ma\/wp-content\/uploads\/2024\/09\/AjiShop.ma-Horizontal-Logo-Green.png","contentUrl":"https:\/\/ajishop.ma\/wp-content\/uploads\/2024\/09\/AjiShop.ma-Horizontal-Logo-Green.png","width":1917,"height":276,"caption":"AjiShop.ma"},"image":{"@id":"https:\/\/ajishop.ma\/#\/schema\/logo\/image\/"}}]}},"_links":{"self":[{"href":"https:\/\/ajishop.ma\/ar\/wp-json\/wp\/v2\/product\/18972"}],"collection":[{"href":"https:\/\/ajishop.ma\/ar\/wp-json\/wp\/v2\/product"}],"about":[{"href":"https:\/\/ajishop.ma\/ar\/wp-json\/wp\/v2\/types\/product"}],"replies":[{"embeddable":true,"href":"https:\/\/ajishop.ma\/ar\/wp-json\/wp\/v2\/comments?post=18972"}],"version-history":[{"count":1,"href":"https:\/\/ajishop.ma\/ar\/wp-json\/wp\/v2\/product\/18972\/revisions"}],"predecessor-version":[{"id":18974,"href":"https:\/\/ajishop.ma\/ar\/wp-json\/wp\/v2\/product\/18972\/revisions\/18974"}],"wp:featuredmedia":[{"embeddable":true,"href":"https:\/\/ajishop.ma\/ar\/wp-json\/wp\/v2\/media\/18973"}],"wp:attachment":[{"href":"https:\/\/ajishop.ma\/ar\/wp-json\/wp\/v2\/media?parent=18972"}],"wp:term":[{"taxonomy":"product_cat","embeddable":true,"href":"https:\/\/ajishop.ma\/ar\/wp-json\/wp\/v2\/product_cat?post=18972"},{"taxonomy":"product_tag","embeddable":true,"href":"https:\/\/ajishop.ma\/ar\/wp-json\/wp\/v2\/product_tag?post=18972"}],"curies":[{"name":"wp","href":"https:\/\/api.w.org\/{rel}","templated":true}]}}