{"id":18993,"date":"2025-11-24T23:54:08","date_gmt":"2025-11-24T22:54:08","guid":{"rendered":"https:\/\/ajishop.ma\/?post_type=product&#038;p=18993"},"modified":"2026-04-06T00:45:27","modified_gmt":"2026-04-05T23:45:27","slug":"aritha-%d8%a3%d8%b1%d9%8a%d8%ab%d8%a7","status":"publish","type":"product","link":"https:\/\/ajishop.ma\/ar\/shop\/herbes-et-apothicaire\/herbes\/aritha-%d8%a3%d8%b1%d9%8a%d8%ab%d8%a7\/","title":{"rendered":"Aritha \u0623\u0631\u064a\u062b\u0627"},"content":{"rendered":"<h3><strong data-start=\"157\" data-end=\"206\">Aritha (<span dir=\"RTL\" lang=\"AR-SA\">\u0623\u0631\u064a\u062b\u0627<\/span>) \u2013 Ayurv\u00e9dique Naturelle<\/strong><\/h3>\n<p data-start=\"208\" data-end=\"543\"><strong data-start=\"208\" data-end=\"218\">Aritha<\/strong>, \u00e9galement connue sous le nom de\u00a0<strong data-start=\"252\" data-end=\"262\">Reetha<\/strong>\u00a0ou\u00a0<strong data-start=\"266\" data-end=\"288\">Sapindus Mukorossi<\/strong>, est une\u00a0<strong data-start=\"298\" data-end=\"331\">plante ayurv\u00e9dique ancestrale<\/strong>\u00a0reconnue pour ses vertus naturelles pour la\u00a0<strong data-start=\"376\" data-end=\"398\">sant\u00e9 et la beaut\u00e9<\/strong>. Elle est id\u00e9ale pour ceux qui recherchent des\u00a0<strong data-start=\"446\" data-end=\"489\">solutions 100 % naturelles et efficaces<\/strong>\u00a0pour les cheveux, la peau et l\u2019hygi\u00e8ne quotidienne.<\/p>\n<h4 data-start=\"545\" data-end=\"574\"><strong data-start=\"550\" data-end=\"574\">Bienfaits principaux<\/strong><\/h4>\n<p data-start=\"577\" data-end=\"694\">\u00b7\u00a0\u00a0\u00a0\u00a0\u00a0\u00a0\u00a0<strong data-start=\"577\" data-end=\"588\">Cheveux<\/strong>\u00a0: Nettoie en douceur le cuir chevelu, r\u00e9duit les pellicules, fortifie et apporte brillance aux cheveux.<\/p>\n<p data-start=\"697\" data-end=\"784\">\u00b7\u00a0\u00a0\u00a0\u00a0\u00a0\u00a0\u00a0<strong data-start=\"697\" data-end=\"705\">Peau<\/strong>\u00a0: Nettoie et purifie, utilis\u00e9e pour pr\u00e9parer des masques ou savons naturels.<\/p>\n<p data-start=\"787\" data-end=\"891\">\u00b7\u00a0\u00a0\u00a0\u00a0\u00a0\u00a0\u00a0<strong data-start=\"787\" data-end=\"806\">Usage quotidien<\/strong>\u00a0: Convient aux routines ayurv\u00e9diques pour le soin naturel du corps et des cheveux.<\/p>\n<h4 data-start=\"893\" data-end=\"929\"><strong data-start=\"898\" data-end=\"929\">Caract\u00e9ristiques du produit<\/strong><\/h4>\n<p data-start=\"932\" data-end=\"968\">\u00b7\u00a0\u00a0\u00a0\u00a0\u00a0\u00a0\u00a0<strong data-start=\"932\" data-end=\"940\">Type<\/strong>\u00a0: Poudre ayurv\u00e9dique pure<\/p>\n<p data-start=\"971\" data-end=\"1057\">\u00b7\u00a0\u00a0\u00a0\u00a0\u00a0\u00a0\u00a0<strong data-start=\"971\" data-end=\"982\">Origine<\/strong>\u00a0: Plantes soigneusement s\u00e9lectionn\u00e9es pour leurs propri\u00e9t\u00e9s ayurv\u00e9diques<\/p>\n<p data-start=\"1060\" data-end=\"1116\">\u00b7\u00a0\u00a0\u00a0\u00a0\u00a0\u00a0\u00a0<strong data-start=\"1060\" data-end=\"1071\">Qualit\u00e9<\/strong>\u00a0: Sans produits chimiques, 100 % naturelle<\/p>\n<p data-start=\"1119\" data-end=\"1173\">\u00b7\u00a0\u00a0\u00a0\u00a0\u00a0\u00a0\u00a0<strong data-start=\"1119\" data-end=\"1129\">Format<\/strong>\u00a0: Sachet pratique pour utilisation facile<\/p>\n<h4 data-start=\"1175\" data-end=\"1197\"><strong data-start=\"1180\" data-end=\"1197\">Mode d\u2019emploi<\/strong><\/h4>\n<p data-start=\"1200\" data-end=\"1375\">\u00b7\u00a0\u00a0\u00a0\u00a0\u00a0\u00a0\u00a0<strong data-start=\"1200\" data-end=\"1220\">Pour les cheveux<\/strong>\u00a0: M\u00e9langer la poudre avec de l\u2019eau ti\u00e8de pour former une p\u00e2te et l\u2019appliquer sur le cuir chevelu et les cheveux. Laisser agir 10\u201115 minutes puis rincer.<\/p>\n<p data-start=\"1378\" data-end=\"1468\">\u00b7\u00a0\u00a0\u00a0\u00a0\u00a0\u00a0\u00a0<strong data-start=\"1378\" data-end=\"1394\">Pour la peau<\/strong>\u00a0: Utiliser en masque facial ou corporel, m\u00e9lang\u00e9 \u00e0 de l\u2019eau ou du miel.<\/p>\n<h4 data-start=\"1470\" data-end=\"1516\"><strong data-start=\"1475\" data-end=\"1516\">Pourquoi choisir Aritha sur Goji.ma ?<\/strong><\/h4>\n<p data-start=\"1519\" data-end=\"1558\">\u00b7\u00a0\u00a0\u00a0\u00a0\u00a0\u00a0\u00a0Produit\u00a0<strong data-start=\"1527\" data-end=\"1556\">100 % naturel et certifi\u00e9<\/strong><\/p>\n<p data-start=\"1561\" data-end=\"1601\">\u00b7\u00a0\u00a0\u00a0\u00a0\u00a0\u00a0\u00a0Livraison rapide et s\u00e9curis\u00e9e au Maroc<\/p>\n<p data-start=\"1604\" data-end=\"1672\">\u00b7\u00a0\u00a0\u00a0\u00a0\u00a0\u00a0\u00a0Id\u00e9al pour int\u00e9grer \u00e0 une routine ayurv\u00e9dique ou cosm\u00e9tique maison<\/p>","protected":false},"excerpt":{"rendered":"<p>Aritha (\u0623\u0631\u064a\u062b\u0627) \u2013 Ayurv\u00e9dique Naturelle Aritha, \u00e9galement connue sous le nom de\u00a0Reetha\u00a0ou\u00a0Sapindus Mukorossi, est une\u00a0plante ayurv\u00e9dique ancestrale\u00a0reconnue pour ses vertus<\/p>","protected":false},"featured_media":18995,"comment_status":"open","ping_status":"closed","template":"","meta":[],"product_cat":[32,75],"product_tag":[],"yoast_head":"<!-- This site is optimized with the Yoast SEO plugin v23.4 - https:\/\/yoast.com\/wordpress\/plugins\/seo\/ -->\n<title>Aritha \u0623\u0631\u064a\u062b\u0627 - AjiShop.ma<\/title>\n<meta name=\"robots\" content=\"index, follow, max-snippet:-1, max-image-preview:large, max-video-preview:-1\" \/>\n<link rel=\"canonical\" href=\"https:\/\/ajishop.ma\/ar\/shop\/herbes-et-apothicaire\/herbes\/aritha-\u0623\u0631\u064a\u062b\u0627\/\" \/>\n<meta property=\"og:locale\" content=\"ar_AR\" \/>\n<meta property=\"og:type\" content=\"article\" \/>\n<meta property=\"og:title\" content=\"Aritha \u0623\u0631\u064a\u062b\u0627 - AjiShop.ma\" \/>\n<meta property=\"og:description\" content=\"Aritha (\u0623\u0631\u064a\u062b\u0627) \u2013 Ayurv\u00e9dique Naturelle Aritha, \u00e9galement connue sous le nom de\u00a0Reetha\u00a0ou\u00a0Sapindus Mukorossi, est une\u00a0plante ayurv\u00e9dique ancestrale\u00a0reconnue pour ses vertus\" \/>\n<meta property=\"og:url\" content=\"https:\/\/ajishop.ma\/ar\/shop\/herbes-et-apothicaire\/herbes\/aritha-\u0623\u0631\u064a\u062b\u0627\/\" \/>\n<meta property=\"og:site_name\" content=\"AjiShop.ma\" \/>\n<meta property=\"article:modified_time\" content=\"2026-04-05T23:45:27+00:00\" \/>\n<meta property=\"og:image\" content=\"https:\/\/ajishop.ma\/wp-content\/uploads\/2025\/11\/Aritha.webp\" \/>\n\t<meta property=\"og:image:width\" content=\"600\" \/>\n\t<meta property=\"og:image:height\" content=\"600\" \/>\n\t<meta property=\"og:image:type\" content=\"image\/webp\" \/>\n<meta name=\"twitter:card\" content=\"summary_large_image\" \/>\n<meta name=\"twitter:label1\" content=\"\u0648\u0642\u062a \u0627\u0644\u0642\u0631\u0627\u0621\u0629 \u0627\u0644\u0645\u064f\u0642\u062f\u0651\u0631\" \/>\n\t<meta name=\"twitter:data1\" content=\"\u062f\u0642\u064a\u0642\u062a\u0627\u0646\" \/>\n<script type=\"application\/ld+json\" class=\"yoast-schema-graph\">{\"@context\":\"https:\/\/schema.org\",\"@graph\":[{\"@type\":\"WebPage\",\"@id\":\"https:\/\/ajishop.ma\/shop\/herbes-et-apothicaire\/herbes\/aritha-%d8%a3%d8%b1%d9%8a%d8%ab%d8%a7\/\",\"url\":\"https:\/\/ajishop.ma\/shop\/herbes-et-apothicaire\/herbes\/aritha-%d8%a3%d8%b1%d9%8a%d8%ab%d8%a7\/\",\"name\":\"Aritha \u0623\u0631\u064a\u062b\u0627 - AjiShop.ma\",\"isPartOf\":{\"@id\":\"https:\/\/ajishop.ma\/#website\"},\"primaryImageOfPage\":{\"@id\":\"https:\/\/ajishop.ma\/shop\/herbes-et-apothicaire\/herbes\/aritha-%d8%a3%d8%b1%d9%8a%d8%ab%d8%a7\/#primaryimage\"},\"image\":{\"@id\":\"https:\/\/ajishop.ma\/shop\/herbes-et-apothicaire\/herbes\/aritha-%d8%a3%d8%b1%d9%8a%d8%ab%d8%a7\/#primaryimage\"},\"thumbnailUrl\":\"https:\/\/ajishop.ma\/wp-content\/uploads\/2025\/11\/Aritha.webp\",\"datePublished\":\"2025-11-24T22:54:08+00:00\",\"dateModified\":\"2026-04-05T23:45:27+00:00\",\"breadcrumb\":{\"@id\":\"https:\/\/ajishop.ma\/shop\/herbes-et-apothicaire\/herbes\/aritha-%d8%a3%d8%b1%d9%8a%d8%ab%d8%a7\/#breadcrumb\"},\"inLanguage\":\"ar\",\"potentialAction\":[{\"@type\":\"ReadAction\",\"target\":[\"https:\/\/ajishop.ma\/shop\/herbes-et-apothicaire\/herbes\/aritha-%d8%a3%d8%b1%d9%8a%d8%ab%d8%a7\/\"]}]},{\"@type\":\"ImageObject\",\"inLanguage\":\"ar\",\"@id\":\"https:\/\/ajishop.ma\/shop\/herbes-et-apothicaire\/herbes\/aritha-%d8%a3%d8%b1%d9%8a%d8%ab%d8%a7\/#primaryimage\",\"url\":\"https:\/\/ajishop.ma\/wp-content\/uploads\/2025\/11\/Aritha.webp\",\"contentUrl\":\"https:\/\/ajishop.ma\/wp-content\/uploads\/2025\/11\/Aritha.webp\",\"width\":600,\"height\":600},{\"@type\":\"BreadcrumbList\",\"@id\":\"https:\/\/ajishop.ma\/shop\/herbes-et-apothicaire\/herbes\/aritha-%d8%a3%d8%b1%d9%8a%d8%ab%d8%a7\/#breadcrumb\",\"itemListElement\":[{\"@type\":\"ListItem\",\"position\":1,\"name\":\"Accueil\",\"item\":\"https:\/\/ajishop.ma\/\"},{\"@type\":\"ListItem\",\"position\":2,\"name\":\"Magasin\",\"item\":\"https:\/\/ajishop.ma\/shop\/\"},{\"@type\":\"ListItem\",\"position\":3,\"name\":\"Aritha \u0623\u0631\u064a\u062b\u0627\"}]},{\"@type\":\"WebSite\",\"@id\":\"https:\/\/ajishop.ma\/#website\",\"url\":\"https:\/\/ajishop.ma\/\",\"name\":\"AjiShop.ma\",\"description\":\"Produits 100% naturels, Pour votre bien \u00eatre...\",\"publisher\":{\"@id\":\"https:\/\/ajishop.ma\/#organization\"},\"potentialAction\":[{\"@type\":\"SearchAction\",\"target\":{\"@type\":\"EntryPoint\",\"urlTemplate\":\"https:\/\/ajishop.ma\/?s={search_term_string}\"},\"query-input\":{\"@type\":\"PropertyValueSpecification\",\"valueRequired\":true,\"valueName\":\"search_term_string\"}}],\"inLanguage\":\"ar\"},{\"@type\":\"Organization\",\"@id\":\"https:\/\/ajishop.ma\/#organization\",\"name\":\"AjiShop.ma\",\"url\":\"https:\/\/ajishop.ma\/\",\"logo\":{\"@type\":\"ImageObject\",\"inLanguage\":\"ar\",\"@id\":\"https:\/\/ajishop.ma\/#\/schema\/logo\/image\/\",\"url\":\"https:\/\/ajishop.ma\/wp-content\/uploads\/2024\/09\/AjiShop.ma-Horizontal-Logo-Green.png\",\"contentUrl\":\"https:\/\/ajishop.ma\/wp-content\/uploads\/2024\/09\/AjiShop.ma-Horizontal-Logo-Green.png\",\"width\":1917,\"height\":276,\"caption\":\"AjiShop.ma\"},\"image\":{\"@id\":\"https:\/\/ajishop.ma\/#\/schema\/logo\/image\/\"}}]}<\/script>\n<!-- \/ Yoast SEO plugin. -->","yoast_head_json":{"title":"Aritha \u0623\u0631\u064a\u062b\u0627 - AjiShop.ma","robots":{"index":"index","follow":"follow","max-snippet":"max-snippet:-1","max-image-preview":"max-image-preview:large","max-video-preview":"max-video-preview:-1"},"canonical":"https:\/\/ajishop.ma\/ar\/shop\/herbes-et-apothicaire\/herbes\/aritha-\u0623\u0631\u064a\u062b\u0627\/","og_locale":"ar_AR","og_type":"article","og_title":"Aritha \u0623\u0631\u064a\u062b\u0627 - AjiShop.ma","og_description":"Aritha (\u0623\u0631\u064a\u062b\u0627) \u2013 Ayurv\u00e9dique Naturelle Aritha, \u00e9galement connue sous le nom de\u00a0Reetha\u00a0ou\u00a0Sapindus Mukorossi, est une\u00a0plante ayurv\u00e9dique ancestrale\u00a0reconnue pour ses vertus","og_url":"https:\/\/ajishop.ma\/ar\/shop\/herbes-et-apothicaire\/herbes\/aritha-\u0623\u0631\u064a\u062b\u0627\/","og_site_name":"AjiShop.ma","article_modified_time":"2026-04-05T23:45:27+00:00","og_image":[{"width":600,"height":600,"url":"https:\/\/ajishop.ma\/wp-content\/uploads\/2025\/11\/Aritha.webp","type":"image\/webp"}],"twitter_card":"summary_large_image","twitter_misc":{"\u0648\u0642\u062a \u0627\u0644\u0642\u0631\u0627\u0621\u0629 \u0627\u0644\u0645\u064f\u0642\u062f\u0651\u0631":"\u062f\u0642\u064a\u0642\u062a\u0627\u0646"},"schema":{"@context":"https:\/\/schema.org","@graph":[{"@type":"WebPage","@id":"https:\/\/ajishop.ma\/shop\/herbes-et-apothicaire\/herbes\/aritha-%d8%a3%d8%b1%d9%8a%d8%ab%d8%a7\/","url":"https:\/\/ajishop.ma\/shop\/herbes-et-apothicaire\/herbes\/aritha-%d8%a3%d8%b1%d9%8a%d8%ab%d8%a7\/","name":"Aritha \u0623\u0631\u064a\u062b\u0627 - AjiShop.ma","isPartOf":{"@id":"https:\/\/ajishop.ma\/#website"},"primaryImageOfPage":{"@id":"https:\/\/ajishop.ma\/shop\/herbes-et-apothicaire\/herbes\/aritha-%d8%a3%d8%b1%d9%8a%d8%ab%d8%a7\/#primaryimage"},"image":{"@id":"https:\/\/ajishop.ma\/shop\/herbes-et-apothicaire\/herbes\/aritha-%d8%a3%d8%b1%d9%8a%d8%ab%d8%a7\/#primaryimage"},"thumbnailUrl":"https:\/\/ajishop.ma\/wp-content\/uploads\/2025\/11\/Aritha.webp","datePublished":"2025-11-24T22:54:08+00:00","dateModified":"2026-04-05T23:45:27+00:00","breadcrumb":{"@id":"https:\/\/ajishop.ma\/shop\/herbes-et-apothicaire\/herbes\/aritha-%d8%a3%d8%b1%d9%8a%d8%ab%d8%a7\/#breadcrumb"},"inLanguage":"ar","potentialAction":[{"@type":"ReadAction","target":["https:\/\/ajishop.ma\/shop\/herbes-et-apothicaire\/herbes\/aritha-%d8%a3%d8%b1%d9%8a%d8%ab%d8%a7\/"]}]},{"@type":"ImageObject","inLanguage":"ar","@id":"https:\/\/ajishop.ma\/shop\/herbes-et-apothicaire\/herbes\/aritha-%d8%a3%d8%b1%d9%8a%d8%ab%d8%a7\/#primaryimage","url":"https:\/\/ajishop.ma\/wp-content\/uploads\/2025\/11\/Aritha.webp","contentUrl":"https:\/\/ajishop.ma\/wp-content\/uploads\/2025\/11\/Aritha.webp","width":600,"height":600},{"@type":"BreadcrumbList","@id":"https:\/\/ajishop.ma\/shop\/herbes-et-apothicaire\/herbes\/aritha-%d8%a3%d8%b1%d9%8a%d8%ab%d8%a7\/#breadcrumb","itemListElement":[{"@type":"ListItem","position":1,"name":"Accueil","item":"https:\/\/ajishop.ma\/"},{"@type":"ListItem","position":2,"name":"Magasin","item":"https:\/\/ajishop.ma\/shop\/"},{"@type":"ListItem","position":3,"name":"Aritha \u0623\u0631\u064a\u062b\u0627"}]},{"@type":"WebSite","@id":"https:\/\/ajishop.ma\/#website","url":"https:\/\/ajishop.ma\/","name":"AjiShop.ma","description":"Produits 100% naturels, Pour votre bien \u00eatre...","publisher":{"@id":"https:\/\/ajishop.ma\/#organization"},"potentialAction":[{"@type":"SearchAction","target":{"@type":"EntryPoint","urlTemplate":"https:\/\/ajishop.ma\/?s={search_term_string}"},"query-input":{"@type":"PropertyValueSpecification","valueRequired":true,"valueName":"search_term_string"}}],"inLanguage":"ar"},{"@type":"Organization","@id":"https:\/\/ajishop.ma\/#organization","name":"AjiShop.ma","url":"https:\/\/ajishop.ma\/","logo":{"@type":"ImageObject","inLanguage":"ar","@id":"https:\/\/ajishop.ma\/#\/schema\/logo\/image\/","url":"https:\/\/ajishop.ma\/wp-content\/uploads\/2024\/09\/AjiShop.ma-Horizontal-Logo-Green.png","contentUrl":"https:\/\/ajishop.ma\/wp-content\/uploads\/2024\/09\/AjiShop.ma-Horizontal-Logo-Green.png","width":1917,"height":276,"caption":"AjiShop.ma"},"image":{"@id":"https:\/\/ajishop.ma\/#\/schema\/logo\/image\/"}}]}},"_links":{"self":[{"href":"https:\/\/ajishop.ma\/ar\/wp-json\/wp\/v2\/product\/18993"}],"collection":[{"href":"https:\/\/ajishop.ma\/ar\/wp-json\/wp\/v2\/product"}],"about":[{"href":"https:\/\/ajishop.ma\/ar\/wp-json\/wp\/v2\/types\/product"}],"replies":[{"embeddable":true,"href":"https:\/\/ajishop.ma\/ar\/wp-json\/wp\/v2\/comments?post=18993"}],"version-history":[{"count":1,"href":"https:\/\/ajishop.ma\/ar\/wp-json\/wp\/v2\/product\/18993\/revisions"}],"predecessor-version":[{"id":18996,"href":"https:\/\/ajishop.ma\/ar\/wp-json\/wp\/v2\/product\/18993\/revisions\/18996"}],"wp:featuredmedia":[{"embeddable":true,"href":"https:\/\/ajishop.ma\/ar\/wp-json\/wp\/v2\/media\/18995"}],"wp:attachment":[{"href":"https:\/\/ajishop.ma\/ar\/wp-json\/wp\/v2\/media?parent=18993"}],"wp:term":[{"taxonomy":"product_cat","embeddable":true,"href":"https:\/\/ajishop.ma\/ar\/wp-json\/wp\/v2\/product_cat?post=18993"},{"taxonomy":"product_tag","embeddable":true,"href":"https:\/\/ajishop.ma\/ar\/wp-json\/wp\/v2\/product_tag?post=18993"}],"curies":[{"name":"wp","href":"https:\/\/api.w.org\/{rel}","templated":true}]}}