{"id":19020,"date":"2025-12-10T01:28:39","date_gmt":"2025-12-10T00:28:39","guid":{"rendered":"https:\/\/ajishop.ma\/?post_type=product&#038;p=19020"},"modified":"2025-12-10T01:28:39","modified_gmt":"2025-12-10T00:28:39","slug":"huile-darbre-a-the-30-ml","status":"publish","type":"product","link":"https:\/\/ajishop.ma\/ar\/shop\/sans-categorie\/huile-darbre-a-the-30-ml\/","title":{"rendered":"Huile d&#8217;arbre \u00e0 th\u00e9 (30 ml)"},"content":{"rendered":"<ul id=\"more_info_tabs\" class=\"nav nav-tabs\">\n<li class=\"nav-item h3 active\"><a class=\"nav-link\" href=\"https:\/\/www.tijara-discountexpress.com\/fr\/huiles-naturelles\/445-huile-d-arbre-a-the-30-ml.html#description\" data-toggle=\"tab\">Description<\/a><\/li>\n<\/ul>\n<div id=\"tab-content\" class=\"tab-content\">\n<div id=\"description\" class=\"tab-pane fade in active\">\n<div class=\"product-description\">\n<h4><strong>INDICATIONS THERAPEUTIQUES<\/strong><\/h4>\n<h5><strong>PROPRIETES:<\/strong><\/h5>\n<ul>\n<li><strong><em>Antibact\u00e9rien majeur \u00e0 large spectre<\/em><\/strong><\/li>\n<li><strong><em>Antiviral puissant<\/em><\/strong><\/li>\n<li><strong><em>Antiparasitaire et antifongique tr\u00e8s efficace<\/em><\/strong><\/li>\n<li><strong><em>Antiasth\u00e9nique et neurotonique<\/em><\/strong><\/li>\n<li><strong><em>Immunostimulant puissant<\/em><\/strong><\/li>\n<li><strong><em>D\u00e9congestionnant veineux et lymphatique<\/em><\/strong><\/li>\n<li><strong><em>Radio protecteur<\/em><\/strong><\/li>\n<li><strong><em>Antispasmodique<\/em><\/strong><\/li>\n<\/ul>\n<h5><strong>INDICATIONS:<\/strong><\/h5>\n<ul>\n<li><em><strong>Infections buccales (Aphtes \/ Abc\u00e8s \/ Gingivite)<\/strong><\/em><\/li>\n<li><em><strong>Infections O.R.L (Otites \/ Sinusites \/ Angines \/ Rhinopharyngites)<\/strong><\/em><\/li>\n<li><em><strong>Infections gyn\u00e9cologiques (Leucorrh\u00e9es \/ Vaginites \/ Salpingites)<\/strong><\/em><\/li>\n<li><em><strong>Infections urinaires (Cystites \/ Ur\u00e9trites)<\/strong><\/em><\/li>\n<li><em><strong>Parasitoses cutan\u00e9es (Gale \/ Teigne)<\/strong><\/em><\/li>\n<li><em><strong>Parasitoses Intestinales (L&#8217;amibiase \/ Ascaris)<\/strong><\/em><\/li>\n<li><em><strong>Abc\u00e8s cutan\u00e9 \/ Acn\u00e9 juv\u00e9nile \/ Acn\u00e9 rosac\u00e9e \/ Ecz\u00e9ma<\/strong><\/em><\/li>\n<li><em><strong>Asth\u00e9nie \/ Epuisement g\u00e9n\u00e9ral \/ Fatigue c\u00e9r\u00e9bral et cardiaque<\/strong><\/em><\/li>\n<li><em><strong>Varices \/ Jambes lourdes \/ H\u00e9morro\u00efdes<\/strong><\/em><\/li>\n<li><em><strong>Pr\u00e9vention de br\u00fblure cutan\u00e9e par radioth\u00e9rapie<\/strong><\/em><\/li>\n<\/ul>\n<h5><strong>PRECAUTION D&#8217;UTILISATION:<\/strong><\/h5>\n<p>D\u00e9conseill\u00e9 durant les 3 premiers mois de grossesse<\/p>\n<h5><strong>MODE D&#8217;EMPLOI:<\/strong><\/h5>\n<p><strong>ADULTES:<\/strong>\u00a020 gouttes dilu\u00e9es dans une boisson ti\u00e8de avant les repas<\/p>\n<p><strong>ENFANTS:<\/strong>\u00a05 gouttes dilu\u00e9es dans une boisson ti\u00e8de avant les repas<\/p>\n<\/div>\n<\/div>\n<\/div>","protected":false},"excerpt":{"rendered":"<p>Description INDICATIONS THERAPEUTIQUES PROPRIETES: Antibact\u00e9rien majeur \u00e0 large spectre Antiviral puissant Antiparasitaire et antifongique tr\u00e8s efficace Antiasth\u00e9nique et neurotonique Immunostimulant<\/p>","protected":false},"featured_media":19021,"comment_status":"open","ping_status":"closed","template":"","meta":[],"product_cat":[20],"product_tag":[],"yoast_head":"<!-- This site is optimized with the Yoast SEO plugin v23.4 - https:\/\/yoast.com\/wordpress\/plugins\/seo\/ -->\n<title>Huile d&#039;arbre \u00e0 th\u00e9 (30 ml) - AjiShop.ma<\/title>\n<meta name=\"robots\" content=\"index, follow, max-snippet:-1, max-image-preview:large, max-video-preview:-1\" \/>\n<link rel=\"canonical\" href=\"https:\/\/ajishop.ma\/ar\/shop\/sans-categorie\/huile-darbre-a-the-30-ml\/\" \/>\n<meta property=\"og:locale\" content=\"ar_AR\" \/>\n<meta property=\"og:type\" content=\"article\" \/>\n<meta property=\"og:title\" content=\"Huile d&#039;arbre \u00e0 th\u00e9 (30 ml) - AjiShop.ma\" \/>\n<meta property=\"og:description\" content=\"Description INDICATIONS THERAPEUTIQUES PROPRIETES: Antibact\u00e9rien majeur \u00e0 large spectre Antiviral puissant Antiparasitaire et antifongique tr\u00e8s efficace Antiasth\u00e9nique et neurotonique Immunostimulant\" \/>\n<meta property=\"og:url\" content=\"https:\/\/ajishop.ma\/ar\/shop\/sans-categorie\/huile-darbre-a-the-30-ml\/\" \/>\n<meta property=\"og:site_name\" content=\"AjiShop.ma\" \/>\n<meta property=\"og:image\" content=\"https:\/\/ajishop.ma\/wp-content\/uploads\/2025\/12\/\u0632\u064a\u062a-\u0634\u062c\u0631\u0629-\u0627\u0644\u0634\u0627\u064a.webp\" \/>\n\t<meta property=\"og:image:width\" content=\"600\" \/>\n\t<meta property=\"og:image:height\" content=\"710\" \/>\n\t<meta property=\"og:image:type\" content=\"image\/webp\" \/>\n<meta name=\"twitter:card\" content=\"summary_large_image\" \/>\n<meta name=\"twitter:label1\" content=\"\u0648\u0642\u062a \u0627\u0644\u0642\u0631\u0627\u0621\u0629 \u0627\u0644\u0645\u064f\u0642\u062f\u0651\u0631\" \/>\n\t<meta name=\"twitter:data1\" content=\"\u062f\u0642\u064a\u0642\u0629 \u0648\u0627\u062d\u062f\u0629\" \/>\n<script type=\"application\/ld+json\" class=\"yoast-schema-graph\">{\"@context\":\"https:\/\/schema.org\",\"@graph\":[{\"@type\":\"WebPage\",\"@id\":\"https:\/\/ajishop.ma\/shop\/sans-categorie\/huile-darbre-a-the-30-ml\/\",\"url\":\"https:\/\/ajishop.ma\/shop\/sans-categorie\/huile-darbre-a-the-30-ml\/\",\"name\":\"Huile d'arbre \u00e0 th\u00e9 (30 ml) - AjiShop.ma\",\"isPartOf\":{\"@id\":\"https:\/\/ajishop.ma\/#website\"},\"primaryImageOfPage\":{\"@id\":\"https:\/\/ajishop.ma\/shop\/sans-categorie\/huile-darbre-a-the-30-ml\/#primaryimage\"},\"image\":{\"@id\":\"https:\/\/ajishop.ma\/shop\/sans-categorie\/huile-darbre-a-the-30-ml\/#primaryimage\"},\"thumbnailUrl\":\"https:\/\/ajishop.ma\/wp-content\/uploads\/2025\/12\/\u0632\u064a\u062a-\u0634\u062c\u0631\u0629-\u0627\u0644\u0634\u0627\u064a.webp\",\"datePublished\":\"2025-12-10T00:28:39+00:00\",\"dateModified\":\"2025-12-10T00:28:39+00:00\",\"breadcrumb\":{\"@id\":\"https:\/\/ajishop.ma\/shop\/sans-categorie\/huile-darbre-a-the-30-ml\/#breadcrumb\"},\"inLanguage\":\"ar\",\"potentialAction\":[{\"@type\":\"ReadAction\",\"target\":[\"https:\/\/ajishop.ma\/shop\/sans-categorie\/huile-darbre-a-the-30-ml\/\"]}]},{\"@type\":\"ImageObject\",\"inLanguage\":\"ar\",\"@id\":\"https:\/\/ajishop.ma\/shop\/sans-categorie\/huile-darbre-a-the-30-ml\/#primaryimage\",\"url\":\"https:\/\/ajishop.ma\/wp-content\/uploads\/2025\/12\/\u0632\u064a\u062a-\u0634\u062c\u0631\u0629-\u0627\u0644\u0634\u0627\u064a.webp\",\"contentUrl\":\"https:\/\/ajishop.ma\/wp-content\/uploads\/2025\/12\/\u0632\u064a\u062a-\u0634\u062c\u0631\u0629-\u0627\u0644\u0634\u0627\u064a.webp\",\"width\":600,\"height\":710},{\"@type\":\"BreadcrumbList\",\"@id\":\"https:\/\/ajishop.ma\/shop\/sans-categorie\/huile-darbre-a-the-30-ml\/#breadcrumb\",\"itemListElement\":[{\"@type\":\"ListItem\",\"position\":1,\"name\":\"Accueil\",\"item\":\"https:\/\/ajishop.ma\/\"},{\"@type\":\"ListItem\",\"position\":2,\"name\":\"Magasin\",\"item\":\"https:\/\/ajishop.ma\/shop\/\"},{\"@type\":\"ListItem\",\"position\":3,\"name\":\"Huile d&#8217;arbre \u00e0 th\u00e9 (30 ml)\"}]},{\"@type\":\"WebSite\",\"@id\":\"https:\/\/ajishop.ma\/#website\",\"url\":\"https:\/\/ajishop.ma\/\",\"name\":\"AjiShop.ma\",\"description\":\"Produits 100% naturels, Pour votre bien \u00eatre...\",\"publisher\":{\"@id\":\"https:\/\/ajishop.ma\/#organization\"},\"potentialAction\":[{\"@type\":\"SearchAction\",\"target\":{\"@type\":\"EntryPoint\",\"urlTemplate\":\"https:\/\/ajishop.ma\/?s={search_term_string}\"},\"query-input\":{\"@type\":\"PropertyValueSpecification\",\"valueRequired\":true,\"valueName\":\"search_term_string\"}}],\"inLanguage\":\"ar\"},{\"@type\":\"Organization\",\"@id\":\"https:\/\/ajishop.ma\/#organization\",\"name\":\"AjiShop.ma\",\"url\":\"https:\/\/ajishop.ma\/\",\"logo\":{\"@type\":\"ImageObject\",\"inLanguage\":\"ar\",\"@id\":\"https:\/\/ajishop.ma\/#\/schema\/logo\/image\/\",\"url\":\"https:\/\/ajishop.ma\/wp-content\/uploads\/2024\/09\/AjiShop.ma-Horizontal-Logo-Green.png\",\"contentUrl\":\"https:\/\/ajishop.ma\/wp-content\/uploads\/2024\/09\/AjiShop.ma-Horizontal-Logo-Green.png\",\"width\":1917,\"height\":276,\"caption\":\"AjiShop.ma\"},\"image\":{\"@id\":\"https:\/\/ajishop.ma\/#\/schema\/logo\/image\/\"}}]}<\/script>\n<!-- \/ Yoast SEO plugin. -->","yoast_head_json":{"title":"Huile d'arbre \u00e0 th\u00e9 (30 ml) - AjiShop.ma","robots":{"index":"index","follow":"follow","max-snippet":"max-snippet:-1","max-image-preview":"max-image-preview:large","max-video-preview":"max-video-preview:-1"},"canonical":"https:\/\/ajishop.ma\/ar\/shop\/sans-categorie\/huile-darbre-a-the-30-ml\/","og_locale":"ar_AR","og_type":"article","og_title":"Huile d'arbre \u00e0 th\u00e9 (30 ml) - AjiShop.ma","og_description":"Description INDICATIONS THERAPEUTIQUES PROPRIETES: Antibact\u00e9rien majeur \u00e0 large spectre Antiviral puissant Antiparasitaire et antifongique tr\u00e8s efficace Antiasth\u00e9nique et neurotonique Immunostimulant","og_url":"https:\/\/ajishop.ma\/ar\/shop\/sans-categorie\/huile-darbre-a-the-30-ml\/","og_site_name":"AjiShop.ma","og_image":[{"width":600,"height":710,"url":"https:\/\/ajishop.ma\/wp-content\/uploads\/2025\/12\/\u0632\u064a\u062a-\u0634\u062c\u0631\u0629-\u0627\u0644\u0634\u0627\u064a.webp","type":"image\/webp"}],"twitter_card":"summary_large_image","twitter_misc":{"\u0648\u0642\u062a \u0627\u0644\u0642\u0631\u0627\u0621\u0629 \u0627\u0644\u0645\u064f\u0642\u062f\u0651\u0631":"\u062f\u0642\u064a\u0642\u0629 \u0648\u0627\u062d\u062f\u0629"},"schema":{"@context":"https:\/\/schema.org","@graph":[{"@type":"WebPage","@id":"https:\/\/ajishop.ma\/shop\/sans-categorie\/huile-darbre-a-the-30-ml\/","url":"https:\/\/ajishop.ma\/shop\/sans-categorie\/huile-darbre-a-the-30-ml\/","name":"Huile d'arbre \u00e0 th\u00e9 (30 ml) - AjiShop.ma","isPartOf":{"@id":"https:\/\/ajishop.ma\/#website"},"primaryImageOfPage":{"@id":"https:\/\/ajishop.ma\/shop\/sans-categorie\/huile-darbre-a-the-30-ml\/#primaryimage"},"image":{"@id":"https:\/\/ajishop.ma\/shop\/sans-categorie\/huile-darbre-a-the-30-ml\/#primaryimage"},"thumbnailUrl":"https:\/\/ajishop.ma\/wp-content\/uploads\/2025\/12\/\u0632\u064a\u062a-\u0634\u062c\u0631\u0629-\u0627\u0644\u0634\u0627\u064a.webp","datePublished":"2025-12-10T00:28:39+00:00","dateModified":"2025-12-10T00:28:39+00:00","breadcrumb":{"@id":"https:\/\/ajishop.ma\/shop\/sans-categorie\/huile-darbre-a-the-30-ml\/#breadcrumb"},"inLanguage":"ar","potentialAction":[{"@type":"ReadAction","target":["https:\/\/ajishop.ma\/shop\/sans-categorie\/huile-darbre-a-the-30-ml\/"]}]},{"@type":"ImageObject","inLanguage":"ar","@id":"https:\/\/ajishop.ma\/shop\/sans-categorie\/huile-darbre-a-the-30-ml\/#primaryimage","url":"https:\/\/ajishop.ma\/wp-content\/uploads\/2025\/12\/\u0632\u064a\u062a-\u0634\u062c\u0631\u0629-\u0627\u0644\u0634\u0627\u064a.webp","contentUrl":"https:\/\/ajishop.ma\/wp-content\/uploads\/2025\/12\/\u0632\u064a\u062a-\u0634\u062c\u0631\u0629-\u0627\u0644\u0634\u0627\u064a.webp","width":600,"height":710},{"@type":"BreadcrumbList","@id":"https:\/\/ajishop.ma\/shop\/sans-categorie\/huile-darbre-a-the-30-ml\/#breadcrumb","itemListElement":[{"@type":"ListItem","position":1,"name":"Accueil","item":"https:\/\/ajishop.ma\/"},{"@type":"ListItem","position":2,"name":"Magasin","item":"https:\/\/ajishop.ma\/shop\/"},{"@type":"ListItem","position":3,"name":"Huile d&#8217;arbre \u00e0 th\u00e9 (30 ml)"}]},{"@type":"WebSite","@id":"https:\/\/ajishop.ma\/#website","url":"https:\/\/ajishop.ma\/","name":"AjiShop.ma","description":"Produits 100% naturels, Pour votre bien \u00eatre...","publisher":{"@id":"https:\/\/ajishop.ma\/#organization"},"potentialAction":[{"@type":"SearchAction","target":{"@type":"EntryPoint","urlTemplate":"https:\/\/ajishop.ma\/?s={search_term_string}"},"query-input":{"@type":"PropertyValueSpecification","valueRequired":true,"valueName":"search_term_string"}}],"inLanguage":"ar"},{"@type":"Organization","@id":"https:\/\/ajishop.ma\/#organization","name":"AjiShop.ma","url":"https:\/\/ajishop.ma\/","logo":{"@type":"ImageObject","inLanguage":"ar","@id":"https:\/\/ajishop.ma\/#\/schema\/logo\/image\/","url":"https:\/\/ajishop.ma\/wp-content\/uploads\/2024\/09\/AjiShop.ma-Horizontal-Logo-Green.png","contentUrl":"https:\/\/ajishop.ma\/wp-content\/uploads\/2024\/09\/AjiShop.ma-Horizontal-Logo-Green.png","width":1917,"height":276,"caption":"AjiShop.ma"},"image":{"@id":"https:\/\/ajishop.ma\/#\/schema\/logo\/image\/"}}]}},"_links":{"self":[{"href":"https:\/\/ajishop.ma\/ar\/wp-json\/wp\/v2\/product\/19020"}],"collection":[{"href":"https:\/\/ajishop.ma\/ar\/wp-json\/wp\/v2\/product"}],"about":[{"href":"https:\/\/ajishop.ma\/ar\/wp-json\/wp\/v2\/types\/product"}],"replies":[{"embeddable":true,"href":"https:\/\/ajishop.ma\/ar\/wp-json\/wp\/v2\/comments?post=19020"}],"version-history":[{"count":1,"href":"https:\/\/ajishop.ma\/ar\/wp-json\/wp\/v2\/product\/19020\/revisions"}],"predecessor-version":[{"id":19022,"href":"https:\/\/ajishop.ma\/ar\/wp-json\/wp\/v2\/product\/19020\/revisions\/19022"}],"wp:featuredmedia":[{"embeddable":true,"href":"https:\/\/ajishop.ma\/ar\/wp-json\/wp\/v2\/media\/19021"}],"wp:attachment":[{"href":"https:\/\/ajishop.ma\/ar\/wp-json\/wp\/v2\/media?parent=19020"}],"wp:term":[{"taxonomy":"product_cat","embeddable":true,"href":"https:\/\/ajishop.ma\/ar\/wp-json\/wp\/v2\/product_cat?post=19020"},{"taxonomy":"product_tag","embeddable":true,"href":"https:\/\/ajishop.ma\/ar\/wp-json\/wp\/v2\/product_tag?post=19020"}],"curies":[{"name":"wp","href":"https:\/\/api.w.org\/{rel}","templated":true}]}}