{"id":19062,"date":"2025-12-23T01:22:51","date_gmt":"2025-12-23T00:22:51","guid":{"rendered":"https:\/\/ajishop.ma\/?post_type=product&#038;p=19062"},"modified":"2025-12-23T01:22:51","modified_gmt":"2025-12-23T00:22:51","slug":"augmentation-mammaire-et-fessiere-%d8%aa%d9%83%d8%a8%d9%8a%d8%b1-%d8%a7%d9%84%d8%b5%d8%af%d8%b1-%d9%88%d8%a7%d9%84%d8%a7%d8%b1%d8%af%d8%a7%d9%81","status":"publish","type":"product","link":"https:\/\/ajishop.ma\/ar\/shop\/sans-categorie\/augmentation-mammaire-et-fessiere-%d8%aa%d9%83%d8%a8%d9%8a%d8%b1-%d8%a7%d9%84%d8%b5%d8%af%d8%b1-%d9%88%d8%a7%d9%84%d8%a7%d8%b1%d8%af%d8%a7%d9%81\/","title":{"rendered":"Augmentation mammaire et fessi\u00e8re  &#8212;  \u062a\u0643\u0628\u064a\u0631 \u0627\u0644\u0635\u062f\u0631 \u0648\u0627\u0644\u0627\u0631\u062f\u0627\u0641"},"content":{"rendered":"<p>Cet appareil de ventouses, bas\u00e9 sur des principes physiologiques, d\u00e9veloppe les muscles pectoraux par action m\u00e9canique, stimule la circulation sanguine et augmente directement le volume des corps caverneux. Il rend m\u00eame les petits seins plus volumineux et plus fermes, sublimant les courbes f\u00e9minines \u00e0 court terme et ajoutant une touche de f\u00e9minit\u00e9. Il peut \u00e9galement corriger l&#8217;asym\u00e9trie mammaire, la r\u00e9traction des mamelons, les nodules mammaires et le rel\u00e2chement cutan\u00e9 post-partum. C&#8217;est un indispensable pour les femmes modernes, \u00e0 la pointe du bien-\u00eatre et de la mode, \u00e0 un prix abordable\u00a0! R\u00e9sultats visibles\u00a0! Sans m\u00e9dicaments\u00a0! Sans chirurgie\u00a0! Sans effets secondaires\u00a0! Un produit vraiment exceptionnel\u00a0! Indications : Dysplasie mammaire, petits seins plats, atrophie mammaire post-partum, affaissement des seins, probl\u00e8mes de volume mammaire, mamelons ombiliqu\u00e9s, asym\u00e9trie de la taille des mamelons et nodules mammaires chez la femme. Ce dispositif, gr\u00e2ce \u00e0 ses propri\u00e9t\u00e9s, renforce les muscles pectoraux, am\u00e9liore la circulation sanguine et la fonction nerveuse sensorielle c\u00e9r\u00e9brale, stimule l&#8217;hypophyse pour la s\u00e9cr\u00e9tion d&#8217;hormones, \u00e9quilibre la production d&#8217;hormones f\u00e9minines par les ovaires et augmente directement le volume des corps caverneux du sein, pour un r\u00e9sultat th\u00e9rapeutique et esth\u00e9tique. Mode d&#8217;emploi : L&#8217;implant se compose d&#8217;un joint en silicone, d&#8217;un kit d&#8217;installation (le joint en caoutchouc se trouve \u00e0 l&#8217;int\u00e9rieur du r\u00e9cipient), d&#8217;un connecteur et d&#8217;une pompe \u00e0 vide. Choisissez un implant adapt\u00e9 \u00e0 la taille de votre sein, couvrant correctement celui-ci et assurant un contact optimal avec la peau pour \u00e9viter toute fuite. L&#8217;augmentation de volume est significative et les mamelons peuvent \u00eatre agrandis. Maintenez d\u00e9licatement le r\u00e9cipient d&#8217;une main et actionnez la pompe vide de l&#8217;autre pour lib\u00e9rer le gaz. Sous l&#8217;effet de la pression n\u00e9gative, le sein grossit d&#8217;environ 2 cm. D\u00e9tachez ensuite le connecteur du r\u00e9cipient et lib\u00e9rez le gaz par le haut du piston. L&#8217;\u00e9galisation de la pression \u00e0 l&#8217;int\u00e9rieur et \u00e0 l&#8217;ext\u00e9rieur du r\u00e9cipient entra\u00eene la chute du gaz. Le sein retrouve alors sa pression atmosph\u00e9rique normale. Refermez ensuite le r\u00e9cipient et lib\u00e9rez le gaz dans le sein, cr\u00e9ant ainsi une pression n\u00e9gative qui accentue son volume. Ce processus stimule les muscles et la circulation sanguine. Chaque sein doit \u00eatre mobilis\u00e9 alternativement pendant 10 \u00e0 25 minutes, selon la proc\u00e9dure d\u00e9crite ci-dessus, une fois par jour, le matin. Vous obtiendrez ainsi des seins plus fermes, plus galb\u00e9s et plus toniques en peu de temps. Dites adieu aux seins plats et tombants et conservez une apparence ferme, belle et jeune pour toujours. Remarques\u00a0: 1) Cet appareil est \u00e0 usage personnel uniquement. Veillez \u00e0 le d\u00e9sinfecter et \u00e0 maintenir une bonne hygi\u00e8ne. Ne le partagez pas, car cela pourrait provoquer des maladies de peau ou une h\u00e9patite B. 2) Lors de la premi\u00e8re utilisation, veuillez choisir deux r\u00e9servoirs. Apr\u00e8s une augmentation mammaire, utilisez un nouveau kit pour obtenir le volume souhait\u00e9. Le kit grand format comprend : un pistolet \u00e0 vide (emball\u00e9 individuellement) et deux r\u00e9servoirs (emball\u00e9s individuellement), le tout dans une bo\u00eete color\u00e9e. Le kit petit format comprend : un grand pistolet \u00e0 vide (l&#8217;utilisation d&#8217;un petit pistolet \u00e9tant peu pratique) et deux grands r\u00e9servoirs.1. Instructions en anglais. Accessoires inclus\u00a0: connecteur \u00e0 vide, embout sp\u00e9cial pour pistolet \u00e0 colle, pistolet \u00e0 sceller sous vide, pistolet \u00e0 sceller, tige de piston, r\u00e9servoir, petit r\u00e9servoir de scellage herm\u00e9tique. Le dispositif de ventouses est ins\u00e9r\u00e9 dans la poitrine de la femme et, selon les principes de la physiologie, stimule les muscles pectoraux par un mouvement m\u00e9canique, favorisant la circulation sanguine et augmentant ainsi le volume des seins. M\u00eame les petits seins deviennent plus fermes, plus hauts et plus droits, sublimant rapidement<\/p>","protected":false},"excerpt":{"rendered":"<p>Cet appareil de ventouses, bas\u00e9 sur des principes physiologiques, d\u00e9veloppe les muscles pectoraux par action m\u00e9canique, stimule la circulation sanguine<\/p>","protected":false},"featured_media":19063,"comment_status":"open","ping_status":"closed","template":"","meta":[],"product_cat":[20],"product_tag":[],"yoast_head":"<!-- This site is optimized with the Yoast SEO plugin v23.4 - https:\/\/yoast.com\/wordpress\/plugins\/seo\/ -->\n<title>Augmentation mammaire et fessi\u00e8re - \u062a\u0643\u0628\u064a\u0631 \u0627\u0644\u0635\u062f\u0631 \u0648\u0627\u0644\u0627\u0631\u062f\u0627\u0641 - AjiShop.ma<\/title>\n<meta name=\"robots\" content=\"index, follow, max-snippet:-1, max-image-preview:large, max-video-preview:-1\" \/>\n<link rel=\"canonical\" href=\"https:\/\/ajishop.ma\/ar\/shop\/sans-categorie\/augmentation-mammaire-et-fessiere-\u062a\u0643\u0628\u064a\u0631-\u0627\u0644\u0635\u062f\u0631-\u0648\u0627\u0644\u0627\u0631\u062f\u0627\u0641\/\" \/>\n<meta property=\"og:locale\" content=\"ar_AR\" \/>\n<meta property=\"og:type\" content=\"article\" \/>\n<meta property=\"og:title\" content=\"Augmentation mammaire et fessi\u00e8re - \u062a\u0643\u0628\u064a\u0631 \u0627\u0644\u0635\u062f\u0631 \u0648\u0627\u0644\u0627\u0631\u062f\u0627\u0641 - AjiShop.ma\" \/>\n<meta property=\"og:description\" content=\"Cet appareil de ventouses, bas\u00e9 sur des principes physiologiques, d\u00e9veloppe les muscles pectoraux par action m\u00e9canique, stimule la circulation sanguine\" \/>\n<meta property=\"og:url\" content=\"https:\/\/ajishop.ma\/ar\/shop\/sans-categorie\/augmentation-mammaire-et-fessiere-\u062a\u0643\u0628\u064a\u0631-\u0627\u0644\u0635\u062f\u0631-\u0648\u0627\u0644\u0627\u0631\u062f\u0627\u0641\/\" \/>\n<meta property=\"og:site_name\" content=\"AjiShop.ma\" \/>\n<meta property=\"og:image\" content=\"https:\/\/ajishop.ma\/wp-content\/uploads\/2025\/12\/2.jpg\" \/>\n\t<meta property=\"og:image:width\" content=\"680\" \/>\n\t<meta property=\"og:image:height\" content=\"680\" \/>\n\t<meta property=\"og:image:type\" content=\"image\/jpeg\" \/>\n<meta name=\"twitter:card\" content=\"summary_large_image\" \/>\n<meta name=\"twitter:label1\" content=\"\u0648\u0642\u062a \u0627\u0644\u0642\u0631\u0627\u0621\u0629 \u0627\u0644\u0645\u064f\u0642\u062f\u0651\u0631\" \/>\n\t<meta name=\"twitter:data1\" content=\"4 \u062f\u0642\u0627\u0626\u0642\" \/>\n<script type=\"application\/ld+json\" class=\"yoast-schema-graph\">{\"@context\":\"https:\/\/schema.org\",\"@graph\":[{\"@type\":\"WebPage\",\"@id\":\"https:\/\/ajishop.ma\/shop\/sans-categorie\/augmentation-mammaire-et-fessiere-%d8%aa%d9%83%d8%a8%d9%8a%d8%b1-%d8%a7%d9%84%d8%b5%d8%af%d8%b1-%d9%88%d8%a7%d9%84%d8%a7%d8%b1%d8%af%d8%a7%d9%81\/\",\"url\":\"https:\/\/ajishop.ma\/shop\/sans-categorie\/augmentation-mammaire-et-fessiere-%d8%aa%d9%83%d8%a8%d9%8a%d8%b1-%d8%a7%d9%84%d8%b5%d8%af%d8%b1-%d9%88%d8%a7%d9%84%d8%a7%d8%b1%d8%af%d8%a7%d9%81\/\",\"name\":\"Augmentation mammaire et fessi\u00e8re - \u062a\u0643\u0628\u064a\u0631 \u0627\u0644\u0635\u062f\u0631 \u0648\u0627\u0644\u0627\u0631\u062f\u0627\u0641 - AjiShop.ma\",\"isPartOf\":{\"@id\":\"https:\/\/ajishop.ma\/#website\"},\"primaryImageOfPage\":{\"@id\":\"https:\/\/ajishop.ma\/shop\/sans-categorie\/augmentation-mammaire-et-fessiere-%d8%aa%d9%83%d8%a8%d9%8a%d8%b1-%d8%a7%d9%84%d8%b5%d8%af%d8%b1-%d9%88%d8%a7%d9%84%d8%a7%d8%b1%d8%af%d8%a7%d9%81\/#primaryimage\"},\"image\":{\"@id\":\"https:\/\/ajishop.ma\/shop\/sans-categorie\/augmentation-mammaire-et-fessiere-%d8%aa%d9%83%d8%a8%d9%8a%d8%b1-%d8%a7%d9%84%d8%b5%d8%af%d8%b1-%d9%88%d8%a7%d9%84%d8%a7%d8%b1%d8%af%d8%a7%d9%81\/#primaryimage\"},\"thumbnailUrl\":\"https:\/\/ajishop.ma\/wp-content\/uploads\/2025\/12\/2.jpg\",\"datePublished\":\"2025-12-23T00:22:51+00:00\",\"dateModified\":\"2025-12-23T00:22:51+00:00\",\"breadcrumb\":{\"@id\":\"https:\/\/ajishop.ma\/shop\/sans-categorie\/augmentation-mammaire-et-fessiere-%d8%aa%d9%83%d8%a8%d9%8a%d8%b1-%d8%a7%d9%84%d8%b5%d8%af%d8%b1-%d9%88%d8%a7%d9%84%d8%a7%d8%b1%d8%af%d8%a7%d9%81\/#breadcrumb\"},\"inLanguage\":\"ar\",\"potentialAction\":[{\"@type\":\"ReadAction\",\"target\":[\"https:\/\/ajishop.ma\/shop\/sans-categorie\/augmentation-mammaire-et-fessiere-%d8%aa%d9%83%d8%a8%d9%8a%d8%b1-%d8%a7%d9%84%d8%b5%d8%af%d8%b1-%d9%88%d8%a7%d9%84%d8%a7%d8%b1%d8%af%d8%a7%d9%81\/\"]}]},{\"@type\":\"ImageObject\",\"inLanguage\":\"ar\",\"@id\":\"https:\/\/ajishop.ma\/shop\/sans-categorie\/augmentation-mammaire-et-fessiere-%d8%aa%d9%83%d8%a8%d9%8a%d8%b1-%d8%a7%d9%84%d8%b5%d8%af%d8%b1-%d9%88%d8%a7%d9%84%d8%a7%d8%b1%d8%af%d8%a7%d9%81\/#primaryimage\",\"url\":\"https:\/\/ajishop.ma\/wp-content\/uploads\/2025\/12\/2.jpg\",\"contentUrl\":\"https:\/\/ajishop.ma\/wp-content\/uploads\/2025\/12\/2.jpg\",\"width\":680,\"height\":680},{\"@type\":\"BreadcrumbList\",\"@id\":\"https:\/\/ajishop.ma\/shop\/sans-categorie\/augmentation-mammaire-et-fessiere-%d8%aa%d9%83%d8%a8%d9%8a%d8%b1-%d8%a7%d9%84%d8%b5%d8%af%d8%b1-%d9%88%d8%a7%d9%84%d8%a7%d8%b1%d8%af%d8%a7%d9%81\/#breadcrumb\",\"itemListElement\":[{\"@type\":\"ListItem\",\"position\":1,\"name\":\"Accueil\",\"item\":\"https:\/\/ajishop.ma\/\"},{\"@type\":\"ListItem\",\"position\":2,\"name\":\"Magasin\",\"item\":\"https:\/\/ajishop.ma\/shop\/\"},{\"@type\":\"ListItem\",\"position\":3,\"name\":\"Augmentation mammaire et fessi\u00e8re &#8212; \u062a\u0643\u0628\u064a\u0631 \u0627\u0644\u0635\u062f\u0631 \u0648\u0627\u0644\u0627\u0631\u062f\u0627\u0641\"}]},{\"@type\":\"WebSite\",\"@id\":\"https:\/\/ajishop.ma\/#website\",\"url\":\"https:\/\/ajishop.ma\/\",\"name\":\"AjiShop.ma\",\"description\":\"Produits 100% naturels, Pour votre bien \u00eatre...\",\"publisher\":{\"@id\":\"https:\/\/ajishop.ma\/#organization\"},\"potentialAction\":[{\"@type\":\"SearchAction\",\"target\":{\"@type\":\"EntryPoint\",\"urlTemplate\":\"https:\/\/ajishop.ma\/?s={search_term_string}\"},\"query-input\":{\"@type\":\"PropertyValueSpecification\",\"valueRequired\":true,\"valueName\":\"search_term_string\"}}],\"inLanguage\":\"ar\"},{\"@type\":\"Organization\",\"@id\":\"https:\/\/ajishop.ma\/#organization\",\"name\":\"AjiShop.ma\",\"url\":\"https:\/\/ajishop.ma\/\",\"logo\":{\"@type\":\"ImageObject\",\"inLanguage\":\"ar\",\"@id\":\"https:\/\/ajishop.ma\/#\/schema\/logo\/image\/\",\"url\":\"https:\/\/ajishop.ma\/wp-content\/uploads\/2024\/09\/AjiShop.ma-Horizontal-Logo-Green.png\",\"contentUrl\":\"https:\/\/ajishop.ma\/wp-content\/uploads\/2024\/09\/AjiShop.ma-Horizontal-Logo-Green.png\",\"width\":1917,\"height\":276,\"caption\":\"AjiShop.ma\"},\"image\":{\"@id\":\"https:\/\/ajishop.ma\/#\/schema\/logo\/image\/\"}}]}<\/script>\n<!-- \/ Yoast SEO plugin. -->","yoast_head_json":{"title":"Augmentation mammaire et fessi\u00e8re - \u062a\u0643\u0628\u064a\u0631 \u0627\u0644\u0635\u062f\u0631 \u0648\u0627\u0644\u0627\u0631\u062f\u0627\u0641 - AjiShop.ma","robots":{"index":"index","follow":"follow","max-snippet":"max-snippet:-1","max-image-preview":"max-image-preview:large","max-video-preview":"max-video-preview:-1"},"canonical":"https:\/\/ajishop.ma\/ar\/shop\/sans-categorie\/augmentation-mammaire-et-fessiere-\u062a\u0643\u0628\u064a\u0631-\u0627\u0644\u0635\u062f\u0631-\u0648\u0627\u0644\u0627\u0631\u062f\u0627\u0641\/","og_locale":"ar_AR","og_type":"article","og_title":"Augmentation mammaire et fessi\u00e8re - \u062a\u0643\u0628\u064a\u0631 \u0627\u0644\u0635\u062f\u0631 \u0648\u0627\u0644\u0627\u0631\u062f\u0627\u0641 - AjiShop.ma","og_description":"Cet appareil de ventouses, bas\u00e9 sur des principes physiologiques, d\u00e9veloppe les muscles pectoraux par action m\u00e9canique, stimule la circulation sanguine","og_url":"https:\/\/ajishop.ma\/ar\/shop\/sans-categorie\/augmentation-mammaire-et-fessiere-\u062a\u0643\u0628\u064a\u0631-\u0627\u0644\u0635\u062f\u0631-\u0648\u0627\u0644\u0627\u0631\u062f\u0627\u0641\/","og_site_name":"AjiShop.ma","og_image":[{"width":680,"height":680,"url":"https:\/\/ajishop.ma\/wp-content\/uploads\/2025\/12\/2.jpg","type":"image\/jpeg"}],"twitter_card":"summary_large_image","twitter_misc":{"\u0648\u0642\u062a \u0627\u0644\u0642\u0631\u0627\u0621\u0629 \u0627\u0644\u0645\u064f\u0642\u062f\u0651\u0631":"4 \u062f\u0642\u0627\u0626\u0642"},"schema":{"@context":"https:\/\/schema.org","@graph":[{"@type":"WebPage","@id":"https:\/\/ajishop.ma\/shop\/sans-categorie\/augmentation-mammaire-et-fessiere-%d8%aa%d9%83%d8%a8%d9%8a%d8%b1-%d8%a7%d9%84%d8%b5%d8%af%d8%b1-%d9%88%d8%a7%d9%84%d8%a7%d8%b1%d8%af%d8%a7%d9%81\/","url":"https:\/\/ajishop.ma\/shop\/sans-categorie\/augmentation-mammaire-et-fessiere-%d8%aa%d9%83%d8%a8%d9%8a%d8%b1-%d8%a7%d9%84%d8%b5%d8%af%d8%b1-%d9%88%d8%a7%d9%84%d8%a7%d8%b1%d8%af%d8%a7%d9%81\/","name":"Augmentation mammaire et fessi\u00e8re - \u062a\u0643\u0628\u064a\u0631 \u0627\u0644\u0635\u062f\u0631 \u0648\u0627\u0644\u0627\u0631\u062f\u0627\u0641 - AjiShop.ma","isPartOf":{"@id":"https:\/\/ajishop.ma\/#website"},"primaryImageOfPage":{"@id":"https:\/\/ajishop.ma\/shop\/sans-categorie\/augmentation-mammaire-et-fessiere-%d8%aa%d9%83%d8%a8%d9%8a%d8%b1-%d8%a7%d9%84%d8%b5%d8%af%d8%b1-%d9%88%d8%a7%d9%84%d8%a7%d8%b1%d8%af%d8%a7%d9%81\/#primaryimage"},"image":{"@id":"https:\/\/ajishop.ma\/shop\/sans-categorie\/augmentation-mammaire-et-fessiere-%d8%aa%d9%83%d8%a8%d9%8a%d8%b1-%d8%a7%d9%84%d8%b5%d8%af%d8%b1-%d9%88%d8%a7%d9%84%d8%a7%d8%b1%d8%af%d8%a7%d9%81\/#primaryimage"},"thumbnailUrl":"https:\/\/ajishop.ma\/wp-content\/uploads\/2025\/12\/2.jpg","datePublished":"2025-12-23T00:22:51+00:00","dateModified":"2025-12-23T00:22:51+00:00","breadcrumb":{"@id":"https:\/\/ajishop.ma\/shop\/sans-categorie\/augmentation-mammaire-et-fessiere-%d8%aa%d9%83%d8%a8%d9%8a%d8%b1-%d8%a7%d9%84%d8%b5%d8%af%d8%b1-%d9%88%d8%a7%d9%84%d8%a7%d8%b1%d8%af%d8%a7%d9%81\/#breadcrumb"},"inLanguage":"ar","potentialAction":[{"@type":"ReadAction","target":["https:\/\/ajishop.ma\/shop\/sans-categorie\/augmentation-mammaire-et-fessiere-%d8%aa%d9%83%d8%a8%d9%8a%d8%b1-%d8%a7%d9%84%d8%b5%d8%af%d8%b1-%d9%88%d8%a7%d9%84%d8%a7%d8%b1%d8%af%d8%a7%d9%81\/"]}]},{"@type":"ImageObject","inLanguage":"ar","@id":"https:\/\/ajishop.ma\/shop\/sans-categorie\/augmentation-mammaire-et-fessiere-%d8%aa%d9%83%d8%a8%d9%8a%d8%b1-%d8%a7%d9%84%d8%b5%d8%af%d8%b1-%d9%88%d8%a7%d9%84%d8%a7%d8%b1%d8%af%d8%a7%d9%81\/#primaryimage","url":"https:\/\/ajishop.ma\/wp-content\/uploads\/2025\/12\/2.jpg","contentUrl":"https:\/\/ajishop.ma\/wp-content\/uploads\/2025\/12\/2.jpg","width":680,"height":680},{"@type":"BreadcrumbList","@id":"https:\/\/ajishop.ma\/shop\/sans-categorie\/augmentation-mammaire-et-fessiere-%d8%aa%d9%83%d8%a8%d9%8a%d8%b1-%d8%a7%d9%84%d8%b5%d8%af%d8%b1-%d9%88%d8%a7%d9%84%d8%a7%d8%b1%d8%af%d8%a7%d9%81\/#breadcrumb","itemListElement":[{"@type":"ListItem","position":1,"name":"Accueil","item":"https:\/\/ajishop.ma\/"},{"@type":"ListItem","position":2,"name":"Magasin","item":"https:\/\/ajishop.ma\/shop\/"},{"@type":"ListItem","position":3,"name":"Augmentation mammaire et fessi\u00e8re &#8212; \u062a\u0643\u0628\u064a\u0631 \u0627\u0644\u0635\u062f\u0631 \u0648\u0627\u0644\u0627\u0631\u062f\u0627\u0641"}]},{"@type":"WebSite","@id":"https:\/\/ajishop.ma\/#website","url":"https:\/\/ajishop.ma\/","name":"AjiShop.ma","description":"Produits 100% naturels, Pour votre bien \u00eatre...","publisher":{"@id":"https:\/\/ajishop.ma\/#organization"},"potentialAction":[{"@type":"SearchAction","target":{"@type":"EntryPoint","urlTemplate":"https:\/\/ajishop.ma\/?s={search_term_string}"},"query-input":{"@type":"PropertyValueSpecification","valueRequired":true,"valueName":"search_term_string"}}],"inLanguage":"ar"},{"@type":"Organization","@id":"https:\/\/ajishop.ma\/#organization","name":"AjiShop.ma","url":"https:\/\/ajishop.ma\/","logo":{"@type":"ImageObject","inLanguage":"ar","@id":"https:\/\/ajishop.ma\/#\/schema\/logo\/image\/","url":"https:\/\/ajishop.ma\/wp-content\/uploads\/2024\/09\/AjiShop.ma-Horizontal-Logo-Green.png","contentUrl":"https:\/\/ajishop.ma\/wp-content\/uploads\/2024\/09\/AjiShop.ma-Horizontal-Logo-Green.png","width":1917,"height":276,"caption":"AjiShop.ma"},"image":{"@id":"https:\/\/ajishop.ma\/#\/schema\/logo\/image\/"}}]}},"_links":{"self":[{"href":"https:\/\/ajishop.ma\/ar\/wp-json\/wp\/v2\/product\/19062"}],"collection":[{"href":"https:\/\/ajishop.ma\/ar\/wp-json\/wp\/v2\/product"}],"about":[{"href":"https:\/\/ajishop.ma\/ar\/wp-json\/wp\/v2\/types\/product"}],"replies":[{"embeddable":true,"href":"https:\/\/ajishop.ma\/ar\/wp-json\/wp\/v2\/comments?post=19062"}],"version-history":[{"count":2,"href":"https:\/\/ajishop.ma\/ar\/wp-json\/wp\/v2\/product\/19062\/revisions"}],"predecessor-version":[{"id":19071,"href":"https:\/\/ajishop.ma\/ar\/wp-json\/wp\/v2\/product\/19062\/revisions\/19071"}],"wp:featuredmedia":[{"embeddable":true,"href":"https:\/\/ajishop.ma\/ar\/wp-json\/wp\/v2\/media\/19063"}],"wp:attachment":[{"href":"https:\/\/ajishop.ma\/ar\/wp-json\/wp\/v2\/media?parent=19062"}],"wp:term":[{"taxonomy":"product_cat","embeddable":true,"href":"https:\/\/ajishop.ma\/ar\/wp-json\/wp\/v2\/product_cat?post=19062"},{"taxonomy":"product_tag","embeddable":true,"href":"https:\/\/ajishop.ma\/ar\/wp-json\/wp\/v2\/product_tag?post=19062"}],"curies":[{"name":"wp","href":"https:\/\/api.w.org\/{rel}","templated":true}]}}