{"id":19097,"date":"2026-01-06T00:06:05","date_gmt":"2026-01-05T23:06:05","guid":{"rendered":"https:\/\/ajishop.ma\/?post_type=product&#038;p=19097"},"modified":"2026-01-06T00:06:05","modified_gmt":"2026-01-05T23:06:05","slug":"gel-au-venin-dabeille-pour-le-soin-des-articulations-et-des-muscles-%d8%ac%d9%84-%d8%b3%d9%85%d9%91-%d8%a7%d9%84%d9%86%d8%ad%d9%84-%d9%84%d9%84%d8%b9%d9%86%d8%a7%d9%8a%d8%a9-%d8%a8%d8%a7","status":"publish","type":"product","link":"https:\/\/ajishop.ma\/ar\/shop\/herbes-et-apothicaire\/fonds-de-teint-et-cremes-naturelles\/gel-au-venin-dabeille-pour-le-soin-des-articulations-et-des-muscles-%d8%ac%d9%84-%d8%b3%d9%85%d9%91-%d8%a7%d9%84%d9%86%d8%ad%d9%84-%d9%84%d9%84%d8%b9%d9%86%d8%a7%d9%8a%d8%a9-%d8%a8%d8%a7\/","title":{"rendered":"Gel au Venin d\u2019Abeille pour le soin des articulations et des muscles  \/ \u062c\u0644 \u0633\u0645\u0651 \u0627\u0644\u0646\u062d\u0644 \u0644\u0644\u0639\u0646\u0627\u064a\u0629 \u0628\u0627\u0644\u0645\u0641\u0627\u0635\u0644 \u0648\u062a\u062e\u0641\u064a\u0641 \u0622\u0644\u0627\u0645 \u0627\u0644\u0639\u0636\u0644\u0627\u062a"},"content":{"rendered":"<p>\u062c\u0644 \u0633\u0645\u0651 \u0627\u0644\u0646\u062d\u0644 \u0647\u0648 \u062c\u0644 \u0645\u0648\u0636\u0639\u064a \u0641\u0639\u0651\u0627\u0644 \u0645\u064f\u062e\u0635\u0635 \u0644\u0644\u0639\u0646\u0627\u064a\u0629 \u0628\u0627\u0644\u0645\u0641\u0627\u0635\u0644 \u0648\u0627\u0644\u0639\u0636\u0644\u0627\u062a\u060c \u064a\u0639\u062a\u0645\u062f \u0639\u0644\u0649 \u062e\u0644\u0627\u0635\u0629 \u0633\u0645\u0651 \u0627\u0644\u0646\u062d\u0644 \u0627\u0644\u0645\u0639\u0631\u0648\u0641 \u0628\u062e\u0635\u0627\u0626\u0635\u0647 \u0627\u0644\u0645\u0647\u062f\u0626\u0629 \u0648\u0627\u0644\u0645\u0646\u0634\u0637\u0629 \u0644\u0644\u062f\u0648\u0631\u0629 \u0627\u0644\u062f\u0645\u0648\u064a\u0629.<br \/>\n\u064a\u0633\u0627\u0639\u062f \u0639\u0644\u0649 \u062a\u062e\u0641\u064a\u0641 \u0627\u0644\u0625\u062d\u0633\u0627\u0633 \u0628\u0627\u0644\u0623\u0644\u0645\u060c \u0627\u0644\u062a\u0642\u0644\u064a\u0644 \u0645\u0646 \u0627\u0644\u062a\u064a\u0628\u0651\u0633\u060c \u0648\u0645\u0646\u062d \u0625\u062d\u0633\u0627\u0633 \u0628\u0627\u0644\u0631\u0627\u062d\u0629 \u0648\u0627\u0644\u062f\u0641\u0621 \u0628\u0639\u062f \u0627\u0644\u062a\u062f\u0644\u064a\u0643.<br \/>\n\u2714\ufe0f \u0627\u0644\u0641\u0648\u0627\u0626\u062f:<br \/>\n\u064a\u0633\u0627\u0647\u0645 \u0641\u064a \u062a\u062e\u0641\u064a\u0641 \u0622\u0644\u0627\u0645 \u0627\u0644\u0645\u0641\u0627\u0635\u0644 \u0648\u0627\u0644\u0631\u0643\u0628\u0629<br \/>\n\u064a\u0633\u0627\u0639\u062f \u0639\u0644\u0649 \u062a\u0647\u062f\u0626\u0629 \u0622\u0644\u0627\u0645 \u0627\u0644\u0639\u0636\u0644\u0627\u062a \u0628\u0639\u062f \u0627\u0644\u0645\u062c\u0647\u0648\u062f<br \/>\n\u0645\u0646\u0627\u0633\u0628 \u0644\u0644\u0631\u0642\u0628\u0629\u060c \u0627\u0644\u0643\u062a\u0641\u064a\u0646\u060c \u0627\u0644\u0638\u0647\u0631\u060c \u0627\u0644\u064a\u062f\u064a\u0646\u060c \u0627\u0644\u0642\u062f\u0645\u064a\u0646<br \/>\n\u0633\u0631\u064a\u0639 \u0627\u0644\u0627\u0645\u062a\u0635\u0627\u0635 \u0648\u063a\u064a\u0631 \u062f\u0647\u0646\u064a<br \/>\n\u0645\u0646\u0627\u0633\u0628 \u0644\u0644\u0627\u0633\u062a\u0639\u0645\u0627\u0644 \u0627\u0644\u064a\u0648\u0645\u064a<br \/>\n\u2714\ufe0f \u0637\u0631\u064a\u0642\u0629 \u0627\u0644\u0627\u0633\u062a\u0639\u0645\u0627\u0644:<br \/>\n\u062a\u0648\u0636\u0639 \u0643\u0645\u064a\u0629 \u0645\u0646\u0627\u0633\u0628\u0629 \u0639\u0644\u0649 \u0627\u0644\u0645\u0646\u0637\u0642\u0629 \u0627\u0644\u0645\u0631\u063a\u0648\u0628\u0629 \u0645\u0639 \u062a\u062f\u0644\u064a\u0643 \u062e\u0641\u064a\u0641 \u062d\u062a\u0649 \u0627\u0644\u0627\u0645\u062a\u0635\u0627\u0635\u060c \u064a\u064f\u0633\u062a\u0639\u0645\u0644 2 \u0625\u0644\u0649 3 \u0645\u0631\u0627\u062a \u064a\u0648\u0645\u064a\u064b\u0627.<br \/>\n\u26a0\ufe0f \u0644\u0644\u0627\u0633\u062a\u0639\u0645\u0627\u0644 \u0627\u0644\u062e\u0627\u0631\u062c\u064a \u0641\u0642\u0637 \u2013 \u064a\u064f\u0646\u0635\u062d \u0628\u062a\u062c\u0631\u0628\u0629 \u0643\u0645\u064a\u0629 \u0635\u063a\u064a\u0631\u0629 \u0623\u0648\u0644\u0627\u064b.<br \/>\n\ud83d\udd39 Description du produit en fran\u00e7ais (publicitaire)<br \/>\nLe gel au venin d\u2019abeille est un soin topique sp\u00e9cialement con\u00e7u pour le confort des articulations et des muscles.<br \/>\nGr\u00e2ce aux propri\u00e9t\u00e9s reconnues du venin d\u2019abeille, il procure une sensation de soulagement, aide \u00e0 r\u00e9duire les tensions et favorise la d\u00e9tente musculaire.<br \/>\n\u2714\ufe0f Bienfaits :<br \/>\nAide \u00e0 soulager les douleurs articulaires<br \/>\nApaise les muscles fatigu\u00e9s apr\u00e8s l\u2019effort<br \/>\nConvient au cou, \u00e9paules, dos, genoux, mains et pieds<br \/>\nTexture l\u00e9g\u00e8re, absorption rapide<br \/>\nId\u00e9al pour un usage quotidien<br \/>\n\u2714\ufe0f Mode d\u2019utilisation :<br \/>\nAppliquer une quantit\u00e9 suffisante sur la zone concern\u00e9e et masser doucement jusqu\u2019\u00e0 absorption. \u00c0 utiliser 2 \u00e0 3 fois par jour.<br \/>\n\u26a0\ufe0f Usage externe uniquement \u2013 test cutan\u00e9 recommand\u00e9.<\/p>","protected":false},"excerpt":{"rendered":"<p>\u062c\u0644 \u0633\u0645\u0651 \u0627\u0644\u0646\u062d\u0644 \u0647\u0648 \u062c\u0644 \u0645\u0648\u0636\u0639\u064a \u0641\u0639\u0651\u0627\u0644 \u0645\u064f\u062e\u0635\u0635 \u0644\u0644\u0639\u0646\u0627\u064a\u0629 \u0628\u0627\u0644\u0645\u0641\u0627\u0635\u0644 \u0648\u0627\u0644\u0639\u0636\u0644\u0627\u062a\u060c \u064a\u0639\u062a\u0645\u062f \u0639\u0644\u0649 \u062e\u0644\u0627\u0635\u0629 \u0633\u0645\u0651 \u0627\u0644\u0646\u062d\u0644 \u0627\u0644\u0645\u0639\u0631\u0648\u0641 \u0628\u062e\u0635\u0627\u0626\u0635\u0647 \u0627\u0644\u0645\u0647\u062f\u0626\u0629 \u0648\u0627\u0644\u0645\u0646\u0634\u0637\u0629<\/p>","protected":false},"featured_media":19099,"comment_status":"open","ping_status":"closed","template":"","meta":[],"product_cat":[32,78,28,85],"product_tag":[],"yoast_head":"<!-- This site is optimized with the Yoast SEO plugin v23.4 - https:\/\/yoast.com\/wordpress\/plugins\/seo\/ -->\n<title>Gel au Venin d\u2019Abeille pour le soin des articulations et des muscles \/ \u062c\u0644 \u0633\u0645\u0651 \u0627\u0644\u0646\u062d\u0644 \u0644\u0644\u0639\u0646\u0627\u064a\u0629 \u0628\u0627\u0644\u0645\u0641\u0627\u0635\u0644 \u0648\u062a\u062e\u0641\u064a\u0641 \u0622\u0644\u0627\u0645 \u0627\u0644\u0639\u0636\u0644\u0627\u062a - AjiShop.ma<\/title>\n<meta name=\"robots\" content=\"index, follow, max-snippet:-1, max-image-preview:large, max-video-preview:-1\" \/>\n<link rel=\"canonical\" href=\"https:\/\/ajishop.ma\/ar\/shop\/herbes-et-apothicaire\/fonds-de-teint-et-cremes-naturelles\/gel-au-venin-dabeille-pour-le-soin-des-articulations-et-des-muscles-\u062c\u0644-\u0633\u0645\u0651-\u0627\u0644\u0646\u062d\u0644-\u0644\u0644\u0639\u0646\u0627\u064a\u0629-\u0628\u0627\/\" \/>\n<meta property=\"og:locale\" content=\"ar_AR\" \/>\n<meta property=\"og:type\" content=\"article\" \/>\n<meta property=\"og:title\" content=\"Gel au Venin d\u2019Abeille pour le soin des articulations et des muscles \/ \u062c\u0644 \u0633\u0645\u0651 \u0627\u0644\u0646\u062d\u0644 \u0644\u0644\u0639\u0646\u0627\u064a\u0629 \u0628\u0627\u0644\u0645\u0641\u0627\u0635\u0644 \u0648\u062a\u062e\u0641\u064a\u0641 \u0622\u0644\u0627\u0645 \u0627\u0644\u0639\u0636\u0644\u0627\u062a - AjiShop.ma\" \/>\n<meta property=\"og:description\" content=\"\u062c\u0644 \u0633\u0645\u0651 \u0627\u0644\u0646\u062d\u0644 \u0647\u0648 \u062c\u0644 \u0645\u0648\u0636\u0639\u064a \u0641\u0639\u0651\u0627\u0644 \u0645\u064f\u062e\u0635\u0635 \u0644\u0644\u0639\u0646\u0627\u064a\u0629 \u0628\u0627\u0644\u0645\u0641\u0627\u0635\u0644 \u0648\u0627\u0644\u0639\u0636\u0644\u0627\u062a\u060c \u064a\u0639\u062a\u0645\u062f \u0639\u0644\u0649 \u062e\u0644\u0627\u0635\u0629 \u0633\u0645\u0651 \u0627\u0644\u0646\u062d\u0644 \u0627\u0644\u0645\u0639\u0631\u0648\u0641 \u0628\u062e\u0635\u0627\u0626\u0635\u0647 \u0627\u0644\u0645\u0647\u062f\u0626\u0629 \u0648\u0627\u0644\u0645\u0646\u0634\u0637\u0629\" \/>\n<meta property=\"og:url\" content=\"https:\/\/ajishop.ma\/ar\/shop\/herbes-et-apothicaire\/fonds-de-teint-et-cremes-naturelles\/gel-au-venin-dabeille-pour-le-soin-des-articulations-et-des-muscles-\u062c\u0644-\u0633\u0645\u0651-\u0627\u0644\u0646\u062d\u0644-\u0644\u0644\u0639\u0646\u0627\u064a\u0629-\u0628\u0627\/\" \/>\n<meta property=\"og:site_name\" content=\"AjiShop.ma\" \/>\n<meta property=\"og:image\" content=\"https:\/\/ajishop.ma\/wp-content\/uploads\/2026\/01\/5967493343241506117_121.jpg\" \/>\n\t<meta property=\"og:image:width\" content=\"960\" \/>\n\t<meta property=\"og:image:height\" content=\"960\" \/>\n\t<meta property=\"og:image:type\" content=\"image\/jpeg\" \/>\n<meta name=\"twitter:card\" content=\"summary_large_image\" \/>\n<meta name=\"twitter:label1\" content=\"\u0648\u0642\u062a \u0627\u0644\u0642\u0631\u0627\u0621\u0629 \u0627\u0644\u0645\u064f\u0642\u062f\u0651\u0631\" \/>\n\t<meta name=\"twitter:data1\" content=\"\u062f\u0642\u064a\u0642\u062a\u0627\u0646\" \/>\n<script type=\"application\/ld+json\" class=\"yoast-schema-graph\">{\"@context\":\"https:\/\/schema.org\",\"@graph\":[{\"@type\":\"WebPage\",\"@id\":\"https:\/\/ajishop.ma\/shop\/herbes-et-apothicaire\/fonds-de-teint-et-cremes-naturelles\/gel-au-venin-dabeille-pour-le-soin-des-articulations-et-des-muscles-%d8%ac%d9%84-%d8%b3%d9%85%d9%91-%d8%a7%d9%84%d9%86%d8%ad%d9%84-%d9%84%d9%84%d8%b9%d9%86%d8%a7%d9%8a%d8%a9-%d8%a8%d8%a7\/\",\"url\":\"https:\/\/ajishop.ma\/shop\/herbes-et-apothicaire\/fonds-de-teint-et-cremes-naturelles\/gel-au-venin-dabeille-pour-le-soin-des-articulations-et-des-muscles-%d8%ac%d9%84-%d8%b3%d9%85%d9%91-%d8%a7%d9%84%d9%86%d8%ad%d9%84-%d9%84%d9%84%d8%b9%d9%86%d8%a7%d9%8a%d8%a9-%d8%a8%d8%a7\/\",\"name\":\"Gel au Venin d\u2019Abeille pour le soin des articulations et des muscles \/ \u062c\u0644 \u0633\u0645\u0651 \u0627\u0644\u0646\u062d\u0644 \u0644\u0644\u0639\u0646\u0627\u064a\u0629 \u0628\u0627\u0644\u0645\u0641\u0627\u0635\u0644 \u0648\u062a\u062e\u0641\u064a\u0641 \u0622\u0644\u0627\u0645 \u0627\u0644\u0639\u0636\u0644\u0627\u062a - AjiShop.ma\",\"isPartOf\":{\"@id\":\"https:\/\/ajishop.ma\/#website\"},\"primaryImageOfPage\":{\"@id\":\"https:\/\/ajishop.ma\/shop\/herbes-et-apothicaire\/fonds-de-teint-et-cremes-naturelles\/gel-au-venin-dabeille-pour-le-soin-des-articulations-et-des-muscles-%d8%ac%d9%84-%d8%b3%d9%85%d9%91-%d8%a7%d9%84%d9%86%d8%ad%d9%84-%d9%84%d9%84%d8%b9%d9%86%d8%a7%d9%8a%d8%a9-%d8%a8%d8%a7\/#primaryimage\"},\"image\":{\"@id\":\"https:\/\/ajishop.ma\/shop\/herbes-et-apothicaire\/fonds-de-teint-et-cremes-naturelles\/gel-au-venin-dabeille-pour-le-soin-des-articulations-et-des-muscles-%d8%ac%d9%84-%d8%b3%d9%85%d9%91-%d8%a7%d9%84%d9%86%d8%ad%d9%84-%d9%84%d9%84%d8%b9%d9%86%d8%a7%d9%8a%d8%a9-%d8%a8%d8%a7\/#primaryimage\"},\"thumbnailUrl\":\"https:\/\/ajishop.ma\/wp-content\/uploads\/2026\/01\/5967493343241506117_121.jpg\",\"datePublished\":\"2026-01-05T23:06:05+00:00\",\"dateModified\":\"2026-01-05T23:06:05+00:00\",\"breadcrumb\":{\"@id\":\"https:\/\/ajishop.ma\/shop\/herbes-et-apothicaire\/fonds-de-teint-et-cremes-naturelles\/gel-au-venin-dabeille-pour-le-soin-des-articulations-et-des-muscles-%d8%ac%d9%84-%d8%b3%d9%85%d9%91-%d8%a7%d9%84%d9%86%d8%ad%d9%84-%d9%84%d9%84%d8%b9%d9%86%d8%a7%d9%8a%d8%a9-%d8%a8%d8%a7\/#breadcrumb\"},\"inLanguage\":\"ar\",\"potentialAction\":[{\"@type\":\"ReadAction\",\"target\":[\"https:\/\/ajishop.ma\/shop\/herbes-et-apothicaire\/fonds-de-teint-et-cremes-naturelles\/gel-au-venin-dabeille-pour-le-soin-des-articulations-et-des-muscles-%d8%ac%d9%84-%d8%b3%d9%85%d9%91-%d8%a7%d9%84%d9%86%d8%ad%d9%84-%d9%84%d9%84%d8%b9%d9%86%d8%a7%d9%8a%d8%a9-%d8%a8%d8%a7\/\"]}]},{\"@type\":\"ImageObject\",\"inLanguage\":\"ar\",\"@id\":\"https:\/\/ajishop.ma\/shop\/herbes-et-apothicaire\/fonds-de-teint-et-cremes-naturelles\/gel-au-venin-dabeille-pour-le-soin-des-articulations-et-des-muscles-%d8%ac%d9%84-%d8%b3%d9%85%d9%91-%d8%a7%d9%84%d9%86%d8%ad%d9%84-%d9%84%d9%84%d8%b9%d9%86%d8%a7%d9%8a%d8%a9-%d8%a8%d8%a7\/#primaryimage\",\"url\":\"https:\/\/ajishop.ma\/wp-content\/uploads\/2026\/01\/5967493343241506117_121.jpg\",\"contentUrl\":\"https:\/\/ajishop.ma\/wp-content\/uploads\/2026\/01\/5967493343241506117_121.jpg\",\"width\":960,\"height\":960},{\"@type\":\"BreadcrumbList\",\"@id\":\"https:\/\/ajishop.ma\/shop\/herbes-et-apothicaire\/fonds-de-teint-et-cremes-naturelles\/gel-au-venin-dabeille-pour-le-soin-des-articulations-et-des-muscles-%d8%ac%d9%84-%d8%b3%d9%85%d9%91-%d8%a7%d9%84%d9%86%d8%ad%d9%84-%d9%84%d9%84%d8%b9%d9%86%d8%a7%d9%8a%d8%a9-%d8%a8%d8%a7\/#breadcrumb\",\"itemListElement\":[{\"@type\":\"ListItem\",\"position\":1,\"name\":\"Accueil\",\"item\":\"https:\/\/ajishop.ma\/\"},{\"@type\":\"ListItem\",\"position\":2,\"name\":\"Magasin\",\"item\":\"https:\/\/ajishop.ma\/shop\/\"},{\"@type\":\"ListItem\",\"position\":3,\"name\":\"Gel au Venin d\u2019Abeille pour le soin des articulations et des muscles \/ \u062c\u0644 \u0633\u0645\u0651 \u0627\u0644\u0646\u062d\u0644 \u0644\u0644\u0639\u0646\u0627\u064a\u0629 \u0628\u0627\u0644\u0645\u0641\u0627\u0635\u0644 \u0648\u062a\u062e\u0641\u064a\u0641 \u0622\u0644\u0627\u0645 \u0627\u0644\u0639\u0636\u0644\u0627\u062a\"}]},{\"@type\":\"WebSite\",\"@id\":\"https:\/\/ajishop.ma\/#website\",\"url\":\"https:\/\/ajishop.ma\/\",\"name\":\"AjiShop.ma\",\"description\":\"Produits 100% naturels, Pour votre bien \u00eatre...\",\"publisher\":{\"@id\":\"https:\/\/ajishop.ma\/#organization\"},\"potentialAction\":[{\"@type\":\"SearchAction\",\"target\":{\"@type\":\"EntryPoint\",\"urlTemplate\":\"https:\/\/ajishop.ma\/?s={search_term_string}\"},\"query-input\":{\"@type\":\"PropertyValueSpecification\",\"valueRequired\":true,\"valueName\":\"search_term_string\"}}],\"inLanguage\":\"ar\"},{\"@type\":\"Organization\",\"@id\":\"https:\/\/ajishop.ma\/#organization\",\"name\":\"AjiShop.ma\",\"url\":\"https:\/\/ajishop.ma\/\",\"logo\":{\"@type\":\"ImageObject\",\"inLanguage\":\"ar\",\"@id\":\"https:\/\/ajishop.ma\/#\/schema\/logo\/image\/\",\"url\":\"https:\/\/ajishop.ma\/wp-content\/uploads\/2024\/09\/AjiShop.ma-Horizontal-Logo-Green.png\",\"contentUrl\":\"https:\/\/ajishop.ma\/wp-content\/uploads\/2024\/09\/AjiShop.ma-Horizontal-Logo-Green.png\",\"width\":1917,\"height\":276,\"caption\":\"AjiShop.ma\"},\"image\":{\"@id\":\"https:\/\/ajishop.ma\/#\/schema\/logo\/image\/\"}}]}<\/script>\n<!-- \/ Yoast SEO plugin. -->","yoast_head_json":{"title":"Gel au Venin d\u2019Abeille pour le soin des articulations et des muscles \/ \u062c\u0644 \u0633\u0645\u0651 \u0627\u0644\u0646\u062d\u0644 \u0644\u0644\u0639\u0646\u0627\u064a\u0629 \u0628\u0627\u0644\u0645\u0641\u0627\u0635\u0644 \u0648\u062a\u062e\u0641\u064a\u0641 \u0622\u0644\u0627\u0645 \u0627\u0644\u0639\u0636\u0644\u0627\u062a - AjiShop.ma","robots":{"index":"index","follow":"follow","max-snippet":"max-snippet:-1","max-image-preview":"max-image-preview:large","max-video-preview":"max-video-preview:-1"},"canonical":"https:\/\/ajishop.ma\/ar\/shop\/herbes-et-apothicaire\/fonds-de-teint-et-cremes-naturelles\/gel-au-venin-dabeille-pour-le-soin-des-articulations-et-des-muscles-\u062c\u0644-\u0633\u0645\u0651-\u0627\u0644\u0646\u062d\u0644-\u0644\u0644\u0639\u0646\u0627\u064a\u0629-\u0628\u0627\/","og_locale":"ar_AR","og_type":"article","og_title":"Gel au Venin d\u2019Abeille pour le soin des articulations et des muscles \/ \u062c\u0644 \u0633\u0645\u0651 \u0627\u0644\u0646\u062d\u0644 \u0644\u0644\u0639\u0646\u0627\u064a\u0629 \u0628\u0627\u0644\u0645\u0641\u0627\u0635\u0644 \u0648\u062a\u062e\u0641\u064a\u0641 \u0622\u0644\u0627\u0645 \u0627\u0644\u0639\u0636\u0644\u0627\u062a - AjiShop.ma","og_description":"\u062c\u0644 \u0633\u0645\u0651 \u0627\u0644\u0646\u062d\u0644 \u0647\u0648 \u062c\u0644 \u0645\u0648\u0636\u0639\u064a \u0641\u0639\u0651\u0627\u0644 \u0645\u064f\u062e\u0635\u0635 \u0644\u0644\u0639\u0646\u0627\u064a\u0629 \u0628\u0627\u0644\u0645\u0641\u0627\u0635\u0644 \u0648\u0627\u0644\u0639\u0636\u0644\u0627\u062a\u060c \u064a\u0639\u062a\u0645\u062f \u0639\u0644\u0649 \u062e\u0644\u0627\u0635\u0629 \u0633\u0645\u0651 \u0627\u0644\u0646\u062d\u0644 \u0627\u0644\u0645\u0639\u0631\u0648\u0641 \u0628\u062e\u0635\u0627\u0626\u0635\u0647 \u0627\u0644\u0645\u0647\u062f\u0626\u0629 \u0648\u0627\u0644\u0645\u0646\u0634\u0637\u0629","og_url":"https:\/\/ajishop.ma\/ar\/shop\/herbes-et-apothicaire\/fonds-de-teint-et-cremes-naturelles\/gel-au-venin-dabeille-pour-le-soin-des-articulations-et-des-muscles-\u062c\u0644-\u0633\u0645\u0651-\u0627\u0644\u0646\u062d\u0644-\u0644\u0644\u0639\u0646\u0627\u064a\u0629-\u0628\u0627\/","og_site_name":"AjiShop.ma","og_image":[{"width":960,"height":960,"url":"https:\/\/ajishop.ma\/wp-content\/uploads\/2026\/01\/5967493343241506117_121.jpg","type":"image\/jpeg"}],"twitter_card":"summary_large_image","twitter_misc":{"\u0648\u0642\u062a \u0627\u0644\u0642\u0631\u0627\u0621\u0629 \u0627\u0644\u0645\u064f\u0642\u062f\u0651\u0631":"\u062f\u0642\u064a\u0642\u062a\u0627\u0646"},"schema":{"@context":"https:\/\/schema.org","@graph":[{"@type":"WebPage","@id":"https:\/\/ajishop.ma\/shop\/herbes-et-apothicaire\/fonds-de-teint-et-cremes-naturelles\/gel-au-venin-dabeille-pour-le-soin-des-articulations-et-des-muscles-%d8%ac%d9%84-%d8%b3%d9%85%d9%91-%d8%a7%d9%84%d9%86%d8%ad%d9%84-%d9%84%d9%84%d8%b9%d9%86%d8%a7%d9%8a%d8%a9-%d8%a8%d8%a7\/","url":"https:\/\/ajishop.ma\/shop\/herbes-et-apothicaire\/fonds-de-teint-et-cremes-naturelles\/gel-au-venin-dabeille-pour-le-soin-des-articulations-et-des-muscles-%d8%ac%d9%84-%d8%b3%d9%85%d9%91-%d8%a7%d9%84%d9%86%d8%ad%d9%84-%d9%84%d9%84%d8%b9%d9%86%d8%a7%d9%8a%d8%a9-%d8%a8%d8%a7\/","name":"Gel au Venin d\u2019Abeille pour le soin des articulations et des muscles \/ \u062c\u0644 \u0633\u0645\u0651 \u0627\u0644\u0646\u062d\u0644 \u0644\u0644\u0639\u0646\u0627\u064a\u0629 \u0628\u0627\u0644\u0645\u0641\u0627\u0635\u0644 \u0648\u062a\u062e\u0641\u064a\u0641 \u0622\u0644\u0627\u0645 \u0627\u0644\u0639\u0636\u0644\u0627\u062a - AjiShop.ma","isPartOf":{"@id":"https:\/\/ajishop.ma\/#website"},"primaryImageOfPage":{"@id":"https:\/\/ajishop.ma\/shop\/herbes-et-apothicaire\/fonds-de-teint-et-cremes-naturelles\/gel-au-venin-dabeille-pour-le-soin-des-articulations-et-des-muscles-%d8%ac%d9%84-%d8%b3%d9%85%d9%91-%d8%a7%d9%84%d9%86%d8%ad%d9%84-%d9%84%d9%84%d8%b9%d9%86%d8%a7%d9%8a%d8%a9-%d8%a8%d8%a7\/#primaryimage"},"image":{"@id":"https:\/\/ajishop.ma\/shop\/herbes-et-apothicaire\/fonds-de-teint-et-cremes-naturelles\/gel-au-venin-dabeille-pour-le-soin-des-articulations-et-des-muscles-%d8%ac%d9%84-%d8%b3%d9%85%d9%91-%d8%a7%d9%84%d9%86%d8%ad%d9%84-%d9%84%d9%84%d8%b9%d9%86%d8%a7%d9%8a%d8%a9-%d8%a8%d8%a7\/#primaryimage"},"thumbnailUrl":"https:\/\/ajishop.ma\/wp-content\/uploads\/2026\/01\/5967493343241506117_121.jpg","datePublished":"2026-01-05T23:06:05+00:00","dateModified":"2026-01-05T23:06:05+00:00","breadcrumb":{"@id":"https:\/\/ajishop.ma\/shop\/herbes-et-apothicaire\/fonds-de-teint-et-cremes-naturelles\/gel-au-venin-dabeille-pour-le-soin-des-articulations-et-des-muscles-%d8%ac%d9%84-%d8%b3%d9%85%d9%91-%d8%a7%d9%84%d9%86%d8%ad%d9%84-%d9%84%d9%84%d8%b9%d9%86%d8%a7%d9%8a%d8%a9-%d8%a8%d8%a7\/#breadcrumb"},"inLanguage":"ar","potentialAction":[{"@type":"ReadAction","target":["https:\/\/ajishop.ma\/shop\/herbes-et-apothicaire\/fonds-de-teint-et-cremes-naturelles\/gel-au-venin-dabeille-pour-le-soin-des-articulations-et-des-muscles-%d8%ac%d9%84-%d8%b3%d9%85%d9%91-%d8%a7%d9%84%d9%86%d8%ad%d9%84-%d9%84%d9%84%d8%b9%d9%86%d8%a7%d9%8a%d8%a9-%d8%a8%d8%a7\/"]}]},{"@type":"ImageObject","inLanguage":"ar","@id":"https:\/\/ajishop.ma\/shop\/herbes-et-apothicaire\/fonds-de-teint-et-cremes-naturelles\/gel-au-venin-dabeille-pour-le-soin-des-articulations-et-des-muscles-%d8%ac%d9%84-%d8%b3%d9%85%d9%91-%d8%a7%d9%84%d9%86%d8%ad%d9%84-%d9%84%d9%84%d8%b9%d9%86%d8%a7%d9%8a%d8%a9-%d8%a8%d8%a7\/#primaryimage","url":"https:\/\/ajishop.ma\/wp-content\/uploads\/2026\/01\/5967493343241506117_121.jpg","contentUrl":"https:\/\/ajishop.ma\/wp-content\/uploads\/2026\/01\/5967493343241506117_121.jpg","width":960,"height":960},{"@type":"BreadcrumbList","@id":"https:\/\/ajishop.ma\/shop\/herbes-et-apothicaire\/fonds-de-teint-et-cremes-naturelles\/gel-au-venin-dabeille-pour-le-soin-des-articulations-et-des-muscles-%d8%ac%d9%84-%d8%b3%d9%85%d9%91-%d8%a7%d9%84%d9%86%d8%ad%d9%84-%d9%84%d9%84%d8%b9%d9%86%d8%a7%d9%8a%d8%a9-%d8%a8%d8%a7\/#breadcrumb","itemListElement":[{"@type":"ListItem","position":1,"name":"Accueil","item":"https:\/\/ajishop.ma\/"},{"@type":"ListItem","position":2,"name":"Magasin","item":"https:\/\/ajishop.ma\/shop\/"},{"@type":"ListItem","position":3,"name":"Gel au Venin d\u2019Abeille pour le soin des articulations et des muscles \/ \u062c\u0644 \u0633\u0645\u0651 \u0627\u0644\u0646\u062d\u0644 \u0644\u0644\u0639\u0646\u0627\u064a\u0629 \u0628\u0627\u0644\u0645\u0641\u0627\u0635\u0644 \u0648\u062a\u062e\u0641\u064a\u0641 \u0622\u0644\u0627\u0645 \u0627\u0644\u0639\u0636\u0644\u0627\u062a"}]},{"@type":"WebSite","@id":"https:\/\/ajishop.ma\/#website","url":"https:\/\/ajishop.ma\/","name":"AjiShop.ma","description":"Produits 100% naturels, Pour votre bien \u00eatre...","publisher":{"@id":"https:\/\/ajishop.ma\/#organization"},"potentialAction":[{"@type":"SearchAction","target":{"@type":"EntryPoint","urlTemplate":"https:\/\/ajishop.ma\/?s={search_term_string}"},"query-input":{"@type":"PropertyValueSpecification","valueRequired":true,"valueName":"search_term_string"}}],"inLanguage":"ar"},{"@type":"Organization","@id":"https:\/\/ajishop.ma\/#organization","name":"AjiShop.ma","url":"https:\/\/ajishop.ma\/","logo":{"@type":"ImageObject","inLanguage":"ar","@id":"https:\/\/ajishop.ma\/#\/schema\/logo\/image\/","url":"https:\/\/ajishop.ma\/wp-content\/uploads\/2024\/09\/AjiShop.ma-Horizontal-Logo-Green.png","contentUrl":"https:\/\/ajishop.ma\/wp-content\/uploads\/2024\/09\/AjiShop.ma-Horizontal-Logo-Green.png","width":1917,"height":276,"caption":"AjiShop.ma"},"image":{"@id":"https:\/\/ajishop.ma\/#\/schema\/logo\/image\/"}}]}},"_links":{"self":[{"href":"https:\/\/ajishop.ma\/ar\/wp-json\/wp\/v2\/product\/19097"}],"collection":[{"href":"https:\/\/ajishop.ma\/ar\/wp-json\/wp\/v2\/product"}],"about":[{"href":"https:\/\/ajishop.ma\/ar\/wp-json\/wp\/v2\/types\/product"}],"replies":[{"embeddable":true,"href":"https:\/\/ajishop.ma\/ar\/wp-json\/wp\/v2\/comments?post=19097"}],"version-history":[{"count":1,"href":"https:\/\/ajishop.ma\/ar\/wp-json\/wp\/v2\/product\/19097\/revisions"}],"predecessor-version":[{"id":19103,"href":"https:\/\/ajishop.ma\/ar\/wp-json\/wp\/v2\/product\/19097\/revisions\/19103"}],"wp:featuredmedia":[{"embeddable":true,"href":"https:\/\/ajishop.ma\/ar\/wp-json\/wp\/v2\/media\/19099"}],"wp:attachment":[{"href":"https:\/\/ajishop.ma\/ar\/wp-json\/wp\/v2\/media?parent=19097"}],"wp:term":[{"taxonomy":"product_cat","embeddable":true,"href":"https:\/\/ajishop.ma\/ar\/wp-json\/wp\/v2\/product_cat?post=19097"},{"taxonomy":"product_tag","embeddable":true,"href":"https:\/\/ajishop.ma\/ar\/wp-json\/wp\/v2\/product_tag?post=19097"}],"curies":[{"name":"wp","href":"https:\/\/api.w.org\/{rel}","templated":true}]}}